{"id":624,"date":"2021-08-26T09:01:26","date_gmt":"2021-08-26T09:01:26","guid":{"rendered":"https:\/\/el3.thembaydev.com\/greenmart_fresh\/?page_id=624"},"modified":"2025-11-17T08:28:44","modified_gmt":"2025-11-17T07:28:44","slug":"term-of-use","status":"publish","type":"page","link":"https:\/\/ecotienda.com\/?page_id=624","title":{"rendered":"T\u00e9rminos de Uso"},"content":{"rendered":"\t\t<div data-elementor-type=\"wp-page\" data-elementor-id=\"624\" class=\"elementor elementor-624\" data-elementor-post-type=\"page\">\n\t\t\t\t\t\t<section class=\"elementor-section elementor-top-section elementor-element elementor-element-24957ce elementor-section-stretched elementor-section-boxed elementor-section-height-default elementor-section-height-default\" data-id=\"24957ce\" data-element_type=\"section\" data-settings=\"{&quot;stretch_section&quot;:&quot;section-stretched&quot;}\">\n\t\t\t\t\t\t<div class=\"elementor-container elementor-column-gap-default\">\n\t\t\t\t\t<div class=\"elementor-column elementor-col-100 elementor-top-column elementor-element elementor-element-92b40db\" data-id=\"92b40db\" data-element_type=\"column\">\n\t\t\t<div class=\"elementor-widget-wrap elementor-element-populated\">\n\t\t\t\t\t\t<div class=\"elementor-element elementor-element-1c69455 elementor-widget elementor-widget-text-editor\" data-id=\"1c69455\" data-element_type=\"widget\" data-widget_type=\"text-editor.default\">\n\t\t\t\t\t\t\t\t\t<h2><img data-opt-src=\"https:\/\/s.w.org\/images\/core\/emoji\/16.0.1\/svg\/1f4dc.svg\"  decoding=\"async\" decoding=async data-opt-id=120906486   draggable=\"false\" role=\"img\" class=\"optimole-lazy-only  emoji\" alt=\"\ud83d\udcdc\" src=\"data:image/svg+xml,%3Csvg%20viewBox%3D%220%200%20100%%20100%%22%20width%3D%22100%%22%20height%3D%22100%%22%20xmlns%3D%22http%3A%2F%2Fwww.w3.org%2F2000%2Fsvg%22%3E%3Crect%20width%3D%22100%%22%20height%3D%22100%%22%20fill%3D%22transparent%22%2F%3E%3C%2Fsvg%3E\"> T\u00e9rminos de Uso y Divulgaci\u00f3n (Programa de Afiliados)<\/h2>\n<p>Bienvenido\/a a <b>Ecotienda<\/b>. Queremos ser completamente transparentes sobre c\u00f3mo funciona nuestra p\u00e1gina web, especialmente en relaci\u00f3n con los productos que te recomendamos.<\/p>\n<h3>1. Sobre Ecotienda y Nuestra Misi\u00f3n<\/h3>\n<p><b>N<\/b>uestra misi\u00f3n es identificar y seleccionar los productos m\u00e1s <b>ecol\u00f3gicos, \u00e9ticos y sostenibles<\/b> disponibles en el mercado. En base a nuestros rigurosos criterios de bienestar, \u00e9tica y sostenibilidad, te ofrecemos una colecci\u00f3n de art\u00edculos que cumplen con nuestra promesa de un consumo consciente.<\/p><p><br><\/p>\n<h3>2. Naturaleza de la Relaci\u00f3n (Afiliados de Amazon)<\/h3>\n<p><b>Ecotienda es un participante del Programa de Afiliados de Amazon Services LLC.<\/b><\/p>\n<ul>\n<li>\n<p>Esto significa que cuando haces clic en un enlace de producto en nuestra web y realizas una compra en Amazon, <b>Ecotienda recibe una peque\u00f1a comisi\u00f3n<\/b> por dicha referencia, sin que esto suponga un costo adicional para ti.<\/p>\n<\/li>\n<li>\n<p>Esta comisi\u00f3n es la que nos permite mantener la web, crear contenido de valor y seguir investigando los mejores productos ecol\u00f3gicos para ti.<\/p>\n<\/li>\n<\/ul>\n<h3>3. Responsabilidad de la Compra y Venta<\/h3>\n<p>Es fundamental que entiendas lo siguiente:<\/p>\n<blockquote>\n<p><img data-opt-src=\"https:\/\/s.w.org\/images\/core\/emoji\/16.0.1\/svg\/26a0.svg\"  decoding=\"async\" decoding=async data-opt-id=1755037756   draggable=\"false\" role=\"img\" class=\"optimole-lazy-only  emoji\" alt=\"\u26a0\ufe0f\" src=\"data:image/svg+xml,%3Csvg%20viewBox%3D%220%200%20100%%20100%%22%20width%3D%22100%%22%20height%3D%22100%%22%20xmlns%3D%22http%3A%2F%2Fwww.w3.org%2F2000%2Fsvg%22%3E%3Crect%20width%3D%22100%%22%20height%3D%22100%%22%20fill%3D%22transparent%22%2F%3E%3C%2Fsvg%3E\"> <b>El Vendedor Real es Amazon (o sus vendedores asociados).<\/b><\/p>\n<p><b>Ecotienda NO es el vendedor directo<\/b> de ninguno de los productos listados. Nosotros simplemente te redirigimos al sitio web de Amazon.<\/p>\n<ul>\n<li>\n<p><b>El proceso de compra, el pago, el env\u00edo, las devoluciones y la garant\u00eda<\/b> son responsabilidad \u00fanica y exclusiva de Amazon.es o de sus vendedores asociados.<\/p>\n<\/li>\n<li>\n<p>Cualquier pregunta o problema relacionado con tu pedido (como el estado del env\u00edo, la facturaci\u00f3n o la calidad del producto) debe dirigirse directamente al servicio de atenci\u00f3n al cliente de Amazon.<\/p>\n<\/li>\n<\/ul>\n<\/blockquote>\n<h3>4. La Promesa de Independencia<\/h3>\n<p>Aunque recibimos una comisi\u00f3n, nuestra selecci\u00f3n de productos se basa \u00fanicamente en nuestros <b>est\u00e1ndares de calidad y sostenibilidad<\/b>. Nuestro compromiso \u00e9tico est\u00e1 con el consumidor y el planeta, garantizando que solo recomendamos aquellos art\u00edculos que genuinamente creemos que son la mejor opci\u00f3n ecol\u00f3gica.<\/p>\t\t\t\t\t\t\t\t<\/div>\n\t\t\t\t\t<\/div>\n\t\t<\/div>\n\t\t\t\t\t<\/div>\n\t\t<\/section>\n\t\t\t\t<\/div>\n\t\t","protected":false},"excerpt":{"rendered":"<p>T\u00e9rminos de Uso y Divulgaci\u00f3n (Programa de Afiliados) Bienvenido\/a a Ecotienda. Queremos ser completamente transparentes sobre c\u00f3mo funciona nuestra p\u00e1gina web, especialmente en relaci\u00f3n con los productos que te recomendamos. 1. Sobre Ecotienda y Nuestra Misi\u00f3n Nuestra misi\u00f3n es identificar y seleccionar los productos m\u00e1s ecol\u00f3gicos, \u00e9ticos y sostenibles disponibles en el mercado. En base &hellip; <a href=\"https:\/\/ecotienda.com\/?page_id=624\" class=\"more-link\">Continue reading <span class=\"screen-reader-text\">T\u00e9rminos de Uso<\/span><\/a><\/p>\n","protected":false},"author":1,"featured_media":0,"parent":0,"menu_order":0,"comment_status":"closed","ping_status":"closed","template":"","meta":{"footnotes":""},"class_list":["post-624","page","type-page","status-publish","hentry"],"_links":{"self":[{"href":"https:\/\/ecotienda.com\/index.php?rest_route=\/wp\/v2\/pages\/624","targetHints":{"allow":["GET"]}}],"collection":[{"href":"https:\/\/ecotienda.com\/index.php?rest_route=\/wp\/v2\/pages"}],"about":[{"href":"https:\/\/ecotienda.com\/index.php?rest_route=\/wp\/v2\/types\/page"}],"author":[{"embeddable":true,"href":"https:\/\/ecotienda.com\/index.php?rest_route=\/wp\/v2\/users\/1"}],"replies":[{"embeddable":true,"href":"https:\/\/ecotienda.com\/index.php?rest_route=%2Fwp%2Fv2%2Fcomments&post=624"}],"version-history":[{"count":4,"href":"https:\/\/ecotienda.com\/index.php?rest_route=\/wp\/v2\/pages\/624\/revisions"}],"predecessor-version":[{"id":5009,"href":"https:\/\/ecotienda.com\/index.php?rest_route=\/wp\/v2\/pages\/624\/revisions\/5009"}],"wp:attachment":[{"href":"https:\/\/ecotienda.com\/index.php?rest_route=%2Fwp%2Fv2%2Fmedia&parent=624"}],"curies":[{"name":"wp","href":"https:\/\/api.w.org\/{rel}","templated":true}]}}