{"id":7,"date":"2025-10-10T19:32:25","date_gmt":"2025-10-10T17:32:25","guid":{"rendered":"https:\/\/ecotienda.com\/?page_id=7"},"modified":"2025-11-19T21:52:52","modified_gmt":"2025-11-19T20:52:52","slug":"cart","status":"publish","type":"page","link":"https:\/\/ecotienda.com\/?page_id=7","title":{"rendered":"Carrito"},"content":{"rendered":"\n<div data-block-name=\"woocommerce\/cart\" class=\"wp-block-woocommerce-cart alignwide is-loading\">\n<div data-block-name=\"woocommerce\/filled-cart-block\" class=\"wp-block-woocommerce-filled-cart-block\">\n<div data-block-name=\"woocommerce\/cart-items-block\" class=\"wp-block-woocommerce-cart-items-block\">\n<div data-block-name=\"woocommerce\/cart-line-items-block\" class=\"wp-block-woocommerce-cart-line-items-block\"><\/div>\n\n\n<\/div>\n\n\n\n\n<div data-block-name=\"woocommerce\/cart-totals-block\" class=\"wp-block-woocommerce-cart-totals-block\">\n<div data-block-name=\"woocommerce\/cart-order-summary-block\" class=\"wp-block-woocommerce-cart-order-summary-block\">\n<div data-block-name=\"woocommerce\/cart-order-summary-heading-block\" class=\"wp-block-woocommerce-cart-order-summary-heading-block\"><\/div><div data-block-name=\"woocommerce\/cart-order-summary-coupon-form-block\" class=\"wp-block-woocommerce-cart-order-summary-coupon-form-block\"><\/div><div data-block-name=\"woocommerce\/cart-order-summary-totals-block\" class=\"wp-block-woocommerce-cart-order-summary-totals-block\">\n<div data-block-name=\"woocommerce\/cart-order-summary-subtotal-block\" class=\"wp-block-woocommerce-cart-order-summary-subtotal-block\"><\/div>\n<div data-block-name=\"woocommerce\/cart-order-summary-discount-block\" class=\"wp-block-woocommerce-cart-order-summary-discount-block\"><\/div>\n<div data-block-name=\"woocommerce\/cart-order-summary-fee-block\" class=\"wp-block-woocommerce-cart-order-summary-fee-block\"><\/div>\n<div data-block-name=\"woocommerce\/cart-order-summary-shipping-block\" class=\"wp-block-woocommerce-cart-order-summary-shipping-block\"><\/div>\n<div data-block-name=\"woocommerce\/cart-order-summary-taxes-block\" class=\"wp-block-woocommerce-cart-order-summary-taxes-block\"><\/div><\/div>\n<\/div>\n\n\n\n<div data-block-name=\"woocommerce\/cart-express-payment-block\" class=\"wp-block-woocommerce-cart-express-payment-block\"><\/div>\n\n\n\n<div data-block-name=\"woocommerce\/proceed-to-checkout-block\" class=\"wp-block-woocommerce-proceed-to-checkout-block\"><\/div>\n\n\n\n<div data-block-name=\"woocommerce\/cart-accepted-payment-methods-block\" class=\"wp-block-woocommerce-cart-accepted-payment-methods-block\"><\/div>\n<\/div>\n<\/div>\n\n\n\n<div data-block-name=\"woocommerce\/empty-cart-block\" class=\"wp-block-woocommerce-empty-cart-block\">\n<h2 class=\"wp-block-heading has-text-align-center with-empty-cart-icon wc-block-cart__empty-cart__title\">!Tu carrito est\u00e1 vacio!<\/h2>\n\n\n\n<hr class=\"wp-block-separator has-alpha-channel-opacity is-style-dots\"\/>\n\n\n\n<h2 class=\"wp-block-heading has-text-align-center\">Nuevo en la Tienda<\/h2>\n\n\n<div data-block-name=\"woocommerce\/product-new\" data-columns=\"4\" data-rows=\"1\" class=\"wc-block-grid wp-block-product-new wp-block-woocommerce-product-new wc-block-product-new has-4-columns\"><ul class=\"wc-block-grid__products\"><li class=\"wc-block-grid__product\">\n\t\t\t\t<a href=\"https:\/\/ecotienda.com\/?product=ajos-y-cebollas-hnos-recio-sat-6300-3-kg-patata-agria-especial-para-freir-seleccion-gourmet\" class=\"wc-block-grid__product-link\">\n\t\t\t\t\t\n\t\t\t\t\t<div class=\"wc-block-grid__product-image\"><img data-opt-id=66917098  fetchpriority=\"high\" decoding=\"async\" width=\"291\" height=\"291\" src=\"https:\/\/m.media-amazon.com\/images\/I\/91-RTm6RNqL._AC_SL1500_.jpg\" class=\"attachment-woocommerce_thumbnail size-woocommerce_thumbnail\" alt=\"Ajos y Cebollas Hnos. Recio SAT 6300 3 kg. Patata Agria\/Especial para Freir - Selecci\u00f3n Gourmet\" \/><\/div>\n\t\t\t\t\t<div class=\"wc-block-grid__product-title\">Ajos y Cebollas Hnos. Recio SAT 6300 3 kg. Patata Agria\/Especial para Freir &#8211; Selecci\u00f3n Gourmet<\/div>\n\t\t\t\t<\/a>\n\t\t\t\t<div class=\"wc-block-grid__product-price price\"><span class=\"woocommerce-Price-amount amount\"><span class=\"woocommerce-Price-currencySymbol\">&euro;<\/span>12.99<\/span><\/div>\n\t\t\t\t<div class=\"wc-block-grid__product-rating\"><\/div>\n\t\t\t\t<div class=\"wp-block-button wc-block-grid__product-add-to-cart\"><a href=\"\/index.php?rest_route=%2Fwp%2Fv2%2Fpages%2F7&#038;add-to-cart=6592\" aria-label=\"A\u00f1adir al carrito: &ldquo;Ajos y Cebollas Hnos. Recio SAT 6300 3 kg. Patata Agria\/Especial para Freir - Selecci\u00f3n Gourmet&rdquo;\" data-quantity=\"1\" data-product_id=\"6592\" data-product_sku=\"B07NF1GSF8\" data-price=\"12.99\" rel=\"nofollow\" class=\"wp-block-button__link  add_to_cart_button ajax_add_to_cart\">A\u00f1adir al carrito<\/a><\/div>\n\t\t\t<\/li><li class=\"wc-block-grid__product\">\n\t\t\t\t<a href=\"https:\/\/ecotienda.com\/?product=3-kg-patata-roja-especial-para-guisar-y-cocer-seleccion-gourmet\" class=\"wc-block-grid__product-link\">\n\t\t\t\t\t\n\t\t\t\t\t<div class=\"wc-block-grid__product-image\"><img data-opt-id=502727799  fetchpriority=\"high\" decoding=\"async\" width=\"291\" height=\"291\" src=\"https:\/\/m.media-amazon.com\/images\/I\/91DBinItoVL._AC_SL1500_.jpg\" class=\"attachment-woocommerce_thumbnail size-woocommerce_thumbnail\" alt=\"3 kg. Patata Roja\/Especial para Guisar y Cocer - Selecci\u00f3n Gourmet\" \/><\/div>\n\t\t\t\t\t<div class=\"wc-block-grid__product-title\">3 kg. Patata Roja\/Especial para Guisar y Cocer &#8211; Selecci\u00f3n Gourmet<\/div>\n\t\t\t\t<\/a>\n\t\t\t\t<div class=\"wc-block-grid__product-price price\"><span class=\"woocommerce-Price-amount amount\" aria-hidden=\"true\"><span class=\"woocommerce-Price-currencySymbol\">&euro;<\/span>12.99<\/span> <span aria-hidden=\"true\">&#8211;<\/span> <span class=\"woocommerce-Price-amount amount\" aria-hidden=\"true\"><span class=\"woocommerce-Price-currencySymbol\">&euro;<\/span>29.99<\/span><span class=\"screen-reader-text\">Rango de precios: desde &euro;12.99 hasta &euro;29.99<\/span><\/div>\n\t\t\t\t<div class=\"wc-block-grid__product-rating\"><\/div>\n\t\t\t\t<div class=\"wp-block-button wc-block-grid__product-add-to-cart\"><a href=\"https:\/\/ecotienda.com\/?product=3-kg-patata-roja-especial-para-guisar-y-cocer-seleccion-gourmet\" aria-label=\"Elige las opciones para &ldquo;3 kg. Patata Roja\/Especial para Guisar y Cocer - Selecci\u00f3n Gourmet&rdquo;\" data-quantity=\"1\" data-product_id=\"6591\" data-product_sku=\"B07NDZXDDL\" data-price=\"12.99\" rel=\"nofollow\" class=\"wp-block-button__link  add_to_cart_button\">Seleccionar opciones<\/a><\/div>\n\t\t\t<\/li><li class=\"wc-block-grid__product\">\n\t\t\t\t<a href=\"https:\/\/ecotienda.com\/?product=patata-nueva-variedad-agria-origen-espana-especial-freir-100-caja-de-10-kg\" class=\"wc-block-grid__product-link\">\n\t\t\t\t\t\n\t\t\t\t\t<div class=\"wc-block-grid__product-image\"><img data-opt-id=1778336287  data-opt-src=\"https:\/\/m.media-amazon.com\/images\/I\/31oqvbPoiwS._AC_.jpg\"  decoding=\"async\" width=\"291\" height=\"291\" src=\"data:image/svg+xml,%3Csvg%20viewBox%3D%220%200%20100%%20100%%22%20width%3D%22100%%22%20height%3D%22100%%22%20xmlns%3D%22http%3A%2F%2Fwww.w3.org%2F2000%2Fsvg%22%3E%3Crect%20width%3D%22100%%22%20height%3D%22100%%22%20fill%3D%22transparent%22%2F%3E%3C%2Fsvg%3E\" class=\"attachment-woocommerce_thumbnail size-woocommerce_thumbnail\" alt=\"Patata nueva variedad agria origen Espa\u00f1a especial fre\u00edr 100% Caja de 10 kg\" \/><\/div>\n\t\t\t\t\t<div class=\"wc-block-grid__product-title\">Patata nueva variedad agria origen Espa\u00f1a especial fre\u00edr 100% Caja de 10 kg<\/div>\n\t\t\t\t<\/a>\n\t\t\t\t<div class=\"wc-block-grid__product-price price\"><span class=\"woocommerce-Price-amount amount\"><span class=\"woocommerce-Price-currencySymbol\">&euro;<\/span>18.95<\/span><\/div>\n\t\t\t\t<div class=\"wc-block-grid__product-rating\"><\/div>\n\t\t\t\t<div class=\"wp-block-button wc-block-grid__product-add-to-cart\"><a href=\"\/index.php?rest_route=%2Fwp%2Fv2%2Fpages%2F7&#038;add-to-cart=6590\" aria-label=\"A\u00f1adir al carrito: &ldquo;Patata nueva variedad agria origen Espa\u00f1a especial fre\u00edr 100% Caja de 10 kg&rdquo;\" data-quantity=\"1\" data-product_id=\"6590\" data-product_sku=\"B086T1L8CF\" data-price=\"18.95\" rel=\"nofollow\" class=\"wp-block-button__link  add_to_cart_button ajax_add_to_cart\">A\u00f1adir al carrito<\/a><\/div>\n\t\t\t<\/li><li class=\"wc-block-grid__product\">\n\t\t\t\t<a href=\"https:\/\/ecotienda.com\/?product=patatas-selecta-baby-caja-de-4kg\" class=\"wc-block-grid__product-link\">\n\t\t\t\t\t\n\t\t\t\t\t<div class=\"wc-block-grid__product-image\"><img data-opt-id=357031489  data-opt-src=\"https:\/\/m.media-amazon.com\/images\/I\/71Zd5rSiDmL._AC_SL1500_.jpg\"  loading=\"lazy\" decoding=\"async\" width=\"291\" height=\"291\" src=\"data:image/svg+xml,%3Csvg%20viewBox%3D%220%200%20100%%20100%%22%20width%3D%22100%%22%20height%3D%22100%%22%20xmlns%3D%22http%3A%2F%2Fwww.w3.org%2F2000%2Fsvg%22%3E%3Crect%20width%3D%22100%%22%20height%3D%22100%%22%20fill%3D%22transparent%22%2F%3E%3C%2Fsvg%3E\" class=\"attachment-woocommerce_thumbnail size-woocommerce_thumbnail\" alt=\"Patatas Selecta Baby | Caja de 4kg.\" \/><\/div>\n\t\t\t\t\t<div class=\"wc-block-grid__product-title\">Patatas Selecta Baby | Caja de 4kg.<\/div>\n\t\t\t\t<\/a>\n\t\t\t\t<div class=\"wc-block-grid__product-price price\"><span class=\"woocommerce-Price-amount amount\"><span class=\"woocommerce-Price-currencySymbol\">&euro;<\/span>15.75<\/span><\/div>\n\t\t\t\t<div class=\"wc-block-grid__product-rating\"><\/div>\n\t\t\t\t<div class=\"wp-block-button wc-block-grid__product-add-to-cart\"><a href=\"\/index.php?rest_route=%2Fwp%2Fv2%2Fpages%2F7&#038;add-to-cart=6589\" aria-label=\"A\u00f1adir al carrito: &ldquo;Patatas Selecta Baby | Caja de 4kg.&rdquo;\" data-quantity=\"1\" data-product_id=\"6589\" data-product_sku=\"B08NZZM6SJ\" data-price=\"15.75\" rel=\"nofollow\" class=\"wp-block-button__link  add_to_cart_button ajax_add_to_cart\">A\u00f1adir al carrito<\/a><\/div>\n\t\t\t<\/li><\/ul><\/div><\/div>\n<\/div>\n","protected":false},"excerpt":{"rendered":"Puedes estar interesado en&hellip; !Tu carrito est\u00e1 vacio! Nuevo en la Tienda","protected":false},"author":1,"featured_media":0,"parent":0,"menu_order":0,"comment_status":"closed","ping_status":"closed","template":"","meta":{"footnotes":""},"class_list":["post-7","page","type-page","status-publish","hentry"],"_links":{"self":[{"href":"https:\/\/ecotienda.com\/index.php?rest_route=\/wp\/v2\/pages\/7","targetHints":{"allow":["GET"]}}],"collection":[{"href":"https:\/\/ecotienda.com\/index.php?rest_route=\/wp\/v2\/pages"}],"about":[{"href":"https:\/\/ecotienda.com\/index.php?rest_route=\/wp\/v2\/types\/page"}],"author":[{"embeddable":true,"href":"https:\/\/ecotienda.com\/index.php?rest_route=\/wp\/v2\/users\/1"}],"replies":[{"embeddable":true,"href":"https:\/\/ecotienda.com\/index.php?rest_route=%2Fwp%2Fv2%2Fcomments&post=7"}],"version-history":[{"count":1,"href":"https:\/\/ecotienda.com\/index.php?rest_route=\/wp\/v2\/pages\/7\/revisions"}],"predecessor-version":[{"id":5065,"href":"https:\/\/ecotienda.com\/index.php?rest_route=\/wp\/v2\/pages\/7\/revisions\/5065"}],"wp:attachment":[{"href":"https:\/\/ecotienda.com\/index.php?rest_route=%2Fwp%2Fv2%2Fmedia&parent=7"}],"curies":[{"name":"wp","href":"https:\/\/api.w.org\/{rel}","templated":true}]}}