{"id":5077,"date":"2025-11-23T09:39:25","date_gmt":"2025-11-23T08:39:25","guid":{"rendered":"https:\/\/ecotienda.com\/?product=coren-huevo-campero-tamano-m-l-12-unidades"},"modified":"2026-03-24T09:23:04","modified_gmt":"2026-03-24T08:23:04","slug":"coren-huevo-campero-tamano-m-l-12-unidades","status":"publish","type":"product","link":"https:\/\/ecotienda.com\/?product=coren-huevo-campero-tamano-m-l-12-unidades","title":{"rendered":"Coren Huevo Campero, Tama\u00f1o M\/L, 12 Unidades"},"content":{"rendered":"<div class=\"woocommerce-product-details\">\n<h3>Descripci\u00f3n del producto<\/h3>\n<p>Descripci\u00f3n del producto<\/p>\n<p>HUEVO \u201cDE CORRAL\u201d CAMPERO COREN<br \/> Las claves del \u201cSabor Amarillo\u201d<br \/> Nuestras gallinas se cr\u00edan en libertad. Crecen felices en el campo gallego, donde<br \/> corren, picotean, se dan ba\u00f1os de arena\u2026 Una crianza totalmente libre de<br \/> estr\u00e9s.<br \/> Su alimentaci\u00f3n es 100% vegetal, con un 70% de cereales, de los que al menos<br \/> un 50% es ma\u00edz.<br \/> Disfrutan del m\u00e1ximo bienestar animal, en parques con un espacio disponible<br \/> de 4 m 2 por ave, y reciben todos los cuidados por parte de nuestros granjeros.<br \/> Todas nuestras granjas se encuentran en Galicia, contribuyendo as\u00ed a fijar<br \/> poblaci\u00f3n en el campo, evitando su abandono y promoviendo un desarrollo<br \/> sostenible y comprometido con el medio ambiente.<br \/> La crianza tradicional y la alimentaci\u00f3n con ma\u00edz son claves para lograr unos huevos de<br \/> la mejor calidad como los Camperos de Coren, que se distinguen por su color amarillo<br \/> intenso y por su sabor aut\u00e9ntico, el de toda la vida.<br \/> Las gallinas camperas de Coren crecen al aire libre en los campos gallegos, el mejor<br \/> lugar para la cr\u00eda de animales en libertad. All\u00ed corren libres por el campo y se alimentan<br \/> de modo completamente natural, a base de cereales de la m\u00e1xima calidad,<br \/> fundamentalmente ma\u00edz.<br \/> Nuestras familias de granjeros cr\u00edan a sus gallinas de modo tradicional, como siempre<br \/> se ha hecho en Galicia. Adem\u00e1s, en Coren fuimos pioneros en la producci\u00f3n de huevos<br \/> camperos, hace ya m\u00e1s de 25 a\u00f1os. De hecho, toda nuestra producci\u00f3n de huevos<br \/> procede de gallinas que se cr\u00edan en libertad<br \/> As\u00ed se obtienen unos huevos con una yema de color intenso y con el sabor delicioso de<br \/> toda la vida. Por eso, los Huevos de Corral de Coren son el \u201cSabor Amarillo\u201d. &lt;\/p&gt; Ingredientes<\/p>\n<p> Huevos Camperos<\/p>\n<h3>Detalles del producto<\/h3>\n<ul>\n<li>Dimensiones del producto : 15 x 10,5 x 7 cm; 310 g<\/li>\n<li>Fabricante : ES PN &#8211; Gallega de Alimentaci\u00f3n, S.A. (COREN)<\/li>\n<li>ASIN : B01M31QEPD<\/li>\n<li>N\u00famero de modelo del producto : 974<\/li>\n<li>Opiniones de los clientes: 4,6 4,6 de 5 estrellas (478)<\/li>\n<\/ul>\n<h3>Recursos de seguridad y productos<\/h3>\n<p>Recursos de seguridad y productosIm\u00e1genes y contactosIm\u00e1genes y contactos de seguridad Recursos de seguridad y productosProblema al cargar la informaci\u00f3nLo sentimos, no hemos podido mostrar la informaci\u00f3n debido a un problema. Vuelve a cargar la p\u00e1gina o int\u00e9ntalo de nuevo m\u00e1s tarde.Im\u00e1genes y contactos Im\u00e1genes de seguridad del producto Informaci\u00f3n del fabricante Persona responsable Problema al cargar la informaci\u00f3nLo sentimos, no hemos podido mostrar la informaci\u00f3n de la persona responsable debido a un problema. Vuelve a cargar la p\u00e1gina o int\u00e9ntalo de nuevo m\u00e1s tarde.Problema al cargar la informaci\u00f3nLo sentimos, no hemos podido mostrar la informaci\u00f3n del fabricante debido a un problema. Vuelve a cargar la p\u00e1gina o int\u00e9ntalo de nuevo m\u00e1s tarde.Problema al cargar la informaci\u00f3nLo sentimos, no hemos podido mostrar las im\u00e1genes de seguridad del producto debido a un problema. Vuelve a cargar la p\u00e1gina o int\u00e9ntalo de nuevo m\u00e1s tarde.<\/p>\n<\/p><\/div>\n","protected":false},"excerpt":{"rendered":"<ul>\n<li> Gallinas criadas en libertad, sin jaula  <\/li>\n<li> Rico en nutrientes  <\/li>\n<li> Fuente de vitamina D  <\/li>\n<li> Tama\u00f1o M\/L  <\/li>\n<\/ul>\n","protected":false},"featured_media":5077,"comment_status":"open","ping_status":"closed","template":"","meta":[],"product_cat":[1461,1464,1463,1462],"product_tag":[],"class_list":{"0":"post-5077","1":"product","2":"type-product","3":"status-publish","4":"has-post-thumbnail","6":"product_brand-marca-coren","7":"product_cat-alimentacion-y-bebidas","8":"product_cat-huevos-enteros","9":"product_cat-huevos-y-sucedaneos-del-huevo","10":"product_cat-lacteos-huevos-y-alternativas-de-origen-vegetal","12":"first","13":"instock","14":"sale","15":"shipping-taxable","16":"purchasable","17":"product-type-simple"},"_links":{"self":[{"href":"https:\/\/ecotienda.com\/index.php?rest_route=\/wp\/v2\/product\/5077","targetHints":{"allow":["GET"]}}],"collection":[{"href":"https:\/\/ecotienda.com\/index.php?rest_route=\/wp\/v2\/product"}],"about":[{"href":"https:\/\/ecotienda.com\/index.php?rest_route=\/wp\/v2\/types\/product"}],"replies":[{"embeddable":true,"href":"https:\/\/ecotienda.com\/index.php?rest_route=%2Fwp%2Fv2%2Fcomments&post=5077"}],"wp:featuredmedia":[{"embeddable":true,"href":"https:\/\/ecotienda.com\/index.php?rest_route=\/wp\/v2\/product\/5077"}],"wp:attachment":[{"href":"https:\/\/ecotienda.com\/index.php?rest_route=%2Fwp%2Fv2%2Fmedia&parent=5077"}],"wp:term":[{"taxonomy":"product_cat","embeddable":true,"href":"https:\/\/ecotienda.com\/index.php?rest_route=%2Fwp%2Fv2%2Fproduct_cat&post=5077"},{"taxonomy":"product_tag","embeddable":true,"href":"https:\/\/ecotienda.com\/index.php?rest_route=%2Fwp%2Fv2%2Fproduct_tag&post=5077"}],"curies":[{"name":"wp","href":"https:\/\/api.w.org\/{rel}","templated":true}]}}