{"id":5080,"date":"2025-11-23T09:39:31","date_gmt":"2025-11-23T08:39:31","guid":{"rendered":"https:\/\/ecotienda.com\/?product=roig-vall-mestral-huevos-camperos-6-unidades"},"modified":"2026-03-24T09:23:17","modified_gmt":"2026-03-24T08:23:17","slug":"roig-vall-mestral-huevos-camperos-6-unidades","status":"publish","type":"product","link":"https:\/\/ecotienda.com\/?product=roig-vall-mestral-huevos-camperos-6-unidades","title":{"rendered":"Roig Vall Mestral Huevos Camperos, 6 Unidades"},"content":{"rendered":"<div class=\"woocommerce-product-details\">\n<h3>Descripci\u00f3n del producto<\/h3>\n<p>Descripci\u00f3n del producto<\/p>\n<p> Vall de Mestral Cat. 1 (6 ud), Huevos. Producto de alta calidad. Ingredientes<\/p>\n<p> Huevo direcci\u00f3n<\/p>\n<p> Fresco o cocinado Advertencia de seguridad<\/p>\n<p> Mantener refrigerado despues de la compra Contenido de la caja<\/p>\n<p> 6 huevos frescos de gallinas camperas Ver m\u00e1s<\/p>\n<h3>Detalles del producto<\/h3>\n<ul>\n<li>Dimensiones del producto : 6,5 x 11,5 x 17 cm; 430 g<\/li>\n<li>Fabricante : Agustin Roig, S.A.<\/li>\n<li>ASIN : B0784WTX7C<\/li>\n<li>N\u00famero de modelo del producto : 2672624<\/li>\n<li>Pa\u00eds de origen : Espa\u00f1a<\/li>\n<li>Opiniones de los clientes: 4,6 4,6 de 5 estrellas (381)<\/li>\n<\/ul>\n<h3>Recursos de seguridad y productos<\/h3>\n<p>Recursos de seguridad y productosIm\u00e1genes y contactosIm\u00e1genes y contactos de seguridad Recursos de seguridad y productosProblema al cargar la informaci\u00f3nLo sentimos, no hemos podido mostrar la informaci\u00f3n debido a un problema. Vuelve a cargar la p\u00e1gina o int\u00e9ntalo de nuevo m\u00e1s tarde.Im\u00e1genes y contactos Im\u00e1genes de seguridad del producto Informaci\u00f3n del fabricante Persona responsable Problema al cargar la informaci\u00f3nLo sentimos, no hemos podido mostrar la informaci\u00f3n de la persona responsable debido a un problema. Vuelve a cargar la p\u00e1gina o int\u00e9ntalo de nuevo m\u00e1s tarde.Problema al cargar la informaci\u00f3nLo sentimos, no hemos podido mostrar la informaci\u00f3n del fabricante debido a un problema. Vuelve a cargar la p\u00e1gina o int\u00e9ntalo de nuevo m\u00e1s tarde.Problema al cargar la informaci\u00f3nLo sentimos, no hemos podido mostrar las im\u00e1genes de seguridad del producto debido a un problema. Vuelve a cargar la p\u00e1gina o int\u00e9ntalo de nuevo m\u00e1s tarde.<\/p>\n<\/p><\/div>\n","protected":false},"excerpt":{"rendered":"<ul>\n<li> Mantener refrigerado despues de la compra  <\/li>\n<li> Rico en prote\u00ednas  <\/li>\n<li> La caja contiene 6 huevos frescos de gallina  <\/li>\n<li> Producto natural  <\/li>\n<li> Consumir fresco o cocinado  <\/li>\n<li> Producto con sello de Bienestar Animal, Certificado Welfare  <\/li>\n<\/ul>\n","protected":false},"featured_media":5080,"comment_status":"open","ping_status":"closed","template":"","meta":[],"product_cat":[1461,1464,1463,1462],"product_tag":[],"class_list":{"0":"post-5080","1":"product","2":"type-product","3":"status-publish","4":"has-post-thumbnail","6":"product_brand-marca-huevos-roig","7":"product_cat-alimentacion-y-bebidas","8":"product_cat-huevos-enteros","9":"product_cat-huevos-y-sucedaneos-del-huevo","10":"product_cat-lacteos-huevos-y-alternativas-de-origen-vegetal","12":"first","13":"instock","14":"sale","15":"shipping-taxable","16":"purchasable","17":"product-type-simple"},"_links":{"self":[{"href":"https:\/\/ecotienda.com\/index.php?rest_route=\/wp\/v2\/product\/5080","targetHints":{"allow":["GET"]}}],"collection":[{"href":"https:\/\/ecotienda.com\/index.php?rest_route=\/wp\/v2\/product"}],"about":[{"href":"https:\/\/ecotienda.com\/index.php?rest_route=\/wp\/v2\/types\/product"}],"replies":[{"embeddable":true,"href":"https:\/\/ecotienda.com\/index.php?rest_route=%2Fwp%2Fv2%2Fcomments&post=5080"}],"wp:featuredmedia":[{"embeddable":true,"href":"https:\/\/ecotienda.com\/index.php?rest_route=\/wp\/v2\/product\/5080"}],"wp:attachment":[{"href":"https:\/\/ecotienda.com\/index.php?rest_route=%2Fwp%2Fv2%2Fmedia&parent=5080"}],"wp:term":[{"taxonomy":"product_cat","embeddable":true,"href":"https:\/\/ecotienda.com\/index.php?rest_route=%2Fwp%2Fv2%2Fproduct_cat&post=5080"},{"taxonomy":"product_tag","embeddable":true,"href":"https:\/\/ecotienda.com\/index.php?rest_route=%2Fwp%2Fv2%2Fproduct_tag&post=5080"}],"curies":[{"name":"wp","href":"https:\/\/api.w.org\/{rel}","templated":true}]}}