{"id":5087,"date":"2025-11-23T09:39:42","date_gmt":"2025-11-23T08:39:42","guid":{"rendered":"https:\/\/ecotienda.com\/?product=huevos-morenos-xl-12-unidades-73-gramos"},"modified":"2026-03-24T09:23:35","modified_gmt":"2026-03-24T08:23:35","slug":"huevos-morenos-xl-12-unidades-73-gramos","status":"publish","type":"product","link":"https:\/\/ecotienda.com\/?product=huevos-morenos-xl-12-unidades-73-gramos","title":{"rendered":"Huevos morenos &#8211; XL &#8211; 12 unidades, 73 gramos"},"content":{"rendered":"<div class=\"woocommerce-product-details\">\n<h3>Descripci\u00f3n del producto<\/h3>\n<p>Huevos morenos tama\u00f1o XL, 12 unidades, 73 gramos<\/p>\n<h3>Detalles del producto<\/h3>\n<ul>\n<li>Peso del producto : 73 g<\/li>\n<li>Fabricante : Mercado de la Paz<\/li>\n<li>ASIN : B01LQ8TOZQ<\/li>\n<li>Opiniones de los clientes: 3,3 3,3 de 5 estrellas (4)<\/li>\n<\/ul>\n<h3>Recursos de seguridad y productos<\/h3>\n<p>Recursos de seguridad y productosIm\u00e1genes y contactosIm\u00e1genes y contactos de seguridad Recursos de seguridad y productosProblema al cargar la informaci\u00f3nLo sentimos, no hemos podido mostrar la informaci\u00f3n debido a un problema. Vuelve a cargar la p\u00e1gina o int\u00e9ntalo de nuevo m\u00e1s tarde.Im\u00e1genes y contactos Im\u00e1genes de seguridad del producto Informaci\u00f3n del fabricante Persona responsable Problema al cargar la informaci\u00f3nLo sentimos, no hemos podido mostrar la informaci\u00f3n de la persona responsable debido a un problema. Vuelve a cargar la p\u00e1gina o int\u00e9ntalo de nuevo m\u00e1s tarde.Problema al cargar la informaci\u00f3nLo sentimos, no hemos podido mostrar la informaci\u00f3n del fabricante debido a un problema. Vuelve a cargar la p\u00e1gina o int\u00e9ntalo de nuevo m\u00e1s tarde.Problema al cargar la informaci\u00f3nLo sentimos, no hemos podido mostrar las im\u00e1genes de seguridad del producto debido a un problema. Vuelve a cargar la p\u00e1gina o int\u00e9ntalo de nuevo m\u00e1s tarde.<\/p>\n<\/p><\/div>\n","protected":false},"excerpt":{"rendered":"<ul>\n<li> Lugar de origen: Espa\u00f1a. Lugar de cria: Espa\u00f1a. Lugar de sacrificio: Espa\u00f1a  <\/li>\n<\/ul>\n","protected":false},"featured_media":5087,"comment_status":"open","ping_status":"closed","template":"","meta":[],"product_cat":[1461,1464,1463,1462],"product_tag":[],"class_list":{"0":"post-5087","1":"product","2":"type-product","3":"status-publish","4":"has-post-thumbnail","6":"product_brand-marca-mercado-de-la-paz","7":"product_cat-alimentacion-y-bebidas","8":"product_cat-huevos-enteros","9":"product_cat-huevos-y-sucedaneos-del-huevo","10":"product_cat-lacteos-huevos-y-alternativas-de-origen-vegetal","12":"first","13":"outofstock","14":"sale","15":"shipping-taxable","16":"purchasable","17":"product-type-simple"},"_links":{"self":[{"href":"https:\/\/ecotienda.com\/index.php?rest_route=\/wp\/v2\/product\/5087","targetHints":{"allow":["GET"]}}],"collection":[{"href":"https:\/\/ecotienda.com\/index.php?rest_route=\/wp\/v2\/product"}],"about":[{"href":"https:\/\/ecotienda.com\/index.php?rest_route=\/wp\/v2\/types\/product"}],"replies":[{"embeddable":true,"href":"https:\/\/ecotienda.com\/index.php?rest_route=%2Fwp%2Fv2%2Fcomments&post=5087"}],"wp:featuredmedia":[{"embeddable":true,"href":"https:\/\/ecotienda.com\/index.php?rest_route=\/wp\/v2\/product\/5087"}],"wp:attachment":[{"href":"https:\/\/ecotienda.com\/index.php?rest_route=%2Fwp%2Fv2%2Fmedia&parent=5087"}],"wp:term":[{"taxonomy":"product_cat","embeddable":true,"href":"https:\/\/ecotienda.com\/index.php?rest_route=%2Fwp%2Fv2%2Fproduct_cat&post=5087"},{"taxonomy":"product_tag","embeddable":true,"href":"https:\/\/ecotienda.com\/index.php?rest_route=%2Fwp%2Fv2%2Fproduct_tag&post=5087"}],"curies":[{"name":"wp","href":"https:\/\/api.w.org\/{rel}","templated":true}]}}