{"id":5100,"date":"2025-11-23T09:40:04","date_gmt":"2025-11-23T08:40:04","guid":{"rendered":"https:\/\/ecotienda.com\/?product=biogra-vegg-sustituto-bio-vegetal-del-huevo-250-gr"},"modified":"2026-03-24T09:24:52","modified_gmt":"2026-03-24T08:24:52","slug":"biogra-vegg-sustituto-bio-vegetal-del-huevo-250-gr","status":"publish","type":"product","link":"https:\/\/ecotienda.com\/?product=biogra-vegg-sustituto-bio-vegetal-del-huevo-250-gr","title":{"rendered":"Biogr\u00e1 Vegg, sustituto Bio Vegetal del Huevo, 250 gr"},"content":{"rendered":"<div class=\"woocommerce-product-details\">\n<h3>Descripci\u00f3n del producto<\/h3>\n<p>direcci\u00f3n<\/p>\n<p> Utiliza Biogr\u00e1 Vegg como sustituto del huevo en tus recetas. Puedes utilizar la misma cantidad que de huevo en tus preparaciones.<\/p>\n<h3>Detalles del producto<\/h3>\n<ul>\n<li>ASIN : B01N7CQFLI<\/li>\n<li>Referencia del fabricante : 8426904173367<\/li>\n<li>Opiniones de los clientes: 4,8 4,8 de 5 estrellas (3)<\/li>\n<\/ul>\n<h3>Recursos de seguridad y productos<\/h3>\n<p>Recursos de seguridad y productosInformaci\u00f3n normativa El n\u00famero de c\u00f3digo del organismo de control ecol\u00f3gico: LU-BIO-04.Im\u00e1genes y contactosIm\u00e1genes y contactos de seguridad Recursos de seguridad y productosProblema al cargar la informaci\u00f3nLo sentimos, no hemos podido mostrar la informaci\u00f3n debido a un problema. Vuelve a cargar la p\u00e1gina o int\u00e9ntalo de nuevo m\u00e1s tarde.Im\u00e1genes y contactos Im\u00e1genes de seguridad del producto Informaci\u00f3n del fabricante Persona responsable Problema al cargar la informaci\u00f3nLo sentimos, no hemos podido mostrar la informaci\u00f3n de la persona responsable debido a un problema. Vuelve a cargar la p\u00e1gina o int\u00e9ntalo de nuevo m\u00e1s tarde.Problema al cargar la informaci\u00f3nLo sentimos, no hemos podido mostrar la informaci\u00f3n del fabricante debido a un problema. Vuelve a cargar la p\u00e1gina o int\u00e9ntalo de nuevo m\u00e1s tarde.Problema al cargar la informaci\u00f3nLo sentimos, no hemos podido mostrar las im\u00e1genes de seguridad del producto debido a un problema. Vuelve a cargar la p\u00e1gina o int\u00e9ntalo de nuevo m\u00e1s tarde.<\/p>\n<\/p><\/div>\n","protected":false},"excerpt":{"rendered":"<p>Descripci\u00f3n del producto direcci\u00f3n Utiliza Biogr\u00e1 Vegg como sustituto del huevo en tus recetas. Puedes utilizar la misma cantidad que de huevo en tus preparaciones. Detalles del producto ASIN : B01N7CQFLI Referencia del fabricante : 8426904173367 Opiniones de los clientes: 4,8 4,8 de 5 estrellas (3) Recursos de seguridad y productos Recursos de seguridad y &hellip; <a href=\"https:\/\/ecotienda.com\/?product=biogra-vegg-sustituto-bio-vegetal-del-huevo-250-gr\" class=\"more-link\">Continue reading <span class=\"screen-reader-text\">Biogr\u00e1 Vegg, sustituto Bio Vegetal del Huevo, 250 gr<\/span><\/a><\/p>\n","protected":false},"featured_media":5100,"comment_status":"open","ping_status":"closed","template":"","meta":[],"product_cat":[1461,1463,1462],"product_tag":[],"class_list":{"0":"post-5100","1":"product","2":"type-product","3":"status-publish","4":"has-post-thumbnail","6":"product_brand-marca-biogr","7":"product_cat-alimentacion-y-bebidas","8":"product_cat-huevos-y-sucedaneos-del-huevo","9":"product_cat-lacteos-huevos-y-alternativas-de-origen-vegetal","11":"first","12":"outofstock","13":"sale","14":"shipping-taxable","15":"purchasable","16":"product-type-simple"},"_links":{"self":[{"href":"https:\/\/ecotienda.com\/index.php?rest_route=\/wp\/v2\/product\/5100","targetHints":{"allow":["GET"]}}],"collection":[{"href":"https:\/\/ecotienda.com\/index.php?rest_route=\/wp\/v2\/product"}],"about":[{"href":"https:\/\/ecotienda.com\/index.php?rest_route=\/wp\/v2\/types\/product"}],"replies":[{"embeddable":true,"href":"https:\/\/ecotienda.com\/index.php?rest_route=%2Fwp%2Fv2%2Fcomments&post=5100"}],"wp:featuredmedia":[{"embeddable":true,"href":"https:\/\/ecotienda.com\/index.php?rest_route=\/wp\/v2\/product\/5100"}],"wp:attachment":[{"href":"https:\/\/ecotienda.com\/index.php?rest_route=%2Fwp%2Fv2%2Fmedia&parent=5100"}],"wp:term":[{"taxonomy":"product_cat","embeddable":true,"href":"https:\/\/ecotienda.com\/index.php?rest_route=%2Fwp%2Fv2%2Fproduct_cat&post=5100"},{"taxonomy":"product_tag","embeddable":true,"href":"https:\/\/ecotienda.com\/index.php?rest_route=%2Fwp%2Fv2%2Fproduct_tag&post=5100"}],"curies":[{"name":"wp","href":"https:\/\/api.w.org\/{rel}","templated":true}]}}