{"id":5103,"date":"2025-11-23T09:40:11","date_gmt":"2025-11-23T08:40:11","guid":{"rendered":"https:\/\/ecotienda.com\/?product=biogra-vegg-sustituto-vegetal-huevo-bio"},"modified":"2026-01-02T16:47:40","modified_gmt":"2026-01-02T15:47:40","slug":"vegg-sustituto-vegetal-huevo-bio-biogra","status":"publish","type":"product","link":"https:\/\/ecotienda.com\/?product=vegg-sustituto-vegetal-huevo-bio-biogra","title":{"rendered":"VEGG SUSTITUTO Vegetal Huevo Bio BIOGRA"},"content":{"rendered":"<div class=\"woocommerce-product-details\">\n<h3>Descripci\u00f3n del producto<\/h3>\n<p>Descripci\u00f3n del producto<\/p>\n<p> VEGG SUSTITUTO VEGET DEL HUEVO BIO. Los mejores productos para el hogar. Disfruta de la gran variedad de productos para tu hogar. La marca garantiza la mejor calidad de los productos y el cumplimiento de los m\u00e1s altos est\u00e1ndares. Advertencia de seguridad<\/p>\n<p> Este producto puede contener trazas de al\u00e9rgenos. No recomendado para mujeres embarazadas o personas con alergias alimentarias conocidas.<\/p>\n<h3>Detalles del producto<\/h3>\n<ul>\n<li>Descatalogado por el fabricante : No<\/li>\n<li>Dimensiones del producto : 50 x 50 x 28 cm; 300 g<\/li>\n<li>Producto en Amazon.es desde : 12 enero 2017<\/li>\n<li>Fabricante : BIOGR\u00c1<\/li>\n<li>ASIN : B01N21P7W6<\/li>\n<li>N\u00famero de modelo del producto : 8426904173367<\/li>\n<li>Clasificaci\u00f3n en los m\u00e1s vendidos de Amazon: n\u00ba5.319 en Alimentaci\u00f3n y bebidas (Ver el Top 100 en Alimentaci\u00f3n y bebidas) n\u00ba3 en Huevos y suced\u00e1neos del huevo<\/li>\n<li>n\u00ba3 en Huevos y suced\u00e1neos del huevo<\/li>\n<li>Opiniones de los clientes: 3,9 3,9 de 5 estrellas (32)<\/li>\n<\/ul>\n<h3>Recursos de seguridad y productos<\/h3>\n<p>Recursos de seguridad y productosInformaci\u00f3n normativa El n\u00famero de c\u00f3digo del organismo de control ecol\u00f3gico: LU-BIO-04.Im\u00e1genes y contactosIm\u00e1genes y contactos de seguridad Recursos de seguridad y productosProblema al cargar la informaci\u00f3nLo sentimos, no hemos podido mostrar la informaci\u00f3n debido a un problema. Vuelve a cargar la p\u00e1gina o int\u00e9ntalo de nuevo m\u00e1s tarde.Im\u00e1genes y contactos Im\u00e1genes de seguridad del producto Informaci\u00f3n del fabricante Persona responsable Problema al cargar la informaci\u00f3nLo sentimos, no hemos podido mostrar la informaci\u00f3n de la persona responsable debido a un problema. Vuelve a cargar la p\u00e1gina o int\u00e9ntalo de nuevo m\u00e1s tarde.Problema al cargar la informaci\u00f3nLo sentimos, no hemos podido mostrar la informaci\u00f3n del fabricante debido a un problema. Vuelve a cargar la p\u00e1gina o int\u00e9ntalo de nuevo m\u00e1s tarde.Problema al cargar la informaci\u00f3nLo sentimos, no hemos podido mostrar las im\u00e1genes de seguridad del producto debido a un problema. Vuelve a cargar la p\u00e1gina o int\u00e9ntalo de nuevo m\u00e1s tarde.<\/p>\n<\/p><\/div>\n","protected":false},"excerpt":{"rendered":"<ul>\n<li> Complementa la alimentaci\u00f3n  <\/li>\n<li> Sabor agradable  <\/li>\n<li> Producto de calidad \u00f3ptima  <\/li>\n<\/ul>\n","protected":false},"featured_media":5103,"comment_status":"open","ping_status":"closed","template":"","meta":[],"product_cat":[1461,1463,1462],"product_tag":[],"class_list":{"0":"post-5103","1":"product","2":"type-product","3":"status-publish","4":"has-post-thumbnail","6":"product_brand-marca-biogr","7":"product_cat-alimentacion-y-bebidas","8":"product_cat-huevos-y-sucedaneos-del-huevo","9":"product_cat-lacteos-huevos-y-alternativas-de-origen-vegetal","11":"first","12":"instock","13":"sale","14":"shipping-taxable","15":"purchasable","16":"product-type-simple"},"_links":{"self":[{"href":"https:\/\/ecotienda.com\/index.php?rest_route=\/wp\/v2\/product\/5103","targetHints":{"allow":["GET"]}}],"collection":[{"href":"https:\/\/ecotienda.com\/index.php?rest_route=\/wp\/v2\/product"}],"about":[{"href":"https:\/\/ecotienda.com\/index.php?rest_route=\/wp\/v2\/types\/product"}],"replies":[{"embeddable":true,"href":"https:\/\/ecotienda.com\/index.php?rest_route=%2Fwp%2Fv2%2Fcomments&post=5103"}],"wp:featuredmedia":[{"embeddable":true,"href":"https:\/\/ecotienda.com\/index.php?rest_route=\/wp\/v2\/product\/5103"}],"wp:attachment":[{"href":"https:\/\/ecotienda.com\/index.php?rest_route=%2Fwp%2Fv2%2Fmedia&parent=5103"}],"wp:term":[{"taxonomy":"product_cat","embeddable":true,"href":"https:\/\/ecotienda.com\/index.php?rest_route=%2Fwp%2Fv2%2Fproduct_cat&post=5103"},{"taxonomy":"product_tag","embeddable":true,"href":"https:\/\/ecotienda.com\/index.php?rest_route=%2Fwp%2Fv2%2Fproduct_tag&post=5103"}],"curies":[{"name":"wp","href":"https:\/\/api.w.org\/{rel}","templated":true}]}}