{"id":5137,"date":"2025-11-23T10:06:07","date_gmt":"2025-11-23T09:06:07","guid":{"rendered":"https:\/\/ecotienda.com\/?product=la-sirena-hamburguesa-ternera-240g-bio-congelado"},"modified":"2026-01-02T16:51:46","modified_gmt":"2026-01-02T15:51:46","slug":"la-sirena-hamburguesa-ternera-240g-bio-congelado","status":"publish","type":"product","link":"https:\/\/ecotienda.com\/?product=la-sirena-hamburguesa-ternera-240g-bio-congelado","title":{"rendered":"La Sirena Hamburguesa Ternera, 240g (Bio) (Congelado)"},"content":{"rendered":"<div class=\"woocommerce-product-details\">\n<div id=\"aplus_feature_div\" class=\"celwidget\" data-feature-name=\"aplus\" data-csa-c-type=\"widget\" data-csa-c-content-id=\"aplus\" data-csa-c-slot-id=\"aplus_feature_div\" data-csa-c-asin=\"\" data-csa-c-is-in-initial-active-row=\"false\">\n<div id=\"aplus\" class=\"a-section a-spacing-large bucket\">\n<h3 class=\"\">M\u00e1s informaci\u00f3n del producto<\/h3>\n<div lang=\"es_ES\">\n<div class=\"aplus-v2 desktop celwidget\">\n<div class=\"celwidget aplus-module module-12 aplus-standard\">\n<div class=\"aplus-module-wrapper apm-spacing apm-floatnone apm-fixed-width\">\n<div class=\"apm-sidemodule aplus-module-content\">\n<div class=\"apm-hero-image\"> <img data-opt-id=221629217  fetchpriority=\"high\" decoding=\"async\" alt=\"4059 burguer\" src=\"https:\/\/m.media-amazon.com\/images\/S\/aplus-media-library-service-media\/bffb71d4-5d4c-4aee-ad7c-559df18b6458.__CR0,0,970,300_PT0_SX970_V1___.jpg\" style=\"max-width: 100%;height: auto\"> <\/div>\n<\/div>\n<\/div>\n<\/div>\n<div class=\"celwidget aplus-module module-8 aplus-standard\">\n<div class=\"aplus-module-wrapper apm-fixed-width\">\n<div class=\"apm-spacing\">\n<div class=\"apm-lefttwothirdswrap apm-floatleft\">\n<div class=\"apm-leftimage\"> <img data-opt-id=1240915174  fetchpriority=\"high\" decoding=\"async\" alt=\"receta burguer 2\" src=\"https:\/\/m.media-amazon.com\/images\/S\/aplus-media-library-service-media\/090a8bf1-4eb8-4836-82e0-e9eccfa575c3.__CR160,0,1360,1360_PT0_SX300_V1___.jpg\" style=\"max-width: 100%;height: auto\"> <\/div>\n<div class=\"apm-centerthirdcol\">\n<h3 class=\"a-spacing-mini\"> HAMBURGUESA DE TERNERA BIO <\/h3>\n<h4 class=\"a-spacing-mini a-color-secondary\"> \u00a1Es el momento de comer hamburguesa de primera calidad y en tu hogar! <\/h4>\n<p class=\"a-spacing-base\"> Disfruta del rico sabor de la carne de ternera <span class=\"a-text-bold\">100% nacional y BIO<\/span>. Estas jugosas hamburguesas de ternera solo contienen <span class=\"a-text-bold\">carne ecol\u00f3gica<\/span> (98,8%) originaria de los Pirineos, pimienta ecol\u00f3gica y sal. <\/p>\n<p class=\"a-spacing-base\"> El producto procede de ganaderos comprometidos con el respeto a los animales, <\/p>\n<p class=\"a-spacing-base\"> el medio ambiente; que contribuyen al mantenimiento del paisaje y la vida rural <\/p>\n<p class=\"a-spacing-base\"> del pa\u00eds. <\/p>\n<p class=\"a-spacing-base\"> Las hamburguesas<span class=\"a-text-bold\"> no contienen conservantes ni ning\u00fan otro aditivo<\/span>, de modo que mantienen todas sus propiedades: una tierna textura y un sabor especial que te har\u00e1 disfrutar de unos deliciosos platos. Tampoco contienen gluten ni lactosa y son ideales para los m\u00e1s peque\u00f1os de la casa. \u00bfA qu\u00e9 ni\u00f1o no le gusta una buena hamburguesa? <\/p>\n<\/p>\n<\/div>\n<\/div>\n<div class=\"apm-rightthirdcol\">\n<div class=\"apm-rightthirdcol-inner\">\n<h4> Valores Nutricionales <\/h4>\n<div class=\"a-box a-spacing-small a-color-alternate-background apm-listbox\">\n<div class=\"a-box-inner\">\n<ul class=\"a-unordered-list a-vertical\">\n<li><span class=\"a-list-item\"> <span class=\"a-size-base\"> Valor energ\u00e9tico 777 kJ \/ 186 kcal <\/span> <\/span><\/li>\n<li><span class=\"a-list-item\"> <span class=\"a-size-base\"> Grasas 12 g <\/span> <\/span><\/li>\n<li><span class=\"a-list-item\"> <span class=\"a-size-base\"> de la cuales: Saturadas 5,6 g <\/span> <\/span><\/li>\n<li><span class=\"a-list-item\"> <span class=\"a-size-base\"> Hidratos de carbono 0,6 g <\/span> <\/span><\/li>\n<li><span class=\"a-list-item\"> <span class=\"a-size-base\"> de los cuales: Az\u00facares 0 g <\/span> <\/span><\/li>\n<li><span class=\"a-list-item\"> <span class=\"a-size-base\"> Prote\u00ednas 19 g <\/span> <\/span><\/li>\n<li><span class=\"a-list-item\"> <span class=\"a-size-base\"> Sal 1,2 g <\/span> <\/span><\/li>\n<\/ul>\n<\/div><\/div>\n<\/div>\n<\/div>\n<\/div>\n<\/div>\n<\/div>\n<div class=\"celwidget aplus-module launchpad-company-logo aplus-standard\">\n<div class=\"a-section a-text-center launchpad-module launchpad-module-company-logo\"> <img data-opt-id=1040236028  data-opt-src=\"https:\/\/m.media-amazon.com\/images\/S\/aplus-media-library-service-media\/0bb6120f-71c5-48f4-825e-ac92dcc0c06d.__CR0,0,600,180_PT0_SX600_V1___.jpg\"  decoding=\"async\" alt=\"logo sirena\" src=\"data:image/svg+xml,%3Csvg%20viewBox%3D%220%200%20100%%20100%%22%20width%3D%22100%%22%20height%3D%22100%%22%20xmlns%3D%22http%3A%2F%2Fwww.w3.org%2F2000%2Fsvg%22%3E%3Crect%20width%3D%22100%%22%20height%3D%22100%%22%20fill%3D%22transparent%22%2F%3E%3C%2Fsvg%3E\" style=\"max-width: 100%;height: auto\"> <\/div>\n<\/div>\n<div class=\"celwidget aplus-module module-9 aplus-standard\">\n<div class=\"aplus-module-wrapper apm-fixed-width apm-spacing\">\n<div class=\"apm-flex\">\n<div class=\"apm-flex-item-third-width\">\n<p class=\"apm-text-center\"> <img data-opt-id=45315317  data-opt-src=\"https:\/\/m.media-amazon.com\/images\/S\/aplus-media-library-service-media\/e4301d99-9b06-40fb-91b2-7eac4eac8f27.__CR0,0,720,720_PT0_SX300_V1___.jpg\"  decoding=\"async\" alt=\"burguer 1\" src=\"data:image/svg+xml,%3Csvg%20viewBox%3D%220%200%20100%%20100%%22%20width%3D%22100%%22%20height%3D%22100%%22%20xmlns%3D%22http%3A%2F%2Fwww.w3.org%2F2000%2Fsvg%22%3E%3Crect%20width%3D%22100%%22%20height%3D%22100%%22%20fill%3D%22transparent%22%2F%3E%3C%2Fsvg%3E\" style=\"max-width: 100%;height: auto\"> <\/p>\n<h4 class=\"a-spacing-mini\"> HAMBURGUESA CON PIMIENTOS CONFITADOS Y PATATAS BRAVAS <\/h4>\n<p> Descongela las <span class=\"a-text-bold\">hamburguesas BIO<\/span> dentro de la nevera o si tienes prisa sum\u00e9rgelas en agua fr\u00eda con su envase al vac\u00edo. <\/p>\n<p> Calienta una sart\u00e9n con un poco de aceite, a\u00f1ade <span class=\"a-text-bold\">100g de cebolla<\/span> y los <span class=\"a-text-bold\">300g pimientos tricolor<\/span> directamente congelados y rehoga a fuego bajo hasta que las hortalizas est\u00e9n muy tiernas. A\u00f1ade un chorrito de<span class=\"a-text-bold\"> vino blanco<\/span> y el az\u00facar y cocina hasta que se evapore todo el vino y el az\u00facar se haya disuelto. Reserva y mant\u00e9n en caliente. <\/p>\n<p> Fr\u00ede en aceite muy caliente las<span class=\"a-text-bold\"> 400g patatas bravas<\/span> directamente congeladas hasta que tomen color. Calienta una sart\u00e9n con aceite y cocina a la plancha las hamburguesas, salpiment\u00e1ndolas al retirarlas del fuego. S\u00edrvelas cubiertas con los pimientos confitados y guarnecidas con las patatas con salsa brava. <\/p>\n<\/p>\n<\/div>\n<div class=\"apm-flex-item-third-width\">\n<p class=\"apm-text-center\"> <img data-opt-id=2090971724  data-opt-src=\"https:\/\/m.media-amazon.com\/images\/S\/aplus-media-library-service-media\/dd3abcfa-9482-4b9c-84af-3f8f4e940098.__CR0,0,720,720_PT0_SX300_V1___.jpg\"  decoding=\"async\" alt=\"receta burguer 2\" src=\"data:image/svg+xml,%3Csvg%20viewBox%3D%220%200%20100%%20100%%22%20width%3D%22100%%22%20height%3D%22100%%22%20xmlns%3D%22http%3A%2F%2Fwww.w3.org%2F2000%2Fsvg%22%3E%3Crect%20width%3D%22100%%22%20height%3D%22100%%22%20fill%3D%22transparent%22%2F%3E%3C%2Fsvg%3E\" style=\"max-width: 100%;height: auto\"> <\/p>\n<h4 class=\"a-spacing-mini\"> SUPER BURGUER <\/h4>\n<p> Deja descongelar las <span class=\"a-text-bold\">hamburguesas BIO<\/span> en la nevera sac\u00e1ndolas del envase. <\/p>\n<p> Calienta un poco de aceite en una sart\u00e9n o en la plancha y, cuando est\u00e9 muy caliente, cocina las hamburguesas un par de minutos por cada lado. Al darles la vuelta, no te olvides de salpimentarlas y poner las<span class=\"a-text-bold\"> 4 lonchas de queso <\/span>para que vayan fundi\u00e9ndose. <\/p>\n<p> Corta los panecillos por la mitad y unta la parte interior con la pulpa del <span class=\"a-text-bold\">aguacate triturada<\/span>. Limpia y corta a trocitos peque\u00f1os la <span class=\"a-text-bold\">lechuga,<\/span> y haz los <span class=\"a-text-bold\">2 huevos fritos.<\/span> <\/p>\n<p> Coloca las hamburguesas sobre la parte inferior de los panecillos untada con aguacate y pon los huevos fritos y la lechuga encima. Al\u00ed\u00f1alo todo con una vinagreta hecha con la <span class=\"a-text-bold\">mostaza <\/span>mezclada con la salsa de <span class=\"a-text-bold\">soja,<\/span> sal, <span class=\"a-text-bold\">pimienta<\/span> y, finalmente, el <span class=\"a-text-bold\">aceite de oliva<\/span>. <\/p>\n<\/p>\n<\/div>\n<div class=\"apm-flex-item-third-width\">\n<p class=\"apm-text-center\"> <img data-opt-id=1730571276  data-opt-src=\"https:\/\/m.media-amazon.com\/images\/S\/aplus-media-library-service-media\/7e3d0702-6848-4743-9ada-069bbbd8bec7.__CR0,0,720,720_PT0_SX300_V1___.jpg\"  decoding=\"async\" alt=\"receta burguer 3\" src=\"data:image/svg+xml,%3Csvg%20viewBox%3D%220%200%20100%%20100%%22%20width%3D%22100%%22%20height%3D%22100%%22%20xmlns%3D%22http%3A%2F%2Fwww.w3.org%2F2000%2Fsvg%22%3E%3Crect%20width%3D%22100%%22%20height%3D%22100%%22%20fill%3D%22transparent%22%2F%3E%3C%2Fsvg%3E\" style=\"max-width: 100%;height: auto\"> <\/p>\n<h4 class=\"a-spacing-mini\"> HAMBURGUESA DE TERNERA CON SETAS Y CEBOLLA <\/h4>\n<p> Deja descongelar las hamburguesas fuera del envase. Mientras tanto, en una cazuela con un poco de aceite rehoga <span class=\"a-text-bold\">225g de cebolla juliana la Sirena<\/span> directamente congelada (es decir, a fuego lento y tapada). D\u00e9jalo cocinar hasta que la cebolla est\u00e9 transparente y, a continuaci\u00f3n, a\u00f1ade el az\u00facar y d\u00e9jalo caramelizar (esta vez destapado). <\/p>\n<p> Por otro lado, en una sart\u00e9n con un poco de aceite bien caliente saltea la mezcla <span class=\"a-text-bold\">200 g de surtido de setas troceadas la Sirena<\/span> (te quedar\u00e1 mejor si lo haces en dos tandas). Al cabo de 5 minutos a\u00f1ade las dosis de<span class=\"a-text-bold\"> ajo<\/span> y <span class=\"a-text-bold\">perejil<\/span> y d\u00e9jalo 2 \u00f3 3 minutos m\u00e1s a fuego fuerte. <\/p>\n<p> Finalmente, cocina las hamburguesas a la plancha con un poco de aceite entre 4 y 5 minutos por banda y disponlas en el plato acompa\u00f1adas de las setas y la cebolla. <\/p>\n<\/p>\n<\/div>\n<\/div>\n<\/div>\n<\/div>\n<\/div>\n<\/div>\n<\/div>\n<\/div>\n<h3>Descripci\u00f3n del producto<\/h3>\n<p>Descripci\u00f3n del producto<\/p>\n<p> Hamburguesas ecol\u00f3gicas extras, ali\u00f1adas exclusivamente con sal y pimienta ecol\u00f3gica, sin conservantes ni ning\u00fan otro aditivo. Ideal para ni\u00f1os. Ingredientes<\/p>\n<p> carne de vacuno ecol\u00f3gica (98,8%), sal, pimienta negra ecol\u00f3gica.<\/p>\n<h3>Recursos de seguridad y productos<\/h3>\n<p>Recursos de seguridad y productosInformaci\u00f3n normativa El n\u00famero de c\u00f3digo del organismo de control ecol\u00f3gico: LU-BIO-04.Im\u00e1genes y contactosIm\u00e1genes y contactos de seguridad Recursos de seguridad y productosProblema al cargar la informaci\u00f3nLo sentimos, no hemos podido mostrar la informaci\u00f3n debido a un problema. Vuelve a cargar la p\u00e1gina o int\u00e9ntalo de nuevo m\u00e1s tarde.Im\u00e1genes y contactos Im\u00e1genes de seguridad del producto Informaci\u00f3n del fabricante Persona responsable Problema al cargar la informaci\u00f3nLo sentimos, no hemos podido mostrar la informaci\u00f3n de la persona responsable debido a un problema. Vuelve a cargar la p\u00e1gina o int\u00e9ntalo de nuevo m\u00e1s tarde.Problema al cargar la informaci\u00f3nLo sentimos, no hemos podido mostrar la informaci\u00f3n del fabricante debido a un problema. Vuelve a cargar la p\u00e1gina o int\u00e9ntalo de nuevo m\u00e1s tarde.Problema al cargar la informaci\u00f3nLo sentimos, no hemos podido mostrar las im\u00e1genes de seguridad del producto debido a un problema. Vuelve a cargar la p\u00e1gina o int\u00e9ntalo de nuevo m\u00e1s tarde.<\/p>\n<table id=\"productDetails_techSpec_section_1\" class=\"a-keyvalue prodDetTable\">\n<tr>\n<th class=\"a-color-secondary a-size-base prodDetSectionEntry\"> Dimensiones del producto <\/th>\n<td class=\"a-size-base prodDetAttrValue\"> &lrm;23 x 3 x 14 cm; 240 g <\/td>\n<\/tr>\n<tr>\n<th class=\"a-color-secondary a-size-base prodDetSectionEntry\"> Peso <\/th>\n<td class=\"a-size-base prodDetAttrValue\"> &lrm;240 Gramos <\/td>\n<\/tr>\n<tr>\n<th class=\"a-color-secondary a-size-base prodDetSectionEntry\"> Unidades <\/th>\n<td class=\"a-size-base prodDetAttrValue\"> &lrm;240.0 Gramos <\/td>\n<\/tr>\n<tr>\n<th class=\"a-color-secondary a-size-base prodDetSectionEntry\"> Instrucciones de almacenaje <\/th>\n<td class=\"a-size-base prodDetAttrValue\"> &lrm;En frigor\u00edfico: 24 horas. En congelador a -18\u00baC. Ver fecha de consumo preferente. No congelar de nuevo tras la descongelaci\u00f3n. <\/td>\n<\/tr>\n<tr>\n<th class=\"a-color-secondary a-size-base prodDetSectionEntry\"> Contacto del fabricante <\/th>\n<td class=\"a-size-base prodDetAttrValue\"> &lrm;Carns de Confian\u00e7a SL. Pol\u00edgono de Niub\u00f3. Avinguda de Puigrod\u00f3n 17530 Campdev\u00e0nol (Girona) <\/td>\n<\/tr>\n<tr>\n<th class=\"a-color-secondary a-size-base prodDetSectionEntry\"> Marca <\/th>\n<td class=\"a-size-base prodDetAttrValue\"> &lrm;La Sirena <\/td>\n<\/tr>\n<tr>\n<th class=\"a-color-secondary a-size-base prodDetSectionEntry\"> Cocina <\/th>\n<td class=\"a-size-base prodDetAttrValue\"> &lrm;Espa\u00f1ol <\/td>\n<\/tr>\n<tr>\n<th class=\"a-color-secondary a-size-base prodDetSectionEntry\"> Funciones especiales <\/th>\n<td class=\"a-size-base prodDetAttrValue\"> &lrm;Congelado,Sin Gluten <\/td>\n<\/tr>\n<tr>\n<th class=\"a-color-secondary a-size-base prodDetSectionEntry\"> Fabricante <\/th>\n<td class=\"a-size-base prodDetAttrValue\"> &lrm;La Sirena <\/td>\n<\/tr>\n<tr>\n<th class=\"a-color-secondary a-size-base prodDetSectionEntry\"> Peso del producto <\/th>\n<td class=\"a-size-base prodDetAttrValue\"> &lrm;240 g <\/td>\n<\/tr>\n<tr>\n<th class=\"a-color-secondary a-size-base prodDetSectionEntry\"> Pa\u00eds de origen <\/th>\n<td class=\"a-size-base prodDetAttrValue\"> &lrm;Espa\u00f1a <\/td>\n<\/tr>\n<\/table><\/div>\n","protected":false},"excerpt":{"rendered":"<ul>\n<li> Sin gluten  <\/li>\n<li> Sin lactosa  <\/li>\n<li> Origen nacional  <\/li>\n<li> Producto de alto calidad  <\/li>\n<\/ul>\n","protected":false},"featured_media":5137,"comment_status":"open","ping_status":"closed","template":"","meta":[],"product_cat":[1461,1472,1471,1473],"product_tag":[],"class_list":{"0":"post-5137","1":"product","2":"type-product","3":"status-publish","4":"has-post-thumbnail","6":"product_brand-marca-la-sirena","7":"product_cat-alimentacion-y-bebidas","8":"product_cat-carnes-y-hamburguesas","9":"product_cat-congelados","10":"product_cat-hamburguesas","12":"first","13":"instock","14":"sale","15":"shipping-taxable","16":"purchasable","17":"product-type-simple"},"_links":{"self":[{"href":"https:\/\/ecotienda.com\/index.php?rest_route=\/wp\/v2\/product\/5137","targetHints":{"allow":["GET"]}}],"collection":[{"href":"https:\/\/ecotienda.com\/index.php?rest_route=\/wp\/v2\/product"}],"about":[{"href":"https:\/\/ecotienda.com\/index.php?rest_route=\/wp\/v2\/types\/product"}],"replies":[{"embeddable":true,"href":"https:\/\/ecotienda.com\/index.php?rest_route=%2Fwp%2Fv2%2Fcomments&post=5137"}],"wp:featuredmedia":[{"embeddable":true,"href":"https:\/\/ecotienda.com\/index.php?rest_route=\/wp\/v2\/product\/5137"}],"wp:attachment":[{"href":"https:\/\/ecotienda.com\/index.php?rest_route=%2Fwp%2Fv2%2Fmedia&parent=5137"}],"wp:term":[{"taxonomy":"product_cat","embeddable":true,"href":"https:\/\/ecotienda.com\/index.php?rest_route=%2Fwp%2Fv2%2Fproduct_cat&post=5137"},{"taxonomy":"product_tag","embeddable":true,"href":"https:\/\/ecotienda.com\/index.php?rest_route=%2Fwp%2Fv2%2Fproduct_tag&post=5137"}],"curies":[{"name":"wp","href":"https:\/\/api.w.org\/{rel}","templated":true}]}}