{"id":5169,"date":"2025-11-23T10:28:14","date_gmt":"2025-11-23T09:28:14","guid":{"rendered":"https:\/\/ecotienda.com\/?product=coren-filete-de-pechuga-pollo-corral-bandeja-450g"},"modified":"2026-01-02T16:53:58","modified_gmt":"2026-01-02T15:53:58","slug":"coren-filete-de-pechuga-pollo-corral-bandeja-450g","status":"publish","type":"product","link":"https:\/\/ecotienda.com\/?product=coren-filete-de-pechuga-pollo-corral-bandeja-450g","title":{"rendered":"Coren Filete de Pechuga Pollo Corral, Bandeja 450g"},"content":{"rendered":"<div class=\"woocommerce-product-details\">\n<h3>Descripci\u00f3n del producto<\/h3>\n<p>Tipo de cr\u00eda: Salida libre a campo gallego con un espacio m\u00ednimo de 1 m2 por animal<\/p>\n<p>Alimentaci\u00f3n: 100% vegetal (50% ma\u00edz)<\/p>\n<p>Caracter\u00edstica culinaria: Sabor<\/p>\n<p>Trazabilidad: Control integral del proceso desde las madres reproductoras hasta el sacrificio<\/p>\n<p>Origen: Nacido y criado en Galicia por granjeros Coren<\/p>\n<p>Garant\u00edas de calidad: Galicia Calidad y SGS &lt;\/p&gt;<\/p>\n<h3>Recursos de seguridad y productos<\/h3>\n<p>Recursos de seguridad y productosIm\u00e1genes y contactosIm\u00e1genes y contactos de seguridad Recursos de seguridad y productosProblema al cargar la informaci\u00f3nLo sentimos, no hemos podido mostrar la informaci\u00f3n debido a un problema. Vuelve a cargar la p\u00e1gina o int\u00e9ntalo de nuevo m\u00e1s tarde.Im\u00e1genes y contactos Im\u00e1genes de seguridad del producto Informaci\u00f3n del fabricante Persona responsable Problema al cargar la informaci\u00f3nLo sentimos, no hemos podido mostrar la informaci\u00f3n de la persona responsable debido a un problema. Vuelve a cargar la p\u00e1gina o int\u00e9ntalo de nuevo m\u00e1s tarde.Problema al cargar la informaci\u00f3nLo sentimos, no hemos podido mostrar la informaci\u00f3n del fabricante debido a un problema. Vuelve a cargar la p\u00e1gina o int\u00e9ntalo de nuevo m\u00e1s tarde.Problema al cargar la informaci\u00f3nLo sentimos, no hemos podido mostrar las im\u00e1genes de seguridad del producto debido a un problema. Vuelve a cargar la p\u00e1gina o int\u00e9ntalo de nuevo m\u00e1s tarde.<\/p>\n<table id=\"productDetails_techSpec_section_1\" class=\"a-keyvalue prodDetTable\">\n<tr>\n<th class=\"a-color-secondary a-size-base prodDetSectionEntry\"> Dimensiones del producto <\/th>\n<td class=\"a-size-base prodDetAttrValue\"> &lrm;23,5 x 16,5 x 4,6 cm; 450 g <\/td>\n<\/tr>\n<tr>\n<th class=\"a-color-secondary a-size-base prodDetSectionEntry\"> Peso <\/th>\n<td class=\"a-size-base prodDetAttrValue\"> &lrm;450 Gramos <\/td>\n<\/tr>\n<tr>\n<th class=\"a-color-secondary a-size-base prodDetSectionEntry\"> Unidades <\/th>\n<td class=\"a-size-base prodDetAttrValue\"> &lrm;450.0 Gramos <\/td>\n<\/tr>\n<tr>\n<th class=\"a-color-secondary a-size-base prodDetSectionEntry\"> Marca <\/th>\n<td class=\"a-size-base prodDetAttrValue\"> &lrm;coren <\/td>\n<\/tr>\n<tr>\n<th class=\"a-color-secondary a-size-base prodDetSectionEntry\"> Fabricante <\/th>\n<td class=\"a-size-base prodDetAttrValue\"> &lrm;ES PN &#8211; Gallega de Alimentaci\u00f3n, S.A. (COREN) <\/td>\n<\/tr>\n<tr>\n<th class=\"a-color-secondary a-size-base prodDetSectionEntry\"> Peso del producto <\/th>\n<td class=\"a-size-base prodDetAttrValue\"> &lrm;450 g <\/td>\n<\/tr>\n<\/table><\/div>\n","protected":false},"excerpt":{"rendered":"<ul>\n<li> Filetes en bandeja termosellada en atm\u00f3sfera protectora  <\/li>\n<li> Criado en Galicia con alimentos totalmente vegetales  <\/li>\n<li> Cocinar completamente antes de comer  <\/li>\n<li> Fuente de prote\u00ednas  <\/li>\n<li> Corte tradicional, abierto al medio  <\/li>\n<li> Direccion: Lugar de Santa Cruz de Arrabaldo, s\/n, 32990 Arrabaldo, Provincia de Ourense, Espa\u00f1a  <\/li>\n<\/ul>\n","protected":false},"featured_media":5169,"comment_status":"open","ping_status":"closed","template":"","meta":[],"product_cat":[1461,1474,1467,1480],"product_tag":[],"class_list":{"0":"post-5169","1":"product","2":"type-product","3":"status-publish","4":"has-post-thumbnail","6":"product_brand-marca-coren","7":"product_cat-alimentacion-y-bebidas","8":"product_cat-carnes-de-pollo","9":"product_cat-carnes-caza-y-aves","10":"product_cat-pechugas","12":"first","13":"instock","14":"sale","15":"shipping-taxable","16":"purchasable","17":"product-type-simple"},"_links":{"self":[{"href":"https:\/\/ecotienda.com\/index.php?rest_route=\/wp\/v2\/product\/5169","targetHints":{"allow":["GET"]}}],"collection":[{"href":"https:\/\/ecotienda.com\/index.php?rest_route=\/wp\/v2\/product"}],"about":[{"href":"https:\/\/ecotienda.com\/index.php?rest_route=\/wp\/v2\/types\/product"}],"replies":[{"embeddable":true,"href":"https:\/\/ecotienda.com\/index.php?rest_route=%2Fwp%2Fv2%2Fcomments&post=5169"}],"wp:featuredmedia":[{"embeddable":true,"href":"https:\/\/ecotienda.com\/index.php?rest_route=\/wp\/v2\/product\/5169"}],"wp:attachment":[{"href":"https:\/\/ecotienda.com\/index.php?rest_route=%2Fwp%2Fv2%2Fmedia&parent=5169"}],"wp:term":[{"taxonomy":"product_cat","embeddable":true,"href":"https:\/\/ecotienda.com\/index.php?rest_route=%2Fwp%2Fv2%2Fproduct_cat&post=5169"},{"taxonomy":"product_tag","embeddable":true,"href":"https:\/\/ecotienda.com\/index.php?rest_route=%2Fwp%2Fv2%2Fproduct_tag&post=5169"}],"curies":[{"name":"wp","href":"https:\/\/api.w.org\/{rel}","templated":true}]}}