{"id":5171,"date":"2025-11-23T10:28:18","date_gmt":"2025-11-23T09:28:18","guid":{"rendered":"https:\/\/ecotienda.com\/?product=coren-salchicha-blanca-bandeja-350g"},"modified":"2026-01-02T16:54:08","modified_gmt":"2026-01-02T15:54:08","slug":"coren-salchicha-blanca-bandeja-350g","status":"publish","type":"product","link":"https:\/\/ecotienda.com\/?product=coren-salchicha-blanca-bandeja-350g","title":{"rendered":"Coren Salchicha Blanca, Bandeja 350g"},"content":{"rendered":"<div class=\"woocommerce-product-details\">\n<h3>Descripci\u00f3n del producto<\/h3>\n<p>Descripci\u00f3n del producto<\/p>\n<p> Longaniza de pollo de Coren en bandeja termosellada en atm\u00f3sfera prtectora, sin gluten, lactosa, colorantes o conservantes. Cada bandeja contiene entre 6 y 7 salchichas. Salida libre a campo gallego con un espacio m\u00ednimo de 1 m2 por animal. Alimentaci\u00f3n 100% vegetal (50% ma\u00edz). Caracter\u00edstica culinaria: sabor y trazabilidad. Control integral del proceso desde las madres reproductoras hasta el sacrificio. Nacido y criado en Galicia por granjeros Coren. Ingredientes<\/p>\n<p> Carne de pollo (86%), agua, almid\u00f3n de patata, fibra y almid\u00f3n de guisante, sal, especias, vinagre, antioxidantes (citratos de sodio y ascorbato s\u00f3dico), aroma natural y concentrado vegetal. Embutida en tripa de cordero natural. Puede contener trazas de SOJA y prote\u00edna de LECHE.<\/p>\n<h3>Recursos de seguridad y productos<\/h3>\n<p>Recursos de seguridad y productosIm\u00e1genes y contactosIm\u00e1genes y contactos de seguridad Recursos de seguridad y productosProblema al cargar la informaci\u00f3nLo sentimos, no hemos podido mostrar la informaci\u00f3n debido a un problema. Vuelve a cargar la p\u00e1gina o int\u00e9ntalo de nuevo m\u00e1s tarde.Im\u00e1genes y contactos Im\u00e1genes de seguridad del producto Informaci\u00f3n del fabricante Persona responsable Problema al cargar la informaci\u00f3nLo sentimos, no hemos podido mostrar la informaci\u00f3n de la persona responsable debido a un problema. Vuelve a cargar la p\u00e1gina o int\u00e9ntalo de nuevo m\u00e1s tarde.Problema al cargar la informaci\u00f3nLo sentimos, no hemos podido mostrar la informaci\u00f3n del fabricante debido a un problema. Vuelve a cargar la p\u00e1gina o int\u00e9ntalo de nuevo m\u00e1s tarde.Problema al cargar la informaci\u00f3nLo sentimos, no hemos podido mostrar las im\u00e1genes de seguridad del producto debido a un problema. Vuelve a cargar la p\u00e1gina o int\u00e9ntalo de nuevo m\u00e1s tarde.<\/p>\n<table id=\"productDetails_techSpec_section_1\" class=\"a-keyvalue prodDetTable\">\n<tr>\n<th class=\"a-color-secondary a-size-base prodDetSectionEntry\"> Dimensiones del producto <\/th>\n<td class=\"a-size-base prodDetAttrValue\"> &lrm;23 x 14,5 x 3,5 cm; 270 g <\/td>\n<\/tr>\n<tr>\n<th class=\"a-color-secondary a-size-base prodDetSectionEntry\"> Informaci\u00f3n sobre al\u00e9rgenos <\/th>\n<td class=\"a-size-base prodDetAttrValue\"> &lrm;Contiene: Puede contener leche, Puede contener soja <\/td>\n<\/tr>\n<tr>\n<th class=\"a-color-secondary a-size-base prodDetSectionEntry\"> Peso <\/th>\n<td class=\"a-size-base prodDetAttrValue\"> &lrm;350 Gramos <\/td>\n<\/tr>\n<tr>\n<th class=\"a-color-secondary a-size-base prodDetSectionEntry\"> Unidades <\/th>\n<td class=\"a-size-base prodDetAttrValue\"> &lrm;350.0 Gramos <\/td>\n<\/tr>\n<tr>\n<th class=\"a-color-secondary a-size-base prodDetSectionEntry\"> Contacto del fabricante <\/th>\n<td class=\"a-size-base prodDetAttrValue\"> &lrm;COREN S.C.G. Centro de procesado av\u00edcola Santa Cruz de Arrabaldo 32990 Ourense. <\/td>\n<\/tr>\n<tr>\n<th class=\"a-color-secondary a-size-base prodDetSectionEntry\"> Marca <\/th>\n<td class=\"a-size-base prodDetAttrValue\"> &lrm;coren <\/td>\n<\/tr>\n<tr>\n<th class=\"a-color-secondary a-size-base prodDetSectionEntry\"> Fabricante <\/th>\n<td class=\"a-size-base prodDetAttrValue\"> &lrm;ES PN &#8211; Gallega de Alimentaci\u00f3n, S.A. (COREN) <\/td>\n<\/tr>\n<tr>\n<th class=\"a-color-secondary a-size-base prodDetSectionEntry\"> Peso del producto <\/th>\n<td class=\"a-size-base prodDetAttrValue\"> &lrm;270 g <\/td>\n<\/tr>\n<\/table><\/div>\n","protected":false},"excerpt":{"rendered":"<ul>\n<li> Longaniza de pollo en bandeja termosellada en atm\u00f3sfera protectora  <\/li>\n<li> Nacido en Espa\u00f1a, cebado en Espa\u00f1a, sacrificado en Espa\u00f1a, elaborado en Espa\u00f1a por coren  <\/li>\n<li> Sin gluten, lactosa, colorantes o conservantes  <\/li>\n<li> Cada bandeja contiene entre 6 y 7 salchichas  <\/li>\n<li> Control integral del proceso desde las madres reproductoras hasta el sacrificio  <\/li>\n<li> Direccion: Lugar de Santa Cruz de Arrabaldo, s\/n, 32990 Arrabaldo, Provincia de Ourense, Espa\u00f1a  <\/li>\n<\/ul>\n","protected":false},"featured_media":5171,"comment_status":"open","ping_status":"closed","template":"","meta":[],"product_cat":[1461,1467,1485],"product_tag":[],"class_list":{"0":"post-5171","1":"product","2":"type-product","3":"status-publish","4":"has-post-thumbnail","6":"product_brand-marca-coren","7":"product_cat-alimentacion-y-bebidas","8":"product_cat-carnes-caza-y-aves","9":"product_cat-salchichas","11":"first","12":"instock","13":"sale","14":"shipping-taxable","15":"purchasable","16":"product-type-simple"},"_links":{"self":[{"href":"https:\/\/ecotienda.com\/index.php?rest_route=\/wp\/v2\/product\/5171","targetHints":{"allow":["GET"]}}],"collection":[{"href":"https:\/\/ecotienda.com\/index.php?rest_route=\/wp\/v2\/product"}],"about":[{"href":"https:\/\/ecotienda.com\/index.php?rest_route=\/wp\/v2\/types\/product"}],"replies":[{"embeddable":true,"href":"https:\/\/ecotienda.com\/index.php?rest_route=%2Fwp%2Fv2%2Fcomments&post=5171"}],"wp:featuredmedia":[{"embeddable":true,"href":"https:\/\/ecotienda.com\/index.php?rest_route=\/wp\/v2\/product\/5171"}],"wp:attachment":[{"href":"https:\/\/ecotienda.com\/index.php?rest_route=%2Fwp%2Fv2%2Fmedia&parent=5171"}],"wp:term":[{"taxonomy":"product_cat","embeddable":true,"href":"https:\/\/ecotienda.com\/index.php?rest_route=%2Fwp%2Fv2%2Fproduct_cat&post=5171"},{"taxonomy":"product_tag","embeddable":true,"href":"https:\/\/ecotienda.com\/index.php?rest_route=%2Fwp%2Fv2%2Fproduct_tag&post=5171"}],"curies":[{"name":"wp","href":"https:\/\/api.w.org\/{rel}","templated":true}]}}