{"id":5192,"date":"2025-11-23T10:29:02","date_gmt":"2025-11-23T09:29:02","guid":{"rendered":"https:\/\/ecotienda.com\/?product=coren-salchicha-de-pollo-de-corral-bandeja-350g"},"modified":"2025-12-11T17:55:29","modified_gmt":"2025-12-11T16:55:29","slug":"coren-salchicha-de-pollo-de-corral-bandeja-350g","status":"publish","type":"product","link":"https:\/\/ecotienda.com\/?product=coren-salchicha-de-pollo-de-corral-bandeja-350g","title":{"rendered":"Coren Salchicha de Pollo de Corral, Bandeja 350g"},"content":{"rendered":"<div class=\"woocommerce-product-details\">\n<h3>Descripci\u00f3n del producto<\/h3>\n<p>Descripci\u00f3n del producto<\/p>\n<p> Preparado de carne picada de pollo de corral, especias y aditivos autorizados embutidos en tripa natural. Salchichas de pollo campero sin gluten, lactosa o conservantes. Cada bandeja contiene entre 6 y 7 salchichas. Salida libre a campo gallego con un espacio m\u00ednimo de 1 m2 por animal. Alimentaci\u00f3n 100% vegetal (50% ma\u00edz). Caracter\u00edstica culinaria: sabor y trazabilidad. Control integral del proceso desde las madres reproductoras hasta el sacrificio. Nacido y criado en Galicia por granjeros Coren. Ingredientes<\/p>\n<p> Carne de pollo de corral (88%), agua, almid\u00f3n de patata, sal, especias, vinagre, antioxidantes (citratos de sodio, ascorbato s\u00f3dico), aromas y concentrado vegetal. Embutido en tripa natural de cordero. Puede contener trazas de SOJA y PROTE\u00cdNA L\u00c1CTEA.<\/p>\n<h3>Recursos de seguridad y productos<\/h3>\n<p>Recursos de seguridad y productosIm\u00e1genes y contactosIm\u00e1genes y contactos de seguridad Recursos de seguridad y productosProblema al cargar la informaci\u00f3nLo sentimos, no hemos podido mostrar la informaci\u00f3n debido a un problema. Vuelve a cargar la p\u00e1gina o int\u00e9ntalo de nuevo m\u00e1s tarde.Im\u00e1genes y contactos Im\u00e1genes de seguridad del producto Informaci\u00f3n del fabricante Persona responsable Problema al cargar la informaci\u00f3nLo sentimos, no hemos podido mostrar la informaci\u00f3n de la persona responsable debido a un problema. Vuelve a cargar la p\u00e1gina o int\u00e9ntalo de nuevo m\u00e1s tarde.Problema al cargar la informaci\u00f3nLo sentimos, no hemos podido mostrar la informaci\u00f3n del fabricante debido a un problema. Vuelve a cargar la p\u00e1gina o int\u00e9ntalo de nuevo m\u00e1s tarde.Problema al cargar la informaci\u00f3nLo sentimos, no hemos podido mostrar las im\u00e1genes de seguridad del producto debido a un problema. Vuelve a cargar la p\u00e1gina o int\u00e9ntalo de nuevo m\u00e1s tarde.<\/p>\n<table id=\"productDetails_techSpec_section_1\" class=\"a-keyvalue prodDetTable\">\n<tr>\n<th class=\"a-color-secondary a-size-base prodDetSectionEntry\"> Dimensiones del producto <\/th>\n<td class=\"a-size-base prodDetAttrValue\"> &lrm;23,2 x 14,6 x 2,7 cm; 350 g <\/td>\n<\/tr>\n<tr>\n<th class=\"a-color-secondary a-size-base prodDetSectionEntry\"> Peso <\/th>\n<td class=\"a-size-base prodDetAttrValue\"> &lrm;350 Gramos <\/td>\n<\/tr>\n<tr>\n<th class=\"a-color-secondary a-size-base prodDetSectionEntry\"> Unidades <\/th>\n<td class=\"a-size-base prodDetAttrValue\"> &lrm;350.0 Gramos <\/td>\n<\/tr>\n<tr>\n<th class=\"a-color-secondary a-size-base prodDetSectionEntry\"> Marca <\/th>\n<td class=\"a-size-base prodDetAttrValue\"> &lrm;coren <\/td>\n<\/tr>\n<tr>\n<th class=\"a-color-secondary a-size-base prodDetSectionEntry\"> Fabricante <\/th>\n<td class=\"a-size-base prodDetAttrValue\"> &lrm;ES PN &#8211; Gallega de Alimentaci\u00f3n, S.A. (COREN) <\/td>\n<\/tr>\n<tr>\n<th class=\"a-color-secondary a-size-base prodDetSectionEntry\"> Peso del producto <\/th>\n<td class=\"a-size-base prodDetAttrValue\"> &lrm;350 g <\/td>\n<\/tr>\n<\/table><\/div>\n","protected":false},"excerpt":{"rendered":"<ul>\n<li> Preparado de carne picada de pollo de corral, especias y aditivos autorizados embutidos en tripa natural.  <\/li>\n<li> Ingredientes: Carne de pollo de corral (88%), agua, almid\u00f3n de patata, sal, especias, vinagre, antioxidantes (citratos de sodio, ascorbato s\u00f3dico), aromas y concentrado vegetal. Embutido en tripa natural de cordero. Puede contener trazas de SOJA y PROTE\u00cdNA L\u00c1CTEA.  <\/li>\n<li> Sin gluten y sin lactosa. Sin colorantes y sin conservantes.  <\/li>\n<li> Envasado en atm\u00f3sfera protectora.  <\/li>\n<li> Sin colorantes  <\/li>\n<\/ul>\n","protected":false},"featured_media":5192,"comment_status":"open","ping_status":"closed","template":"","meta":[],"product_cat":[110],"product_tag":[],"class_list":{"0":"post-5192","1":"product","2":"type-product","3":"status-publish","4":"has-post-thumbnail","6":"product_brand-marca-coren","7":"product_cat-pollo","9":"first","10":"instock","11":"sale","12":"shipping-taxable","13":"purchasable","14":"product-type-simple"},"_links":{"self":[{"href":"https:\/\/ecotienda.com\/index.php?rest_route=\/wp\/v2\/product\/5192","targetHints":{"allow":["GET"]}}],"collection":[{"href":"https:\/\/ecotienda.com\/index.php?rest_route=\/wp\/v2\/product"}],"about":[{"href":"https:\/\/ecotienda.com\/index.php?rest_route=\/wp\/v2\/types\/product"}],"replies":[{"embeddable":true,"href":"https:\/\/ecotienda.com\/index.php?rest_route=%2Fwp%2Fv2%2Fcomments&post=5192"}],"wp:featuredmedia":[{"embeddable":true,"href":"https:\/\/ecotienda.com\/index.php?rest_route=\/wp\/v2\/product\/5192"}],"wp:attachment":[{"href":"https:\/\/ecotienda.com\/index.php?rest_route=%2Fwp%2Fv2%2Fmedia&parent=5192"}],"wp:term":[{"taxonomy":"product_cat","embeddable":true,"href":"https:\/\/ecotienda.com\/index.php?rest_route=%2Fwp%2Fv2%2Fproduct_cat&post=5192"},{"taxonomy":"product_tag","embeddable":true,"href":"https:\/\/ecotienda.com\/index.php?rest_route=%2Fwp%2Fv2%2Fproduct_tag&post=5192"}],"curies":[{"name":"wp","href":"https:\/\/api.w.org\/{rel}","templated":true}]}}