{"id":5226,"date":"2025-11-23T11:06:38","date_gmt":"2025-11-23T10:06:38","guid":{"rendered":"https:\/\/ecotienda.com\/?product=legado-iberico-entrecot-lomo-iberico-marinado-300-g"},"modified":"2025-12-11T17:57:29","modified_gmt":"2025-12-11T16:57:29","slug":"legado-iberico-entrecot-lomo-iberico-marinado-300-g","status":"publish","type":"product","link":"https:\/\/ecotienda.com\/?product=legado-iberico-entrecot-lomo-iberico-marinado-300-g","title":{"rendered":"LEGADO IBERICO Entrecot lomo iberico marinado 300 g"},"content":{"rendered":"<div class=\"woocommerce-product-details\">\n<div id=\"aplus_feature_div\" class=\"celwidget\" data-feature-name=\"aplus\" data-csa-c-type=\"widget\" data-csa-c-content-id=\"aplus\" data-csa-c-slot-id=\"aplus_feature_div\" data-csa-c-asin=\"\" data-csa-c-is-in-initial-active-row=\"false\">\n<div id=\"aplus\" class=\"a-section a-spacing-large bucket\">\n<h3 class=\"\">M\u00e1s informaci\u00f3n del producto<\/h3>\n<div lang=\"es_ES\">\n<div class=\"aplus-v2 desktop celwidget\">\n<div class=\"celwidget aplus-module launchpad-company-logo aplus-standard\">\n<div class=\"a-section a-text-center launchpad-module launchpad-module-company-logo\"> <img data-opt-id=175610029  fetchpriority=\"high\" decoding=\"async\" alt=\"logo\" src=\"https:\/\/m.media-amazon.com\/images\/S\/aplus-media\/sota\/21deb1f2-7502-4990-9e5e-aad3f8797cc4.__CR0,81,1552,466_PT0_SX600_V1___.jpg\" style=\"max-width: 100%;height: auto\"> <\/div>\n<\/div>\n<div class=\"celwidget aplus-module basic-module-13-text aplus-standard\">\n<div class=\"a-section a-spacing-none aplus-module aplus-module-13 aplus-module-wrapper apm-fixed-width\">\n<div class=\"a-section a-spacing-none aplus-13-heading\">\n<h3 class=\"a-size-extra-large aplus-13-heading-text a-text-bold\"> ELPOZO ALIMENTACI\u00d3N <\/h3>\n<\/p>\n<\/div>\n<div class=\"a-section a-spacing-none aplus-module-section aplus-text-section\">\n<p class=\"description\"> Somos la <span class=\"a-text-bold\">marca preferida por los hogares espa\u00f1oles<\/span>, ya que en cuatro de cada cinco conf\u00edan en nuestros productos. Con <span class=\"a-text-bold\">m\u00e1s de 60 a\u00f1os de historia<\/span>, estamos presentes en<span class=\"a-text-bold\"> 80 pa\u00edses<\/span> de todo el mundo y somos los pioneros en <span class=\"a-text-bold\">alimentaci\u00f3n saludable<\/span>, tanto en <span class=\"a-text-bold\">carnes frescas<\/span> como en <span class=\"a-text-bold\">productos elaborados<\/span> y <span class=\"a-text-bold\">curados<\/span>. Con una filosof\u00eda de mejora constante, dedicamos gran parte de nuestros recursos a la investigaci\u00f3n y el desarrollo de <span class=\"a-text-bold\">alimentos equilibrados y nutritivos<\/span>, que aporten un plus de placer, bienestar y comodidad. <\/p>\n<\/p>\n<\/div>\n<\/div>\n<\/div>\n<div class=\"celwidget aplus-module 3p-module-b aplus-standard\">\n<div class=\"aplus-module-wrapper aplus-3p-fixed-width\">\n<h3 class=\"a-spacing-mini\"> ESCALOP\u00cdN DE LOMO EXTRATIERNO <\/h3>\n<p> <img data-opt-id=877195990  fetchpriority=\"high\" decoding=\"async\" alt=\"Escalop\u00edn de Lomo Extratierno\" src=\"https:\/\/m.media-amazon.com\/images\/S\/aplus-media\/sota\/0410a089-b64d-4899-ac94-70d0c1709988.__CR0,17,1600,990_PT0_SX970_V1___.png\" style=\"max-width: 100%;height: auto\"> <\/div>\n<\/div>\n<div class=\"celwidget aplus-module module-16-tech-specs aplus-standard\">\n<div class=\"a-section a-spacing-large aplus-module-wrapper apm-fixed-width aplus-index-3\">\n<h3 class=\"a-size-extra-large a-spacing-base a-text-center\"> Informaci\u00f3n sobre el producto: <\/h3>\n<div class=\"a-row\">\n<div class=\"a-column a-span6 aplus-tech-spec-hide-loading\">\n<table class=\"a-bordered a-horizontal-stripes aplus-tech-spec-table\">\n<tr>\n<td class=\"a-text-bold\"> <span> Peso: <\/span> <\/td>\n<td> <span> 600 g <\/span> <\/td>\n<\/tr>\n<tr>\n<td class=\"a-text-bold\"> <span> Piezas\/Caja: <\/span> <\/td>\n<td> <span> 6 <\/span> <\/td>\n<\/tr>\n<tr>\n<td class=\"a-text-bold\"> <span> Energ\u00eda: <\/span> <\/td>\n<td> <span> 114.5 kcal <\/span> <\/td>\n<\/tr>\n<tr>\n<td class=\"a-text-bold\"> <span> Hidratos de Carbono: <\/span> <\/td>\n<td> <span> 0.5 g <\/span> <\/td>\n<\/tr>\n<\/table>\n<\/div>\n<div class=\"a-column a-span6 aplus-tech-spec-hide-loading a-span-last\">\n<table class=\"a-bordered a-horizontal-stripes aplus-tech-spec-table\">\n<tr>\n<td class=\"a-text-bold\"> <span> Grasas: <\/span> <\/td>\n<td> <span> 4 g <\/span> <\/td>\n<\/tr>\n<tr>\n<td class=\"a-text-bold\"> <span> Prote\u00ednas: <\/span> <\/td>\n<td> <span> 19 g <\/span> <\/td>\n<\/tr>\n<tr>\n<td class=\"a-text-bold\"> <span> Sal: <\/span> <\/td>\n<td> <span> 1.3 g <\/span> <\/td>\n<\/tr>\n<\/table>\n<\/div>\n<\/div>\n<\/div>\n<\/div>\n<\/div>\n<\/div>\n<\/div>\n<\/div>\n<h3>Descripci\u00f3n del producto<\/h3>\n<p>Descripci\u00f3n del producto<\/p>\n<p> Producto \u00fanico en el mercado. Lomo iberico cuyo proceso le aporta una terneza y realza sutilmente el sabor del iberico. Ingredientes<\/p>\n<p> Ingredientes: Lomo de cerdo ib\u00e9rico (90%), agua ,sal, az\u00facar, aromas, especias, estabilizantes (E-451, E-420 y E-407), corrector de acidez (E-325), antioxidantes (E-301 y E-331). Puede contener trazas de prote\u00edna de LECHE y SOJA. direcci\u00f3n<\/p>\n<p> Cocinar completamente antes de consumir. Una vez abierto consumir en 48 horas Ver m\u00e1s<\/p>\n<h3>Recursos de seguridad y productos<\/h3>\n<p>Recursos de seguridad y productosIm\u00e1genes y contactosIm\u00e1genes y contactos de seguridad Recursos de seguridad y productosProblema al cargar la informaci\u00f3nLo sentimos, no hemos podido mostrar la informaci\u00f3n debido a un problema. Vuelve a cargar la p\u00e1gina o int\u00e9ntalo de nuevo m\u00e1s tarde.Im\u00e1genes y contactos Im\u00e1genes de seguridad del producto Informaci\u00f3n del fabricante Persona responsable Problema al cargar la informaci\u00f3nLo sentimos, no hemos podido mostrar la informaci\u00f3n de la persona responsable debido a un problema. Vuelve a cargar la p\u00e1gina o int\u00e9ntalo de nuevo m\u00e1s tarde.Problema al cargar la informaci\u00f3nLo sentimos, no hemos podido mostrar la informaci\u00f3n del fabricante debido a un problema. Vuelve a cargar la p\u00e1gina o int\u00e9ntalo de nuevo m\u00e1s tarde.Problema al cargar la informaci\u00f3nLo sentimos, no hemos podido mostrar las im\u00e1genes de seguridad del producto debido a un problema. Vuelve a cargar la p\u00e1gina o int\u00e9ntalo de nuevo m\u00e1s tarde.<\/p>\n<table id=\"productDetails_techSpec_section_1\" class=\"a-keyvalue prodDetTable\">\n<tr>\n<th class=\"a-color-secondary a-size-base prodDetSectionEntry\"> Dimensiones del paquete <\/th>\n<td class=\"a-size-base prodDetAttrValue\"> &lrm;26 x 18 x 3,5 cm; 250 g <\/td>\n<\/tr>\n<tr>\n<th class=\"a-color-secondary a-size-base prodDetSectionEntry\"> Unidades <\/th>\n<td class=\"a-size-base prodDetAttrValue\"> &lrm;250.0 Gramos <\/td>\n<\/tr>\n<tr>\n<th class=\"a-color-secondary a-size-base prodDetSectionEntry\"> Instrucciones de almacenaje <\/th>\n<td class=\"a-size-base prodDetAttrValue\"> &lrm;Hung up <\/td>\n<\/tr>\n<tr>\n<th class=\"a-color-secondary a-size-base prodDetSectionEntry\"> Contacto del fabricante <\/th>\n<td class=\"a-size-base prodDetAttrValue\"> &lrm;ElPozo alimentaci\u00f3n, S.A. Avda. Antonio Fuertes, 1. 30840 &#8211; Alhama de Murcia (Murcia. Espa\u00f1a) <\/td>\n<\/tr>\n<tr>\n<th class=\"a-color-secondary a-size-base prodDetSectionEntry\"> Marca <\/th>\n<td class=\"a-size-base prodDetAttrValue\"> &lrm;LEGADO IBERICO <\/td>\n<\/tr>\n<tr>\n<th class=\"a-color-secondary a-size-base prodDetSectionEntry\"> Cocina <\/th>\n<td class=\"a-size-base prodDetAttrValue\"> &lrm;Conservar refrigerado entre 0\u00ba y 4\u00baC <\/td>\n<\/tr>\n<tr>\n<th class=\"a-color-secondary a-size-base prodDetSectionEntry\"> Regi\u00f3n de producci\u00f3n <\/th>\n<td class=\"a-size-base prodDetAttrValue\"> &lrm;Europe <\/td>\n<\/tr>\n<tr>\n<th class=\"a-color-secondary a-size-base prodDetSectionEntry\"> Fabricante <\/th>\n<td class=\"a-size-base prodDetAttrValue\"> &lrm;ELPOZO ALIMENTACI\u00d3N <\/td>\n<\/tr>\n<tr>\n<th class=\"a-color-secondary a-size-base prodDetSectionEntry\"> Peso del producto <\/th>\n<td class=\"a-size-base prodDetAttrValue\"> &lrm;250 g <\/td>\n<\/tr>\n<tr>\n<th class=\"a-color-secondary a-size-base prodDetSectionEntry\"> Pa\u00eds de origen <\/th>\n<td class=\"a-size-base prodDetAttrValue\"> &lrm;Espa\u00f1a <\/td>\n<\/tr>\n<\/table><\/div>\n","protected":false},"excerpt":{"rendered":"<ul>\n<li> Optimiza la teneza, realza sabor del iberico  <\/li>\n<\/ul>\n","protected":false},"featured_media":5226,"comment_status":"open","ping_status":"closed","template":"","meta":[],"product_cat":[99],"product_tag":[],"class_list":{"0":"post-5226","1":"product","2":"type-product","3":"status-publish","4":"has-post-thumbnail","6":"product_brand-marca-legado-iberico","7":"product_cat-cerdo","9":"first","10":"instock","11":"shipping-taxable","12":"purchasable","13":"product-type-simple"},"_links":{"self":[{"href":"https:\/\/ecotienda.com\/index.php?rest_route=\/wp\/v2\/product\/5226","targetHints":{"allow":["GET"]}}],"collection":[{"href":"https:\/\/ecotienda.com\/index.php?rest_route=\/wp\/v2\/product"}],"about":[{"href":"https:\/\/ecotienda.com\/index.php?rest_route=\/wp\/v2\/types\/product"}],"replies":[{"embeddable":true,"href":"https:\/\/ecotienda.com\/index.php?rest_route=%2Fwp%2Fv2%2Fcomments&post=5226"}],"wp:featuredmedia":[{"embeddable":true,"href":"https:\/\/ecotienda.com\/index.php?rest_route=\/wp\/v2\/product\/5226"}],"wp:attachment":[{"href":"https:\/\/ecotienda.com\/index.php?rest_route=%2Fwp%2Fv2%2Fmedia&parent=5226"}],"wp:term":[{"taxonomy":"product_cat","embeddable":true,"href":"https:\/\/ecotienda.com\/index.php?rest_route=%2Fwp%2Fv2%2Fproduct_cat&post=5226"},{"taxonomy":"product_tag","embeddable":true,"href":"https:\/\/ecotienda.com\/index.php?rest_route=%2Fwp%2Fv2%2Fproduct_tag&post=5226"}],"curies":[{"name":"wp","href":"https:\/\/api.w.org\/{rel}","templated":true}]}}