{"id":5274,"date":"2025-11-23T11:14:37","date_gmt":"2025-11-23T10:14:37","guid":{"rendered":"https:\/\/ecotienda.com\/?product=bionsan-orejones-de-albaricoque-ecologicos-3-cajitas-de-200-gr-total-600-gr"},"modified":"2025-12-11T18:02:20","modified_gmt":"2025-12-11T17:02:20","slug":"bionsan-orejones-de-albaricoque-ecologicos-3-cajitas-de-200-gr-total-600-gr","status":"publish","type":"product","link":"https:\/\/ecotienda.com\/?product=bionsan-orejones-de-albaricoque-ecologicos-3-cajitas-de-200-gr-total-600-gr","title":{"rendered":"Bionsan Orejones de Albaricoque Ecol\u00f3gicos &#8211; 3 Cajitas de 200 gr &#8211; Total: 600 gr"},"content":{"rendered":"<div class=\"woocommerce-product-details\">\n<h3>Descripci\u00f3n del producto<\/h3>\n<p>Descripci\u00f3n del producto<\/p>\n<p> Bionsan a su servicio desde 1987 con una alimentaci\u00f3n sana, vegetariana, ecol\u00f3gica. Queremos un mundo sostenible con energ\u00edas limpias y renovables. Defensora de la sostenibilidad y el medio ambiente. ALIMENTO ECOL\u00d3GICO. No GMO. No irradiado. Apto para vegetarianos y veganos FORMATO: 3 Cajitas de 200gr CONSEJOS DE USO: Los orejones de melocot\u00f3n y albaricoque son una buena opci\u00f3n para comer entre horas a modo de snack saludable. Podemos consumir en reemplazo de una fruta fresca entre tres y cinco orejones, una o dos veces diarias o bien, incorporar los mismos a preparaciones diversas como puede ser unas barritas energ\u00e9ticas sin cocci\u00f3n, un bizcocho sin gluten, una ensalada nutritiva y saciante, un chocolate ideal para Navidad o bien, unas bolitas dulces o bombones reducidos en az\u00facar. Otra opci\u00f3n es hidratar los orejones de melocot\u00f3n o albaricoques y usarlos en reemplazo de la fruta fresca para elaborar por ejemplo, una mermelada casera. PROPIEDADES: el proceso de desecaci\u00f3n del albaricoque provoca que su contenido en agua se reduzca, pero a su vez tiende a aumentar la presencia de hidratos de carbono simple, al igual que tambi\u00e9n es mayor su contenido nutricional. Desde un punto de vista nutritivo, no hay duda que los orejones de albaricoque se convierten en un excelente aporte en vitaminas como la provitamina A (beta-caroteno, la cual se convierte en vitamina A, esencial para la visi\u00f3n), vitamina B3 o niacina y vitamina C, aunque en esta ocasi\u00f3n en menor cantidad. Respecto a los minerales que aporta, destaca por ser una fuente excelente de calcio, potasio y hierro. Tambi\u00e9n encontramos fibra soluble e insoluble. INFORMACI\u00d3N NUTRICIONAL (100gr): Energ\u00eda: 1009KJ\/241Kcal, Prote\u00edna: 3g., Hidratos de carbono: 62.6g. De los cuales az\u00facares: 53.4g., Fibra: 7.3g., Sal: 0.02g. Puede contener trazas de gluten, soja, frutos secos, s\u00e9samo, leche, apio y mostaza. ORIGEN: UE. Ingredientes<\/p>\n<p> Albaricoque direcci\u00f3n<\/p>\n<p> Uso f\u00e1cil, r\u00e1pido y original. Advertencia de seguridad<\/p>\n<p> Proteger de la luz solar directa. Contenido de la caja<\/p>\n<p> Biogoret Orejones de Albaricoque Dulces Ver m\u00e1s<\/p>\n<h3>Recursos de seguridad y productos<\/h3>\n<p>Recursos de seguridad y productosInformaci\u00f3n normativa El n\u00famero de c\u00f3digo del organismo de control ecol\u00f3gico: LU-BIO-04.Im\u00e1genes y contactosIm\u00e1genes y contactos de seguridad Recursos de seguridad y productosProblema al cargar la informaci\u00f3nLo sentimos, no hemos podido mostrar la informaci\u00f3n debido a un problema. Vuelve a cargar la p\u00e1gina o int\u00e9ntalo de nuevo m\u00e1s tarde.Im\u00e1genes y contactos Im\u00e1genes de seguridad del producto Informaci\u00f3n del fabricante Persona responsable Problema al cargar la informaci\u00f3nLo sentimos, no hemos podido mostrar la informaci\u00f3n de la persona responsable debido a un problema. Vuelve a cargar la p\u00e1gina o int\u00e9ntalo de nuevo m\u00e1s tarde.Problema al cargar la informaci\u00f3nLo sentimos, no hemos podido mostrar la informaci\u00f3n del fabricante debido a un problema. Vuelve a cargar la p\u00e1gina o int\u00e9ntalo de nuevo m\u00e1s tarde.Problema al cargar la informaci\u00f3nLo sentimos, no hemos podido mostrar las im\u00e1genes de seguridad del producto debido a un problema. Vuelve a cargar la p\u00e1gina o int\u00e9ntalo de nuevo m\u00e1s tarde.<\/p>\n<table id=\"productDetails_techSpec_section_1\" class=\"a-keyvalue prodDetTable\">\n<tr>\n<th class=\"a-color-secondary a-size-base prodDetSectionEntry\"> Dimensiones del producto <\/th>\n<td class=\"a-size-base prodDetAttrValue\"> &lrm;4 x 12 x 15 cm; 600 g <\/td>\n<\/tr>\n<tr>\n<th class=\"a-color-secondary a-size-base prodDetSectionEntry\"> Nombre del producto <\/th>\n<td class=\"a-size-base prodDetAttrValue\"> &lrm;Biogoret Orejones de Albaricoque Dulces <\/td>\n<\/tr>\n<tr>\n<th class=\"a-color-secondary a-size-base prodDetSectionEntry\"> Informaci\u00f3n sobre al\u00e9rgenos <\/th>\n<td class=\"a-size-base prodDetAttrValue\"> &lrm;Contiene: Sin Lactosa <\/td>\n<\/tr>\n<tr>\n<th class=\"a-color-secondary a-size-base prodDetSectionEntry\"> Peso <\/th>\n<td class=\"a-size-base prodDetAttrValue\"> &lrm;600 Gramos <\/td>\n<\/tr>\n<tr>\n<th class=\"a-color-secondary a-size-base prodDetSectionEntry\"> Unidades <\/th>\n<td class=\"a-size-base prodDetAttrValue\"> &lrm;600.0 Gramos <\/td>\n<\/tr>\n<tr>\n<th class=\"a-color-secondary a-size-base prodDetSectionEntry\"> Instrucciones de almacenaje <\/th>\n<td class=\"a-size-base prodDetAttrValue\"> &lrm;Conservar en un lugar fresco y seco. Consulte la etiqueta para la duraci\u00f3n y condiciones aconsejables de conservaci\u00f3n tras la apertura. <\/td>\n<\/tr>\n<tr>\n<th class=\"a-color-secondary a-size-base prodDetSectionEntry\"> Marca <\/th>\n<td class=\"a-size-base prodDetAttrValue\"> &lrm;Bionsan <\/td>\n<\/tr>\n<tr>\n<th class=\"a-color-secondary a-size-base prodDetSectionEntry\"> Forma del Art\u00edculo <\/th>\n<td class=\"a-size-base prodDetAttrValue\"> &lrm;Entero <\/td>\n<\/tr>\n<tr>\n<th class=\"a-color-secondary a-size-base prodDetSectionEntry\"> Descripci\u00f3n del rango de edad <\/th>\n<td class=\"a-size-base prodDetAttrValue\"> &lrm;24_months_and_above <\/td>\n<\/tr>\n<tr>\n<th class=\"a-color-secondary a-size-base prodDetSectionEntry\"> Funciones especiales <\/th>\n<td class=\"a-size-base prodDetAttrValue\"> &lrm;Biol\u00f3gico., Sin conservantes, Vegano <\/td>\n<\/tr>\n<tr>\n<th class=\"a-color-secondary a-size-base prodDetSectionEntry\"> Fabricante <\/th>\n<td class=\"a-size-base prodDetAttrValue\"> &lrm;Bionsan <\/td>\n<\/tr>\n<tr>\n<th class=\"a-color-secondary a-size-base prodDetSectionEntry\"> Peso del producto <\/th>\n<td class=\"a-size-base prodDetAttrValue\"> &lrm;600 g <\/td>\n<\/tr>\n<\/table><\/div>\n","protected":false},"excerpt":{"rendered":"<ul>\n<li> ALIMENTO ECOL\u00d3GICO. No GMO. No irradiado. Apto para vegetarianos y veganos  <\/li>\n<li> FORMATO: 3 Cajitas de 200gr  <\/li>\n<li> CONSEJOS DE USO: Los orejones de melocot\u00f3n y albaricoque son una buena opci\u00f3n para comer entre horas a modo de snack saludable. Podemos consumir en reemplazo de una fruta fresca entre tres y cinco orejones, una o dos veces diarias o bien, incorporar los mismos a preparaciones diversas como puede ser unas barritas energ\u00e9ticas sin cocci\u00f3n, un bizcocho sin gluten, una ensalada nutritiva y saciante, un chocolate ideal para Navidad o bien, unas bolitas dulces o bombones reducidos en az\u00facar. Otra opci\u00f3n es hidratar los orejones de melocot\u00f3n o albaricoques y usarlos en reemplazo de la fruta fresca para elaborar por ejemplo, una mermelada casera.  <\/li>\n<li> PROPIEDADES: el proceso de desecaci\u00f3n del albaricoque provoca que su contenido en agua se reduzca, pero a su vez tiende a aumentar la presencia de hidratos de carbono simple, al igual que tambi\u00e9n es mayor su contenido nutricional. Desde un punto de vista nutritivo, no hay duda que los orejones de albaricoque se convierten en un excelente aporte en vitaminas como la provitamina A (beta-caroteno, la cual se convierte en vitamina A, esencial para la visi\u00f3n), vitamina B3 o niacina y vitamina C, aunque en esta ocasi\u00f3n en menor cantidad. Respecto a los minerales que aporta, destaca por ser una fuente excelente de calcio, potasio y hierro. Tambi\u00e9n encontramos fibra soluble e insoluble.  <\/li>\n<li> INFORMACI\u00d3N NUTRICIONAL (100gr): Energ\u00eda: 1009KJ\/241Kcal, Prote\u00edna: 3g., Hidratos de carbono: 62.6g. De los cuales az\u00facares: 53.4g., Fibra: 7.3g., Sal: 0.02g. Puede contener trazas de gluten, soja, frutos secos, s\u00e9samo, leche, apio y mostaza.  <\/li>\n<li> ORIGEN: UE  <\/li>\n<\/ul>\n","protected":false},"featured_media":5274,"comment_status":"open","ping_status":"closed","template":"","meta":[],"product_cat":[169],"product_tag":[],"class_list":{"0":"post-5274","1":"product","2":"type-product","3":"status-publish","4":"has-post-thumbnail","6":"product_brand-visita-la-tienda-de-bionsan","7":"product_cat-albaricoque","9":"first","10":"instock","11":"sale","12":"shipping-taxable","13":"purchasable","14":"product-type-simple"},"_links":{"self":[{"href":"https:\/\/ecotienda.com\/index.php?rest_route=\/wp\/v2\/product\/5274","targetHints":{"allow":["GET"]}}],"collection":[{"href":"https:\/\/ecotienda.com\/index.php?rest_route=\/wp\/v2\/product"}],"about":[{"href":"https:\/\/ecotienda.com\/index.php?rest_route=\/wp\/v2\/types\/product"}],"replies":[{"embeddable":true,"href":"https:\/\/ecotienda.com\/index.php?rest_route=%2Fwp%2Fv2%2Fcomments&post=5274"}],"wp:featuredmedia":[{"embeddable":true,"href":"https:\/\/ecotienda.com\/index.php?rest_route=\/wp\/v2\/product\/5274"}],"wp:attachment":[{"href":"https:\/\/ecotienda.com\/index.php?rest_route=%2Fwp%2Fv2%2Fmedia&parent=5274"}],"wp:term":[{"taxonomy":"product_cat","embeddable":true,"href":"https:\/\/ecotienda.com\/index.php?rest_route=%2Fwp%2Fv2%2Fproduct_cat&post=5274"},{"taxonomy":"product_tag","embeddable":true,"href":"https:\/\/ecotienda.com\/index.php?rest_route=%2Fwp%2Fv2%2Fproduct_tag&post=5274"}],"curies":[{"name":"wp","href":"https:\/\/api.w.org\/{rel}","templated":true}]}}