{"id":5280,"date":"2025-11-23T11:14:50","date_gmt":"2025-11-23T10:14:50","guid":{"rendered":"https:\/\/ecotienda.com\/?product=nulthy-orejones-de-albaricoque-500g-secos-y-dulces-sin-azucares-anadidos-fuente-de-fibra-y-vitaminas-ideal-para-snacks-saludables-y-reposteria"},"modified":"2025-12-11T18:02:41","modified_gmt":"2025-12-11T17:02:41","slug":"nulthy-orejones-de-albaricoque-500g-secos-y-dulces-sin-azucares-anadidos-fuente-de-fibra-y-vitaminas-ideal-para-snacks-saludables-y-reposteria","status":"publish","type":"product","link":"https:\/\/ecotienda.com\/?product=nulthy-orejones-de-albaricoque-500g-secos-y-dulces-sin-azucares-anadidos-fuente-de-fibra-y-vitaminas-ideal-para-snacks-saludables-y-reposteria","title":{"rendered":"NULTHY &#8211; Orejones de Albaricoque 500g &#8211; Secos y Dulces, Sin Az\u00facares A\u00f1adidos, Fuente de Fibra y Vitaminas, Ideal para Snacks Saludables y Reposter\u00eda"},"content":{"rendered":"<div class=\"woocommerce-product-details\">\n<h3>Descripci\u00f3n del producto<\/h3>\n<p>Descripci\u00f3n del producto<\/p>\n<p> Sum\u00e9rgete en el sabor aut\u00e9ntico y la calidad superior de nuestros Orejones de Albaricoque Turcos Nulthy. Cada albaricoque, cuidadosamente deshidratado, te ofrece una explosi\u00f3n de dulzura natural y una textura jugosa, sin az\u00facares a\u00f1adidos. Perfectos como un snack saludable, un impulso energ\u00e9tico o el ingrediente secreto en tus postres y platos favoritos. Descubre el placer de lo natural y nutritivo con cada bocado. Ingredientes<\/p>\n<p> Ingredientes: 100% Pi\u00f1a<\/p>\n<h3>Recursos de seguridad y productos<\/h3>\n<p>Recursos de seguridad y productosInformaci\u00f3n normativa El n\u00famero de c\u00f3digo del organismo de control ecol\u00f3gico: LU-BIO-04.Im\u00e1genes y contactosIm\u00e1genes y contactos de seguridad Recursos de seguridad y productosProblema al cargar la informaci\u00f3nLo sentimos, no hemos podido mostrar la informaci\u00f3n debido a un problema. Vuelve a cargar la p\u00e1gina o int\u00e9ntalo de nuevo m\u00e1s tarde.Im\u00e1genes y contactos Im\u00e1genes de seguridad del producto Informaci\u00f3n del fabricante Persona responsable Problema al cargar la informaci\u00f3nLo sentimos, no hemos podido mostrar la informaci\u00f3n de la persona responsable debido a un problema. Vuelve a cargar la p\u00e1gina o int\u00e9ntalo de nuevo m\u00e1s tarde.Problema al cargar la informaci\u00f3nLo sentimos, no hemos podido mostrar la informaci\u00f3n del fabricante debido a un problema. Vuelve a cargar la p\u00e1gina o int\u00e9ntalo de nuevo m\u00e1s tarde.Problema al cargar la informaci\u00f3nLo sentimos, no hemos podido mostrar las im\u00e1genes de seguridad del producto debido a un problema. Vuelve a cargar la p\u00e1gina o int\u00e9ntalo de nuevo m\u00e1s tarde.<\/p>\n<table id=\"productDetails_techSpec_section_1\" class=\"a-keyvalue prodDetTable\">\n<tr>\n<th class=\"a-color-secondary a-size-base prodDetSectionEntry\"> Peso del producto <\/th>\n<td class=\"a-size-base prodDetAttrValue\"> &lrm;500 g <\/td>\n<\/tr>\n<tr>\n<th class=\"a-color-secondary a-size-base prodDetSectionEntry\"> Unidades <\/th>\n<td class=\"a-size-base prodDetAttrValue\"> &lrm;500.0 Gramos <\/td>\n<\/tr>\n<tr>\n<th class=\"a-color-secondary a-size-base prodDetSectionEntry\"> Marca <\/th>\n<td class=\"a-size-base prodDetAttrValue\"> &lrm;NULTHY <\/td>\n<\/tr>\n<tr>\n<th class=\"a-color-secondary a-size-base prodDetSectionEntry\"> Forma del Art\u00edculo <\/th>\n<td class=\"a-size-base prodDetAttrValue\"> &lrm;Entero <\/td>\n<\/tr>\n<tr>\n<th class=\"a-color-secondary a-size-base prodDetSectionEntry\"> Regi\u00f3n de producci\u00f3n <\/th>\n<td class=\"a-size-base prodDetAttrValue\"> &lrm;Asia <\/td>\n<\/tr>\n<tr>\n<th class=\"a-color-secondary a-size-base prodDetSectionEntry\"> Funciones especiales <\/th>\n<td class=\"a-size-base prodDetAttrValue\"> &lrm;99% Albaricoques, &lt;1% conservante (E200,E220) (SULFITO) <\/td>\n<\/tr>\n<tr>\n<th class=\"a-color-secondary a-size-base prodDetSectionEntry\"> Fabricante <\/th>\n<td class=\"a-size-base prodDetAttrValue\"> &lrm;Nulthy <\/td>\n<\/tr>\n<tr>\n<th class=\"a-color-secondary a-size-base prodDetSectionEntry\"> Peso del producto <\/th>\n<td class=\"a-size-base prodDetAttrValue\"> &lrm;500 g <\/td>\n<\/tr>\n<tr>\n<th class=\"a-color-secondary a-size-base prodDetSectionEntry\"> Pa\u00eds de origen <\/th>\n<td class=\"a-size-base prodDetAttrValue\"> &lrm;Turqu\u00eda <\/td>\n<\/tr>\n<\/table><\/div>\n","protected":false},"excerpt":{"rendered":"<ul>\n<li> Sabor Aut\u00e9ntico de Turqu\u00eda: Disfruta de la calidad superior de nuestros orejones de albaricoque Nulthy, cuidadosamente seleccionados de las soleadas huertas de Turqu\u00eda. Cada pieza es naturalmente dulce y jugosa, ofreciendo una experiencia gustativa inigualable.  <\/li>\n<li> Versatilidad Culinaria: Ideales como snack energ\u00e9tico y nutritivo en cualquier momento del d\u00eda, o como ingrediente estrella en tus recetas de reposter\u00eda, yogures, cereales y ensaladas. \u00a1A\u00f1ade un toque dulce y ex\u00f3tico a tus platos!  <\/li>\n<li> Fuente de Bienestar: Con Nulthy, inviertes en tu salud. Estos orejones no solo son deliciosos, sino que tambi\u00e9n contribuyen a tu bienestar general, apoyando la digesti\u00f3n y proporcionando un impulso de energ\u00eda natural.  <\/li>\n<\/ul>\n","protected":false},"featured_media":5280,"comment_status":"open","ping_status":"closed","template":"","meta":[],"product_cat":[169],"product_tag":[],"class_list":{"0":"post-5280","1":"product","2":"type-product","3":"status-publish","4":"has-post-thumbnail","6":"product_brand-visita-la-tienda-de-nulthy","7":"product_cat-albaricoque","9":"first","10":"instock","11":"sale","12":"shipping-taxable","13":"purchasable","14":"product-type-simple"},"_links":{"self":[{"href":"https:\/\/ecotienda.com\/index.php?rest_route=\/wp\/v2\/product\/5280","targetHints":{"allow":["GET"]}}],"collection":[{"href":"https:\/\/ecotienda.com\/index.php?rest_route=\/wp\/v2\/product"}],"about":[{"href":"https:\/\/ecotienda.com\/index.php?rest_route=\/wp\/v2\/types\/product"}],"replies":[{"embeddable":true,"href":"https:\/\/ecotienda.com\/index.php?rest_route=%2Fwp%2Fv2%2Fcomments&post=5280"}],"wp:featuredmedia":[{"embeddable":true,"href":"https:\/\/ecotienda.com\/index.php?rest_route=\/wp\/v2\/product\/5280"}],"wp:attachment":[{"href":"https:\/\/ecotienda.com\/index.php?rest_route=%2Fwp%2Fv2%2Fmedia&parent=5280"}],"wp:term":[{"taxonomy":"product_cat","embeddable":true,"href":"https:\/\/ecotienda.com\/index.php?rest_route=%2Fwp%2Fv2%2Fproduct_cat&post=5280"},{"taxonomy":"product_tag","embeddable":true,"href":"https:\/\/ecotienda.com\/index.php?rest_route=%2Fwp%2Fv2%2Fproduct_tag&post=5280"}],"curies":[{"name":"wp","href":"https:\/\/api.w.org\/{rel}","templated":true}]}}