{"id":5284,"date":"2025-11-23T11:15:01","date_gmt":"2025-11-23T10:15:01","guid":{"rendered":"https:\/\/ecotienda.com\/?product=albaricoques-secos-225g-196kg-clase-a-490-gramos"},"modified":"2025-12-02T18:15:52","modified_gmt":"2025-12-02T17:15:52","slug":"albaricoques-secos-225g-196kg-clase-a-490-gramos","status":"publish","type":"product","link":"https:\/\/ecotienda.com\/?product=albaricoques-secos-225g-196kg-clase-a-490-gramos","title":{"rendered":"Albaricoques Secos 225g &#8211; 1,96KG Clase A (490 gramos)"},"content":{"rendered":"<div class=\"woocommerce-product-details\">\n<h3>Descripci\u00f3n del producto<\/h3>\n<p>Descripci\u00f3n del producto<\/p>\n<p> Nuestros albaricoques secados al horno no contienen sulfitos, az\u00facar ni conservantes. Pero, cu\u00e1les son los beneficios para la salud de los albaricoques secos? Alto contenido en fibra. Contienen mucha fibra soluble. Los albaricoques secos tienen m\u00e1s potasio que los albaricoques frescos. Media taza de albaricoques secos cumple con el 21% de la cantidad diaria recomendada de potasio. Las frutas de color amarillo brillante y naranja contienen \u03b2-caroteno. Ingredientes<\/p>\n<p> 100% Albaricoques Secos<\/p>\n<h3>Recursos de seguridad y productos<\/h3>\n<p>Recursos de seguridad y productosIm\u00e1genes y contactosIm\u00e1genes y contactos de seguridad Recursos de seguridad y productosProblema al cargar la informaci\u00f3nLo sentimos, no hemos podido mostrar la informaci\u00f3n debido a un problema. Vuelve a cargar la p\u00e1gina o int\u00e9ntalo de nuevo m\u00e1s tarde.Im\u00e1genes y contactos Im\u00e1genes de seguridad del producto Informaci\u00f3n del fabricante Persona responsable Problema al cargar la informaci\u00f3nLo sentimos, no hemos podido mostrar la informaci\u00f3n de la persona responsable debido a un problema. Vuelve a cargar la p\u00e1gina o int\u00e9ntalo de nuevo m\u00e1s tarde.Problema al cargar la informaci\u00f3nLo sentimos, no hemos podido mostrar la informaci\u00f3n del fabricante debido a un problema. Vuelve a cargar la p\u00e1gina o int\u00e9ntalo de nuevo m\u00e1s tarde.Problema al cargar la informaci\u00f3nLo sentimos, no hemos podido mostrar las im\u00e1genes de seguridad del producto debido a un problema. Vuelve a cargar la p\u00e1gina o int\u00e9ntalo de nuevo m\u00e1s tarde.<\/p>\n<table id=\"productDetails_techSpec_section_1\" class=\"a-keyvalue prodDetTable\">\n<tr>\n<th class=\"a-color-secondary a-size-base prodDetSectionEntry\"> Unidades <\/th>\n<td class=\"a-size-base prodDetAttrValue\"> &lrm;490.0 gramo <\/td>\n<\/tr>\n<tr>\n<th class=\"a-color-secondary a-size-base prodDetSectionEntry\"> Marca <\/th>\n<td class=\"a-size-base prodDetAttrValue\"> &lrm;AgoraMarket <\/td>\n<\/tr>\n<tr>\n<th class=\"a-color-secondary a-size-base prodDetSectionEntry\"> Fabricante <\/th>\n<td class=\"a-size-base prodDetAttrValue\"> &lrm;AgoraMarket <\/td>\n<\/tr>\n<tr>\n<th class=\"a-color-secondary a-size-base prodDetSectionEntry\"> Pa\u00eds de origen <\/th>\n<td class=\"a-size-base prodDetAttrValue\"> &lrm;Grecia <\/td>\n<\/tr>\n<\/table><\/div>\n","protected":false},"excerpt":{"rendered":"<p>Descripci\u00f3n del producto Descripci\u00f3n del producto Nuestros albaricoques secados al horno no contienen sulfitos, az\u00facar ni conservantes. Pero, cu\u00e1les son los beneficios para la salud de los albaricoques secos? Alto contenido en fibra. Contienen mucha fibra soluble. Los albaricoques secos tienen m\u00e1s potasio que los albaricoques frescos. Media taza de albaricoques secos cumple con el &hellip; <a href=\"https:\/\/ecotienda.com\/?product=albaricoques-secos-225g-196kg-clase-a-490-gramos\" class=\"more-link\">Continue reading <span class=\"screen-reader-text\">Albaricoques Secos 225g &#8211; 1,96KG Clase A (490 gramos)<\/span><\/a><\/p>\n","protected":false},"featured_media":5284,"comment_status":"open","ping_status":"closed","template":"","meta":[],"product_cat":[169],"product_tag":[],"class_list":{"0":"post-5284","1":"product","2":"type-product","3":"status-publish","4":"has-post-thumbnail","6":"product_brand-marca-agoramarket","7":"product_cat-albaricoque","9":"first","10":"instock","11":"shipping-taxable","12":"purchasable","13":"product-type-variable"},"_links":{"self":[{"href":"https:\/\/ecotienda.com\/index.php?rest_route=\/wp\/v2\/product\/5284","targetHints":{"allow":["GET"]}}],"collection":[{"href":"https:\/\/ecotienda.com\/index.php?rest_route=\/wp\/v2\/product"}],"about":[{"href":"https:\/\/ecotienda.com\/index.php?rest_route=\/wp\/v2\/types\/product"}],"replies":[{"embeddable":true,"href":"https:\/\/ecotienda.com\/index.php?rest_route=%2Fwp%2Fv2%2Fcomments&post=5284"}],"wp:featuredmedia":[{"embeddable":true,"href":"https:\/\/ecotienda.com\/index.php?rest_route=\/wp\/v2\/product\/5284"}],"wp:attachment":[{"href":"https:\/\/ecotienda.com\/index.php?rest_route=%2Fwp%2Fv2%2Fmedia&parent=5284"}],"wp:term":[{"taxonomy":"product_cat","embeddable":true,"href":"https:\/\/ecotienda.com\/index.php?rest_route=%2Fwp%2Fv2%2Fproduct_cat&post=5284"},{"taxonomy":"product_tag","embeddable":true,"href":"https:\/\/ecotienda.com\/index.php?rest_route=%2Fwp%2Fv2%2Fproduct_tag&post=5284"}],"curies":[{"name":"wp","href":"https:\/\/api.w.org\/{rel}","templated":true}]}}