{"id":5298,"date":"2025-11-23T11:16:06","date_gmt":"2025-11-23T10:16:06","guid":{"rendered":"https:\/\/ecotienda.com\/?product=cerezas-amarena-preconfitadas-en-almibar-sabores-naturales-peso-neto-1kg"},"modified":"2025-12-02T18:03:00","modified_gmt":"2025-12-02T17:03:00","slug":"cerezas-amarena-preconfitadas-en-almibar-sabores-naturales-peso-neto-1kg","status":"publish","type":"product","link":"https:\/\/ecotienda.com\/?product=cerezas-amarena-preconfitadas-en-almibar-sabores-naturales-peso-neto-1kg","title":{"rendered":"Cerezas Amarena preconfitadas en alm\u00edbar. Sabores naturales &#8211; peso neto: 1kg"},"content":{"rendered":"<div class=\"woocommerce-product-details\">\n<h3>Descripci\u00f3n del producto<\/h3>\n<p>Cerezas Amarena preconfitadas en alm\u00edbar Ingredientes: cerezas preconfitadas, jarabe de glucosa-fructosa, sacarosa, zumo de guindas, concentrado vegetal. Regulador de acidez: \u00e1cido c\u00edtrico E330. Sabores naturales. Producto sin gluten. Se sumergen en su alm\u00edbar que preserva el color natural de la materia prima y son aptos para todos los usos en pasteler\u00eda (menos alm\u00edbar) y helader\u00eda (m\u00e1s alm\u00edbar). Ventajas Color brillante, aroma intenso, diversidad de tama\u00f1os y porcentaje de fruta contenida. Inspiraci\u00f3n Decora tartas heladas, flanes, helados, postres helados, yogures. peso neto: 1000g<\/p>\n<h3>Recursos de seguridad y productos<\/h3>\n<p>Recursos de seguridad y productosIm\u00e1genes y contactosIm\u00e1genes y contactos de seguridad Recursos de seguridad y productosProblema al cargar la informaci\u00f3nLo sentimos, no hemos podido mostrar la informaci\u00f3n debido a un problema. Vuelve a cargar la p\u00e1gina o int\u00e9ntalo de nuevo m\u00e1s tarde.Im\u00e1genes y contactos Im\u00e1genes de seguridad del producto Informaci\u00f3n del fabricante Persona responsable Problema al cargar la informaci\u00f3nLo sentimos, no hemos podido mostrar la informaci\u00f3n de la persona responsable debido a un problema. Vuelve a cargar la p\u00e1gina o int\u00e9ntalo de nuevo m\u00e1s tarde.Problema al cargar la informaci\u00f3nLo sentimos, no hemos podido mostrar la informaci\u00f3n del fabricante debido a un problema. Vuelve a cargar la p\u00e1gina o int\u00e9ntalo de nuevo m\u00e1s tarde.Problema al cargar la informaci\u00f3nLo sentimos, no hemos podido mostrar las im\u00e1genes de seguridad del producto debido a un problema. Vuelve a cargar la p\u00e1gina o int\u00e9ntalo de nuevo m\u00e1s tarde.<\/p>\n<table id=\"productDetails_techSpec_section_1\" class=\"a-keyvalue prodDetTable\">\n<tr>\n<th class=\"a-color-secondary a-size-base prodDetSectionEntry\"> Peso del producto <\/th>\n<td class=\"a-size-base prodDetAttrValue\"> &lrm;1 kg <\/td>\n<\/tr>\n<tr>\n<th class=\"a-color-secondary a-size-base prodDetSectionEntry\"> Descatalogado por el fabricante <\/th>\n<td class=\"a-size-base prodDetAttrValue\"> &lrm;No <\/td>\n<\/tr>\n<tr>\n<th class=\"a-color-secondary a-size-base prodDetSectionEntry\"> Unidades <\/th>\n<td class=\"a-size-base prodDetAttrValue\"> &lrm;1.00 Conteo <\/td>\n<\/tr>\n<tr>\n<th class=\"a-color-secondary a-size-base prodDetSectionEntry\"> Marca <\/th>\n<td class=\"a-size-base prodDetAttrValue\"> &lrm;TP LP Tout Pour Les Papilles <\/td>\n<\/tr>\n<tr>\n<th class=\"a-color-secondary a-size-base prodDetSectionEntry\"> Regi\u00f3n de producci\u00f3n <\/th>\n<td class=\"a-size-base prodDetAttrValue\"> &lrm;italie <\/td>\n<\/tr>\n<tr>\n<th class=\"a-color-secondary a-size-base prodDetSectionEntry\"> Fabricante <\/th>\n<td class=\"a-size-base prodDetAttrValue\"> &lrm;Cesarin <\/td>\n<\/tr>\n<tr>\n<th class=\"a-color-secondary a-size-base prodDetSectionEntry\"> Peso del producto <\/th>\n<td class=\"a-size-base prodDetAttrValue\"> &lrm;1 kg <\/td>\n<\/tr>\n<\/table><\/div>\n","protected":false},"excerpt":{"rendered":"<p>Descripci\u00f3n del producto Cerezas Amarena preconfitadas en alm\u00edbar Ingredientes: cerezas preconfitadas, jarabe de glucosa-fructosa, sacarosa, zumo de guindas, concentrado vegetal. Regulador de acidez: \u00e1cido c\u00edtrico E330. Sabores naturales. Producto sin gluten. Se sumergen en su alm\u00edbar que preserva el color natural de la materia prima y son aptos para todos los usos en pasteler\u00eda (menos &hellip; <a href=\"https:\/\/ecotienda.com\/?product=cerezas-amarena-preconfitadas-en-almibar-sabores-naturales-peso-neto-1kg\" class=\"more-link\">Continue reading <span class=\"screen-reader-text\">Cerezas Amarena preconfitadas en alm\u00edbar. Sabores naturales &#8211; peso neto: 1kg<\/span><\/a><\/p>\n","protected":false},"featured_media":5298,"comment_status":"open","ping_status":"closed","template":"","meta":[],"product_cat":[170],"product_tag":[],"class_list":{"0":"post-5298","1":"product","2":"type-product","3":"status-publish","4":"has-post-thumbnail","6":"product_brand-marca-tp-lp-tout-pour-les-papilles","7":"product_cat-cerezas","9":"first","10":"outofstock","11":"shipping-taxable","12":"purchasable","13":"product-type-simple"},"_links":{"self":[{"href":"https:\/\/ecotienda.com\/index.php?rest_route=\/wp\/v2\/product\/5298","targetHints":{"allow":["GET"]}}],"collection":[{"href":"https:\/\/ecotienda.com\/index.php?rest_route=\/wp\/v2\/product"}],"about":[{"href":"https:\/\/ecotienda.com\/index.php?rest_route=\/wp\/v2\/types\/product"}],"replies":[{"embeddable":true,"href":"https:\/\/ecotienda.com\/index.php?rest_route=%2Fwp%2Fv2%2Fcomments&post=5298"}],"wp:featuredmedia":[{"embeddable":true,"href":"https:\/\/ecotienda.com\/index.php?rest_route=\/wp\/v2\/product\/5298"}],"wp:attachment":[{"href":"https:\/\/ecotienda.com\/index.php?rest_route=%2Fwp%2Fv2%2Fmedia&parent=5298"}],"wp:term":[{"taxonomy":"product_cat","embeddable":true,"href":"https:\/\/ecotienda.com\/index.php?rest_route=%2Fwp%2Fv2%2Fproduct_cat&post=5298"},{"taxonomy":"product_tag","embeddable":true,"href":"https:\/\/ecotienda.com\/index.php?rest_route=%2Fwp%2Fv2%2Fproduct_tag&post=5298"}],"curies":[{"name":"wp","href":"https:\/\/api.w.org\/{rel}","templated":true}]}}