{"id":5314,"date":"2025-11-23T11:16:34","date_gmt":"2025-11-23T10:16:34","guid":{"rendered":"https:\/\/ecotienda.com\/?product=cereza-deshidratada-a-granel-3000"},"modified":"2025-12-02T18:05:42","modified_gmt":"2025-12-02T17:05:42","slug":"cereza-deshidratada-a-granel-3000","status":"publish","type":"product","link":"https:\/\/ecotienda.com\/?product=cereza-deshidratada-a-granel-3000","title":{"rendered":"Cereza deshidratada a granel &#8211; 3000"},"content":{"rendered":"<div class=\"woocommerce-product-details\">\n<h3>Descripci\u00f3n del producto<\/h3>\n<p>ORIGEN<br \/> Hasta nuestra era el cultivo se limitaba a las \u00e1reas comprendidas entre el Mar Negro y el Mar Caspio. Los romanos la importaron y propagaron. De hecho el nombre cereza procede de la colonia griega de Kerassous en la actual Turquia y conquistada por Roma.<br \/> PERFECTO PARA&#8230;<br \/> Como depurativo ha sido utilizado durante siglos. Son un excelnte antioxidante y es la fruta que contiene mayor cantidad de flavonoides. Son indicadas para reducir inflamaciones diversas.<br \/> CONSEJOS PARA LA COCCI\u00d3N Y CONSERVACI\u00d3N<br \/> Tanto como aperitivo para un tenempi\u00e9 como formando parte de ensaladas, pistos de verduras o con carnes y por supuesto los afamados postres con cerezas, es un acompa\u00f1ante ideal. Conservar en lugar fresco y seco.<br \/> ALERGIAS Y BENEFICIOS DE SU CONSUMO<br \/> Podr\u00eda contener trazas por contaminaci\u00f3n cruzada &#8211; mirar la ficha de datos<br \/> UN MUNDO A GRANEL<br \/> Lo productos de Un Mundo a Granel son de fabricaci\u00f3n artesanal y alta calidad. Han sido seleccionados cuidadosamente y est\u00e1n alejados de la producci\u00f3n en masa y del gran consumo, adem\u00e1s de ser productos que respiran mejor al no sufrir almacenajes sucesivos ni procesos industriales.<\/p>\n<h3>Recursos de seguridad y productos<\/h3>\n<p>Recursos de seguridad y productosIm\u00e1genes y contactosIm\u00e1genes y contactos de seguridad Recursos de seguridad y productosProblema al cargar la informaci\u00f3nLo sentimos, no hemos podido mostrar la informaci\u00f3n debido a un problema. Vuelve a cargar la p\u00e1gina o int\u00e9ntalo de nuevo m\u00e1s tarde.Im\u00e1genes y contactos Im\u00e1genes de seguridad del producto Informaci\u00f3n del fabricante Persona responsable Problema al cargar la informaci\u00f3nLo sentimos, no hemos podido mostrar la informaci\u00f3n de la persona responsable debido a un problema. Vuelve a cargar la p\u00e1gina o int\u00e9ntalo de nuevo m\u00e1s tarde.Problema al cargar la informaci\u00f3nLo sentimos, no hemos podido mostrar la informaci\u00f3n del fabricante debido a un problema. Vuelve a cargar la p\u00e1gina o int\u00e9ntalo de nuevo m\u00e1s tarde.Problema al cargar la informaci\u00f3nLo sentimos, no hemos podido mostrar las im\u00e1genes de seguridad del producto debido a un problema. Vuelve a cargar la p\u00e1gina o int\u00e9ntalo de nuevo m\u00e1s tarde.<\/p>\n<table id=\"productDetails_techSpec_section_1\" class=\"a-keyvalue prodDetTable\">\n<tr>\n<th class=\"a-color-secondary a-size-base prodDetSectionEntry\"> Peso del producto <\/th>\n<td class=\"a-size-base prodDetAttrValue\"> &lrm;3 kg <\/td>\n<\/tr>\n<tr>\n<th class=\"a-color-secondary a-size-base prodDetSectionEntry\"> Unidades <\/th>\n<td class=\"a-size-base prodDetAttrValue\"> &lrm;1.00 unidad <\/td>\n<\/tr>\n<tr>\n<th class=\"a-color-secondary a-size-base prodDetSectionEntry\"> Marca <\/th>\n<td class=\"a-size-base prodDetAttrValue\"> &lrm;Un Mundo a Granel <\/td>\n<\/tr>\n<tr>\n<th class=\"a-color-secondary a-size-base prodDetSectionEntry\"> Fabricante <\/th>\n<td class=\"a-size-base prodDetAttrValue\"> &lrm;Un Mundo a Granel <\/td>\n<\/tr>\n<tr>\n<th class=\"a-color-secondary a-size-base prodDetSectionEntry\"> Peso del producto <\/th>\n<td class=\"a-size-base prodDetAttrValue\"> &lrm;3 kg <\/td>\n<\/tr>\n<tr>\n<th class=\"a-color-secondary a-size-base prodDetSectionEntry\"> Pa\u00eds de origen <\/th>\n<td class=\"a-size-base prodDetAttrValue\"> &lrm;Espa\u00f1a <\/td>\n<\/tr>\n<\/table><\/div>\n","protected":false},"excerpt":{"rendered":"<ul>\n<li> Elija los gramos que desee por paquete en el desplegable y sus multiplos en la cantidad.  <\/li>\n<li> NUESTROS PRODUCTOS SE ENVASAN EN BOLSAS 100% BIODEGRADABLES. Producto no envasado ni almacenado previamente. Procede de sacos a granel que proceden directamente del fabricante. y que se encuentran en venta en nuestras tiendas. LOS PRODUCTOS SE ENVASAN EN FUNCION DE SUS CARACTERISTICAS Y CANTIDAD. LA IMAGEN CORRESPONDE CON SU EXPOSICION NO CON EL ENVASE EN QUE ENVIAREMOS SU PRODUCTO.  <\/li>\n<li> \u00bfPorqu\u00e9 es mejor la calidad de los productos servidos a granel?. Los envasados y almacenajes sucesivos en formatos predeterminados restan calidad al producto hasta llegar a su mesa.. En granel los productos respiran y no sufren almacenajes sucesivos. Todos los productos son envasados a mano por nuestro personal  <\/li>\n<li> \u00a1Preguntenos! Servicio Atenci\u00f3n al Cliente: 91-3921800 (L a V 10-14 y 17:30-20:30) info@unmundoagranel.es  <\/li>\n<li> \u00a1ENVIO GRATUITO A PARTIR DE 3O EUROS DE PEDIDO!. Nada de costes o almacenajes intermedios. \u00bfTe imaginas?. ENVIOS A PENINSULA, BALEARES Y EUROPA OCCIDENTAL.\u00a1ENVIO GRATUITO A PARTIR DE 3O EUROS DE PEDIDO!  <\/li>\n<\/ul>\n","protected":false},"featured_media":5314,"comment_status":"open","ping_status":"closed","template":"","meta":[],"product_cat":[170],"product_tag":[],"class_list":{"0":"post-5314","1":"product","2":"type-product","3":"status-publish","4":"has-post-thumbnail","6":"product_brand-visita-la-tienda-de-un-mundo-a-granel","7":"product_cat-cerezas","9":"first","10":"instock","11":"shipping-taxable","12":"purchasable","13":"product-type-simple"},"_links":{"self":[{"href":"https:\/\/ecotienda.com\/index.php?rest_route=\/wp\/v2\/product\/5314","targetHints":{"allow":["GET"]}}],"collection":[{"href":"https:\/\/ecotienda.com\/index.php?rest_route=\/wp\/v2\/product"}],"about":[{"href":"https:\/\/ecotienda.com\/index.php?rest_route=\/wp\/v2\/types\/product"}],"replies":[{"embeddable":true,"href":"https:\/\/ecotienda.com\/index.php?rest_route=%2Fwp%2Fv2%2Fcomments&post=5314"}],"wp:featuredmedia":[{"embeddable":true,"href":"https:\/\/ecotienda.com\/index.php?rest_route=\/wp\/v2\/product\/5314"}],"wp:attachment":[{"href":"https:\/\/ecotienda.com\/index.php?rest_route=%2Fwp%2Fv2%2Fmedia&parent=5314"}],"wp:term":[{"taxonomy":"product_cat","embeddable":true,"href":"https:\/\/ecotienda.com\/index.php?rest_route=%2Fwp%2Fv2%2Fproduct_cat&post=5314"},{"taxonomy":"product_tag","embeddable":true,"href":"https:\/\/ecotienda.com\/index.php?rest_route=%2Fwp%2Fv2%2Fproduct_tag&post=5314"}],"curies":[{"name":"wp","href":"https:\/\/api.w.org\/{rel}","templated":true}]}}