{"id":5351,"date":"2025-11-23T11:19:53","date_gmt":"2025-11-23T10:19:53","guid":{"rendered":"https:\/\/ecotienda.com\/?product=mundo-feliz-anacardos-ecologicos-enteros-2-bolsas-de-500-g"},"modified":"2025-12-02T18:09:19","modified_gmt":"2025-12-02T17:09:19","slug":"mundo-feliz-anacardos-ecologicos-enteros-2-bolsas-de-500-g","status":"publish","type":"product","link":"https:\/\/ecotienda.com\/?product=mundo-feliz-anacardos-ecologicos-enteros-2-bolsas-de-500-g","title":{"rendered":"Mundo Feliz &#8211; Anacardos ecol\u00f3gicos enteros, 2 bolsas de 500 g"},"content":{"rendered":"<div class=\"woocommerce-product-details\">\n<div id=\"aplus_feature_div\" class=\"celwidget\" data-feature-name=\"aplus\" data-csa-c-type=\"widget\" data-csa-c-content-id=\"aplus\" data-csa-c-slot-id=\"aplus_feature_div\" data-csa-c-asin=\"\" data-csa-c-is-in-initial-active-row=\"false\">\n<div id=\"aplus\" class=\"a-section a-spacing-large bucket\">\n<h3 class=\"\">M\u00e1s informaci\u00f3n del producto<\/h3>\n<div lang=\"es_ES\">\n<div class=\"aplus-v2 desktop celwidget\">\n<div class=\"celwidget aplus-module module-8 aplus-standard\">\n<div class=\"aplus-module-wrapper apm-fixed-width\">\n<div class=\"apm-spacing\">\n<div class=\"apm-lefttwothirdswrap apm-floatleft\">\n<div class=\"apm-leftimage\"> <img data-opt-id=48294879  fetchpriority=\"high\" decoding=\"async\" alt=\"Anacardos\" src=\"https:\/\/m.media-amazon.com\/images\/S\/aplus-media\/vc\/0bc4cebd-fee3-4434-a2d8-8085d1dfa377.__CR177,0,1414,1414_PT0_SX300_V1___.jpg\" style=\"max-width: 100%;height: auto\"> <\/div>\n<div class=\"apm-centerthirdcol\">\n<h3 class=\"a-spacing-mini\"> Un ingrediente de cocina crujiente <\/h3>\n<h4 class=\"a-spacing-mini a-color-secondary\"> Para platos dulces o salados <\/h4>\n<p class=\"a-spacing-base\"> Los granos de anacardo Mundo Feliz tienen un sabor rico y cremoso que los convierte en un ingrediente delicioso en platos salados. \u00bfTe apetece una fuente extra de prote\u00edna en tu cereal? \u00a1Solo agrega unos anacardos! <\/p>\n<h4 class=\"a-spacing-mini a-color-secondary\"> Sin aditivos <\/h4>\n<p class=\"a-spacing-base\"> Los granos de anacardo Mundo Feliz no tienen sal y est\u00e1n libres de az\u00facar a\u00f1adida. Nuestros anacardos son adecuados para una dieta vegana. <\/p>\n<h4 class=\"a-spacing-mini a-color-secondary\"> De la agricultura ecol\u00f3gica <\/h4>\n<p class=\"a-spacing-base\"> Los granos de anacardo Mundo Feliz son cultivados por socios de cultivo que operan de acuerdo con las directrices del Eco-Reglamento de la UE. El cumplimiento de las normas es inspeccionado peri\u00f3dicamente por los organismos de control org\u00e1nico. <\/p>\n<\/p>\n<\/div>\n<\/div>\n<div class=\"apm-rightthirdcol\">\n<div class=\"apm-rightthirdcol-inner\">\n<h4> Anacardos org\u00e1nicos* <\/h4>\n<div class=\"a-box a-spacing-small a-color-alternate-background apm-listbox\">\n<div class=\"a-box-inner\">\n<ul class=\"a-unordered-list a-vertical\">\n<li><span class=\"a-list-item\"> <span class=\"a-size-base\"> De socios de cultivo seleccionados <\/span> <\/span><\/li>\n<li><span class=\"a-list-item\"> <span class=\"a-size-base\"> Sin sal ni az\u00facar a\u00f1adidos <\/span> <\/span><\/li>\n<li><span class=\"a-list-item\"> <span class=\"a-size-base\"> Sin organismos gen\u00e9ticamente modificados (OGM)* <\/span> <\/span><\/li>\n<li><span class=\"a-list-item\"> <span class=\"a-size-base\"> Sin conservantes* <\/span> <\/span><\/li>\n<li><span class=\"a-list-item\"> <span class=\"a-size-base\"> Vegano <\/span> <\/span><\/li>\n<li><span class=\"a-list-item\"> <span class=\"a-size-base\"> * de acuerdo con el Eco-Reglamento de la UE <\/span> <\/span><\/li>\n<\/ul>\n<\/div><\/div>\n<\/div>\n<\/div>\n<\/div>\n<\/div>\n<\/div>\n<div class=\"celwidget aplus-module module-3 aplus-standard\">\n<div class=\"aplus-module-wrapper apm-floatnone apm-fixed-width\">\n<div class=\"apm-sidemodule apm-spacing\">\n<div class=\"apm-sidemodule-imageright\"> <img data-opt-id=797847847  fetchpriority=\"high\" decoding=\"async\" alt=\"Anacardos\" src=\"https:\/\/m.media-amazon.com\/images\/S\/aplus-media\/vc\/c641dcb4-0c60-46b4-929d-834010b41cdb.__CR293,0,1414,1414_PT0_SX300_V1___.jpg\" style=\"max-width: 100%;height: auto\"> <\/div>\n<div class=\"apm-sidemodule-textleft\">\n<h3 class=\"a-spacing-mini\"> Anacardium occidentale &#8211; El anacardo <\/h3>\n<p> El anacardo es originario de Am\u00e9rica del Sur y Central y se introdujo en otros pa\u00edses en el siglo XVI. Los granos de anacardo son ahora un bocadillo popular y se utilizan ampliamente en la cocina asi\u00e1tica. <\/p>\n<\/p>\n<\/div>\n<\/div>\n<\/div>\n<\/div>\n<div class=\"celwidget aplus-module module-5 aplus-standard\">\n<div class=\"aplus-module-wrapper apm-fixed-width\">\n<div class=\"apm-spacing aplus-module-content\">\n<div class=\"apm-tablemodule\">\n<table class=\"apm-tablemodule-table\" cellspacing=\"0\" cellpadding=\"0\">\n<tbody>\n<tr class=\"apm-tablemodule-imagerows\">\n<td class=\"apm-tablemodule-blankkeyhead\" \/>\n<th> <a href='\/dp\/B07WPDPCM6?ref=emc_s_m_5_i_atc'> <\/p>\n<div class=\"apm-tablemodule-image\"> <img data-opt-id=2076816143  data-opt-src=\"https:\/\/m.media-amazon.com\/images\/S\/aplus-media\/vc\/6c78e70b-d149-4a7a-8802-129cfe41c643.__CR81,0,1001,2001_PT0_SX150_V1___.jpg\"  decoding=\"async\" alt=\"\" src=\"data:image/svg+xml,%3Csvg%20viewBox%3D%220%200%20100%%20100%%22%20width%3D%22100%%22%20height%3D%22100%%22%20xmlns%3D%22http%3A%2F%2Fwww.w3.org%2F2000%2Fsvg%22%3E%3Crect%20width%3D%22100%%22%20height%3D%22100%%22%20fill%3D%22transparent%22%2F%3E%3C%2Fsvg%3E\" width=\"121.66666666666667px\" style=\"max-width: 100%;height: auto\"> <\/div>\n<div> Almendras Mundo Feliz <\/div>\n<p> <\/a> <\/th>\n<th> <a href='\/dp\/B07WWHV4QW?ref=emc_s_m_5_i_atc'> <\/p>\n<div class=\"apm-tablemodule-image\"> <img data-opt-id=1371680771  data-opt-src=\"https:\/\/m.media-amazon.com\/images\/S\/aplus-media\/vc\/d6ef08e6-4bee-4618-8c77-467bbf0e9d16.__CR109,0,1001,2001_PT0_SX150_V1___.jpg\"  decoding=\"async\" alt=\"\" src=\"data:image/svg+xml,%3Csvg%20viewBox%3D%220%200%20100%%20100%%22%20width%3D%22100%%22%20height%3D%22100%%22%20xmlns%3D%22http%3A%2F%2Fwww.w3.org%2F2000%2Fsvg%22%3E%3Crect%20width%3D%22100%%22%20height%3D%22100%%22%20fill%3D%22transparent%22%2F%3E%3C%2Fsvg%3E\" width=\"121.66666666666667px\" style=\"max-width: 100%;height: auto\"> <\/div>\n<div> Nueces de Brasil Mundo Feliz <\/div>\n<p> <\/a> <\/th>\n<th> <a href='\/dp\/B07WWHT3ZY?ref=emc_s_m_5_i_atc'> <\/p>\n<div class=\"apm-tablemodule-image\"> <img data-opt-id=318345914  data-opt-src=\"https:\/\/m.media-amazon.com\/images\/S\/aplus-media\/vc\/122b4762-79f1-41d2-b7da-3edff018e8be.__CR136,0,1001,2001_PT0_SX150_V1___.jpg\"  decoding=\"async\" alt=\"\" src=\"data:image/svg+xml,%3Csvg%20viewBox%3D%220%200%20100%%20100%%22%20width%3D%22100%%22%20height%3D%22100%%22%20xmlns%3D%22http%3A%2F%2Fwww.w3.org%2F2000%2Fsvg%22%3E%3Crect%20width%3D%22100%%22%20height%3D%22100%%22%20fill%3D%22transparent%22%2F%3E%3C%2Fsvg%3E\" width=\"121.66666666666667px\" style=\"max-width: 100%;height: auto\"> <\/div>\n<div> Mundo Feliz Nueces Pecanas <\/div>\n<p> <\/a> <\/th>\n<th> <a href='\/dp\/B07WS8F1HJ?ref=emc_s_m_5_i_atc'> <\/p>\n<div class=\"apm-tablemodule-image\"> <img data-opt-id=454433089  data-opt-src=\"https:\/\/m.media-amazon.com\/images\/S\/aplus-media\/vc\/d3a814c7-a038-4a7d-a84c-a0814f94353e.__CR127,0,1001,2001_PT0_SX150_V1___.jpg\"  decoding=\"async\" alt=\"\" src=\"data:image/svg+xml,%3Csvg%20viewBox%3D%220%200%20100%%20100%%22%20width%3D%22100%%22%20height%3D%22100%%22%20xmlns%3D%22http%3A%2F%2Fwww.w3.org%2F2000%2Fsvg%22%3E%3Crect%20width%3D%22100%%22%20height%3D%22100%%22%20fill%3D%22transparent%22%2F%3E%3C%2Fsvg%3E\" width=\"121.66666666666667px\" style=\"max-width: 100%;height: auto\"> <\/div>\n<div> Mundo Feliz Nueces de Macadamia <\/div>\n<p> <\/a> <\/th>\n<th> <a href='\/dp\/B07WS8FHTZ?ref=emc_s_m_5_i_atc'> <\/p>\n<div class=\"apm-tablemodule-image\"> <img data-opt-id=429753339  data-opt-src=\"https:\/\/m.media-amazon.com\/images\/S\/aplus-media\/vc\/7d55b4d6-295a-484b-9410-8229bf9ff57d.__CR90,0,1001,2001_PT0_SX150_V1___.jpg\"  decoding=\"async\" alt=\"\" src=\"data:image/svg+xml,%3Csvg%20viewBox%3D%220%200%20100%%20100%%22%20width%3D%22100%%22%20height%3D%22100%%22%20xmlns%3D%22http%3A%2F%2Fwww.w3.org%2F2000%2Fsvg%22%3E%3Crect%20width%3D%22100%%22%20height%3D%22100%%22%20fill%3D%22transparent%22%2F%3E%3C%2Fsvg%3E\" width=\"121.66666666666667px\" style=\"max-width: 100%;height: auto\"> <\/div>\n<div> Avellanas Mundo Feliz <\/div>\n<p> <\/a> <\/th>\n<th> <a href='\/dp\/B07WXM7DB8?ref=emc_s_m_5_i_atc'> <\/p>\n<div class=\"apm-tablemodule-image\"> <img data-opt-id=2058190799  data-opt-src=\"https:\/\/m.media-amazon.com\/images\/S\/aplus-media\/vc\/bd3d32df-a007-4966-8f95-1503114d98cf.__CR72,0,1001,2001_PT0_SX150_V1___.jpg\"  decoding=\"async\" alt=\"\" src=\"data:image/svg+xml,%3Csvg%20viewBox%3D%220%200%20100%%20100%%22%20width%3D%22100%%22%20height%3D%22100%%22%20xmlns%3D%22http%3A%2F%2Fwww.w3.org%2F2000%2Fsvg%22%3E%3Crect%20width%3D%22100%%22%20height%3D%22100%%22%20fill%3D%22transparent%22%2F%3E%3C%2Fsvg%3E\" width=\"121.66666666666667px\" style=\"max-width: 100%;height: auto\"> <\/div>\n<div> Mundo Feliz Anacardo Granos <\/div>\n<p> <\/a> <\/th>\n<\/tr>\n<tr class=\"apm-tablemodule-atc\">\n<td class=\"apm-tablemodule-blankkeyhead\" \/>\n<td> <\/td>\n<td> <\/td>\n<td> <\/td>\n<td> <\/td>\n<td> <\/td>\n<td> <\/td>\n<\/tr>\n<tr class=\"apm-tablemodule-keyvalue\">\n<th class=\"apm-tablemodule-keyhead\"> <span class=\"a-color-secondary\"> Opiniones de clientes <\/span> <\/th>\n<td class=\"apm-tablemodule-valuecell apm-checked\" style=\"width:191px\">\n<div class=\"\">\n<div class=\"a-size-base\"> <i class=\"a-icon a-icon-star-small a-star-small-4 a-spacing-none\"><span class=\"a-icon-alt\">4,2 de 5 estrellas<\/span><\/i> <span class=\"a-size-mini a-color-base\">1.127<\/span> <\/div>\n<\/div>\n<\/td>\n<td class=\"apm-tablemodule-valuecell apm-checked\" style=\"width:191px\">\n<div class=\"\">\n<div class=\"a-size-base\"> <i class=\"a-icon a-icon-star-small a-star-small-4-5 a-spacing-none\"><span class=\"a-icon-alt\">4,3 de 5 estrellas<\/span><\/i> <span class=\"a-size-mini a-color-base\">1.925<\/span> <\/div>\n<\/div>\n<\/td>\n<td class=\"apm-tablemodule-valuecell apm-checked\" style=\"width:191px\">\n<div class=\"\">\n<div class=\"a-size-base\"> <i class=\"a-icon a-icon-star-small a-star-small-4-5 a-spacing-none\"><span class=\"a-icon-alt\">4,4 de 5 estrellas<\/span><\/i> <span class=\"a-size-mini a-color-base\">348<\/span> <\/div>\n<\/div>\n<\/td>\n<td class=\"apm-tablemodule-valuecell apm-checked\" style=\"width:191px\">\n<div class=\"\">\n<div class=\"a-size-base\"> <i class=\"a-icon a-icon-star-small a-star-small-4-5 a-spacing-none\"><span class=\"a-icon-alt\">4,4 de 5 estrellas<\/span><\/i> <span class=\"a-size-mini a-color-base\">511<\/span> <\/div>\n<\/div>\n<\/td>\n<td class=\"apm-tablemodule-valuecell apm-checked\" style=\"width:191px\">\n<div class=\"\">\n<div class=\"a-size-base\"> <i class=\"a-icon a-icon-star-small a-star-small-4 a-spacing-none\"><span class=\"a-icon-alt\">4,2 de 5 estrellas<\/span><\/i> <span class=\"a-size-mini a-color-base\">1.599<\/span> <\/div>\n<\/div>\n<\/td>\n<td class=\"apm-tablemodule-valuecell apm-checked selected\" style=\"width:191px\">\n<div class=\"\">\n<div class=\"a-size-base\"> <i class=\"a-icon a-icon-star-small a-star-small-4-5 a-spacing-none\"><span class=\"a-icon-alt\">4,4 de 5 estrellas<\/span><\/i> <span class=\"a-size-mini a-color-base\">2.533<\/span> <\/div>\n<\/div>\n<\/td>\n<\/tr>\n<tr class=\"apm-tablemodule-keyvalue\">\n<th class=\"apm-tablemodule-keyhead\"> <span class=\"a-color-secondary\"> Precio <\/span> <\/th>\n<td class=\"apm-tablemodule-valuecell apm-checked\" style=\"width:191px\"> <span class=\"a-price\" data-a-size=\"medium_plus\" data-a-color=\"base\"><span class=\"a-offscreen\">16,85\u00a0\u20ac<\/span><span aria-hidden=\"true\"><span class=\"a-price-symbol\">\u20ac<\/span><span class=\"a-price-whole\">16<span class=\"a-price-decimal\">,<\/span><\/span><span class=\"a-price-fraction\">85<\/span><\/span><\/span> <\/td>\n<td class=\"apm-tablemodule-valuecell apm-checked\" style=\"width:191px\"> <span class=\"a-price\" data-a-size=\"medium_plus\" data-a-color=\"base\"><span class=\"a-offscreen\">26,37\u00a0\u20ac<\/span><span aria-hidden=\"true\"><span class=\"a-price-symbol\">\u20ac<\/span><span class=\"a-price-whole\">26<span class=\"a-price-decimal\">,<\/span><\/span><span class=\"a-price-fraction\">37<\/span><\/span><\/span> <\/td>\n<td class=\"apm-tablemodule-valuecell apm-checked\" style=\"width:191px\"> <span class=\"a-price\" data-a-size=\"medium_plus\" data-a-color=\"base\"><span class=\"a-offscreen\">21,06\u00a0\u20ac<\/span><span aria-hidden=\"true\"><span class=\"a-price-symbol\">\u20ac<\/span><span class=\"a-price-whole\">21<span class=\"a-price-decimal\">,<\/span><\/span><span class=\"a-price-fraction\">06<\/span><\/span><\/span> <\/td>\n<td class=\"apm-tablemodule-valuecell apm-checked\" style=\"width:191px\"> <span class=\"a-price\" data-a-size=\"medium_plus\" data-a-color=\"base\"><span class=\"a-offscreen\">17,96\u00a0\u20ac<\/span><span aria-hidden=\"true\"><span class=\"a-price-symbol\">\u20ac<\/span><span class=\"a-price-whole\">17<span class=\"a-price-decimal\">,<\/span><\/span><span class=\"a-price-fraction\">96<\/span><\/span><\/span> <\/td>\n<td class=\"apm-tablemodule-valuecell apm-checked\" style=\"width:191px\"> <span class=\"a-price\" data-a-size=\"medium_plus\" data-a-color=\"base\"><span class=\"a-offscreen\">17,15\u00a0\u20ac<\/span><span aria-hidden=\"true\"><span class=\"a-price-symbol\">\u20ac<\/span><span class=\"a-price-whole\">17<span class=\"a-price-decimal\">,<\/span><\/span><span class=\"a-price-fraction\">15<\/span><\/span><\/span> <\/td>\n<td class=\"apm-tablemodule-valuecell apm-checked selected\" style=\"width:191px\"> <span class=\"a-price\" data-a-size=\"medium_plus\" data-a-color=\"base\"><span class=\"a-offscreen\">19,34\u00a0\u20ac<\/span><span aria-hidden=\"true\"><span class=\"a-price-symbol\">\u20ac<\/span><span class=\"a-price-whole\">19<span class=\"a-price-decimal\">,<\/span><\/span><span class=\"a-price-fraction\">34<\/span><\/span><\/span> <\/td>\n<\/tr>\n<tr class=\"apm-tablemodule-keyvalue\">\n<th class=\"apm-tablemodule-keyhead\"> <span class=\"a-color-secondary\"> Org <\/span> <\/th>\n<td class=\"apm-tablemodule-valuecell apm-checked\" style=\"width:191px\"> <span class=\"a-size-base\"> &#10003; <\/span> <\/td>\n<td class=\"apm-tablemodule-valuecell apm-checked\" style=\"width:191px\"> <span class=\"a-size-base\"> &#10003; <\/span> <\/td>\n<td class=\"apm-tablemodule-valuecell apm-checked\" style=\"width:191px\"> <span class=\"a-size-base\"> &#10003; <\/span> <\/td>\n<td class=\"apm-tablemodule-valuecell apm-checked\" style=\"width:191px\"> <span class=\"a-size-base\"> &#10003; <\/span> <\/td>\n<td class=\"apm-tablemodule-valuecell apm-checked\" style=\"width:191px\"> <span class=\"a-size-base\"> &#10003; <\/span> <\/td>\n<td class=\"apm-tablemodule-valuecell apm-checked selected\" style=\"width:191px\"> <span class=\"a-size-base\"> &#10003; <\/span> <\/td>\n<\/tr>\n<tr class=\"apm-tablemodule-keyvalue\">\n<th class=\"apm-tablemodule-keyhead\"> <span class=\"a-color-secondary\"> Sin aditivos <\/span> <\/th>\n<td class=\"apm-tablemodule-valuecell apm-checked\" style=\"width:191px\"> <span class=\"a-size-base\"> &#10003; <\/span> <\/td>\n<td class=\"apm-tablemodule-valuecell apm-checked\" style=\"width:191px\"> <span class=\"a-size-base\"> &#10003; <\/span> <\/td>\n<td class=\"apm-tablemodule-valuecell apm-checked\" style=\"width:191px\"> <span class=\"a-size-base\"> &#10003; <\/span> <\/td>\n<td class=\"apm-tablemodule-valuecell apm-checked\" style=\"width:191px\"> <span class=\"a-size-base\"> &#10003; <\/span> <\/td>\n<td class=\"apm-tablemodule-valuecell apm-checked\" style=\"width:191px\"> <span class=\"a-size-base\"> &#10003; <\/span> <\/td>\n<td class=\"apm-tablemodule-valuecell apm-checked selected\" style=\"width:191px\"> <span class=\"a-size-base\"> &#10003; <\/span> <\/td>\n<\/tr>\n<tr class=\"apm-tablemodule-keyvalue\">\n<th class=\"apm-tablemodule-keyhead\"> <span class=\"a-color-secondary\"> Sin OGM <\/span> <\/th>\n<td class=\"apm-tablemodule-valuecell apm-checked\" style=\"width:191px\"> <span class=\"a-size-base\"> &#10003; <\/span> <\/td>\n<td class=\"apm-tablemodule-valuecell apm-checked\" style=\"width:191px\"> <span class=\"a-size-base\"> &#10003; <\/span> <\/td>\n<td class=\"apm-tablemodule-valuecell apm-checked\" style=\"width:191px\"> <span class=\"a-size-base\"> &#10003; <\/span> <\/td>\n<td class=\"apm-tablemodule-valuecell apm-checked\" style=\"width:191px\"> <span class=\"a-size-base\"> &#10003; <\/span> <\/td>\n<td class=\"apm-tablemodule-valuecell apm-checked\" style=\"width:191px\"> <span class=\"a-size-base\"> &#10003; <\/span> <\/td>\n<td class=\"apm-tablemodule-valuecell apm-checked selected\" style=\"width:191px\"> <span class=\"a-size-base\"> &#10003; <\/span> <\/td>\n<\/tr>\n<tr class=\"apm-tablemodule-keyvalue\">\n<th class=\"apm-tablemodule-keyhead\"> <span class=\"a-color-secondary\"> Pa\u00eds de origen <\/span> <\/th>\n<td class=\"apm-tablemodule-valuecell\" style=\"width:191px\"> <span class=\"a-size-base\"> Espa\u00f1a, Italia <\/span> <\/td>\n<td class=\"apm-tablemodule-valuecell\" style=\"width:191px\"> <span class=\"a-size-base\"> Bolivia <\/span> <\/td>\n<td class=\"apm-tablemodule-valuecell\" style=\"width:191px\"> <span class=\"a-size-base\"> Sud\u00e1frica <\/span> <\/td>\n<td class=\"apm-tablemodule-valuecell\" style=\"width:191px\"> <span class=\"a-size-base\"> Kenia, Sud\u00e1frica <\/span> <\/td>\n<td class=\"apm-tablemodule-valuecell\" style=\"width:191px\"> <span class=\"a-size-base\"> Turqu\u00eda <\/span> <\/td>\n<td class=\"apm-tablemodule-valuecell selected\" style=\"width:191px\"> <span class=\"a-size-base\"> Vietnam, Brasil <\/span> <\/td>\n<\/tr>\n<tr class=\"apm-tablemodule-keyvalue\">\n<th class=\"apm-tablemodule-keyhead\"> <span class=\"a-color-secondary\"> Embalado en Alemania <\/span> <\/th>\n<td class=\"apm-tablemodule-valuecell apm-checked\" style=\"width:191px\"> <span class=\"a-size-base\"> &#10003; <\/span> <\/td>\n<td class=\"apm-tablemodule-valuecell apm-checked\" style=\"width:191px\"> <span class=\"a-size-base\"> &#10003; <\/span> <\/td>\n<td class=\"apm-tablemodule-valuecell apm-checked\" style=\"width:191px\"> <span class=\"a-size-base\"> &#10003; <\/span> <\/td>\n<td class=\"apm-tablemodule-valuecell apm-checked\" style=\"width:191px\"> <span class=\"a-size-base\"> &#10003; <\/span> <\/td>\n<td class=\"apm-tablemodule-valuecell apm-checked\" style=\"width:191px\"> <span class=\"a-size-base\"> &#10003; <\/span> <\/td>\n<td class=\"apm-tablemodule-valuecell apm-checked selected\" style=\"width:191px\"> <span class=\"a-size-base\"> &#10003; <\/span> <\/td>\n<\/tr>\n<\/tbody>\n<\/table>\n<\/div>\n<\/div>\n<\/div>\n<\/div>\n<\/div>\n<\/div>\n<\/div>\n<\/div>\n<h3>Descripci\u00f3n del producto<\/h3>\n<p>Descripci\u00f3n del producto<\/p>\n<p> Disfruta de los anacardos enteros ecol\u00f3gicos de Mundo Feliz (2 bolsas de 500\u00a0g, 1\u00a0kg en total) para picar entre comidas o con los cereales del desayuno. Son una fuente estupenda de prote\u00edna y energ\u00eda y su contenido graso es inferior al de otros frutos secos. Nuestros anacardos, procedentes de cultivos controlados con el certificado ecol\u00f3gico, se dejan crudos para que conserven todos sus nutrientes. Adem\u00e1s, no contienen aditivos, conservantes ni OMG. Ingredientes<\/p>\n<p> ANACARDOS*. *de agricultura ecol\u00f3gica. Puede contener trazas de otros frutos secos y de CACAHUETES direcci\u00f3n<\/p>\n<p> Consumir tal cual. Ver m\u00e1s<\/p>\n<h3>Recursos de seguridad y productos<\/h3>\n<p>Recursos de seguridad y productosInformaci\u00f3n normativa El n\u00famero de c\u00f3digo del organismo de control ecol\u00f3gico: LU-BIO-04.Im\u00e1genes y contactosIm\u00e1genes y contactos de seguridad Recursos de seguridad y productosProblema al cargar la informaci\u00f3nLo sentimos, no hemos podido mostrar la informaci\u00f3n debido a un problema. Vuelve a cargar la p\u00e1gina o int\u00e9ntalo de nuevo m\u00e1s tarde.Im\u00e1genes y contactos Im\u00e1genes de seguridad del producto Informaci\u00f3n del fabricante Persona responsable Problema al cargar la informaci\u00f3nLo sentimos, no hemos podido mostrar la informaci\u00f3n de la persona responsable debido a un problema. Vuelve a cargar la p\u00e1gina o int\u00e9ntalo de nuevo m\u00e1s tarde.Problema al cargar la informaci\u00f3nLo sentimos, no hemos podido mostrar la informaci\u00f3n del fabricante debido a un problema. Vuelve a cargar la p\u00e1gina o int\u00e9ntalo de nuevo m\u00e1s tarde.Problema al cargar la informaci\u00f3nLo sentimos, no hemos podido mostrar las im\u00e1genes de seguridad del producto debido a un problema. Vuelve a cargar la p\u00e1gina o int\u00e9ntalo de nuevo m\u00e1s tarde.<\/p>\n<table id=\"productDetails_techSpec_section_1\" class=\"a-keyvalue prodDetTable\">\n<tr>\n<th class=\"a-color-secondary a-size-base prodDetSectionEntry\"> Dimensiones del producto <\/th>\n<td class=\"a-size-base prodDetAttrValue\"> &lrm;5,5 x 9 x 22 cm; 507 g <\/td>\n<\/tr>\n<tr>\n<th class=\"a-color-secondary a-size-base prodDetSectionEntry\"> Informaci\u00f3n sobre al\u00e9rgenos <\/th>\n<td class=\"a-size-base prodDetAttrValue\"> &lrm;Contiene: Puede contener frutos secos <\/td>\n<\/tr>\n<tr>\n<th class=\"a-color-secondary a-size-base prodDetSectionEntry\"> Peso <\/th>\n<td class=\"a-size-base prodDetAttrValue\"> &lrm;1 Kilogramos <\/td>\n<\/tr>\n<tr>\n<th class=\"a-color-secondary a-size-base prodDetSectionEntry\"> Unidades <\/th>\n<td class=\"a-size-base prodDetAttrValue\"> &lrm;1000.0 Gramos <\/td>\n<\/tr>\n<tr>\n<th class=\"a-color-secondary a-size-base prodDetSectionEntry\"> C\u00f3mo servir el producto <\/th>\n<td class=\"a-size-base prodDetAttrValue\"> &lrm;Para consumo directo <\/td>\n<\/tr>\n<tr>\n<th class=\"a-color-secondary a-size-base prodDetSectionEntry\"> Marca <\/th>\n<td class=\"a-size-base prodDetAttrValue\"> &lrm;Mundo Feliz <\/td>\n<\/tr>\n<tr>\n<th class=\"a-color-secondary a-size-base prodDetSectionEntry\"> Cocina <\/th>\n<td class=\"a-size-base prodDetAttrValue\"> &lrm;Cocina asi\u00e1tica <\/td>\n<\/tr>\n<tr>\n<th class=\"a-color-secondary a-size-base prodDetSectionEntry\"> Forma del Art\u00edculo <\/th>\n<td class=\"a-size-base prodDetAttrValue\"> &lrm;Seca <\/td>\n<\/tr>\n<tr>\n<th class=\"a-color-secondary a-size-base prodDetSectionEntry\"> Descripci\u00f3n del rango de edad <\/th>\n<td class=\"a-size-base prodDetAttrValue\"> &lrm;3 a\u00f1os y m\u00e1s <\/td>\n<\/tr>\n<tr>\n<th class=\"a-color-secondary a-size-base prodDetSectionEntry\"> Funciones especiales <\/th>\n<td class=\"a-size-base prodDetAttrValue\"> &lrm;Libre de aditivos artificiales, az\u00facares a\u00f1adidos, conservantes de gluten y OMG. Apto para veganos y vegetarianos. <\/td>\n<\/tr>\n<tr>\n<th class=\"a-color-secondary a-size-base prodDetSectionEntry\"> Certificaci\u00f3n <\/th>\n<td class=\"a-size-base prodDetAttrValue\"> &lrm;EU Organic <\/td>\n<\/tr>\n<tr>\n<th class=\"a-color-secondary a-size-base prodDetSectionEntry\"> Fabricante <\/th>\n<td class=\"a-size-base prodDetAttrValue\"> &lrm;EgeSun GmbH <\/td>\n<\/tr>\n<tr>\n<th class=\"a-color-secondary a-size-base prodDetSectionEntry\"> Peso del producto <\/th>\n<td class=\"a-size-base prodDetAttrValue\"> &lrm;507 g <\/td>\n<\/tr>\n<tr>\n<th class=\"a-color-secondary a-size-base prodDetSectionEntry\"> Pa\u00eds de origen <\/th>\n<td class=\"a-size-base prodDetAttrValue\"> &lrm;Alemania <\/td>\n<\/tr>\n<\/table><\/div>\n","protected":false},"excerpt":{"rendered":"<ul>\n<li> 2 bolsas de 500 g  <\/li>\n<li> Anacardos ecol\u00f3gicos enteros. Aptos para veganos, sin gluten, lactosa ni OMG; Puesto que no utilizamos aditivos, aromas, sulfitos o similares, nuestros productos presentan un color diferente al producto de base. Sin embargo, esto no afecta al sabor ni a la calidad  <\/li>\n<li> Sabor intenso con un toque dulce; Renunciamos deliberadamente a la adici\u00f3n artificial de az\u00facar refinado en nuestros productos. El contenido de az\u00facar que aparece en la informaci\u00f3n nutricional se refiere al contenido de az\u00facar natural de la fruta  <\/li>\n<li> Sabor natural sin sal a\u00f1adida. 2 bolsas de 500 g para tener siempre un tentempi\u00e9 a mano  <\/li>\n<li> El mejor toque final para ensaladas y platos asi\u00e1ticos, o incluso para los cereales del desayuno  <\/li>\n<li> Ideal para veganos y deportistas que quieren un poco de prote\u00edna adicional. Contienen menos grasa que otros frutos secos; Las frutas y los frutos secos bio son productos naturales cuyo sabor puede variar ligeramente debido a las condiciones de crecimiento derivadas del clima y las circunstancias regionales. En el caso de los frutos secos, la proporci\u00f3n de sustancia amarga tambi\u00e9n puede variar de manera natural  <\/li>\n<\/ul>\n","protected":false},"featured_media":5351,"comment_status":"open","ping_status":"closed","template":"","meta":[],"product_cat":[189],"product_tag":[],"class_list":{"0":"post-5351","1":"product","2":"type-product","3":"status-publish","4":"has-post-thumbnail","6":"product_brand-marca-mundo-feliz","7":"product_cat-frutos-secos","9":"first","10":"instock","11":"shipping-taxable","12":"purchasable","13":"product-type-simple"},"_links":{"self":[{"href":"https:\/\/ecotienda.com\/index.php?rest_route=\/wp\/v2\/product\/5351","targetHints":{"allow":["GET"]}}],"collection":[{"href":"https:\/\/ecotienda.com\/index.php?rest_route=\/wp\/v2\/product"}],"about":[{"href":"https:\/\/ecotienda.com\/index.php?rest_route=\/wp\/v2\/types\/product"}],"replies":[{"embeddable":true,"href":"https:\/\/ecotienda.com\/index.php?rest_route=%2Fwp%2Fv2%2Fcomments&post=5351"}],"wp:featuredmedia":[{"embeddable":true,"href":"https:\/\/ecotienda.com\/index.php?rest_route=\/wp\/v2\/product\/5351"}],"wp:attachment":[{"href":"https:\/\/ecotienda.com\/index.php?rest_route=%2Fwp%2Fv2%2Fmedia&parent=5351"}],"wp:term":[{"taxonomy":"product_cat","embeddable":true,"href":"https:\/\/ecotienda.com\/index.php?rest_route=%2Fwp%2Fv2%2Fproduct_cat&post=5351"},{"taxonomy":"product_tag","embeddable":true,"href":"https:\/\/ecotienda.com\/index.php?rest_route=%2Fwp%2Fv2%2Fproduct_tag&post=5351"}],"curies":[{"name":"wp","href":"https:\/\/api.w.org\/{rel}","templated":true}]}}