{"id":5352,"date":"2025-11-23T11:19:54","date_gmt":"2025-11-23T10:19:54","guid":{"rendered":"https:\/\/ecotienda.com\/?product=mundo-feliz-higos-ecologicos-secos-2-bolsas-de-500-g"},"modified":"2025-12-02T18:09:26","modified_gmt":"2025-12-02T17:09:26","slug":"mundo-feliz-higos-ecologicos-secos-2-bolsas-de-500-g","status":"publish","type":"product","link":"https:\/\/ecotienda.com\/?product=mundo-feliz-higos-ecologicos-secos-2-bolsas-de-500-g","title":{"rendered":"Mundo Feliz &#8211; Higos ecol\u00f3gicos secos, 2 bolsas de 500 g"},"content":{"rendered":"<div class=\"woocommerce-product-details\">\n<div id=\"aplus_feature_div\" class=\"celwidget\" data-feature-name=\"aplus\" data-csa-c-type=\"widget\" data-csa-c-content-id=\"aplus\" data-csa-c-slot-id=\"aplus_feature_div\" data-csa-c-asin=\"\" data-csa-c-is-in-initial-active-row=\"false\">\n<div id=\"aplus\" class=\"a-section a-spacing-large bucket\">\n<h3 class=\"\">M\u00e1s informaci\u00f3n del producto<\/h3>\n<div lang=\"es_ES\">\n<div class=\"aplus-v2 desktop celwidget\">\n<div class=\"celwidget aplus-module module-8 aplus-standard\">\n<div class=\"aplus-module-wrapper apm-fixed-width\">\n<div class=\"apm-spacing\">\n<div class=\"apm-lefttwothirdswrap apm-floatleft\">\n<div class=\"apm-leftimage\"> <img data-opt-id=1149036169  fetchpriority=\"high\" decoding=\"async\" alt=\"Para la cocina ex\u00f3tica\" src=\"https:\/\/m.media-amazon.com\/images\/S\/aplus-media-library-service-media\/6eb08c31-28b7-4fac-8705-1608d05b8f51.__CR293,0,1414,1414_PT0_SX300_V1___.jpg\" style=\"max-width: 100%;height: auto\"> <\/div>\n<div class=\"apm-centerthirdcol\">\n<h3 class=\"a-spacing-mini\"> Frutas vers\u00e1tiles <\/h3>\n<h4 class=\"a-spacing-mini a-color-secondary\"> Dulce y jugoso <\/h4>\n<p class=\"a-spacing-base\"> Los higos Mundo Feliz tienen un sabor dulce a miel. Ideal para platos ex\u00f3ticos y platos de queso, o como un delicioso aperitivo. <\/p>\n<h4 class=\"a-spacing-mini a-color-secondary\"> Libre de aditivos <\/h4>\n<p class=\"a-spacing-base\"> Los higos Mundo Feliz est\u00e1n libres de aditivos y son adecuados para la dieta vegana. <\/p>\n<h4 class=\"a-spacing-mini a-color-secondary\"> Higos org\u00e1nicos de Turqu\u00eda <\/h4>\n<p class=\"a-spacing-base\"> Mundo Feliz higos provienen de un proyecto de cultivo org\u00e1nico en Turqu\u00eda. El cultivo regional de higos all\u00ed tradicionalmente no tiene ning\u00fan medio qu\u00edmico. El cultivo de acuerdo con las directivas del Reglamento ecol\u00f3gico de la CE es inspeccionado peri\u00f3dicamente por los centros de manipulaci\u00f3n externos. <\/p>\n<\/p>\n<\/div>\n<\/div>\n<div class=\"apm-rightthirdcol\">\n<div class=\"apm-rightthirdcol-inner\">\n<h4> Higos secos de agricultura ecol\u00f3gica* <\/h4>\n<div class=\"a-box a-spacing-small a-color-alternate-background apm-listbox\">\n<div class=\"a-box-inner\">\n<ul class=\"a-unordered-list a-vertical\">\n<li><span class=\"a-list-item\"> <span class=\"a-size-base\"> De su propio proyecto de cultivo ecol\u00f3gico en Turqu\u00eda <\/span> <\/span><\/li>\n<li><span class=\"a-list-item\"> <span class=\"a-size-base\"> Sin azufre* y sin az\u00facares a\u00f1adidos <\/span> <\/span><\/li>\n<li><span class=\"a-list-item\"> <span class=\"a-size-base\"> Sin ingenier\u00eda gen\u00e9tica* <\/span> <\/span><\/li>\n<li><span class=\"a-list-item\"> <span class=\"a-size-base\"> Sin conservantes* <\/span> <\/span><\/li>\n<li><span class=\"a-list-item\"> <span class=\"a-size-base\"> Vegano <\/span> <\/span><\/li>\n<li><span class=\"a-list-item\"> <span class=\"a-size-base\"> *seg\u00fan el Reglamento CE ecol\u00f3gico <\/span> <\/span><\/li>\n<\/ul>\n<\/div><\/div>\n<\/div>\n<\/div>\n<\/div>\n<\/div>\n<\/div>\n<div class=\"celwidget aplus-module module-3 aplus-standard\">\n<div class=\"aplus-module-wrapper apm-floatnone apm-fixed-width\">\n<div class=\"apm-sidemodule apm-spacing\">\n<div class=\"apm-sidemodule-imageright\"> <img data-opt-id=1118668632  fetchpriority=\"high\" decoding=\"async\" alt=\"Lleno de vitaminas y minerales\" src=\"https:\/\/m.media-amazon.com\/images\/S\/aplus-media-library-service-media\/fc3df01d-323a-4926-99f5-3084dfa0511b.__CR293,0,1414,1414_PT0_SX300_V1___.jpg\" style=\"max-width: 100%;height: auto\"> <\/div>\n<div class=\"apm-sidemodule-textleft\">\n<h3 class=\"a-spacing-mini\"> Ficus carica &#8211; la higuera tradicional <\/h3>\n<p> La higuera pertenece a la familia de la morera y es una de las plantas cultivadas m\u00e1s antiguas de la historia humana. Los frutos maduran en el \u00e1rbol, se recogen y se secan en el campo bajo un dosel. <\/p>\n<\/p>\n<\/div>\n<\/div>\n<\/div>\n<\/div>\n<div class=\"celwidget aplus-module 3p-module-b aplus-standard\">\n<div class=\"aplus-module-wrapper aplus-3p-fixed-width\"> <img data-opt-id=1976339682  data-opt-src=\"https:\/\/m.media-amazon.com\/images\/S\/aplus-media-library-service-media\/0c46f07f-993f-4e82-b063-bdf8b8073852.__CR0,88,2000,1237_PT0_SX970_V1___.jpg\"  decoding=\"async\" alt=\"Ensalada de patata\" src=\"data:image/svg+xml,%3Csvg%20viewBox%3D%220%200%20100%%20100%%22%20width%3D%22100%%22%20height%3D%22100%%22%20xmlns%3D%22http%3A%2F%2Fwww.w3.org%2F2000%2Fsvg%22%3E%3Crect%20width%3D%22100%%22%20height%3D%22100%%22%20fill%3D%22transparent%22%2F%3E%3C%2Fsvg%3E\" style=\"max-width: 100%;height: auto\"> <\/div>\n<\/div>\n<div class=\"celwidget aplus-module 3p-module-b aplus-standard\">\n<div class=\"aplus-module-wrapper aplus-3p-fixed-width\"> <img data-opt-id=553900118  data-opt-src=\"https:\/\/m.media-amazon.com\/images\/S\/aplus-media-library-service-media\/da40a035-2468-485a-a990-bc33c36605f7.__CR0,88,2000,1237_PT0_SX970_V1___.jpg\"  decoding=\"async\" alt=\"Receta de ensalada de patata\" src=\"data:image/svg+xml,%3Csvg%20viewBox%3D%220%200%20100%%20100%%22%20width%3D%22100%%22%20height%3D%22100%%22%20xmlns%3D%22http%3A%2F%2Fwww.w3.org%2F2000%2Fsvg%22%3E%3Crect%20width%3D%22100%%22%20height%3D%22100%%22%20fill%3D%22transparent%22%2F%3E%3C%2Fsvg%3E\" style=\"max-width: 100%;height: auto\"> <\/div>\n<\/div>\n<div class=\"celwidget aplus-module module-5 aplus-standard\">\n<div class=\"aplus-module-wrapper apm-fixed-width\">\n<div class=\"apm-spacing aplus-module-content\">\n<div class=\"apm-tablemodule\">\n<table class=\"apm-tablemodule-table\" cellspacing=\"0\" cellpadding=\"0\">\n<tbody>\n<tr class=\"apm-tablemodule-imagerows\">\n<td class=\"apm-tablemodule-blankkeyhead\" \/>\n<th> <a href='\/dp\/B07WWHTL41?ref=emc_s_m_5_i_atc'> <\/p>\n<div class=\"apm-tablemodule-image\"> <img data-opt-id=646235857  data-opt-src=\"https:\/\/m.media-amazon.com\/images\/S\/aplus-media-library-service-media\/6755fe46-f5e4-45ad-84b3-77e35ce49ea8.__CR64,0,1001,2001_PT0_SX150_V1___.jpg\"  decoding=\"async\" alt=\"\" src=\"data:image/svg+xml,%3Csvg%20viewBox%3D%220%200%20100%%20100%%22%20width%3D%22100%%22%20height%3D%22100%%22%20xmlns%3D%22http%3A%2F%2Fwww.w3.org%2F2000%2Fsvg%22%3E%3Crect%20width%3D%22100%%22%20height%3D%22100%%22%20fill%3D%22transparent%22%2F%3E%3C%2Fsvg%3E\" width=\"148.0px\" style=\"max-width: 100%;height: auto\"> <\/div>\n<div> Mundo Feliz Fechas <\/div>\n<p> <\/a> <\/th>\n<th> <a href='\/dp\/B07WWHSPTZ?ref=emc_s_m_5_i_atc'> <\/p>\n<div class=\"apm-tablemodule-image\"> <img data-opt-id=746385175  data-opt-src=\"https:\/\/m.media-amazon.com\/images\/S\/aplus-media-library-service-media\/6226c54f-0b62-4823-95fc-5621c0c015c4.__CR90,0,1001,2001_PT0_SX150_V1___.jpg\"  decoding=\"async\" alt=\"\" src=\"data:image/svg+xml,%3Csvg%20viewBox%3D%220%200%20100%%20100%%22%20width%3D%22100%%22%20height%3D%22100%%22%20xmlns%3D%22http%3A%2F%2Fwww.w3.org%2F2000%2Fsvg%22%3E%3Crect%20width%3D%22100%%22%20height%3D%22100%%22%20fill%3D%22transparent%22%2F%3E%3C%2Fsvg%3E\" width=\"148.0px\" style=\"max-width: 100%;height: auto\"> <\/div>\n<div> Mundo Feliz &#8211; Piezas de mango <\/div>\n<p> <\/a> <\/th>\n<th> <a href='\/dp\/B07WVD1W1C?ref=emc_s_m_5_i_atc'> <\/p>\n<div class=\"apm-tablemodule-image\"> <img data-opt-id=1184935766  data-opt-src=\"https:\/\/m.media-amazon.com\/images\/S\/aplus-media-library-service-media\/8b5251b2-28e4-4705-89eb-59fe69ead7d0.__CR72,0,1001,2001_PT0_SX150_V1___.jpg\"  decoding=\"async\" alt=\"\" src=\"data:image/svg+xml,%3Csvg%20viewBox%3D%220%200%20100%%20100%%22%20width%3D%22100%%22%20height%3D%22100%%22%20xmlns%3D%22http%3A%2F%2Fwww.w3.org%2F2000%2Fsvg%22%3E%3Crect%20width%3D%22100%%22%20height%3D%22100%%22%20fill%3D%22transparent%22%2F%3E%3C%2Fsvg%3E\" width=\"148.0px\" style=\"max-width: 100%;height: auto\"> <\/div>\n<div> Mundo Feliz Trozos de Pi\u00f1a <\/div>\n<p> <\/a> <\/th>\n<th> <a href='\/dp\/B07WPDPJMW?ref=emc_s_m_5_i_atc'> <\/p>\n<div class=\"apm-tablemodule-image\"> <img data-opt-id=1458388119  data-opt-src=\"https:\/\/m.media-amazon.com\/images\/S\/aplus-media-library-service-media\/a1548714-f5ee-4a24-87b6-8438d2919538.__CR136,0,1001,2001_PT0_SX150_V1___.jpg\"  decoding=\"async\" alt=\"\" src=\"data:image/svg+xml,%3Csvg%20viewBox%3D%220%200%20100%%20100%%22%20width%3D%22100%%22%20height%3D%22100%%22%20xmlns%3D%22http%3A%2F%2Fwww.w3.org%2F2000%2Fsvg%22%3E%3Crect%20width%3D%22100%%22%20height%3D%22100%%22%20fill%3D%22transparent%22%2F%3E%3C%2Fsvg%3E\" width=\"148.0px\" style=\"max-width: 100%;height: auto\"> <\/div>\n<div> Mundo Feliz Goji <\/div>\n<p> <\/a> <\/th>\n<th> <a href='\/dp\/B07WWHV4SS?ref=emc_s_m_5_i_atc'> <\/p>\n<div class=\"apm-tablemodule-image\"> <img data-opt-id=645869019  data-opt-src=\"https:\/\/m.media-amazon.com\/images\/S\/aplus-media-library-service-media\/c4843ef8-7cc5-48ac-977c-e8fc84c43954.__CR72,0,1001,2001_PT0_SX150_V1___.jpg\"  decoding=\"async\" alt=\"\" src=\"data:image/svg+xml,%3Csvg%20viewBox%3D%220%200%20100%%20100%%22%20width%3D%22100%%22%20height%3D%22100%%22%20xmlns%3D%22http%3A%2F%2Fwww.w3.org%2F2000%2Fsvg%22%3E%3Crect%20width%3D%22100%%22%20height%3D%22100%%22%20fill%3D%22transparent%22%2F%3E%3C%2Fsvg%3E\" width=\"148.0px\" style=\"max-width: 100%;height: auto\"> <\/div>\n<div> Mundo Feliz Higos <\/div>\n<p> <\/a> <\/th>\n<\/tr>\n<tr class=\"apm-tablemodule-atc\">\n<td class=\"apm-tablemodule-blankkeyhead\" \/>\n<td> <\/td>\n<td> <\/td>\n<td>\n<div class=\"add-to-cart\"> <span class=\"a-button a-button-base\"><span class=\"a-button-inner\"><a href=\"\/dp\/B07WVD1W1C?ref=emc_s_m_5_i_atc\" class=\"a-button-text\"> Opciones de compra <\/a><\/span><\/span> <\/div>\n<\/td>\n<td>\n<div class=\"add-to-cart\"> <span class=\"a-button a-button-base\"><span class=\"a-button-inner\"><a href=\"\/dp\/B07WPDPJMW?ref=emc_s_m_5_i_atc\" class=\"a-button-text\"> Opciones de compra <\/a><\/span><\/span> <\/div>\n<\/td>\n<td> <\/td>\n<\/tr>\n<tr class=\"apm-tablemodule-keyvalue\">\n<th class=\"apm-tablemodule-keyhead\"> <span class=\"a-color-secondary\"> Opiniones de clientes <\/span> <\/th>\n<td class=\"apm-tablemodule-valuecell apm-checked\" style=\"width:191px\">\n<div class=\"\">\n<div class=\"a-size-base\"> <i class=\"a-icon a-icon-star-small a-star-small-4-5 a-spacing-none\"><span class=\"a-icon-alt\">4,4 de 5 estrellas<\/span><\/i> <span class=\"a-size-mini a-color-base\">1.248<\/span> <\/div>\n<\/div>\n<\/td>\n<td class=\"apm-tablemodule-valuecell apm-checked\" style=\"width:191px\">\n<div class=\"\">\n<div class=\"a-size-base\"> <i class=\"a-icon a-icon-star-small a-star-small-4 a-spacing-none\"><span class=\"a-icon-alt\">4,2 de 5 estrellas<\/span><\/i> <span class=\"a-size-mini a-color-base\">711<\/span> <\/div>\n<\/div>\n<\/td>\n<td class=\"apm-tablemodule-valuecell apm-checked\" style=\"width:191px\">\n<div class=\"\">\n<div class=\"a-size-base\"> <i class=\"a-icon a-icon-star-small a-star-small-4 a-spacing-none\"><span class=\"a-icon-alt\">4,0 de 5 estrellas<\/span><\/i> <span class=\"a-size-mini a-color-base\">170<\/span> <\/div>\n<\/div>\n<\/td>\n<td class=\"apm-tablemodule-valuecell apm-checked\" style=\"width:191px\">\n<div class=\"\">\n<div class=\"a-size-base\"> <i class=\"a-icon a-icon-star-small a-star-small-4-5 a-spacing-none\"><span class=\"a-icon-alt\">4,4 de 5 estrellas<\/span><\/i> <span class=\"a-size-mini a-color-base\">419<\/span> <\/div>\n<\/div>\n<\/td>\n<td class=\"apm-tablemodule-valuecell apm-checked selected\" style=\"width:191px\">\n<div class=\"\">\n<div class=\"a-size-base\"> <i class=\"a-icon a-icon-star-small a-star-small-4 a-spacing-none\"><span class=\"a-icon-alt\">4,1 de 5 estrellas<\/span><\/i> <span class=\"a-size-mini a-color-base\">615<\/span> <\/div>\n<\/div>\n<\/td>\n<\/tr>\n<tr class=\"apm-tablemodule-keyvalue\">\n<th class=\"apm-tablemodule-keyhead\"> <span class=\"a-color-secondary\"> Precio <\/span> <\/th>\n<td class=\"apm-tablemodule-valuecell apm-checked\" style=\"width:191px\"> <span class=\"a-price\" data-a-size=\"medium_plus\" data-a-color=\"base\"><span class=\"a-offscreen\">11,18\u00a0\u20ac<\/span><span aria-hidden=\"true\"><span class=\"a-price-symbol\">\u20ac<\/span><span class=\"a-price-whole\">11<span class=\"a-price-decimal\">,<\/span><\/span><span class=\"a-price-fraction\">18<\/span><\/span><\/span> <\/td>\n<td class=\"apm-tablemodule-valuecell apm-checked\" style=\"width:191px\"> <span class=\"a-price\" data-a-size=\"medium_plus\" data-a-color=\"base\"><span class=\"a-offscreen\">14,06\u00a0\u20ac<\/span><span aria-hidden=\"true\"><span class=\"a-price-symbol\">\u20ac<\/span><span class=\"a-price-whole\">14<span class=\"a-price-decimal\">,<\/span><\/span><span class=\"a-price-fraction\">06<\/span><\/span><\/span> <\/td>\n<td class=\"apm-tablemodule-valuecell apm-checked\" style=\"width:191px\"> &#8212; <span class=\"apm-visually-hidden\">no data<\/span> <\/td>\n<td class=\"apm-tablemodule-valuecell apm-checked\" style=\"width:191px\"> &#8212; <span class=\"apm-visually-hidden\">no data<\/span> <\/td>\n<td class=\"apm-tablemodule-valuecell apm-checked selected\" style=\"width:191px\"> <span class=\"a-price\" data-a-size=\"medium_plus\" data-a-color=\"base\"><span class=\"a-offscreen\">18,07\u00a0\u20ac<\/span><span aria-hidden=\"true\"><span class=\"a-price-symbol\">\u20ac<\/span><span class=\"a-price-whole\">18<span class=\"a-price-decimal\">,<\/span><\/span><span class=\"a-price-fraction\">07<\/span><\/span><\/span> <\/td>\n<\/tr>\n<tr class=\"apm-tablemodule-keyvalue\">\n<th class=\"apm-tablemodule-keyhead\"> <span class=\"a-color-secondary\"> org\u00e1nico <\/span> <\/th>\n<td class=\"apm-tablemodule-valuecell apm-checked\" style=\"width:191px\"> <span class=\"a-size-base\"> &#10003; <\/span> <\/td>\n<td class=\"apm-tablemodule-valuecell apm-checked\" style=\"width:191px\"> <span class=\"a-size-base\"> &#10003; <\/span> <\/td>\n<td class=\"apm-tablemodule-valuecell apm-checked\" style=\"width:191px\"> <span class=\"a-size-base\"> &#10003; <\/span> <\/td>\n<td class=\"apm-tablemodule-valuecell apm-checked\" style=\"width:191px\"> <span class=\"a-size-base\"> &#10003; <\/span> <\/td>\n<td class=\"apm-tablemodule-valuecell apm-checked selected\" style=\"width:191px\"> <span class=\"a-size-base\"> &#10003; <\/span> <\/td>\n<\/tr>\n<tr class=\"apm-tablemodule-keyvalue\">\n<th class=\"apm-tablemodule-keyhead\"> <span class=\"a-color-secondary\"> Sin aditivos <\/span> <\/th>\n<td class=\"apm-tablemodule-valuecell apm-checked\" style=\"width:191px\"> <span class=\"a-size-base\"> &#10003; <\/span> <\/td>\n<td class=\"apm-tablemodule-valuecell apm-checked\" style=\"width:191px\"> <span class=\"a-size-base\"> &#10003; <\/span> <\/td>\n<td class=\"apm-tablemodule-valuecell apm-checked\" style=\"width:191px\"> <span class=\"a-size-base\"> &#10003; <\/span> <\/td>\n<td class=\"apm-tablemodule-valuecell apm-checked\" style=\"width:191px\"> <span class=\"a-size-base\"> &#10003; <\/span> <\/td>\n<td class=\"apm-tablemodule-valuecell apm-checked selected\" style=\"width:191px\"> <span class=\"a-size-base\"> &#10003; <\/span> <\/td>\n<\/tr>\n<tr class=\"apm-tablemodule-keyvalue\">\n<th class=\"apm-tablemodule-keyhead\"> <span class=\"a-color-secondary\"> ingenier\u00eda gen\u00e9tica <\/span> <\/th>\n<td class=\"apm-tablemodule-valuecell\" style=\"width:191px\"> <span class=\"a-size-base\"> No <\/span> <\/td>\n<td class=\"apm-tablemodule-valuecell\" style=\"width:191px\"> <span class=\"a-size-base\"> No <\/span> <\/td>\n<td class=\"apm-tablemodule-valuecell\" style=\"width:191px\"> <span class=\"a-size-base\"> No <\/span> <\/td>\n<td class=\"apm-tablemodule-valuecell\" style=\"width:191px\"> <span class=\"a-size-base\"> No <\/span> <\/td>\n<td class=\"apm-tablemodule-valuecell selected\" style=\"width:191px\"> <span class=\"a-size-base\"> No <\/span> <\/td>\n<\/tr>\n<tr class=\"apm-tablemodule-keyvalue\">\n<th class=\"apm-tablemodule-keyhead\"> <span class=\"a-color-secondary\"> Pa\u00eds de origen: <\/span> <\/th>\n<td class=\"apm-tablemodule-valuecell\" style=\"width:191px\"> <span class=\"a-size-base\"> Argelia <\/span> <\/td>\n<td class=\"apm-tablemodule-valuecell\" style=\"width:191px\"> <span class=\"a-size-base\"> Burkina Faso <\/span> <\/td>\n<td class=\"apm-tablemodule-valuecell\" style=\"width:191px\"> <span class=\"a-size-base\"> Uganda <\/span> <\/td>\n<td class=\"apm-tablemodule-valuecell\" style=\"width:191px\"> <span class=\"a-size-base\"> China <\/span> <\/td>\n<td class=\"apm-tablemodule-valuecell selected\" style=\"width:191px\"> <span class=\"a-size-base\"> Turqu\u00eda <\/span> <\/td>\n<\/tr>\n<tr class=\"apm-tablemodule-keyvalue\">\n<th class=\"apm-tablemodule-keyhead\"> <span class=\"a-color-secondary\"> Embalado en Alemania <\/span> <\/th>\n<td class=\"apm-tablemodule-valuecell apm-checked\" style=\"width:191px\"> <span class=\"a-size-base\"> &#10003; <\/span> <\/td>\n<td class=\"apm-tablemodule-valuecell apm-checked\" style=\"width:191px\"> <span class=\"a-size-base\"> &#10003; <\/span> <\/td>\n<td class=\"apm-tablemodule-valuecell apm-checked\" style=\"width:191px\"> <span class=\"a-size-base\"> &#10003; <\/span> <\/td>\n<td class=\"apm-tablemodule-valuecell apm-checked\" style=\"width:191px\"> <span class=\"a-size-base\"> &#10003; <\/span> <\/td>\n<td class=\"apm-tablemodule-valuecell apm-checked selected\" style=\"width:191px\"> <span class=\"a-size-base\"> &#10003; <\/span> <\/td>\n<\/tr>\n<\/tbody>\n<\/table>\n<\/div>\n<\/div>\n<\/div>\n<\/div>\n<\/div>\n<\/div>\n<\/div>\n<\/div>\n<h3>Descripci\u00f3n del producto<\/h3>\n<p>Descripci\u00f3n del producto<\/p>\n<p> Disfruta de los higos ecol\u00f3gicos secos de Mundo Feliz (2 bolsas de 500\u00a0g, 1\u00a0kg en total) para picar algo rico entre comidas. Nuestros higos secados al sol, no sulfurados y sin az\u00facares a\u00f1adidos conservan su sabor y aroma natural, as\u00ed como todos sus nutrientes. Esta variedad, Smyrna, se cultiva en nuestras propias plantaciones de Turqu\u00eda. Estos higos son apreciados por su sabor afrutado y su aroma a malta, de ah\u00ed que se puedan comer solos o combinar con queso. Ingredientes<\/p>\n<p> higos secos, aceite de colza<\/p>\n<h3>Recursos de seguridad y productos<\/h3>\n<p>Recursos de seguridad y productosInformaci\u00f3n normativa El n\u00famero de c\u00f3digo del organismo de control ecol\u00f3gico: LU-BIO-04.Im\u00e1genes y contactosIm\u00e1genes y contactos de seguridad Recursos de seguridad y productosProblema al cargar la informaci\u00f3nLo sentimos, no hemos podido mostrar la informaci\u00f3n debido a un problema. Vuelve a cargar la p\u00e1gina o int\u00e9ntalo de nuevo m\u00e1s tarde.Im\u00e1genes y contactos Im\u00e1genes de seguridad del producto Informaci\u00f3n del fabricante Persona responsable Problema al cargar la informaci\u00f3nLo sentimos, no hemos podido mostrar la informaci\u00f3n de la persona responsable debido a un problema. Vuelve a cargar la p\u00e1gina o int\u00e9ntalo de nuevo m\u00e1s tarde.Problema al cargar la informaci\u00f3nLo sentimos, no hemos podido mostrar la informaci\u00f3n del fabricante debido a un problema. Vuelve a cargar la p\u00e1gina o int\u00e9ntalo de nuevo m\u00e1s tarde.Problema al cargar la informaci\u00f3nLo sentimos, no hemos podido mostrar las im\u00e1genes de seguridad del producto debido a un problema. Vuelve a cargar la p\u00e1gina o int\u00e9ntalo de nuevo m\u00e1s tarde.<\/p>\n<table id=\"productDetails_techSpec_section_1\" class=\"a-keyvalue prodDetTable\">\n<tr>\n<th class=\"a-color-secondary a-size-base prodDetSectionEntry\"> Dimensiones del producto <\/th>\n<td class=\"a-size-base prodDetAttrValue\"> &lrm;5,5 x 9 x 22 cm; 507 g <\/td>\n<\/tr>\n<tr>\n<th class=\"a-color-secondary a-size-base prodDetSectionEntry\"> Informaci\u00f3n sobre al\u00e9rgenos <\/th>\n<td class=\"a-size-base prodDetAttrValue\"> &lrm;Contiene: Puede contener frutos secos <\/td>\n<\/tr>\n<tr>\n<th class=\"a-color-secondary a-size-base prodDetSectionEntry\"> Peso <\/th>\n<td class=\"a-size-base prodDetAttrValue\"> &lrm;1 Kilogramos <\/td>\n<\/tr>\n<tr>\n<th class=\"a-color-secondary a-size-base prodDetSectionEntry\"> Unidades <\/th>\n<td class=\"a-size-base prodDetAttrValue\"> &lrm;1000.0 Gramos <\/td>\n<\/tr>\n<tr>\n<th class=\"a-color-secondary a-size-base prodDetSectionEntry\"> Marca <\/th>\n<td class=\"a-size-base prodDetAttrValue\"> &lrm;Mundo Feliz <\/td>\n<\/tr>\n<tr>\n<th class=\"a-color-secondary a-size-base prodDetSectionEntry\"> Funciones especiales <\/th>\n<td class=\"a-size-base prodDetAttrValue\"> &lrm;Libre de aditivos artificiales, az\u00facares a\u00f1adidos, conservantes de gluten y OMG. Apto para veganos y vegetarianos. <\/td>\n<\/tr>\n<tr>\n<th class=\"a-color-secondary a-size-base prodDetSectionEntry\"> Certificaci\u00f3n <\/th>\n<td class=\"a-size-base prodDetAttrValue\"> &lrm;EU Organic <\/td>\n<\/tr>\n<tr>\n<th class=\"a-color-secondary a-size-base prodDetSectionEntry\"> Fabricante <\/th>\n<td class=\"a-size-base prodDetAttrValue\"> &lrm;EgeSun GmbH <\/td>\n<\/tr>\n<tr>\n<th class=\"a-color-secondary a-size-base prodDetSectionEntry\"> Peso del producto <\/th>\n<td class=\"a-size-base prodDetAttrValue\"> &lrm;507 g <\/td>\n<\/tr>\n<tr>\n<th class=\"a-color-secondary a-size-base prodDetSectionEntry\"> Pa\u00eds de origen <\/th>\n<td class=\"a-size-base prodDetAttrValue\"> &lrm;Alemania <\/td>\n<\/tr>\n<\/table><\/div>\n","protected":false},"excerpt":{"rendered":"<ul>\n<li> Higos ecol\u00f3gicos secos de Turqu\u00eda 100 % naturales, no sulfurados, sin aditivos, conservantes ni az\u00facares a\u00f1adidos; Puesto que no utilizamos aditivos, aromas, sulfitos o similares, nuestros productos presentan un color diferente al producto de base. Sin embargo, esto no afecta al sabor ni a la calidad.  <\/li>\n<li> Secados al sol para conservar su sabor, vitaminas y minerales; Renunciamos deliberadamente a la adici\u00f3n artificial de az\u00facar refinado en nuestros productos. El contenido de az\u00facar que aparece en la informaci\u00f3n nutricional se refiere al contenido de az\u00facar natural de la fruta.  <\/li>\n<li> Un delicioso tentempi\u00e9 que te da energ\u00eda est\u00e9s donde est\u00e9s. Apto para vegetarianos y veganos; El contenido de az\u00facar natural puede provocar la formaci\u00f3n de cristales en la superficie. Esto no significa que el producto est\u00e9 deteriorado, puesto que no afecta a la calidad ni al sabor.  <\/li>\n<li> Junto con una tabla de quesos aportar\u00e1n un toque diferente a cualquier celebraci\u00f3n u ocasi\u00f3n especial  <\/li>\n<li> Cultivados bajo el sol de Turqu\u00eda, estos higos se distinguen por su textura y sabor; Las frutas y los frutos secos bio son productos naturales cuyo sabor puede variar ligeramente debido a las condiciones de crecimiento derivadas del clima y las circunstancias regionales. En el caso de los frutos secos, la proporci\u00f3n de sustancia amarga tambi\u00e9n puede variar de manera natural.  <\/li>\n<\/ul>\n","protected":false},"featured_media":5352,"comment_status":"open","ping_status":"closed","template":"","meta":[],"product_cat":[189],"product_tag":[],"class_list":{"0":"post-5352","1":"product","2":"type-product","3":"status-publish","4":"has-post-thumbnail","6":"product_brand-marca-mundo-feliz","7":"product_cat-frutos-secos","9":"first","10":"instock","11":"shipping-taxable","12":"purchasable","13":"product-type-simple"},"_links":{"self":[{"href":"https:\/\/ecotienda.com\/index.php?rest_route=\/wp\/v2\/product\/5352","targetHints":{"allow":["GET"]}}],"collection":[{"href":"https:\/\/ecotienda.com\/index.php?rest_route=\/wp\/v2\/product"}],"about":[{"href":"https:\/\/ecotienda.com\/index.php?rest_route=\/wp\/v2\/types\/product"}],"replies":[{"embeddable":true,"href":"https:\/\/ecotienda.com\/index.php?rest_route=%2Fwp%2Fv2%2Fcomments&post=5352"}],"wp:featuredmedia":[{"embeddable":true,"href":"https:\/\/ecotienda.com\/index.php?rest_route=\/wp\/v2\/product\/5352"}],"wp:attachment":[{"href":"https:\/\/ecotienda.com\/index.php?rest_route=%2Fwp%2Fv2%2Fmedia&parent=5352"}],"wp:term":[{"taxonomy":"product_cat","embeddable":true,"href":"https:\/\/ecotienda.com\/index.php?rest_route=%2Fwp%2Fv2%2Fproduct_cat&post=5352"},{"taxonomy":"product_tag","embeddable":true,"href":"https:\/\/ecotienda.com\/index.php?rest_route=%2Fwp%2Fv2%2Fproduct_tag&post=5352"}],"curies":[{"name":"wp","href":"https:\/\/api.w.org\/{rel}","templated":true}]}}