{"id":5354,"date":"2025-11-23T11:19:57","date_gmt":"2025-11-23T10:19:57","guid":{"rendered":"https:\/\/ecotienda.com\/?product=mundo-feliz-almendras-ecologicas-enteras-2-bolsas-de-500-g"},"modified":"2025-12-02T18:09:44","modified_gmt":"2025-12-02T17:09:44","slug":"mundo-feliz-almendras-ecologicas-enteras-2-bolsas-de-500-g","status":"publish","type":"product","link":"https:\/\/ecotienda.com\/?product=mundo-feliz-almendras-ecologicas-enteras-2-bolsas-de-500-g","title":{"rendered":"Mundo Feliz &#8211; Almendras ecol\u00f3gicas enteras, 2 bolsas de 500 g"},"content":{"rendered":"<div class=\"woocommerce-product-details\">\n<div id=\"aplus_feature_div\" class=\"celwidget\" data-feature-name=\"aplus\" data-csa-c-type=\"widget\" data-csa-c-content-id=\"aplus\" data-csa-c-slot-id=\"aplus_feature_div\" data-csa-c-asin=\"\" data-csa-c-is-in-initial-active-row=\"false\">\n<div id=\"aplus\" class=\"a-section a-spacing-large bucket\">\n<h3 class=\"\">M\u00e1s informaci\u00f3n del producto<\/h3>\n<div lang=\"es_ES\">\n<div class=\"aplus-v2 desktop celwidget\">\n<div class=\"celwidget aplus-module module-8 aplus-standard\">\n<div class=\"aplus-module-wrapper apm-fixed-width\">\n<div class=\"apm-spacing\">\n<div class=\"apm-lefttwothirdswrap apm-floatleft\">\n<div class=\"apm-leftimage\"> <img data-opt-id=686589060  fetchpriority=\"high\" decoding=\"async\" alt=\"Snack crujiente\" src=\"https:\/\/m.media-amazon.com\/images\/S\/aplus-media-library-service-media\/b5c8d13c-5fba-4cb0-8cfd-79c8d83ec0e8.__CR293,0,1414,1414_PT0_SX300_V1___.jpg\" style=\"max-width: 100%;height: auto\"> <\/div>\n<div class=\"apm-centerthirdcol\">\n<h3 class=\"a-spacing-mini\"> Almendras crudas crudas <\/h3>\n<h4 class=\"a-spacing-mini a-color-secondary\"> En el cereal una delicia <\/h4>\n<p class=\"a-spacing-base\"> Las almendras enteras Mundo Feliz son excelentes como una adici\u00f3n sabrosa y crujiente a cereales, ensaladas y otros platos. <\/p>\n<h4 class=\"a-spacing-mini a-color-secondary\"> Libre de aditivos <\/h4>\n<p class=\"a-spacing-base\"> Las almendras Mundo Feliz son sin tostar y sin sal ni az\u00facar a\u00f1adidos. <\/p>\n<h4 class=\"a-spacing-mini a-color-secondary\"> Procedente de la agricultura ecol\u00f3gica <\/h4>\n<p class=\"a-spacing-base\"> Las almendras Mundo Feliz proceden de socios cultivadores que operan de acuerdo con las directivas ecol\u00f3gicas del Reglamento comunitario ecol\u00f3gico. El cumplimiento de los est\u00e1ndares org\u00e1nicos es verificado peri\u00f3dicamente por organismos de control externos. <\/p>\n<\/p>\n<\/div>\n<\/div>\n<div class=\"apm-rightthirdcol\">\n<div class=\"apm-rightthirdcol-inner\">\n<h4> Almendras org\u00e1nicas* <\/h4>\n<div class=\"a-box a-spacing-small a-color-alternate-background apm-listbox\">\n<div class=\"a-box-inner\">\n<ul class=\"a-unordered-list a-vertical\">\n<li><span class=\"a-list-item\"> <span class=\"a-size-base\"> De socios seleccionados <\/span> <\/span><\/li>\n<li><span class=\"a-list-item\"> <span class=\"a-size-base\"> Sin sal ni az\u00facar a\u00f1adidos <\/span> <\/span><\/li>\n<li><span class=\"a-list-item\"> <span class=\"a-size-base\"> Sin ingenier\u00eda gen\u00e9tica* <\/span> <\/span><\/li>\n<li><span class=\"a-list-item\"> <span class=\"a-size-base\"> Sin conservantes* <\/span> <\/span><\/li>\n<li><span class=\"a-list-item\"> <span class=\"a-size-base\"> Vegano <\/span> <\/span><\/li>\n<li><span class=\"a-list-item\"> <span class=\"a-size-base\"> *seg\u00fan el Reglamento CE ecol\u00f3gico <\/span> <\/span><\/li>\n<\/ul>\n<\/div><\/div>\n<\/div>\n<\/div>\n<\/div>\n<\/div>\n<\/div>\n<div class=\"celwidget aplus-module module-3 aplus-standard\">\n<div class=\"aplus-module-wrapper apm-floatnone apm-fixed-width\">\n<div class=\"apm-sidemodule apm-spacing\">\n<div class=\"apm-sidemodule-imageright\"> <img data-opt-id=1575630697  fetchpriority=\"high\" decoding=\"async\" alt=\"Almendras org\u00e1nicas de cultivo controlado\" src=\"https:\/\/m.media-amazon.com\/images\/S\/aplus-media-library-service-media\/04773f10-f157-46c0-9e7e-25ea102c9bef.__CR293,0,1414,1414_PT0_SX300_V1___.jpg\" style=\"max-width: 100%;height: auto\"> <\/div>\n<div class=\"apm-sidemodule-textleft\">\n<h3 class=\"a-spacing-mini\"> Prunus dulcis &#8211; El almendro <\/h3>\n<p> El almendro es bien reconocible en primavera por sus flores blancas a rosadas. Las almendras dulces son aptas para el consumo crudo y tambi\u00e9n se utilizan para hacer mazap\u00e1n y otros platos dulces. <\/p>\n<\/p>\n<\/div>\n<\/div>\n<\/div>\n<\/div>\n<div class=\"celwidget aplus-module module-5 aplus-standard\">\n<div class=\"aplus-module-wrapper apm-fixed-width\">\n<div class=\"apm-spacing aplus-module-content\">\n<div class=\"apm-tablemodule\">\n<table class=\"apm-tablemodule-table\" cellspacing=\"0\" cellpadding=\"0\">\n<tbody>\n<tr class=\"apm-tablemodule-imagerows\">\n<td class=\"apm-tablemodule-blankkeyhead\" \/>\n<th> <a href='\/dp\/B07WS8FHTZ?ref=emc_s_m_5_i_atc'> <\/p>\n<div class=\"apm-tablemodule-image\"> <img data-opt-id=1582143319  data-opt-src=\"https:\/\/m.media-amazon.com\/images\/S\/aplus-media-library-service-media\/4a206def-0dac-4fea-88b1-59d55604810d.__CR90,0,1001,2001_PT0_SX150_V1___.jpg\"  decoding=\"async\" alt=\"\" src=\"data:image/svg+xml,%3Csvg%20viewBox%3D%220%200%20100%%20100%%22%20width%3D%22100%%22%20height%3D%22100%%22%20xmlns%3D%22http%3A%2F%2Fwww.w3.org%2F2000%2Fsvg%22%3E%3Crect%20width%3D%22100%%22%20height%3D%22100%%22%20fill%3D%22transparent%22%2F%3E%3C%2Fsvg%3E\" width=\"121.66666666666667px\" style=\"max-width: 100%;height: auto\"> <\/div>\n<div> Mundo Feliz Avellanas <\/div>\n<p> <\/a> <\/th>\n<th> <a href='\/dp\/B07WTDFBM1?ref=emc_s_m_5_i_atc'> <\/p>\n<div class=\"apm-tablemodule-image\"> <img data-opt-id=871747066  data-opt-src=\"https:\/\/m.media-amazon.com\/images\/S\/aplus-media-library-service-media\/aa1c72cb-0b4c-4a84-9445-604f07f3fc71.__CR91,0,1001,2001_PT0_SX150_V1___.jpg\"  decoding=\"async\" alt=\"\" src=\"data:image/svg+xml,%3Csvg%20viewBox%3D%220%200%20100%%20100%%22%20width%3D%22100%%22%20height%3D%22100%%22%20xmlns%3D%22http%3A%2F%2Fwww.w3.org%2F2000%2Fsvg%22%3E%3Crect%20width%3D%22100%%22%20height%3D%22100%%22%20fill%3D%22transparent%22%2F%3E%3C%2Fsvg%3E\" width=\"121.66666666666667px\" style=\"max-width: 100%;height: auto\"> <\/div>\n<div> Mundo Feliz Nueces <\/div>\n<p> <\/a> <\/th>\n<th> <a href='\/dp\/B07WXM7DB8?ref=emc_s_m_5_i_atc'> <\/p>\n<div class=\"apm-tablemodule-image\"> <img data-opt-id=869968176  data-opt-src=\"https:\/\/m.media-amazon.com\/images\/S\/aplus-media-library-service-media\/e6c69060-a7fb-4b25-8965-ae90b1942a19.__CR63,0,1001,2001_PT0_SX150_V1___.jpg\"  decoding=\"async\" alt=\"\" src=\"data:image/svg+xml,%3Csvg%20viewBox%3D%220%200%20100%%20100%%22%20width%3D%22100%%22%20height%3D%22100%%22%20xmlns%3D%22http%3A%2F%2Fwww.w3.org%2F2000%2Fsvg%22%3E%3Crect%20width%3D%22100%%22%20height%3D%22100%%22%20fill%3D%22transparent%22%2F%3E%3C%2Fsvg%3E\" width=\"121.66666666666667px\" style=\"max-width: 100%;height: auto\"> <\/div>\n<div> Mundo Feliz Anacardos <\/div>\n<p> <\/a> <\/th>\n<th> <a href='\/dp\/B07WWHT3ZY?ref=emc_s_m_5_i_atc'> <\/p>\n<div class=\"apm-tablemodule-image\"> <img data-opt-id=184810999  data-opt-src=\"https:\/\/m.media-amazon.com\/images\/S\/aplus-media-library-service-media\/15a919e7-a526-4cae-9224-dc6cafb582ad.__CR154,0,1001,2001_PT0_SX150_V1___.jpg\"  decoding=\"async\" alt=\"\" src=\"data:image/svg+xml,%3Csvg%20viewBox%3D%220%200%20100%%20100%%22%20width%3D%22100%%22%20height%3D%22100%%22%20xmlns%3D%22http%3A%2F%2Fwww.w3.org%2F2000%2Fsvg%22%3E%3Crect%20width%3D%22100%%22%20height%3D%22100%%22%20fill%3D%22transparent%22%2F%3E%3C%2Fsvg%3E\" width=\"121.66666666666667px\" style=\"max-width: 100%;height: auto\"> <\/div>\n<div> Mundo Feliz Pecanas <\/div>\n<p> <\/a> <\/th>\n<th> <a href='\/dp\/B07WWHV4QW?ref=emc_s_m_5_i_atc'> <\/p>\n<div class=\"apm-tablemodule-image\"> <img data-opt-id=740744859  data-opt-src=\"https:\/\/m.media-amazon.com\/images\/S\/aplus-media-library-service-media\/61d9deb5-4c33-4e8d-9565-abff47829bef.__CR109,0,1001,2001_PT0_SX150_V1___.jpg\"  decoding=\"async\" alt=\"\" src=\"data:image/svg+xml,%3Csvg%20viewBox%3D%220%200%20100%%20100%%22%20width%3D%22100%%22%20height%3D%22100%%22%20xmlns%3D%22http%3A%2F%2Fwww.w3.org%2F2000%2Fsvg%22%3E%3Crect%20width%3D%22100%%22%20height%3D%22100%%22%20fill%3D%22transparent%22%2F%3E%3C%2Fsvg%3E\" width=\"121.66666666666667px\" style=\"max-width: 100%;height: auto\"> <\/div>\n<div> Mundo Feliz Nueces de Brasil <\/div>\n<p> <\/a> <\/th>\n<th> <a href='\/dp\/B07WPDPCM6?ref=emc_s_m_5_i_atc'> <\/p>\n<div class=\"apm-tablemodule-image\"> <img data-opt-id=763696147  data-opt-src=\"https:\/\/m.media-amazon.com\/images\/S\/aplus-media-library-service-media\/dfb0d7fc-c774-40a1-950a-1c1608137b36.__CR90,0,1001,2001_PT0_SX150_V1___.jpg\"  decoding=\"async\" alt=\"\" src=\"data:image/svg+xml,%3Csvg%20viewBox%3D%220%200%20100%%20100%%22%20width%3D%22100%%22%20height%3D%22100%%22%20xmlns%3D%22http%3A%2F%2Fwww.w3.org%2F2000%2Fsvg%22%3E%3Crect%20width%3D%22100%%22%20height%3D%22100%%22%20fill%3D%22transparent%22%2F%3E%3C%2Fsvg%3E\" width=\"121.66666666666667px\" style=\"max-width: 100%;height: auto\"> <\/div>\n<div> Mundo Feliz Almendras <\/div>\n<p> <\/a> <\/th>\n<\/tr>\n<tr class=\"apm-tablemodule-atc\">\n<td class=\"apm-tablemodule-blankkeyhead\" \/>\n<td> <\/td>\n<td> <\/td>\n<td> <\/td>\n<td> <\/td>\n<td> <\/td>\n<td> <\/td>\n<\/tr>\n<tr class=\"apm-tablemodule-keyvalue\">\n<th class=\"apm-tablemodule-keyhead\"> <span class=\"a-color-secondary\"> Opiniones de clientes <\/span> <\/th>\n<td class=\"apm-tablemodule-valuecell apm-checked\" style=\"width:191px\">\n<div class=\"\">\n<div class=\"a-size-base\"> <i class=\"a-icon a-icon-star-small a-star-small-4 a-spacing-none\"><span class=\"a-icon-alt\">4,2 de 5 estrellas<\/span><\/i> <span class=\"a-size-mini a-color-base\">1.599<\/span> <\/div>\n<\/div>\n<\/td>\n<td class=\"apm-tablemodule-valuecell apm-checked\" style=\"width:191px\">\n<div class=\"\">\n<div class=\"a-size-base\"> <i class=\"a-icon a-icon-star-small a-star-small-3-5 a-spacing-none\"><span class=\"a-icon-alt\">3,7 de 5 estrellas<\/span><\/i> <span class=\"a-size-mini a-color-base\">936<\/span> <\/div>\n<\/div>\n<\/td>\n<td class=\"apm-tablemodule-valuecell apm-checked\" style=\"width:191px\">\n<div class=\"\">\n<div class=\"a-size-base\"> <i class=\"a-icon a-icon-star-small a-star-small-4-5 a-spacing-none\"><span class=\"a-icon-alt\">4,4 de 5 estrellas<\/span><\/i> <span class=\"a-size-mini a-color-base\">2.533<\/span> <\/div>\n<\/div>\n<\/td>\n<td class=\"apm-tablemodule-valuecell apm-checked\" style=\"width:191px\">\n<div class=\"\">\n<div class=\"a-size-base\"> <i class=\"a-icon a-icon-star-small a-star-small-4-5 a-spacing-none\"><span class=\"a-icon-alt\">4,4 de 5 estrellas<\/span><\/i> <span class=\"a-size-mini a-color-base\">348<\/span> <\/div>\n<\/div>\n<\/td>\n<td class=\"apm-tablemodule-valuecell apm-checked\" style=\"width:191px\">\n<div class=\"\">\n<div class=\"a-size-base\"> <i class=\"a-icon a-icon-star-small a-star-small-4-5 a-spacing-none\"><span class=\"a-icon-alt\">4,3 de 5 estrellas<\/span><\/i> <span class=\"a-size-mini a-color-base\">1.925<\/span> <\/div>\n<\/div>\n<\/td>\n<td class=\"apm-tablemodule-valuecell apm-checked selected\" style=\"width:191px\">\n<div class=\"\">\n<div class=\"a-size-base\"> <i class=\"a-icon a-icon-star-small a-star-small-4 a-spacing-none\"><span class=\"a-icon-alt\">4,2 de 5 estrellas<\/span><\/i> <span class=\"a-size-mini a-color-base\">1.127<\/span> <\/div>\n<\/div>\n<\/td>\n<\/tr>\n<tr class=\"apm-tablemodule-keyvalue\">\n<th class=\"apm-tablemodule-keyhead\"> <span class=\"a-color-secondary\"> Precio <\/span> <\/th>\n<td class=\"apm-tablemodule-valuecell apm-checked\" style=\"width:191px\"> <span class=\"a-price\" data-a-size=\"medium_plus\" data-a-color=\"base\"><span class=\"a-offscreen\">17,15\u00a0\u20ac<\/span><span aria-hidden=\"true\"><span class=\"a-price-symbol\">\u20ac<\/span><span class=\"a-price-whole\">17<span class=\"a-price-decimal\">,<\/span><\/span><span class=\"a-price-fraction\">15<\/span><\/span><\/span> <\/td>\n<td class=\"apm-tablemodule-valuecell apm-checked\" style=\"width:191px\"> <span class=\"a-price\" data-a-size=\"medium_plus\" data-a-color=\"base\"><span class=\"a-offscreen\">17,40\u00a0\u20ac<\/span><span aria-hidden=\"true\"><span class=\"a-price-symbol\">\u20ac<\/span><span class=\"a-price-whole\">17<span class=\"a-price-decimal\">,<\/span><\/span><span class=\"a-price-fraction\">40<\/span><\/span><\/span> <\/td>\n<td class=\"apm-tablemodule-valuecell apm-checked\" style=\"width:191px\"> <span class=\"a-price\" data-a-size=\"medium_plus\" data-a-color=\"base\"><span class=\"a-offscreen\">19,34\u00a0\u20ac<\/span><span aria-hidden=\"true\"><span class=\"a-price-symbol\">\u20ac<\/span><span class=\"a-price-whole\">19<span class=\"a-price-decimal\">,<\/span><\/span><span class=\"a-price-fraction\">34<\/span><\/span><\/span> <\/td>\n<td class=\"apm-tablemodule-valuecell apm-checked\" style=\"width:191px\"> <span class=\"a-price\" data-a-size=\"medium_plus\" data-a-color=\"base\"><span class=\"a-offscreen\">21,06\u00a0\u20ac<\/span><span aria-hidden=\"true\"><span class=\"a-price-symbol\">\u20ac<\/span><span class=\"a-price-whole\">21<span class=\"a-price-decimal\">,<\/span><\/span><span class=\"a-price-fraction\">06<\/span><\/span><\/span> <\/td>\n<td class=\"apm-tablemodule-valuecell apm-checked\" style=\"width:191px\"> <span class=\"a-price\" data-a-size=\"medium_plus\" data-a-color=\"base\"><span class=\"a-offscreen\">26,37\u00a0\u20ac<\/span><span aria-hidden=\"true\"><span class=\"a-price-symbol\">\u20ac<\/span><span class=\"a-price-whole\">26<span class=\"a-price-decimal\">,<\/span><\/span><span class=\"a-price-fraction\">37<\/span><\/span><\/span> <\/td>\n<td class=\"apm-tablemodule-valuecell apm-checked selected\" style=\"width:191px\"> <span class=\"a-price\" data-a-size=\"medium_plus\" data-a-color=\"base\"><span class=\"a-offscreen\">16,85\u00a0\u20ac<\/span><span aria-hidden=\"true\"><span class=\"a-price-symbol\">\u20ac<\/span><span class=\"a-price-whole\">16<span class=\"a-price-decimal\">,<\/span><\/span><span class=\"a-price-fraction\">85<\/span><\/span><\/span> <\/td>\n<\/tr>\n<tr class=\"apm-tablemodule-keyvalue\">\n<th class=\"apm-tablemodule-keyhead\"> <span class=\"a-color-secondary\"> org\u00e1nico <\/span> <\/th>\n<td class=\"apm-tablemodule-valuecell apm-checked\" style=\"width:191px\"> <span class=\"a-size-base\"> &#10003; <\/span> <\/td>\n<td class=\"apm-tablemodule-valuecell apm-checked\" style=\"width:191px\"> <span class=\"a-size-base\"> &#10003; <\/span> <\/td>\n<td class=\"apm-tablemodule-valuecell apm-checked\" style=\"width:191px\"> <span class=\"a-size-base\"> &#10003; <\/span> <\/td>\n<td class=\"apm-tablemodule-valuecell apm-checked\" style=\"width:191px\"> <span class=\"a-size-base\"> &#10003; <\/span> <\/td>\n<td class=\"apm-tablemodule-valuecell apm-checked\" style=\"width:191px\"> <span class=\"a-size-base\"> &#10003; <\/span> <\/td>\n<td class=\"apm-tablemodule-valuecell apm-checked selected\" style=\"width:191px\"> <span class=\"a-size-base\"> &#10003; <\/span> <\/td>\n<\/tr>\n<tr class=\"apm-tablemodule-keyvalue\">\n<th class=\"apm-tablemodule-keyhead\"> <span class=\"a-color-secondary\"> Sin aditivos <\/span> <\/th>\n<td class=\"apm-tablemodule-valuecell apm-checked\" style=\"width:191px\"> <span class=\"a-size-base\"> &#10003; <\/span> <\/td>\n<td class=\"apm-tablemodule-valuecell apm-checked\" style=\"width:191px\"> <span class=\"a-size-base\"> &#10003; <\/span> <\/td>\n<td class=\"apm-tablemodule-valuecell apm-checked\" style=\"width:191px\"> <span class=\"a-size-base\"> &#10003; <\/span> <\/td>\n<td class=\"apm-tablemodule-valuecell apm-checked\" style=\"width:191px\"> <span class=\"a-size-base\"> &#10003; <\/span> <\/td>\n<td class=\"apm-tablemodule-valuecell apm-checked\" style=\"width:191px\"> <span class=\"a-size-base\"> &#10003; <\/span> <\/td>\n<td class=\"apm-tablemodule-valuecell apm-checked selected\" style=\"width:191px\"> <span class=\"a-size-base\"> &#10003; <\/span> <\/td>\n<\/tr>\n<tr class=\"apm-tablemodule-keyvalue\">\n<th class=\"apm-tablemodule-keyhead\"> <span class=\"a-color-secondary\"> ingenier\u00eda gen\u00e9tica <\/span> <\/th>\n<td class=\"apm-tablemodule-valuecell\" style=\"width:191px\"> <span class=\"a-size-base\"> No <\/span> <\/td>\n<td class=\"apm-tablemodule-valuecell\" style=\"width:191px\"> <span class=\"a-size-base\"> No <\/span> <\/td>\n<td class=\"apm-tablemodule-valuecell\" style=\"width:191px\"> <span class=\"a-size-base\"> No <\/span> <\/td>\n<td class=\"apm-tablemodule-valuecell\" style=\"width:191px\"> <span class=\"a-size-base\"> No <\/span> <\/td>\n<td class=\"apm-tablemodule-valuecell\" style=\"width:191px\"> <span class=\"a-size-base\"> No <\/span> <\/td>\n<td class=\"apm-tablemodule-valuecell selected\" style=\"width:191px\"> <span class=\"a-size-base\"> No <\/span> <\/td>\n<\/tr>\n<tr class=\"apm-tablemodule-keyvalue\">\n<th class=\"apm-tablemodule-keyhead\"> <span class=\"a-color-secondary\"> Pa\u00eds de origen: <\/span> <\/th>\n<td class=\"apm-tablemodule-valuecell\" style=\"width:191px\"> <span class=\"a-size-base\"> Turqu\u00eda <\/span> <\/td>\n<td class=\"apm-tablemodule-valuecell\" style=\"width:191px\"> <span class=\"a-size-base\"> Moldavia, Ucrania y Ruman\u00eda <\/span> <\/td>\n<td class=\"apm-tablemodule-valuecell\" style=\"width:191px\"> <span class=\"a-size-base\"> Vietnam, Costa de Marfil y Brasil <\/span> <\/td>\n<td class=\"apm-tablemodule-valuecell\" style=\"width:191px\"> <span class=\"a-size-base\"> Sud\u00e1frica <\/span> <\/td>\n<td class=\"apm-tablemodule-valuecell\" style=\"width:191px\"> <span class=\"a-size-base\"> Bolivia <\/span> <\/td>\n<td class=\"apm-tablemodule-valuecell selected\" style=\"width:191px\"> <span class=\"a-size-base\"> Espa\u00f1a e Italia <\/span> <\/td>\n<\/tr>\n<tr class=\"apm-tablemodule-keyvalue\">\n<th class=\"apm-tablemodule-keyhead\"> <span class=\"a-color-secondary\"> Embalado en Alemania <\/span> <\/th>\n<td class=\"apm-tablemodule-valuecell apm-checked\" style=\"width:191px\"> <span class=\"a-size-base\"> &#10003; <\/span> <\/td>\n<td class=\"apm-tablemodule-valuecell apm-checked\" style=\"width:191px\"> <span class=\"a-size-base\"> &#10003; <\/span> <\/td>\n<td class=\"apm-tablemodule-valuecell apm-checked\" style=\"width:191px\"> <span class=\"a-size-base\"> &#10003; <\/span> <\/td>\n<td class=\"apm-tablemodule-valuecell apm-checked\" style=\"width:191px\"> <span class=\"a-size-base\"> &#10003; <\/span> <\/td>\n<td class=\"apm-tablemodule-valuecell apm-checked\" style=\"width:191px\"> <span class=\"a-size-base\"> &#10003; <\/span> <\/td>\n<td class=\"apm-tablemodule-valuecell apm-checked selected\" style=\"width:191px\"> <span class=\"a-size-base\"> &#10003; <\/span> <\/td>\n<\/tr>\n<\/tbody>\n<\/table>\n<\/div>\n<\/div>\n<\/div>\n<\/div>\n<\/div>\n<\/div>\n<\/div>\n<\/div>\n<h3>Descripci\u00f3n del producto<\/h3>\n<p>Descripci\u00f3n del producto<\/p>\n<p> Disfruta de las almendras ecol\u00f3gicas enteras de Mundo Feliz (2 bolsas de 500\u00a0g, 1\u00a0kg en total) cuando quieras picar algo entre comidas. Nuestras almendras, procedentes de cultivos controlados con el certificado ecol\u00f3gico, se dejan crudas para que conserven todos sus nutrientes. Tampoco contienen OMG. Ingredientes<\/p>\n<p> ALMENDRAS*. *de agricultura ecol\u00f3gica. Puede contener trazas de otros frutos secos y de CACAHUETES direcci\u00f3n<\/p>\n<p> Consumir tal como en merienda o a\u00f1adir a sus ensaladas, batidos o platos cocidos. Ver m\u00e1s<\/p>\n<h3>Recursos de seguridad y productos<\/h3>\n<p>Recursos de seguridad y productosInformaci\u00f3n normativa El n\u00famero de c\u00f3digo del organismo de control ecol\u00f3gico: LU-BIO-04.Im\u00e1genes y contactosIm\u00e1genes y contactos de seguridad Recursos de seguridad y productosProblema al cargar la informaci\u00f3nLo sentimos, no hemos podido mostrar la informaci\u00f3n debido a un problema. Vuelve a cargar la p\u00e1gina o int\u00e9ntalo de nuevo m\u00e1s tarde.Im\u00e1genes y contactos Im\u00e1genes de seguridad del producto Informaci\u00f3n del fabricante Persona responsable Problema al cargar la informaci\u00f3nLo sentimos, no hemos podido mostrar la informaci\u00f3n de la persona responsable debido a un problema. Vuelve a cargar la p\u00e1gina o int\u00e9ntalo de nuevo m\u00e1s tarde.Problema al cargar la informaci\u00f3nLo sentimos, no hemos podido mostrar la informaci\u00f3n del fabricante debido a un problema. Vuelve a cargar la p\u00e1gina o int\u00e9ntalo de nuevo m\u00e1s tarde.Problema al cargar la informaci\u00f3nLo sentimos, no hemos podido mostrar las im\u00e1genes de seguridad del producto debido a un problema. Vuelve a cargar la p\u00e1gina o int\u00e9ntalo de nuevo m\u00e1s tarde.<\/p>\n<table id=\"productDetails_techSpec_section_1\" class=\"a-keyvalue prodDetTable\">\n<tr>\n<th class=\"a-color-secondary a-size-base prodDetSectionEntry\"> Dimensiones del producto <\/th>\n<td class=\"a-size-base prodDetAttrValue\"> &lrm;5,5 x 9 x 22 cm; 507 g <\/td>\n<\/tr>\n<tr>\n<th class=\"a-color-secondary a-size-base prodDetSectionEntry\"> Informaci\u00f3n sobre al\u00e9rgenos <\/th>\n<td class=\"a-size-base prodDetAttrValue\"> &lrm;Contiene: Puede contener frutos secos <\/td>\n<\/tr>\n<tr>\n<th class=\"a-color-secondary a-size-base prodDetSectionEntry\"> Peso <\/th>\n<td class=\"a-size-base prodDetAttrValue\"> &lrm;1000 Gramos <\/td>\n<\/tr>\n<tr>\n<th class=\"a-color-secondary a-size-base prodDetSectionEntry\"> Unidades <\/th>\n<td class=\"a-size-base prodDetAttrValue\"> &lrm;1000.0 gramo <\/td>\n<\/tr>\n<tr>\n<th class=\"a-color-secondary a-size-base prodDetSectionEntry\"> Marca <\/th>\n<td class=\"a-size-base prodDetAttrValue\"> &lrm;Mundo Feliz <\/td>\n<\/tr>\n<tr>\n<th class=\"a-color-secondary a-size-base prodDetSectionEntry\"> Cocina <\/th>\n<td class=\"a-size-base prodDetAttrValue\"> &lrm;Gastronom\u00eda mediterr\u00e1nea <\/td>\n<\/tr>\n<tr>\n<th class=\"a-color-secondary a-size-base prodDetSectionEntry\"> Forma del Art\u00edculo <\/th>\n<td class=\"a-size-base prodDetAttrValue\"> &lrm;Crudas,Enteras,Secos <\/td>\n<\/tr>\n<tr>\n<th class=\"a-color-secondary a-size-base prodDetSectionEntry\"> Descripci\u00f3n del rango de edad <\/th>\n<td class=\"a-size-base prodDetAttrValue\"> &lrm;Todas las edades <\/td>\n<\/tr>\n<tr>\n<th class=\"a-color-secondary a-size-base prodDetSectionEntry\"> Funciones especiales <\/th>\n<td class=\"a-size-base prodDetAttrValue\"> &lrm;Libre de aditivos artificiales, az\u00facares a\u00f1adidos, conservantes de gluten y OMG. Apto para veganos y vegetarianos. <\/td>\n<\/tr>\n<tr>\n<th class=\"a-color-secondary a-size-base prodDetSectionEntry\"> Certificaci\u00f3n <\/th>\n<td class=\"a-size-base prodDetAttrValue\"> &lrm;EU Organic <\/td>\n<\/tr>\n<tr>\n<th class=\"a-color-secondary a-size-base prodDetSectionEntry\"> Fabricante <\/th>\n<td class=\"a-size-base prodDetAttrValue\"> &lrm;EgeSun GmbH <\/td>\n<\/tr>\n<tr>\n<th class=\"a-color-secondary a-size-base prodDetSectionEntry\"> Peso del producto <\/th>\n<td class=\"a-size-base prodDetAttrValue\"> &lrm;507 g <\/td>\n<\/tr>\n<tr>\n<th class=\"a-color-secondary a-size-base prodDetSectionEntry\"> Pa\u00eds de origen <\/th>\n<td class=\"a-size-base prodDetAttrValue\"> &lrm;Alemania <\/td>\n<\/tr>\n<\/table><\/div>\n","protected":false},"excerpt":{"rendered":"<ul>\n<li> 2 bolsas de 500 g  <\/li>\n<li> Almendras ecol\u00f3gicas. Llenas de sabor, crudas y 100 % naturales; Puesto que no utilizamos aditivos, aromas, sulfitos o similares, nuestros productos presentan un color diferente al producto de base. Sin embargo, esto no afecta al sabor ni a la calidad  <\/li>\n<li> Un tentempi\u00e9 mediterr\u00e1neo rico en vitaminas y minerales; Renunciamos deliberadamente a la adici\u00f3n artificial de az\u00facar refinado en nuestros productos. El contenido de az\u00facar que aparece en la informaci\u00f3n nutricional se refiere al contenido de az\u00facar natural de la fruta  <\/li>\n<li> Procedentes de cultivos ecol\u00f3gicos controlados y revisadas de manera independiente para garantizar la m\u00e1xima calidad  <\/li>\n<li> Ideales para a\u00f1adir a muchos platos, ensaladas o a los cereales del desayuno  <\/li>\n<li> Sin tostar, sin sal, crudas; Las frutas y los frutos secos bio son productos naturales cuyo sabor puede variar ligeramente debido a las condiciones de crecimiento derivadas del clima y las circunstancias regionales. En el caso de los frutos secos, la proporci\u00f3n de sustancia amarga tambi\u00e9n puede variar de manera natural  <\/li>\n<\/ul>\n","protected":false},"featured_media":5354,"comment_status":"open","ping_status":"closed","template":"","meta":[],"product_cat":[189],"product_tag":[],"class_list":{"0":"post-5354","1":"product","2":"type-product","3":"status-publish","4":"has-post-thumbnail","6":"product_brand-marca-mundo-feliz","7":"product_cat-frutos-secos","9":"first","10":"instock","11":"shipping-taxable","12":"purchasable","13":"product-type-simple"},"_links":{"self":[{"href":"https:\/\/ecotienda.com\/index.php?rest_route=\/wp\/v2\/product\/5354","targetHints":{"allow":["GET"]}}],"collection":[{"href":"https:\/\/ecotienda.com\/index.php?rest_route=\/wp\/v2\/product"}],"about":[{"href":"https:\/\/ecotienda.com\/index.php?rest_route=\/wp\/v2\/types\/product"}],"replies":[{"embeddable":true,"href":"https:\/\/ecotienda.com\/index.php?rest_route=%2Fwp%2Fv2%2Fcomments&post=5354"}],"wp:featuredmedia":[{"embeddable":true,"href":"https:\/\/ecotienda.com\/index.php?rest_route=\/wp\/v2\/product\/5354"}],"wp:attachment":[{"href":"https:\/\/ecotienda.com\/index.php?rest_route=%2Fwp%2Fv2%2Fmedia&parent=5354"}],"wp:term":[{"taxonomy":"product_cat","embeddable":true,"href":"https:\/\/ecotienda.com\/index.php?rest_route=%2Fwp%2Fv2%2Fproduct_cat&post=5354"},{"taxonomy":"product_tag","embeddable":true,"href":"https:\/\/ecotienda.com\/index.php?rest_route=%2Fwp%2Fv2%2Fproduct_tag&post=5354"}],"curies":[{"name":"wp","href":"https:\/\/api.w.org\/{rel}","templated":true}]}}