{"id":5376,"date":"2025-11-23T11:20:35","date_gmt":"2025-11-23T10:20:35","guid":{"rendered":"https:\/\/ecotienda.com\/?product=by-amazon-arandanos-secos-200-g-1-paquete"},"modified":"2025-12-02T18:11:58","modified_gmt":"2025-12-02T17:11:58","slug":"by-amazon-arandanos-secos-200-g-1-paquete","status":"publish","type":"product","link":"https:\/\/ecotienda.com\/?product=by-amazon-arandanos-secos-200-g-1-paquete","title":{"rendered":"by Amazon Ar\u00e1ndanos secos 200 g, 1 paquete"},"content":{"rendered":"<div class=\"woocommerce-product-details\">\n<div id=\"aplus_feature_div\" class=\"celwidget\" data-feature-name=\"aplus\" data-csa-c-type=\"widget\" data-csa-c-content-id=\"aplus\" data-csa-c-slot-id=\"aplus_feature_div\" data-csa-c-asin=\"\" data-csa-c-is-in-initial-active-row=\"false\">\n<div id=\"aplus\" class=\"a-section a-spacing-large bucket\">\n<h3 class=\"\">M\u00e1s informaci\u00f3n del producto<\/h3>\n<div lang=\"es_ES\">\n<div class=\"aplus-v2 desktop celwidget\">\n<div class=\"celwidget aplus-module premium-module-2-fullbackground-image aplus-premium\">\n<div class=\"a-section a-spacing-none premium-aplus premium-aplus-module-2\">\n<div class=\"a-section a-spacing-none premium-background-wrapper\">\n<div class=\"a-section a-spacing-none background-image\"> <img data-opt-id=1974878754  fetchpriority=\"high\" decoding=\"async\" alt=\"aplus content image\" src=\"https:\/\/m.media-amazon.com\/images\/S\/aplus-media-library-service-media\/65ebc66e-1bd0-4211-a382-1a3dcb16c93c.__CR0,0,1464,600_PT0_SX1464_V1___.jpg\" style=\"max-width: 100%;height: auto\"> <\/div>\n<\/div>\n<\/div>\n<\/div>\n<\/div>\n<\/div>\n<\/div>\n<\/div>\n<h3>Descripci\u00f3n del producto<\/h3>\n<p>Descripci\u00f3n del producto<\/p>\n<p> Ar\u00e1ndanos enteros endulzados secos Ingredientes<\/p>\n<p> Ar\u00e1ndanos rojos (66%), az\u00facar, aceite de girasol.Para los al\u00e9rgenos, consulte los ingredientes en MAY\u00daSCULAS.No apto para al\u00e9rgicos a los frutos de c\u00e1scara, los cacahuetes, el s\u00e9samo, la soja y los sulfitos, ni para cel\u00edacos, debido al m\u00e9todo de producci\u00f3n.<\/p>\n<h3>Recursos de seguridad y productos<\/h3>\n<p>Recursos de seguridad y productosIm\u00e1genes y contactosIm\u00e1genes y contactos de seguridad Recursos de seguridad y productosProblema al cargar la informaci\u00f3nLo sentimos, no hemos podido mostrar la informaci\u00f3n debido a un problema. Vuelve a cargar la p\u00e1gina o int\u00e9ntalo de nuevo m\u00e1s tarde.Im\u00e1genes y contactos Im\u00e1genes de seguridad del producto Informaci\u00f3n del fabricante Persona responsable Problema al cargar la informaci\u00f3nLo sentimos, no hemos podido mostrar la informaci\u00f3n de la persona responsable debido a un problema. Vuelve a cargar la p\u00e1gina o int\u00e9ntalo de nuevo m\u00e1s tarde.Problema al cargar la informaci\u00f3nLo sentimos, no hemos podido mostrar la informaci\u00f3n del fabricante debido a un problema. Vuelve a cargar la p\u00e1gina o int\u00e9ntalo de nuevo m\u00e1s tarde.Problema al cargar la informaci\u00f3nLo sentimos, no hemos podido mostrar las im\u00e1genes de seguridad del producto debido a un problema. Vuelve a cargar la p\u00e1gina o int\u00e9ntalo de nuevo m\u00e1s tarde.<\/p>\n<table id=\"productDetails_techSpec_section_1\" class=\"a-keyvalue prodDetTable\">\n<tr>\n<th class=\"a-color-secondary a-size-base prodDetSectionEntry\"> Dimensiones del producto <\/th>\n<td class=\"a-size-base prodDetAttrValue\"> &lrm;15,5 x 7 x 19 cm; 200 g <\/td>\n<\/tr>\n<tr>\n<th class=\"a-color-secondary a-size-base prodDetSectionEntry\"> Unidades <\/th>\n<td class=\"a-size-base prodDetAttrValue\"> &lrm;200.0 gramo <\/td>\n<\/tr>\n<tr>\n<th class=\"a-color-secondary a-size-base prodDetSectionEntry\"> C\u00f3mo servir el producto <\/th>\n<td class=\"a-size-base prodDetAttrValue\"> &lrm;25g <\/td>\n<\/tr>\n<tr>\n<th class=\"a-color-secondary a-size-base prodDetSectionEntry\"> Contacto del fabricante <\/th>\n<td class=\"a-size-base prodDetAttrValue\"> &lrm;\u200eAmazon EU Sarl, 38 avenue John F. Kennedy, L-1855 Luxembourg \/ Amazon UK, 1 Principal Place, Worship Street, London EC2A 2FA, United Kingdom <\/td>\n<\/tr>\n<tr>\n<th class=\"a-color-secondary a-size-base prodDetSectionEntry\"> Marca <\/th>\n<td class=\"a-size-base prodDetAttrValue\"> &lrm;by Amazon <\/td>\n<\/tr>\n<tr>\n<th class=\"a-color-secondary a-size-base prodDetSectionEntry\"> Funciones especiales <\/th>\n<td class=\"a-size-base prodDetAttrValue\"> &lrm;Vegano <\/td>\n<\/tr>\n<tr>\n<th class=\"a-color-secondary a-size-base prodDetSectionEntry\"> Fabricante <\/th>\n<td class=\"a-size-base prodDetAttrValue\"> &lrm;Amazon <\/td>\n<\/tr>\n<tr>\n<th class=\"a-color-secondary a-size-base prodDetSectionEntry\"> Peso del producto <\/th>\n<td class=\"a-size-base prodDetAttrValue\"> &lrm;200 g <\/td>\n<\/tr>\n<\/table><\/div>\n","protected":false},"excerpt":{"rendered":"<ul>\n<li> Seco, apto para dietas vegetarianas y veganas  <\/li>\n<\/ul>\n","protected":false},"featured_media":5376,"comment_status":"open","ping_status":"closed","template":"","meta":[],"product_cat":[189],"product_tag":[],"class_list":{"0":"post-5376","1":"product","2":"type-product","3":"status-publish","4":"has-post-thumbnail","6":"product_brand-visita-la-tienda-de-by-amazon","7":"product_cat-frutos-secos","9":"first","10":"instock","11":"sale","12":"shipping-taxable","13":"purchasable","14":"product-type-simple"},"_links":{"self":[{"href":"https:\/\/ecotienda.com\/index.php?rest_route=\/wp\/v2\/product\/5376","targetHints":{"allow":["GET"]}}],"collection":[{"href":"https:\/\/ecotienda.com\/index.php?rest_route=\/wp\/v2\/product"}],"about":[{"href":"https:\/\/ecotienda.com\/index.php?rest_route=\/wp\/v2\/types\/product"}],"replies":[{"embeddable":true,"href":"https:\/\/ecotienda.com\/index.php?rest_route=%2Fwp%2Fv2%2Fcomments&post=5376"}],"wp:featuredmedia":[{"embeddable":true,"href":"https:\/\/ecotienda.com\/index.php?rest_route=\/wp\/v2\/product\/5376"}],"wp:attachment":[{"href":"https:\/\/ecotienda.com\/index.php?rest_route=%2Fwp%2Fv2%2Fmedia&parent=5376"}],"wp:term":[{"taxonomy":"product_cat","embeddable":true,"href":"https:\/\/ecotienda.com\/index.php?rest_route=%2Fwp%2Fv2%2Fproduct_cat&post=5376"},{"taxonomy":"product_tag","embeddable":true,"href":"https:\/\/ecotienda.com\/index.php?rest_route=%2Fwp%2Fv2%2Fproduct_tag&post=5376"}],"curies":[{"name":"wp","href":"https:\/\/api.w.org\/{rel}","templated":true}]}}