{"id":5456,"date":"2025-11-23T11:26:07","date_gmt":"2025-11-23T10:26:07","guid":{"rendered":"https:\/\/ecotienda.com\/?product=caja-de-15-kg-de-mandarinas-de-valencia"},"modified":"2025-12-10T12:33:58","modified_gmt":"2025-12-10T11:33:58","slug":"caja-de-15-kg-de-mandarinas-de-valencia","status":"publish","type":"product","link":"https:\/\/ecotienda.com\/?product=caja-de-15-kg-de-mandarinas-de-valencia","title":{"rendered":"Caja de 15 Kg de mandarinas de Valencia"},"content":{"rendered":"<div class=\"woocommerce-product-details\">\n<div id=\"aplus_feature_div\" class=\"celwidget\" data-feature-name=\"aplus\" data-csa-c-type=\"widget\" data-csa-c-content-id=\"aplus\" data-csa-c-slot-id=\"aplus_feature_div\" data-csa-c-asin=\"\" data-csa-c-is-in-initial-active-row=\"false\">\n<div id=\"aplus\" class=\"a-section a-spacing-large bucket\">\n<h3 class=\"\">Descripci\u00f3n del producto<\/h3>\n<div lang=\"es_ES\">\n<div class=\"aplus-v2 desktop celwidget\">\n<div class=\"celwidget aplus-module 3p-module-b aplus-standard\">\n<div class=\"aplus-module-wrapper aplus-3p-fixed-width\">\n<h3 class=\"a-spacing-mini\"> Mandarinas recien cogidas <\/h3>\n<p> <img data-opt-id=1960668127  fetchpriority=\"high\" decoding=\"async\" alt=\"Comprar mandarinas\" src=\"https:\/\/m.media-amazon.com\/images\/S\/aplus-media-library-service-media\/54135995-bad9-4191-a9ba-8b73b2b709e7.__CR0,23,970,600_PT0_SX970_V1___.jpg\" \/ style=\"max-width: 100%; height: auto;\"> <\/p>\n<h3 class=\"a-spacing-mini\"> Propiedades de las mandarinas <\/h3>\n<p class=\"a-spacing-base\"> Las <span class=\"a-text-bold\">mandarinas<\/span> son frutas c\u00edtricas con m\u00faltiples beneficios para la salud. Estas son algunas de sus principales propiedades: <\/p>\n<p class=\"a-spacing-base\">\n<ul class=\"a-unordered-list a-vertical\">\n<li><span class=\"a-list-item\"><span class=\"a-text-bold\">Ricas en vitamina C<\/span> : Fortalece el sistema inmunol\u00f3gico y favorece la producci\u00f3n de col\u00e1geno.<\/span><\/li>\n<li><span class=\"a-list-item\"><span class=\"a-text-bold\">Fuente de fibra<\/span> : Mejora la digesti\u00f3n y previene el estre\u00f1imiento.<\/span><\/li>\n<li><span class=\"a-list-item\"><span class=\"a-text-bold\">Aportan antioxidantes<\/span> \ufe0f: Contienen flavonoides y betacarotenos que protegen las c\u00e9lulas del da\u00f1o oxidativo.<\/span><\/li>\n<li><span class=\"a-list-item\"><span class=\"a-text-bold\">Bajas en calor\u00edas<\/span> : Son ideales para dietas de control de peso.<\/span><\/li>\n<li><span class=\"a-list-item\"><span class=\"a-text-bold\">Minerales esenciales<\/span> Contienen potasio, magnesio y calcio, importantes para la funci\u00f3n muscular y \u00f3sea.<\/span><\/li>\n<\/ul>\n<p class=\"a-spacing-base\"> \u2714 <span class=\"a-text-bold\">Refuerzan el sistema inmunol\u00f3gico<\/span> \u2714 <span class=\"a-text-bold\">Hidratan el cuerpo<\/span> , ya que tienen un alto contenido de agua. \u2714 <span class=\"a-text-bold\">Regulan la presi\u00f3n arterial<\/span> \ufe0f gracias a su contenido de potasio. \u2714 <span class=\"a-text-bold\">Favorecen la salud cardiovascular<\/span> al reducir el colesterol malo (LDL). \u2714 <span class=\"a-text-bold\">Ayudan a la piel y cabello<\/span> debido a su aporte de vitamina C y antioxidantes. <\/p>\n<\/p>\n<\/div>\n<\/div>\n<\/div>\n<\/div>\n<\/div>\n<\/div>\n<h3>Recursos de seguridad y productos<\/h3>\n<p>Recursos de seguridad y productosInformaci\u00f3n normativa El n\u00famero de c\u00f3digo del organismo de control ecol\u00f3gico: LU-BIO-04.Im\u00e1genes y contactosIm\u00e1genes y contactos de seguridad Recursos de seguridad y productosProblema al cargar la informaci\u00f3nLo sentimos, no hemos podido mostrar la informaci\u00f3n debido a un problema. Vuelve a cargar la p\u00e1gina o int\u00e9ntalo de nuevo m\u00e1s tarde.Im\u00e1genes y contactos Im\u00e1genes de seguridad del producto Informaci\u00f3n del fabricante Persona responsable Problema al cargar la informaci\u00f3nLo sentimos, no hemos podido mostrar la informaci\u00f3n de la persona responsable debido a un problema. Vuelve a cargar la p\u00e1gina o int\u00e9ntalo de nuevo m\u00e1s tarde.Problema al cargar la informaci\u00f3nLo sentimos, no hemos podido mostrar la informaci\u00f3n del fabricante debido a un problema. Vuelve a cargar la p\u00e1gina o int\u00e9ntalo de nuevo m\u00e1s tarde.Problema al cargar la informaci\u00f3nLo sentimos, no hemos podido mostrar las im\u00e1genes de seguridad del producto debido a un problema. Vuelve a cargar la p\u00e1gina o int\u00e9ntalo de nuevo m\u00e1s tarde.<\/p>\n<table id=\"productDetails_techSpec_section_1\" class=\"a-keyvalue prodDetTable\">\n<tr>\n<th class=\"a-color-secondary a-size-base prodDetSectionEntry\"> Unidades <\/th>\n<td class=\"a-size-base prodDetAttrValue\"> &lrm;9000.0 Gramos <\/td>\n<\/tr>\n<tr>\n<th class=\"a-color-secondary a-size-base prodDetSectionEntry\"> Marca <\/th>\n<td class=\"a-size-base prodDetAttrValue\"> &lrm;azulom <\/td>\n<\/tr>\n<tr>\n<th class=\"a-color-secondary a-size-base prodDetSectionEntry\"> Forma del Art\u00edculo <\/th>\n<td class=\"a-size-base prodDetAttrValue\"> &lrm;Entero <\/td>\n<\/tr>\n<tr>\n<th class=\"a-color-secondary a-size-base prodDetSectionEntry\"> Regi\u00f3n de producci\u00f3n <\/th>\n<td class=\"a-size-base prodDetAttrValue\"> &lrm;Valencia <\/td>\n<\/tr>\n<tr>\n<th class=\"a-color-secondary a-size-base prodDetSectionEntry\"> Fabricante <\/th>\n<td class=\"a-size-base prodDetAttrValue\"> &lrm;Producto directo del campo <\/td>\n<\/tr>\n<tr>\n<th class=\"a-color-secondary a-size-base prodDetSectionEntry\"> Pa\u00eds de origen <\/th>\n<td class=\"a-size-base prodDetAttrValue\"> &lrm;Espa\u00f1a <\/td>\n<\/tr>\n<\/table><\/div>\n","protected":false},"excerpt":{"rendered":"<ul>\n<li> Propiedades nutricionales: Las mandarinas son una fuente rica de vitamina C, fibra, folato y potasio, lo que las convierte en una excelente opci\u00f3n para aquellos que buscan una alimentaci\u00f3n saludable y equilibrada. Adem\u00e1s, estas frutas son bajas en calor\u00edas y grasas, lo que las convierte en una excelente opci\u00f3n para aquellos que buscan controlar su peso. Conveniencia: Al comprar 9 kg de mandarinas online, se pueden recibir en la puerta de casa sin tener que salir o desplazarse a una tienda f\u00edsica y volver cargado. Esto es especialmente \u00fatil para aquellos con un horario apretado o para aquellos que no desean cargar con todo ese peso.  <\/li>\n<\/ul>\n","protected":false},"featured_media":5456,"comment_status":"open","ping_status":"closed","template":"","meta":[],"product_cat":[176],"product_tag":[],"class_list":{"0":"post-5456","1":"product","2":"type-product","3":"status-publish","4":"has-post-thumbnail","6":"product_brand-marca-azulom","7":"product_cat-mandarina","9":"first","10":"instock","11":"shipping-taxable","12":"purchasable","13":"product-type-simple"},"_links":{"self":[{"href":"https:\/\/ecotienda.com\/index.php?rest_route=\/wp\/v2\/product\/5456","targetHints":{"allow":["GET"]}}],"collection":[{"href":"https:\/\/ecotienda.com\/index.php?rest_route=\/wp\/v2\/product"}],"about":[{"href":"https:\/\/ecotienda.com\/index.php?rest_route=\/wp\/v2\/types\/product"}],"replies":[{"embeddable":true,"href":"https:\/\/ecotienda.com\/index.php?rest_route=%2Fwp%2Fv2%2Fcomments&post=5456"}],"wp:featuredmedia":[{"embeddable":true,"href":"https:\/\/ecotienda.com\/index.php?rest_route=\/wp\/v2\/product\/5456"}],"wp:attachment":[{"href":"https:\/\/ecotienda.com\/index.php?rest_route=%2Fwp%2Fv2%2Fmedia&parent=5456"}],"wp:term":[{"taxonomy":"product_cat","embeddable":true,"href":"https:\/\/ecotienda.com\/index.php?rest_route=%2Fwp%2Fv2%2Fproduct_cat&post=5456"},{"taxonomy":"product_tag","embeddable":true,"href":"https:\/\/ecotienda.com\/index.php?rest_route=%2Fwp%2Fv2%2Fproduct_tag&post=5456"}],"curies":[{"name":"wp","href":"https:\/\/api.w.org\/{rel}","templated":true}]}}