{"id":5475,"date":"2025-11-23T11:27:49","date_gmt":"2025-11-23T10:27:49","guid":{"rendered":"https:\/\/ecotienda.com\/?product=nulthy-1kg-manzana-deshidratada-sin-azucar-sabor-dulce-y-textura-suave-snack-saciante-y-saludable"},"modified":"2025-11-23T11:28:03","modified_gmt":"2025-11-23T10:28:03","slug":"nulthy-1kg-manzana-deshidratada-sin-azucar-sabor-dulce-y-textura-suave-snack-saciante-y-saludable","status":"publish","type":"product","link":"https:\/\/ecotienda.com\/?product=nulthy-1kg-manzana-deshidratada-sin-azucar-sabor-dulce-y-textura-suave-snack-saciante-y-saludable","title":{"rendered":"NULTHY &#8211; 1kg Manzana Deshidratada Sin Az\u00facar &#8211; Sabor Dulce y Textura Suave &#8211; Snack Saciante y Saludable"},"content":{"rendered":"<div class=\"woocommerce-product-details\">\n<h3>De la marca<\/h3>\n<div><img data-opt-id=1491738954  fetchpriority=\"high\" decoding=\"async\" src=\"https:\/\/m.media-amazon.com\/images\/S\/aplus-media-library-service-media\/ca334bdc-6e33-4090-b467-5bc5f8ce4501.__CR0,0,1464,625_PT0_SX1464_V1___.png\" alt=\"Brand Image\" style=\"max-width: 100%\" style=\"max-width: 100%; height: auto;\"><\/div>\n<p>NULTHY<\/p>\n<p> Alimentaci\u00f3n 100% Natural<\/p>\n<div id=\"aplus_feature_div\" class=\"celwidget\" data-feature-name=\"aplus\" data-csa-c-type=\"widget\" data-csa-c-content-id=\"aplus\" data-csa-c-slot-id=\"aplus_feature_div\" data-csa-c-asin=\"\" data-csa-c-is-in-initial-active-row=\"false\">\n<div id=\"aplus\" class=\"a-section a-spacing-large bucket\">\n<h3 class=\"\">Descripci\u00f3n del producto<\/h3>\n<div lang=\"es_ES\">\n<div class=\"aplus-v2 desktop celwidget\">\n<div class=\"celwidget aplus-module module-12 aplus-standard\">\n<div class=\"aplus-module-wrapper apm-spacing apm-floatnone apm-fixed-width\">\n<div class=\"apm-sidemodule aplus-module-content\">\n<div class=\"apm-hero-image\"> <img data-opt-id=409832801  fetchpriority=\"high\" decoding=\"async\" alt=\"nulthy\" src=\"https:\/\/m.media-amazon.com\/images\/S\/aplus-media-library-service-media\/57ccbc4e-4187-4072-b38f-4fe39679b75e.__CR0,0,970,300_PT0_SX970_V1___.png\" \/ style=\"max-width: 100%; height: auto;\"> <\/div>\n<\/div>\n<\/div>\n<\/div>\n<div class=\"celwidget aplus-module module-9 aplus-standard\">\n<div class=\"aplus-module-wrapper apm-fixed-width apm-spacing\">\n<h3 class=\"a-spacing-small\"> Gama de productos NULTHY <\/h3>\n<div class=\"apm-flex\">\n<div class=\"apm-flex-item-third-width\">\n<p class=\"apm-text-center\"> <img data-opt-id=1475264709  data-opt-src=\"https:\/\/m.media-amazon.com\/images\/S\/aplus-media-library-service-media\/434e16d8-1323-46a7-a526-8536da9f1502.__CR250,0,1000,1000_PT0_SX300_V1___.jpg\"  decoding=\"async\" alt=\"frutos-secos\" src=\"data:image/svg+xml,%3Csvg%20viewBox%3D%220%200%20100%%20100%%22%20width%3D%22100%%22%20height%3D%22100%%22%20xmlns%3D%22http%3A%2F%2Fwww.w3.org%2F2000%2Fsvg%22%3E%3Crect%20width%3D%22100%%22%20height%3D%22100%%22%20fill%3D%22transparent%22%2F%3E%3C%2Fsvg%3E\" \/ style=\"max-width: 100%; height: auto;\"> <\/p>\n<h4 class=\"a-spacing-mini\"> Frutos secos <\/h4>\n<p> Ofrecemos diferentes variedades y formatos de frutos secos: <\/p>\n<ul class=\"a-unordered-list a-vertical\">\n<li><span class=\"a-list-item\">Almendras<\/span><\/li>\n<li><span class=\"a-list-item\">Anacardos<\/span><\/li>\n<li><span class=\"a-list-item\">Avellanas<\/span><\/li>\n<li><span class=\"a-list-item\">Cacahuetes<\/span><\/li>\n<li><span class=\"a-list-item\">Nueces<\/span><\/li>\n<li><span class=\"a-list-item\">Nueces de Brasil, de Macadamia y pecanas<\/span><\/li>\n<li><span class=\"a-list-item\">Pi\u00f1ones <\/span><\/li>\n<li><span class=\"a-list-item\">Pistachos<\/span><\/li>\n<\/ul>\n<\/div>\n<div class=\"apm-flex-item-third-width\">\n<p class=\"apm-text-center\"> <img data-opt-id=1693752049  data-opt-src=\"https:\/\/m.media-amazon.com\/images\/S\/aplus-media-library-service-media\/bbbda95d-c0f5-4981-9a23-6264f65ae4d0.__CR250,0,1000,1000_PT0_SX300_V1___.jpg\"  decoding=\"async\" alt=\"semillas-frutos-secos\" src=\"data:image/svg+xml,%3Csvg%20viewBox%3D%220%200%20100%%20100%%22%20width%3D%22100%%22%20height%3D%22100%%22%20xmlns%3D%22http%3A%2F%2Fwww.w3.org%2F2000%2Fsvg%22%3E%3Crect%20width%3D%22100%%22%20height%3D%22100%%22%20fill%3D%22transparent%22%2F%3E%3C%2Fsvg%3E\" \/ style=\"max-width: 100%; height: auto;\"> <\/p>\n<h4 class=\"a-spacing-mini\"> Frutas secas y semillas <\/h4>\n<p> Ofrecemos frutas deshidratas y diferentes semillas: <\/p>\n<ul class=\"a-unordered-list a-vertical\">\n<li><span class=\"a-list-item\">Pl\u00e1tano<\/span><\/li>\n<li><span class=\"a-list-item\">Coco<\/span><\/li>\n<li><span class=\"a-list-item\">Mango<\/span><\/li>\n<li><span class=\"a-list-item\">Manzana<\/span><\/li>\n<li><span class=\"a-list-item\">Pasas<\/span><\/li>\n<li><span class=\"a-list-item\">Girasol<\/span><\/li>\n<li><span class=\"a-list-item\">Ch\u00eda<\/span><\/li>\n<li><span class=\"a-list-item\">Lino<\/span><\/li>\n<li><span class=\"a-list-item\">Jengibre<\/span><\/li>\n<\/ul>\n<\/div>\n<div class=\"apm-flex-item-third-width\">\n<p class=\"apm-text-center\"> <img data-opt-id=692183439  data-opt-src=\"https:\/\/m.media-amazon.com\/images\/S\/aplus-media-library-service-media\/d3138489-f3d8-4ebe-8095-d0d5d7e2f808.__CR264,0,1000,1000_PT0_SX300_V1___.jpg\"  decoding=\"async\" alt=\"crema-frutos-secos\" src=\"data:image/svg+xml,%3Csvg%20viewBox%3D%220%200%20100%%20100%%22%20width%3D%22100%%22%20height%3D%22100%%22%20xmlns%3D%22http%3A%2F%2Fwww.w3.org%2F2000%2Fsvg%22%3E%3Crect%20width%3D%22100%%22%20height%3D%22100%%22%20fill%3D%22transparent%22%2F%3E%3C%2Fsvg%3E\" \/ style=\"max-width: 100%; height: auto;\"> <\/p>\n<h4 class=\"a-spacing-mini\"> Cremas y Aceites <\/h4>\n<p> Ofrecemos cremas de diferentes frutos secos: <\/p>\n<ul class=\"a-unordered-list a-vertical\">\n<li><span class=\"a-list-item\">Almendra<\/span><\/li>\n<li><span class=\"a-list-item\">Avellana<\/span><\/li>\n<li><span class=\"a-list-item\">Pistacho<\/span><\/li>\n<\/ul>\n<p> \u00a1Son perfectas para incorporar en tus recetas! <\/p>\n<\/p>\n<\/div>\n<\/div>\n<\/div>\n<\/div>\n<div class=\"celwidget aplus-module module-12 aplus-standard\">\n<div class=\"aplus-module-wrapper apm-spacing apm-floatnone apm-fixed-width\">\n<div class=\"apm-sidemodule aplus-module-content\">\n<div class=\"apm-hero-image\"> <img data-opt-id=864023368  data-opt-src=\"https:\/\/m.media-amazon.com\/images\/S\/aplus-media-library-service-media\/87ab46fb-e321-4e7d-8878-0e6669c5fad3.__CR0,0,970,300_PT0_SX970_V1___.png\"  decoding=\"async\" alt=\"frutos-secos\" src=\"data:image/svg+xml,%3Csvg%20viewBox%3D%220%200%20100%%20100%%22%20width%3D%22100%%22%20height%3D%22100%%22%20xmlns%3D%22http%3A%2F%2Fwww.w3.org%2F2000%2Fsvg%22%3E%3Crect%20width%3D%22100%%22%20height%3D%22100%%22%20fill%3D%22transparent%22%2F%3E%3C%2Fsvg%3E\" \/ style=\"max-width: 100%; height: auto;\"> <\/div>\n<div class=\"textright apm-hero-text\">\n<h3> Alimentaci\u00f3n Natural 100% <\/h3>\n<p> Nuestros frutos secos se cultivan de forma<span class=\"a-text-bold\"> natural y org\u00e1nica<\/span> sin el uso de ning\u00fan tipo de tratamientos, lo cual permite obtener un producto natural <\/p>\n<\/p>\n<\/div>\n<\/div>\n<\/div>\n<\/div>\n<div class=\"celwidget aplus-module module-12 aplus-standard\">\n<div class=\"aplus-module-wrapper apm-spacing apm-floatnone apm-fixed-width\">\n<div class=\"apm-sidemodule aplus-module-content\">\n<div class=\"apm-hero-image\"> <img data-opt-id=1371324898  data-opt-src=\"https:\/\/m.media-amazon.com\/images\/S\/aplus-media-library-service-media\/eff73e56-d3f6-498c-9977-ae3de5802c2f.__CR0,0,970,300_PT0_SX970_V1___.png\"  decoding=\"async\" alt=\"nulthy-vegano-natural\" src=\"data:image/svg+xml,%3Csvg%20viewBox%3D%220%200%20100%%20100%%22%20width%3D%22100%%22%20height%3D%22100%%22%20xmlns%3D%22http%3A%2F%2Fwww.w3.org%2F2000%2Fsvg%22%3E%3Crect%20width%3D%22100%%22%20height%3D%22100%%22%20fill%3D%22transparent%22%2F%3E%3C%2Fsvg%3E\" \/ style=\"max-width: 100%; height: auto;\"> <\/div>\n<\/div>\n<\/div>\n<\/div>\n<div class=\"celwidget aplus-module module-12 aplus-standard\">\n<div class=\"aplus-module-wrapper apm-spacing apm-floatnone apm-fixed-width\">\n<div class=\"apm-sidemodule aplus-module-content\">\n<div class=\"apm-hero-image\"> <img data-opt-id=1627618109  data-opt-src=\"https:\/\/m.media-amazon.com\/images\/S\/aplus-media-library-service-media\/39482f6e-79cf-496c-bbe1-a616d4c99cd7.__CR0,0,970,300_PT0_SX970_V1___.png\"  decoding=\"async\" alt=\"nulthy-frutos-secos\" src=\"data:image/svg+xml,%3Csvg%20viewBox%3D%220%200%20100%%20100%%22%20width%3D%22100%%22%20height%3D%22100%%22%20xmlns%3D%22http%3A%2F%2Fwww.w3.org%2F2000%2Fsvg%22%3E%3Crect%20width%3D%22100%%22%20height%3D%22100%%22%20fill%3D%22transparent%22%2F%3E%3C%2Fsvg%3E\" \/ style=\"max-width: 100%; height: auto;\"> <\/div>\n<\/div>\n<\/div>\n<\/div>\n<\/div>\n<\/div>\n<\/div>\n<\/div>\n<h3>Recursos de seguridad y productos<\/h3>\n<p>Recursos de seguridad y productosIm\u00e1genes y contactosIm\u00e1genes y contactos de seguridad Recursos de seguridad y productosProblema al cargar la informaci\u00f3nLo sentimos, no hemos podido mostrar la informaci\u00f3n debido a un problema. Vuelve a cargar la p\u00e1gina o int\u00e9ntalo de nuevo m\u00e1s tarde.Im\u00e1genes y contactos Im\u00e1genes de seguridad del producto Informaci\u00f3n del fabricante Persona responsable Problema al cargar la informaci\u00f3nLo sentimos, no hemos podido mostrar la informaci\u00f3n de la persona responsable debido a un problema. Vuelve a cargar la p\u00e1gina o int\u00e9ntalo de nuevo m\u00e1s tarde.Problema al cargar la informaci\u00f3nLo sentimos, no hemos podido mostrar la informaci\u00f3n del fabricante debido a un problema. Vuelve a cargar la p\u00e1gina o int\u00e9ntalo de nuevo m\u00e1s tarde.Problema al cargar la informaci\u00f3nLo sentimos, no hemos podido mostrar las im\u00e1genes de seguridad del producto debido a un problema. Vuelve a cargar la p\u00e1gina o int\u00e9ntalo de nuevo m\u00e1s tarde.<\/p>\n<table id=\"productDetails_techSpec_section_1\" class=\"a-keyvalue prodDetTable\">\n<tr>\n<th class=\"a-color-secondary a-size-base prodDetSectionEntry\"> Peso del producto <\/th>\n<td class=\"a-size-base prodDetAttrValue\"> &lrm;1 kg <\/td>\n<\/tr>\n<tr>\n<th class=\"a-color-secondary a-size-base prodDetSectionEntry\"> Informaci\u00f3n sobre al\u00e9rgenos <\/th>\n<td class=\"a-size-base prodDetAttrValue\"> &lrm;Contiene: Sulfitos <\/td>\n<\/tr>\n<tr>\n<th class=\"a-color-secondary a-size-base prodDetSectionEntry\"> Unidades <\/th>\n<td class=\"a-size-base prodDetAttrValue\"> &lrm;1000.0 Gramos <\/td>\n<\/tr>\n<tr>\n<th class=\"a-color-secondary a-size-base prodDetSectionEntry\"> Marca <\/th>\n<td class=\"a-size-base prodDetAttrValue\"> &lrm;NULTHY <\/td>\n<\/tr>\n<tr>\n<th class=\"a-color-secondary a-size-base prodDetSectionEntry\"> Fabricante <\/th>\n<td class=\"a-size-base prodDetAttrValue\"> &lrm;Nulthy <\/td>\n<\/tr>\n<tr>\n<th class=\"a-color-secondary a-size-base prodDetSectionEntry\"> Peso del producto <\/th>\n<td class=\"a-size-base prodDetAttrValue\"> &lrm;1 kg <\/td>\n<\/tr>\n<tr>\n<th class=\"a-color-secondary a-size-base prodDetSectionEntry\"> Pa\u00eds de origen <\/th>\n<td class=\"a-size-base prodDetAttrValue\"> &lrm;China <\/td>\n<\/tr>\n<\/table><\/div>\n","protected":false},"excerpt":{"rendered":"<p>De la marca NULTHY Alimentaci\u00f3n 100% Natural Descripci\u00f3n del producto Gama de productos NULTHY Frutos secos Ofrecemos diferentes variedades y formatos de frutos secos: Almendras Anacardos Avellanas Cacahuetes Nueces Nueces de Brasil, de Macadamia y pecanas Pi\u00f1ones Pistachos Frutas secas y semillas Ofrecemos frutas deshidratas y diferentes semillas: Pl\u00e1tano Coco Mango Manzana Pasas Girasol Ch\u00eda &hellip; <a href=\"https:\/\/ecotienda.com\/?product=nulthy-1kg-manzana-deshidratada-sin-azucar-sabor-dulce-y-textura-suave-snack-saciante-y-saludable\" class=\"more-link\">Continue reading <span class=\"screen-reader-text\">NULTHY &#8211; 1kg Manzana Deshidratada Sin Az\u00facar &#8211; Sabor Dulce y Textura Suave &#8211; Snack Saciante y Saludable<\/span><\/a><\/p>\n","protected":false},"featured_media":5475,"comment_status":"open","ping_status":"closed","template":"","meta":[],"product_cat":[177],"product_tag":[],"class_list":{"0":"post-5475","1":"product","2":"type-product","3":"status-publish","4":"has-post-thumbnail","6":"product_brand-visita-la-tienda-de-nulthy","7":"product_cat-manzana","9":"first","10":"instock","11":"shipping-taxable","12":"purchasable","13":"product-type-variable"},"_links":{"self":[{"href":"https:\/\/ecotienda.com\/index.php?rest_route=\/wp\/v2\/product\/5475","targetHints":{"allow":["GET"]}}],"collection":[{"href":"https:\/\/ecotienda.com\/index.php?rest_route=\/wp\/v2\/product"}],"about":[{"href":"https:\/\/ecotienda.com\/index.php?rest_route=\/wp\/v2\/types\/product"}],"replies":[{"embeddable":true,"href":"https:\/\/ecotienda.com\/index.php?rest_route=%2Fwp%2Fv2%2Fcomments&post=5475"}],"wp:featuredmedia":[{"embeddable":true,"href":"https:\/\/ecotienda.com\/index.php?rest_route=\/wp\/v2\/product\/5475"}],"wp:attachment":[{"href":"https:\/\/ecotienda.com\/index.php?rest_route=%2Fwp%2Fv2%2Fmedia&parent=5475"}],"wp:term":[{"taxonomy":"product_cat","embeddable":true,"href":"https:\/\/ecotienda.com\/index.php?rest_route=%2Fwp%2Fv2%2Fproduct_cat&post=5475"},{"taxonomy":"product_tag","embeddable":true,"href":"https:\/\/ecotienda.com\/index.php?rest_route=%2Fwp%2Fv2%2Fproduct_tag&post=5475"}],"curies":[{"name":"wp","href":"https:\/\/api.w.org\/{rel}","templated":true}]}}