{"id":5477,"date":"2025-11-23T11:27:53","date_gmt":"2025-11-23T10:27:53","guid":{"rendered":"https:\/\/ecotienda.com\/?product=manzana-deshidratada-sin-azucar-anadido-1-kg-sin-grasas-saturadas-pelluz"},"modified":"2025-11-23T11:27:55","modified_gmt":"2025-11-23T10:27:55","slug":"manzana-deshidratada-sin-azucar-anadido-1-kg-sin-grasas-saturadas-pelluz","status":"publish","type":"product","link":"https:\/\/ecotienda.com\/?product=manzana-deshidratada-sin-azucar-anadido-1-kg-sin-grasas-saturadas-pelluz","title":{"rendered":"Manzana Deshidratada sin az\u00facar a\u00f1adido 1 Kg &#8211; sin grasas saturadas &#8211; pelluz"},"content":{"rendered":"<div class=\"woocommerce-product-details\">\n<h3>Descripci\u00f3n del producto<\/h3>\n<p>Descripci\u00f3n del producto<\/p>\n<p> Manzana Deshidratada Nuestra manzana deshidratada es el snack perfecto para quienes buscan una opci\u00f3n saludable y deliciosa. Aqu\u00ed te contamos por qu\u00e9 nuestras rodajas de manzana deshidratada son la elecci\u00f3n ideal: Sin Az\u00facar A\u00f1adido: Disfruta del sabor natural y dulce de la manzana sin az\u00facares a\u00f1adidos. Perfecto para aquellos que buscan mantener una dieta baja en az\u00facares. Libre de Grasas Saturadas: Nuestras manzanas deshidratadas no contienen grasas saturadas, ofreciendo una alternativa saludable a otros snacks. Ingredientes Naturales: Hechas con manzanas frescas de alta calidad, sin conservantes ni aditivos. Solo manzana pura y natural. Fuente de Fibra: Las manzanas deshidratadas son una excelente fuente de fibra, ayudando a la digesti\u00f3n y proporcionando una sensaci\u00f3n de saciedad. Ideal para Llevar: Perfectas para llevar contigo y disfrutar en cualquier momento del d\u00eda, ya sea en el trabajo, en la escuela o durante tus actividades al aire libre. \u00a1Prueba nuestra manzana deshidratada hoy y disfruta de un snack natural y nutritivo! Ingredientes<\/p>\n<p> manzana, acido citrico, aroma de manzana, conservador E223<\/p>\n<h3>Recursos de seguridad y productos<\/h3>\n<p>Recursos de seguridad y productosIm\u00e1genes y contactosIm\u00e1genes y contactos de seguridad Recursos de seguridad y productosProblema al cargar la informaci\u00f3nLo sentimos, no hemos podido mostrar la informaci\u00f3n debido a un problema. Vuelve a cargar la p\u00e1gina o int\u00e9ntalo de nuevo m\u00e1s tarde.Im\u00e1genes y contactos Im\u00e1genes de seguridad del producto Informaci\u00f3n del fabricante Persona responsable Problema al cargar la informaci\u00f3nLo sentimos, no hemos podido mostrar la informaci\u00f3n de la persona responsable debido a un problema. Vuelve a cargar la p\u00e1gina o int\u00e9ntalo de nuevo m\u00e1s tarde.Problema al cargar la informaci\u00f3nLo sentimos, no hemos podido mostrar la informaci\u00f3n del fabricante debido a un problema. Vuelve a cargar la p\u00e1gina o int\u00e9ntalo de nuevo m\u00e1s tarde.Problema al cargar la informaci\u00f3nLo sentimos, no hemos podido mostrar las im\u00e1genes de seguridad del producto debido a un problema. Vuelve a cargar la p\u00e1gina o int\u00e9ntalo de nuevo m\u00e1s tarde.<\/p>\n<table id=\"productDetails_techSpec_section_1\" class=\"a-keyvalue prodDetTable\">\n<tr>\n<th class=\"a-color-secondary a-size-base prodDetSectionEntry\"> Unidades <\/th>\n<td class=\"a-size-base prodDetAttrValue\"> &lrm;1000.0 gramo <\/td>\n<\/tr>\n<tr>\n<th class=\"a-color-secondary a-size-base prodDetSectionEntry\"> Marca <\/th>\n<td class=\"a-size-base prodDetAttrValue\"> &lrm;Pelluz <\/td>\n<\/tr>\n<tr>\n<th class=\"a-color-secondary a-size-base prodDetSectionEntry\"> Forma del Art\u00edculo <\/th>\n<td class=\"a-size-base prodDetAttrValue\"> &lrm;Trozo <\/td>\n<\/tr>\n<tr>\n<th class=\"a-color-secondary a-size-base prodDetSectionEntry\"> Regi\u00f3n de producci\u00f3n <\/th>\n<td class=\"a-size-base prodDetAttrValue\"> &lrm;asia <\/td>\n<\/tr>\n<tr>\n<th class=\"a-color-secondary a-size-base prodDetSectionEntry\"> Fabricante <\/th>\n<td class=\"a-size-base prodDetAttrValue\"> &lrm;pelluz <\/td>\n<\/tr>\n<tr>\n<th class=\"a-color-secondary a-size-base prodDetSectionEntry\"> Pa\u00eds de origen <\/th>\n<td class=\"a-size-base prodDetAttrValue\"> &lrm;Tailandia <\/td>\n<\/tr>\n<\/table><\/div>\n","protected":false},"excerpt":{"rendered":"<ul>\n<li> Sin Az\u00facar A\u00f1adido: Disfruta del sabor natural y dulce de la manzana sin az\u00facares a\u00f1adidos. Ideal para quienes buscan una opci\u00f3n baja en az\u00facar.  <\/li>\n<li> Libre de Grasas Saturadas: Nuestras manzanas deshidratadas no contienen grasas saturadas, ofreciendo una alternativa saludable a otros snacks.  <\/li>\n<li> Ingredientes Naturales: Elaboradas con manzanas frescas de alta calidad, sin conservantes ni aditivos. Solo manzana pura y natural.  <\/li>\n<li> Fuente de Fibra: Las manzanas deshidratadas son una excelente fuente de fibra, ayudando a la digesti\u00f3n y proporcionando una sensaci\u00f3n de saciedad.  <\/li>\n<li> Ideal para Llevar: Perfectas para llevar contigo y disfrutar en cualquier momento del d\u00eda, ya sea en el trabajo, en la escuela o durante tus actividades al aire libre.  <\/li>\n<\/ul>\n","protected":false},"featured_media":5477,"comment_status":"open","ping_status":"closed","template":"","meta":[],"product_cat":[177],"product_tag":[],"class_list":{"0":"post-5477","1":"product","2":"type-product","3":"status-publish","4":"has-post-thumbnail","6":"product_brand-marca-pelluz","7":"product_cat-manzana","9":"first","10":"instock","11":"shipping-taxable","12":"purchasable","13":"product-type-simple"},"_links":{"self":[{"href":"https:\/\/ecotienda.com\/index.php?rest_route=\/wp\/v2\/product\/5477","targetHints":{"allow":["GET"]}}],"collection":[{"href":"https:\/\/ecotienda.com\/index.php?rest_route=\/wp\/v2\/product"}],"about":[{"href":"https:\/\/ecotienda.com\/index.php?rest_route=\/wp\/v2\/types\/product"}],"replies":[{"embeddable":true,"href":"https:\/\/ecotienda.com\/index.php?rest_route=%2Fwp%2Fv2%2Fcomments&post=5477"}],"wp:featuredmedia":[{"embeddable":true,"href":"https:\/\/ecotienda.com\/index.php?rest_route=\/wp\/v2\/product\/5477"}],"wp:attachment":[{"href":"https:\/\/ecotienda.com\/index.php?rest_route=%2Fwp%2Fv2%2Fmedia&parent=5477"}],"wp:term":[{"taxonomy":"product_cat","embeddable":true,"href":"https:\/\/ecotienda.com\/index.php?rest_route=%2Fwp%2Fv2%2Fproduct_cat&post=5477"},{"taxonomy":"product_tag","embeddable":true,"href":"https:\/\/ecotienda.com\/index.php?rest_route=%2Fwp%2Fv2%2Fproduct_tag&post=5477"}],"curies":[{"name":"wp","href":"https:\/\/api.w.org\/{rel}","templated":true}]}}