{"id":5490,"date":"2025-11-23T11:36:06","date_gmt":"2025-11-23T10:36:06","guid":{"rendered":"https:\/\/ecotienda.com\/?product=natura-doriente-melon-deshidratado-en-rodajas-250-g"},"modified":"2025-11-23T11:36:08","modified_gmt":"2025-11-23T10:36:08","slug":"natura-doriente-melon-deshidratado-en-rodajas-250-g","status":"publish","type":"product","link":"https:\/\/ecotienda.com\/?product=natura-doriente-melon-deshidratado-en-rodajas-250-g","title":{"rendered":"Natura d&#8217;Oriente Mel\u00f3n Deshidratado en Rodajas 250 g"},"content":{"rendered":"<div class=\"woocommerce-product-details\">\n<h3>Descripci\u00f3n del producto<\/h3>\n<p>Descripci\u00f3n del producto<\/p>\n<p> El mel\u00f3n es una sed saciadora caracter\u00edstica del verano. Es una fruta con pocas calor\u00edas y muchas propiedades beneficiosas para la salud. La presencia de vitamina A, vitamina C y otros compuestos antioxidantes contrarrestan la actividad nociva de los radicales libres y el estr\u00e9s oxidativo en el cuerpo. t se compone principalmente de agua (alrededor del 90%); en cuanto a minerales y vitaminas, contiene principalmente potasio, f\u00f3sforo, calcio, vitamina C y vitamina B3. Tambi\u00e9n contiene niacina, una sustancia antioxidante. La presencia de f\u00f3sforo y calcio hace que el mel\u00f3n sea un excelente aliado para los huesos, mientras que el betacaroteno ayuda al cuerpo a producir melanina; por lo tanto, el mel\u00f3n es tambi\u00e9n un aliado v\u00e1lido de la tintarella. Viene en un paquete de 250 g. Ingredientes<\/p>\n<p> Mel\u00f3n, az\u00facar, Di\u00f3xido De Azufre, \u00e1cido c\u00edtrico, sabor a\u00f1adido. direcci\u00f3n<\/p>\n<p> Listo para usar. Contenido de la caja<\/p>\n<p> 1 x Natura d&#039;Oriente Mel\u00f3n Deshidratado En Rodajas 250 g Ver m\u00e1s<\/p>\n<h3>Recursos de seguridad y productos<\/h3>\n<p>Recursos de seguridad y productosIm\u00e1genes y contactosIm\u00e1genes y contactos de seguridad Recursos de seguridad y productosProblema al cargar la informaci\u00f3nLo sentimos, no hemos podido mostrar la informaci\u00f3n debido a un problema. Vuelve a cargar la p\u00e1gina o int\u00e9ntalo de nuevo m\u00e1s tarde.Im\u00e1genes y contactos Im\u00e1genes de seguridad del producto Informaci\u00f3n del fabricante Persona responsable Problema al cargar la informaci\u00f3nLo sentimos, no hemos podido mostrar la informaci\u00f3n de la persona responsable debido a un problema. Vuelve a cargar la p\u00e1gina o int\u00e9ntalo de nuevo m\u00e1s tarde.Problema al cargar la informaci\u00f3nLo sentimos, no hemos podido mostrar la informaci\u00f3n del fabricante debido a un problema. Vuelve a cargar la p\u00e1gina o int\u00e9ntalo de nuevo m\u00e1s tarde.Problema al cargar la informaci\u00f3nLo sentimos, no hemos podido mostrar las im\u00e1genes de seguridad del producto debido a un problema. Vuelve a cargar la p\u00e1gina o int\u00e9ntalo de nuevo m\u00e1s tarde.<\/p>\n<table id=\"productDetails_techSpec_section_1\" class=\"a-keyvalue prodDetTable\">\n<tr>\n<th class=\"a-color-secondary a-size-base prodDetSectionEntry\"> Dimensiones del producto <\/th>\n<td class=\"a-size-base prodDetAttrValue\"> &lrm;21 x 6,2 x 30 cm; 250 g <\/td>\n<\/tr>\n<tr>\n<th class=\"a-color-secondary a-size-base prodDetSectionEntry\"> Nombre del producto <\/th>\n<td class=\"a-size-base prodDetAttrValue\"> &lrm;Mel\u00f3n Deshidratado En Rodajas <\/td>\n<\/tr>\n<tr>\n<th class=\"a-color-secondary a-size-base prodDetSectionEntry\"> Peso <\/th>\n<td class=\"a-size-base prodDetAttrValue\"> &lrm;250 Gramos <\/td>\n<\/tr>\n<tr>\n<th class=\"a-color-secondary a-size-base prodDetSectionEntry\"> Unidades <\/th>\n<td class=\"a-size-base prodDetAttrValue\"> &lrm;1 Conteo <\/td>\n<\/tr>\n<tr>\n<th class=\"a-color-secondary a-size-base prodDetSectionEntry\"> Instrucciones de almacenaje <\/th>\n<td class=\"a-size-base prodDetAttrValue\"> &lrm;Almacenar un lugar fresco y seco. <\/td>\n<\/tr>\n<tr>\n<th class=\"a-color-secondary a-size-base prodDetSectionEntry\"> Contacto del fabricante <\/th>\n<td class=\"a-size-base prodDetAttrValue\"> &lrm;Natura d&#039;Oriente s.r.l, Via del Ponte di Piscina Cupa, 00128 Roma, Roma, Italy. <\/td>\n<\/tr>\n<tr>\n<th class=\"a-color-secondary a-size-base prodDetSectionEntry\"> Marca <\/th>\n<td class=\"a-size-base prodDetAttrValue\"> &lrm;Natura d&#039;Oriente <\/td>\n<\/tr>\n<tr>\n<th class=\"a-color-secondary a-size-base prodDetSectionEntry\"> Fabricante <\/th>\n<td class=\"a-size-base prodDetAttrValue\"> &lrm;Natura d&#039;Oriente s.r.l <\/td>\n<\/tr>\n<tr>\n<th class=\"a-color-secondary a-size-base prodDetSectionEntry\"> Peso del producto <\/th>\n<td class=\"a-size-base prodDetAttrValue\"> &lrm;250 g <\/td>\n<\/tr>\n<tr>\n<th class=\"a-color-secondary a-size-base prodDetSectionEntry\"> Pa\u00eds de origen <\/th>\n<td class=\"a-size-base prodDetAttrValue\"> &lrm;Tailandia <\/td>\n<\/tr>\n<\/table><\/div>\n","protected":false},"excerpt":{"rendered":"<ul>\n<li> Una fruta con pocas calor\u00edas y muchas propiedades beneficiosas para la salud  <\/li>\n<li> Contiene vitamina A, vitamina C y otros compuestos antioxidantes  <\/li>\n<li> Contrarrestar la actividad nociva de los radicales libres y el estr\u00e9s oxidativo en el cuerpo  <\/li>\n<li> La presencia de f\u00f3sforo y calcio hace que el mel\u00f3n sea un excelente aliado para los huesos  <\/li>\n<li> El betacaroteno ayuda al cuerpo a producir melanina  <\/li>\n<\/ul>\n","protected":false},"featured_media":5490,"comment_status":"open","ping_status":"closed","template":"","meta":[],"product_cat":[179],"product_tag":[],"class_list":{"0":"post-5490","1":"product","2":"type-product","3":"status-publish","4":"has-post-thumbnail","6":"product_brand-marca-natura-doriente","7":"product_cat-melon","9":"first","10":"instock","11":"shipping-taxable","12":"purchasable","13":"product-type-simple"},"_links":{"self":[{"href":"https:\/\/ecotienda.com\/index.php?rest_route=\/wp\/v2\/product\/5490","targetHints":{"allow":["GET"]}}],"collection":[{"href":"https:\/\/ecotienda.com\/index.php?rest_route=\/wp\/v2\/product"}],"about":[{"href":"https:\/\/ecotienda.com\/index.php?rest_route=\/wp\/v2\/types\/product"}],"replies":[{"embeddable":true,"href":"https:\/\/ecotienda.com\/index.php?rest_route=%2Fwp%2Fv2%2Fcomments&post=5490"}],"wp:featuredmedia":[{"embeddable":true,"href":"https:\/\/ecotienda.com\/index.php?rest_route=\/wp\/v2\/product\/5490"}],"wp:attachment":[{"href":"https:\/\/ecotienda.com\/index.php?rest_route=%2Fwp%2Fv2%2Fmedia&parent=5490"}],"wp:term":[{"taxonomy":"product_cat","embeddable":true,"href":"https:\/\/ecotienda.com\/index.php?rest_route=%2Fwp%2Fv2%2Fproduct_cat&post=5490"},{"taxonomy":"product_tag","embeddable":true,"href":"https:\/\/ecotienda.com\/index.php?rest_route=%2Fwp%2Fv2%2Fproduct_tag&post=5490"}],"curies":[{"name":"wp","href":"https:\/\/api.w.org\/{rel}","templated":true}]}}