{"id":5504,"date":"2025-11-23T11:37:26","date_gmt":"2025-11-23T10:37:26","guid":{"rendered":"https:\/\/ecotienda.com\/?product=crema-de-membrillo-puente-genil-envase-al-vacio-500-gramos"},"modified":"2025-11-23T11:37:28","modified_gmt":"2025-11-23T10:37:28","slug":"crema-de-membrillo-puente-genil-envase-al-vacio-500-gramos","status":"publish","type":"product","link":"https:\/\/ecotienda.com\/?product=crema-de-membrillo-puente-genil-envase-al-vacio-500-gramos","title":{"rendered":"Crema de membrillo Puente Genil &#8211; envase al vac\u00edo, 500 gramos"},"content":{"rendered":"<div class=\"woocommerce-product-details\">\n<h3>Descripci\u00f3n del producto<\/h3>\n<p>Ingredientes<\/p>\n<p> Pulpa de membrillo, az\u00facar, jarabe de glucosa-fructosa, espesante: carragenatos, acidulante: \u00e1cido c\u00edtrico, conservador: benzoato s\u00f3dico, antioxidante: SULFITOS.<\/p>\n<h3>Recursos de seguridad y productos<\/h3>\n<p>Recursos de seguridad y productosIm\u00e1genes y contactosIm\u00e1genes y contactos de seguridad Recursos de seguridad y productosProblema al cargar la informaci\u00f3nLo sentimos, no hemos podido mostrar la informaci\u00f3n debido a un problema. Vuelve a cargar la p\u00e1gina o int\u00e9ntalo de nuevo m\u00e1s tarde.Im\u00e1genes y contactos Im\u00e1genes de seguridad del producto Informaci\u00f3n del fabricante Persona responsable Problema al cargar la informaci\u00f3nLo sentimos, no hemos podido mostrar la informaci\u00f3n de la persona responsable debido a un problema. Vuelve a cargar la p\u00e1gina o int\u00e9ntalo de nuevo m\u00e1s tarde.Problema al cargar la informaci\u00f3nLo sentimos, no hemos podido mostrar la informaci\u00f3n del fabricante debido a un problema. Vuelve a cargar la p\u00e1gina o int\u00e9ntalo de nuevo m\u00e1s tarde.Problema al cargar la informaci\u00f3nLo sentimos, no hemos podido mostrar las im\u00e1genes de seguridad del producto debido a un problema. Vuelve a cargar la p\u00e1gina o int\u00e9ntalo de nuevo m\u00e1s tarde.<\/p>\n<table id=\"productDetails_techSpec_section_1\" class=\"a-keyvalue prodDetTable\">\n<tr>\n<th class=\"a-color-secondary a-size-base prodDetSectionEntry\"> Peso del producto <\/th>\n<td class=\"a-size-base prodDetAttrValue\"> &lrm;500 g <\/td>\n<\/tr>\n<tr>\n<th class=\"a-color-secondary a-size-base prodDetSectionEntry\"> Unidades <\/th>\n<td class=\"a-size-base prodDetAttrValue\"> &lrm;500.0 gramo <\/td>\n<\/tr>\n<tr>\n<th class=\"a-color-secondary a-size-base prodDetSectionEntry\"> Marca <\/th>\n<td class=\"a-size-base prodDetAttrValue\"> &lrm;El Quijote <\/td>\n<\/tr>\n<tr>\n<th class=\"a-color-secondary a-size-base prodDetSectionEntry\"> Fabricante <\/th>\n<td class=\"a-size-base prodDetAttrValue\"> &lrm;El Quijonte <\/td>\n<\/tr>\n<tr>\n<th class=\"a-color-secondary a-size-base prodDetSectionEntry\"> Peso del producto <\/th>\n<td class=\"a-size-base prodDetAttrValue\"> &lrm;500 g <\/td>\n<\/tr>\n<\/table><\/div>\n","protected":false},"excerpt":{"rendered":"<ul>\n<li> El precio mostrado es un estimado basado en el peso del producto. El precio final depender\u00e1 del peso del producto entregado.  <\/li>\n<li> Vendido al peso (a granel)  <\/li>\n<li> Contiene SULFITOS  <\/li>\n<\/ul>\n","protected":false},"featured_media":5504,"comment_status":"open","ping_status":"closed","template":"","meta":[],"product_cat":[180],"product_tag":[],"class_list":{"0":"post-5504","1":"product","2":"type-product","3":"status-publish","4":"has-post-thumbnail","6":"product_brand-marca-el-quijote","7":"product_cat-membrillo","9":"first","10":"instock","11":"shipping-taxable","12":"purchasable","13":"product-type-simple"},"_links":{"self":[{"href":"https:\/\/ecotienda.com\/index.php?rest_route=\/wp\/v2\/product\/5504","targetHints":{"allow":["GET"]}}],"collection":[{"href":"https:\/\/ecotienda.com\/index.php?rest_route=\/wp\/v2\/product"}],"about":[{"href":"https:\/\/ecotienda.com\/index.php?rest_route=\/wp\/v2\/types\/product"}],"replies":[{"embeddable":true,"href":"https:\/\/ecotienda.com\/index.php?rest_route=%2Fwp%2Fv2%2Fcomments&post=5504"}],"wp:featuredmedia":[{"embeddable":true,"href":"https:\/\/ecotienda.com\/index.php?rest_route=\/wp\/v2\/product\/5504"}],"wp:attachment":[{"href":"https:\/\/ecotienda.com\/index.php?rest_route=%2Fwp%2Fv2%2Fmedia&parent=5504"}],"wp:term":[{"taxonomy":"product_cat","embeddable":true,"href":"https:\/\/ecotienda.com\/index.php?rest_route=%2Fwp%2Fv2%2Fproduct_cat&post=5504"},{"taxonomy":"product_tag","embeddable":true,"href":"https:\/\/ecotienda.com\/index.php?rest_route=%2Fwp%2Fv2%2Fproduct_tag&post=5504"}],"curies":[{"name":"wp","href":"https:\/\/api.w.org\/{rel}","templated":true}]}}