{"id":5543,"date":"2025-11-23T11:41:50","date_gmt":"2025-11-23T10:41:50","guid":{"rendered":"https:\/\/ecotienda.com\/?product=banana-900-g"},"modified":"2025-11-23T11:41:52","modified_gmt":"2025-11-23T10:41:52","slug":"banana-900-g","status":"publish","type":"product","link":"https:\/\/ecotienda.com\/?product=banana-900-g","title":{"rendered":"Banana &#8211; 900 g"},"content":{"rendered":"<div class=\"woocommerce-product-details\">\n<h3>Descripci\u00f3n del producto<\/h3>\n<p>Descripci\u00f3n del producto<\/p>\n<p> Banana &#8211; 1.25 kg Ingredientes<\/p>\n<p> Banana direcci\u00f3n<\/p>\n<p> No hay directrices especiales de uso Advertencia de seguridad<\/p>\n<p> No hay indicaciones de seguridad Contenido de la caja<\/p>\n<p> Bandeja de banana Ver m\u00e1s<\/p>\n<h3>Recursos de seguridad y productos<\/h3>\n<p>Recursos de seguridad y productosIm\u00e1genes y contactosIm\u00e1genes y contactos de seguridad Recursos de seguridad y productosProblema al cargar la informaci\u00f3nLo sentimos, no hemos podido mostrar la informaci\u00f3n debido a un problema. Vuelve a cargar la p\u00e1gina o int\u00e9ntalo de nuevo m\u00e1s tarde.Im\u00e1genes y contactos Im\u00e1genes de seguridad del producto Informaci\u00f3n del fabricante Persona responsable Problema al cargar la informaci\u00f3nLo sentimos, no hemos podido mostrar la informaci\u00f3n de la persona responsable debido a un problema. Vuelve a cargar la p\u00e1gina o int\u00e9ntalo de nuevo m\u00e1s tarde.Problema al cargar la informaci\u00f3nLo sentimos, no hemos podido mostrar la informaci\u00f3n del fabricante debido a un problema. Vuelve a cargar la p\u00e1gina o int\u00e9ntalo de nuevo m\u00e1s tarde.Problema al cargar la informaci\u00f3nLo sentimos, no hemos podido mostrar las im\u00e1genes de seguridad del producto debido a un problema. Vuelve a cargar la p\u00e1gina o int\u00e9ntalo de nuevo m\u00e1s tarde.<\/p>\n<table id=\"productDetails_techSpec_section_1\" class=\"a-keyvalue prodDetTable\">\n<tr>\n<th class=\"a-color-secondary a-size-base prodDetSectionEntry\"> Dimensiones del paquete <\/th>\n<td class=\"a-size-base prodDetAttrValue\"> &lrm;27 x 18,01 x 8 cm; 1,25 kg <\/td>\n<\/tr>\n<tr>\n<th class=\"a-color-secondary a-size-base prodDetSectionEntry\"> Nombre del producto <\/th>\n<td class=\"a-size-base prodDetAttrValue\"> &lrm;Banana <\/td>\n<\/tr>\n<tr>\n<th class=\"a-color-secondary a-size-base prodDetSectionEntry\"> Peso <\/th>\n<td class=\"a-size-base prodDetAttrValue\"> &lrm;900 Gramos <\/td>\n<\/tr>\n<tr>\n<th class=\"a-color-secondary a-size-base prodDetSectionEntry\"> Unidades <\/th>\n<td class=\"a-size-base prodDetAttrValue\"> &lrm;900.0 Gramos <\/td>\n<\/tr>\n<tr>\n<th class=\"a-color-secondary a-size-base prodDetSectionEntry\"> Instrucciones de almacenaje <\/th>\n<td class=\"a-size-base prodDetAttrValue\"> &lrm;10\u00b0 C -12\u00b0 C <\/td>\n<\/tr>\n<tr>\n<th class=\"a-color-secondary a-size-base prodDetSectionEntry\"> Marca <\/th>\n<td class=\"a-size-base prodDetAttrValue\"> &lrm;Felixia <\/td>\n<\/tr>\n<tr>\n<th class=\"a-color-secondary a-size-base prodDetSectionEntry\"> Forma del Art\u00edculo <\/th>\n<td class=\"a-size-base prodDetAttrValue\"> &lrm;Entero <\/td>\n<\/tr>\n<tr>\n<th class=\"a-color-secondary a-size-base prodDetSectionEntry\"> Fabricante <\/th>\n<td class=\"a-size-base prodDetAttrValue\"> &lrm;Palacios Roca, S.A. <\/td>\n<\/tr>\n<tr>\n<th class=\"a-color-secondary a-size-base prodDetSectionEntry\"> Peso del producto <\/th>\n<td class=\"a-size-base prodDetAttrValue\"> &lrm;1,25 kg <\/td>\n<\/tr>\n<tr>\n<th class=\"a-color-secondary a-size-base prodDetSectionEntry\"> Pa\u00eds de origen <\/th>\n<td class=\"a-size-base prodDetAttrValue\"> &lrm;Ecuador <\/td>\n<\/tr>\n<\/table><\/div>\n","protected":false},"excerpt":{"rendered":"<ul>\n<li> Origen: Costa Marfil, Colombia, Ecuador, Costa Rica, Brasil, seg\u00fan la temporada  <\/li>\n<li> Bandeja de banana  <\/li>\n<li> Forma menos curva que el pl\u00e1tano  <\/li>\n<li> Alto contenido en hidratos de carbono y potasio  <\/li>\n<li> Consumo en 3-5 d\u00edas  <\/li>\n<li> Conservar en lugar fresco y seco  <\/li>\n<\/ul>\n","protected":false},"featured_media":5543,"comment_status":"open","ping_status":"closed","template":"","meta":[],"product_cat":[185],"product_tag":[],"class_list":{"0":"post-5543","1":"product","2":"type-product","3":"status-publish","4":"has-post-thumbnail","6":"product_brand-marca-felixia","7":"product_cat-platano","9":"first","10":"instock","11":"sale","12":"shipping-taxable","13":"purchasable","14":"product-type-simple"},"_links":{"self":[{"href":"https:\/\/ecotienda.com\/index.php?rest_route=\/wp\/v2\/product\/5543","targetHints":{"allow":["GET"]}}],"collection":[{"href":"https:\/\/ecotienda.com\/index.php?rest_route=\/wp\/v2\/product"}],"about":[{"href":"https:\/\/ecotienda.com\/index.php?rest_route=\/wp\/v2\/types\/product"}],"replies":[{"embeddable":true,"href":"https:\/\/ecotienda.com\/index.php?rest_route=%2Fwp%2Fv2%2Fcomments&post=5543"}],"wp:featuredmedia":[{"embeddable":true,"href":"https:\/\/ecotienda.com\/index.php?rest_route=\/wp\/v2\/product\/5543"}],"wp:attachment":[{"href":"https:\/\/ecotienda.com\/index.php?rest_route=%2Fwp%2Fv2%2Fmedia&parent=5543"}],"wp:term":[{"taxonomy":"product_cat","embeddable":true,"href":"https:\/\/ecotienda.com\/index.php?rest_route=%2Fwp%2Fv2%2Fproduct_cat&post=5543"},{"taxonomy":"product_tag","embeddable":true,"href":"https:\/\/ecotienda.com\/index.php?rest_route=%2Fwp%2Fv2%2Fproduct_tag&post=5543"}],"curies":[{"name":"wp","href":"https:\/\/api.w.org\/{rel}","templated":true}]}}