{"id":5646,"date":"2025-11-23T11:48:39","date_gmt":"2025-11-23T10:48:39","guid":{"rendered":"https:\/\/ecotienda.com\/?product=muhle-jabon-de-afeitar-sandalo-recambio-65g"},"modified":"2025-12-10T12:25:48","modified_gmt":"2025-12-10T11:25:48","slug":"muhle-jabon-de-afeitar-sandalo-recambio-65g","status":"publish","type":"product","link":"https:\/\/ecotienda.com\/?product=muhle-jabon-de-afeitar-sandalo-recambio-65g","title":{"rendered":"M\u00dcHLE Jab\u00f3n de Afeitar S\u00e1ndalo Recambio 65g"},"content":{"rendered":"<div class=\"woocommerce-product-details\">\n<h3>Descripci\u00f3n del producto<\/h3>\n<p>Descripci\u00f3n del producto<\/p>\n<p> Jab\u00f3n de Afeitar S\u00e1ndalo M\u00fchle Recambio 65g. Nuestros est\u00e1ndares son lo que nos distingue, y nuestra calidad es lo que nos recomienda. Explora nuestra gama de productos. direcci\u00f3n<\/p>\n<p> Aplica el jab\u00f3n de afeitar en una espuma con un cepillo y agua (ya sea directamente en la cara o en un taz\u00f3n de afeitar). Aplicar en la zona deseada y dejar que entre en vigor durante 2-3 minutos. Afeita cuidadosamente con una cuchilla afilada y luego refresca la piel con agua limpia.<\/p>\n<h3>Detalles del producto<\/h3>\n<ul>\n<li>Descatalogado por el fabricante : No<\/li>\n<li>Dimensiones del producto : 2,54 x 2,54 x 2,54 cm; 65 g<\/li>\n<li>Producto en Amazon.es desde : 16 noviembre 2011<\/li>\n<li>Fabricante : M\u00fchle<\/li>\n<li>ASIN : B001AAVYSG<\/li>\n<li>N\u00famero de modelo del producto : WU-MHL-RS-SH<\/li>\n<li>Clasificaci\u00f3n en los m\u00e1s vendidos de Amazon: n\u00ba61.865 en Belleza (Ver el Top 100 en Belleza) n\u00ba42 en Jabones en Cuidados pre-depilaci\u00f3n y afeitado<\/li>\n<li>n\u00ba42 en Jabones en Cuidados pre-depilaci\u00f3n y afeitado<\/li>\n<li>Opiniones de los clientes: 4,5 4,5 de 5 estrellas (1.395)<\/li>\n<\/ul>\n<h3>Recursos de seguridad y productos<\/h3>\n<p>Recursos de seguridad y productosIm\u00e1genes y contactosIm\u00e1genes y contactos de seguridad Recursos de seguridad y productosProblema al cargar la informaci\u00f3nLo sentimos, no hemos podido mostrar la informaci\u00f3n debido a un problema. Vuelve a cargar la p\u00e1gina o int\u00e9ntalo de nuevo m\u00e1s tarde.Im\u00e1genes y contactos Im\u00e1genes de seguridad del producto Informaci\u00f3n del fabricante Persona responsable Problema al cargar la informaci\u00f3nLo sentimos, no hemos podido mostrar la informaci\u00f3n de la persona responsable debido a un problema. Vuelve a cargar la p\u00e1gina o int\u00e9ntalo de nuevo m\u00e1s tarde.Problema al cargar la informaci\u00f3nLo sentimos, no hemos podido mostrar la informaci\u00f3n del fabricante debido a un problema. Vuelve a cargar la p\u00e1gina o int\u00e9ntalo de nuevo m\u00e1s tarde.Problema al cargar la informaci\u00f3nLo sentimos, no hemos podido mostrar las im\u00e1genes de seguridad del producto debido a un problema. Vuelve a cargar la p\u00e1gina o int\u00e9ntalo de nuevo m\u00e1s tarde.<\/p>\n<table id=\"productDetails_techSpec_section_1\" class=\"a-keyvalue prodDetTable\">\n<tr>\n<th class=\"a-color-secondary a-size-base prodDetSectionEntry\"> Fabricante <\/th>\n<td class=\"a-size-base prodDetAttrValue\"> &lrm;M\u00fchle <\/td>\n<\/tr>\n<tr>\n<th class=\"a-color-secondary a-size-base prodDetSectionEntry\"> N\u00famero de modelo del producto <\/th>\n<td class=\"a-size-base prodDetAttrValue\"> &lrm;WU-MHL-RS-SH <\/td>\n<\/tr>\n<tr>\n<th class=\"a-color-secondary a-size-base prodDetSectionEntry\"> Dimensiones del producto <\/th>\n<td class=\"a-size-base prodDetAttrValue\"> &lrm;2,54 x 2,54 x 2,54 cm; 65 g <\/td>\n<\/tr>\n<tr>\n<th class=\"a-color-secondary a-size-base prodDetSectionEntry\"> ASIN <\/th>\n<td class=\"a-size-base prodDetAttrValue\"> &lrm;B001AAVYSG <\/td>\n<\/tr>\n<\/table><\/div>\n","protected":false},"excerpt":{"rendered":"<ul>\n<li> Jab\u00f3n de afeitar s\u00e1ndalo m\u00fchle recambio 65g  <\/li>\n<li> Elecci\u00f3n cuidadosa para las necesidades diarias  <\/li>\n<li> Producto de calidad \u00f3ptima  <\/li>\n<li> Producto que combina tradici\u00f3n e innovaci\u00f3n  <\/li>\n<\/ul>\n","protected":false},"featured_media":5646,"comment_status":"open","ping_status":"closed","template":"","meta":[],"product_cat":[135],"product_tag":[],"class_list":{"0":"post-5646","1":"product","2":"type-product","3":"status-publish","4":"has-post-thumbnail","6":"product_brand-visita-la-tienda-de-mhle","7":"product_cat-jabones-afeitar","9":"first","10":"instock","11":"shipping-taxable","12":"purchasable","13":"product-type-simple"},"_links":{"self":[{"href":"https:\/\/ecotienda.com\/index.php?rest_route=\/wp\/v2\/product\/5646","targetHints":{"allow":["GET"]}}],"collection":[{"href":"https:\/\/ecotienda.com\/index.php?rest_route=\/wp\/v2\/product"}],"about":[{"href":"https:\/\/ecotienda.com\/index.php?rest_route=\/wp\/v2\/types\/product"}],"replies":[{"embeddable":true,"href":"https:\/\/ecotienda.com\/index.php?rest_route=%2Fwp%2Fv2%2Fcomments&post=5646"}],"wp:featuredmedia":[{"embeddable":true,"href":"https:\/\/ecotienda.com\/index.php?rest_route=\/wp\/v2\/product\/5646"}],"wp:attachment":[{"href":"https:\/\/ecotienda.com\/index.php?rest_route=%2Fwp%2Fv2%2Fmedia&parent=5646"}],"wp:term":[{"taxonomy":"product_cat","embeddable":true,"href":"https:\/\/ecotienda.com\/index.php?rest_route=%2Fwp%2Fv2%2Fproduct_cat&post=5646"},{"taxonomy":"product_tag","embeddable":true,"href":"https:\/\/ecotienda.com\/index.php?rest_route=%2Fwp%2Fv2%2Fproduct_tag&post=5646"}],"curies":[{"name":"wp","href":"https:\/\/api.w.org\/{rel}","templated":true}]}}