{"id":5649,"date":"2025-11-23T11:48:44","date_gmt":"2025-11-23T10:48:44","guid":{"rendered":"https:\/\/ecotienda.com\/?product=golddachs-afeitado-deportes-de-jabon"},"modified":"2025-12-10T12:25:55","modified_gmt":"2025-12-10T11:25:55","slug":"golddachs-afeitado-deportes-de-jabon","status":"publish","type":"product","link":"https:\/\/ecotienda.com\/?product=golddachs-afeitado-deportes-de-jabon","title":{"rendered":"Golddachs afeitado deportes de jab\u00f3n"},"content":{"rendered":"<div class=\"woocommerce-product-details\">\n<h3>Descripci\u00f3n del producto<\/h3>\n<p>Descripci\u00f3n del producto<\/p>\n<p> El jab\u00f3n de afeitar Golddachs para deportistas es la opci\u00f3n ideal para aquellos que buscan una experiencia de afeitado suave y c\u00f3moda. Esta barra de jab\u00f3n, adecuada para pieles sensibles, est\u00e1 dise\u00f1ada para preparar la barba y el cabello largo, ofreciendo un rendimiento excelente. La receta tradicional de alta calidad asegura una espuma abundante y duradera, lo que facilita el afeitado incluso en las \u00e1reas m\u00e1s dif\u00edciles. Adem\u00e1s, su aroma deportista fresco y vigorizante te mantendr\u00e1 alerta y listo para enfrentar el d\u00eda. \u00a1Prueba el jab\u00f3n de afeitar Golddachs y disfruta de una experiencia de afeitado superior! direcci\u00f3n<\/p>\n<p> Utiliza el jab\u00f3n de afeitar Golddachs junto con una brocha de afeitar Golddachs pura y agua para una preparaci\u00f3n \u00f3ptima del pelo de la barba para un afeitado suave y apurado. Despu\u00e9s del afeitado, utiliza el t\u00f3nico de cuidado Golddachs para cerrar los poros y calmar la piel.<\/p>\n<h3>Detalles del producto<\/h3>\n<ul>\n<li>Descatalogado por el fabricante : No<\/li>\n<li>Dimensiones del paquete : 16 x 8 x 3,3 cm; 120 g<\/li>\n<li>Producto en Amazon.es desde : 19 mayo 2013<\/li>\n<li>Fabricante : Golddachs<\/li>\n<li>ASIN : B0068Z2Z68<\/li>\n<li>N\u00famero de modelo del producto : 7653150023<\/li>\n<li>Clasificaci\u00f3n en los m\u00e1s vendidos de Amazon: n\u00ba116.715 en Belleza (Ver el Top 100 en Belleza) n\u00ba79 en Jabones en Cuidados pre-depilaci\u00f3n y afeitado n\u00ba2.967 en Limpieza personal<\/li>\n<li>n\u00ba79 en Jabones en Cuidados pre-depilaci\u00f3n y afeitado<\/li>\n<li>n\u00ba2.967 en Limpieza personal<\/li>\n<li>Opiniones de los clientes: 4,6 4,6 de 5 estrellas (39)<\/li>\n<\/ul>\n<h3>Recursos de seguridad y productos<\/h3>\n<p>Recursos de seguridad y productosIm\u00e1genes y contactosIm\u00e1genes y contactos de seguridad Recursos de seguridad y productosProblema al cargar la informaci\u00f3nLo sentimos, no hemos podido mostrar la informaci\u00f3n debido a un problema. Vuelve a cargar la p\u00e1gina o int\u00e9ntalo de nuevo m\u00e1s tarde.Im\u00e1genes y contactos Im\u00e1genes de seguridad del producto Informaci\u00f3n del fabricante Persona responsable Problema al cargar la informaci\u00f3nLo sentimos, no hemos podido mostrar la informaci\u00f3n de la persona responsable debido a un problema. Vuelve a cargar la p\u00e1gina o int\u00e9ntalo de nuevo m\u00e1s tarde.Problema al cargar la informaci\u00f3nLo sentimos, no hemos podido mostrar la informaci\u00f3n del fabricante debido a un problema. Vuelve a cargar la p\u00e1gina o int\u00e9ntalo de nuevo m\u00e1s tarde.Problema al cargar la informaci\u00f3nLo sentimos, no hemos podido mostrar las im\u00e1genes de seguridad del producto debido a un problema. Vuelve a cargar la p\u00e1gina o int\u00e9ntalo de nuevo m\u00e1s tarde.<\/p>\n<table id=\"productDetails_techSpec_section_1\" class=\"a-keyvalue prodDetTable\">\n<tr>\n<th class=\"a-color-secondary a-size-base prodDetSectionEntry\"> Dimensiones del paquete <\/th>\n<td class=\"a-size-base prodDetAttrValue\"> &lrm;16 x 8 x 3.3 cent\u00edmetros <\/td>\n<\/tr>\n<tr>\n<th class=\"a-color-secondary a-size-base prodDetSectionEntry\"> Peso del producto <\/th>\n<td class=\"a-size-base prodDetAttrValue\"> &lrm;120 Gramos <\/td>\n<\/tr>\n<tr>\n<th class=\"a-color-secondary a-size-base prodDetSectionEntry\"> Forma del Art\u00edculo <\/th>\n<td class=\"a-size-base prodDetAttrValue\"> &lrm;Barra <\/td>\n<\/tr>\n<tr>\n<th class=\"a-color-secondary a-size-base prodDetSectionEntry\"> Marca <\/th>\n<td class=\"a-size-base prodDetAttrValue\"> &lrm;Golddachs <\/td>\n<\/tr>\n<tr>\n<th class=\"a-color-secondary a-size-base prodDetSectionEntry\"> Aroma <\/th>\n<td class=\"a-size-base prodDetAttrValue\"> &lrm;Deportes <\/td>\n<\/tr>\n<tr>\n<th class=\"a-color-secondary a-size-base prodDetSectionEntry\"> Tipo de piel <\/th>\n<td class=\"a-size-base prodDetAttrValue\"> &lrm;Sensible <\/td>\n<\/tr>\n<tr>\n<th class=\"a-color-secondary a-size-base prodDetSectionEntry\"> Fabricante <\/th>\n<td class=\"a-size-base prodDetAttrValue\"> &lrm;Golddachs <\/td>\n<\/tr>\n<tr>\n<th class=\"a-color-secondary a-size-base prodDetSectionEntry\"> N\u00famero de modelo del producto <\/th>\n<td class=\"a-size-base prodDetAttrValue\"> &lrm;7653150023 <\/td>\n<\/tr>\n<tr>\n<th class=\"a-color-secondary a-size-base prodDetSectionEntry\"> Dimensiones del paquete <\/th>\n<td class=\"a-size-base prodDetAttrValue\"> &lrm;16 x 8 x 3,3 cm; 120 g <\/td>\n<\/tr>\n<tr>\n<th class=\"a-color-secondary a-size-base prodDetSectionEntry\"> ASIN <\/th>\n<td class=\"a-size-base prodDetAttrValue\"> &lrm;B0068Z2Z68 <\/td>\n<\/tr>\n<\/table><\/div>\n","protected":false},"excerpt":{"rendered":"<ul>\n<li> Excelentes preparar la barba cabello suave, afeitado y largo.  <\/li>\n<li> Adecuado para pieles sensibles  <\/li>\n<li> Jab\u00f3n es excelente rendimiento  <\/li>\n<li> Despu\u00e9s de la receta tradicional cualitativa  <\/li>\n<\/ul>\n","protected":false},"featured_media":5649,"comment_status":"open","ping_status":"closed","template":"","meta":[],"product_cat":[135],"product_tag":[],"class_list":{"0":"post-5649","1":"product","2":"type-product","3":"status-publish","4":"has-post-thumbnail","6":"product_brand-marca-golddachs","7":"product_cat-jabones-afeitar","9":"first","10":"instock","11":"shipping-taxable","12":"purchasable","13":"product-type-simple"},"_links":{"self":[{"href":"https:\/\/ecotienda.com\/index.php?rest_route=\/wp\/v2\/product\/5649","targetHints":{"allow":["GET"]}}],"collection":[{"href":"https:\/\/ecotienda.com\/index.php?rest_route=\/wp\/v2\/product"}],"about":[{"href":"https:\/\/ecotienda.com\/index.php?rest_route=\/wp\/v2\/types\/product"}],"replies":[{"embeddable":true,"href":"https:\/\/ecotienda.com\/index.php?rest_route=%2Fwp%2Fv2%2Fcomments&post=5649"}],"wp:featuredmedia":[{"embeddable":true,"href":"https:\/\/ecotienda.com\/index.php?rest_route=\/wp\/v2\/product\/5649"}],"wp:attachment":[{"href":"https:\/\/ecotienda.com\/index.php?rest_route=%2Fwp%2Fv2%2Fmedia&parent=5649"}],"wp:term":[{"taxonomy":"product_cat","embeddable":true,"href":"https:\/\/ecotienda.com\/index.php?rest_route=%2Fwp%2Fv2%2Fproduct_cat&post=5649"},{"taxonomy":"product_tag","embeddable":true,"href":"https:\/\/ecotienda.com\/index.php?rest_route=%2Fwp%2Fv2%2Fproduct_tag&post=5649"}],"curies":[{"name":"wp","href":"https:\/\/api.w.org\/{rel}","templated":true}]}}