{"id":5686,"date":"2025-11-23T11:52:39","date_gmt":"2025-11-23T10:52:39","guid":{"rendered":"https:\/\/ecotienda.com\/?product=organy-c-tampones-aplicadores-supercompactos"},"modified":"2025-11-23T11:52:41","modified_gmt":"2025-11-23T10:52:41","slug":"organy-c-tampones-aplicadores-supercompactos","status":"publish","type":"product","link":"https:\/\/ecotienda.com\/?product=organy-c-tampones-aplicadores-supercompactos","title":{"rendered":"Organ(y) c Tampones aplicadores supercompactos"},"content":{"rendered":"<div class=\"woocommerce-product-details\">\n<h3>Descripci\u00f3n del producto<\/h3>\n<p>Descripci\u00f3n del producto<\/p>\n<p> TAMPONES SUPER CON APLICADOR COMPACT 16ud. direcci\u00f3n<\/p>\n<p> Retire el tamp\u00f3n del paquete con el aplicador. Inserte el aplicador en la vagina con una ligera presi\u00f3n hasta que se disuelva por completo. Luego, tire suavemente del aplicador y des\u00e9chelo. Use la cuerda para quitar el tamp\u00f3n de forma segura cuando est\u00e9 lleno. Advertencia de seguridad<\/p>\n<p> Retire el tamp\u00f3n del paquete con el aplicador. Inserte el aplicador en la vagina con una ligera presi\u00f3n hasta que se disuelva por completo. Luego, tire suavemente del aplicador y des\u00e9chelo. Use la cuerda para quitar el tamp\u00f3n de forma segura cuando est\u00e9 lleno. Ver m\u00e1s<\/p>\n<h3>Detalles del producto<\/h3>\n<ul>\n<li>Dimensiones del producto : 9,8 x 9,8 x 8,99 cm; 0,06 g<\/li>\n<li>Producto en Amazon.es desde : 13 febrero 2018<\/li>\n<li>Fabricante : ORGANYC<\/li>\n<li>ASIN : B0759KQ4SB<\/li>\n<li>N\u00famero de modelo del producto : ORGATBIO3<\/li>\n<li>Clasificaci\u00f3n en los m\u00e1s vendidos de Amazon: n\u00ba15.470 en Salud y cuidado personal (Ver el Top 100 en Salud y cuidado personal) n\u00ba26 en Tampones<\/li>\n<li>n\u00ba26 en Tampones<\/li>\n<li>Opiniones de los clientes: 4,4 4,4 de 5 estrellas 2.173 valoraciones<\/li>\n<\/ul>\n<h3>Recursos de seguridad y productos<\/h3>\n<p>Recursos de seguridad y productosIm\u00e1genes y contactosIm\u00e1genes y contactos de seguridad Recursos de seguridad y productosProblema al cargar la informaci\u00f3nLo sentimos, no hemos podido mostrar la informaci\u00f3n debido a un problema. Vuelve a cargar la p\u00e1gina o int\u00e9ntalo de nuevo m\u00e1s tarde.Im\u00e1genes y contactos Im\u00e1genes de seguridad del producto Informaci\u00f3n del fabricante Persona responsable Problema al cargar la informaci\u00f3nLo sentimos, no hemos podido mostrar la informaci\u00f3n de la persona responsable debido a un problema. Vuelve a cargar la p\u00e1gina o int\u00e9ntalo de nuevo m\u00e1s tarde.Problema al cargar la informaci\u00f3nLo sentimos, no hemos podido mostrar la informaci\u00f3n del fabricante debido a un problema. Vuelve a cargar la p\u00e1gina o int\u00e9ntalo de nuevo m\u00e1s tarde.Problema al cargar la informaci\u00f3nLo sentimos, no hemos podido mostrar las im\u00e1genes de seguridad del producto debido a un problema. Vuelve a cargar la p\u00e1gina o int\u00e9ntalo de nuevo m\u00e1s tarde.<\/p>\n<table id=\"productDetails_techSpec_section_1\" class=\"a-keyvalue prodDetTable\">\n<tr>\n<th class=\"a-color-secondary a-size-base prodDetSectionEntry\"> Fabricante <\/th>\n<td class=\"a-size-base prodDetAttrValue\"> &lrm;ORGANYC <\/td>\n<\/tr>\n<tr>\n<th class=\"a-color-secondary a-size-base prodDetSectionEntry\"> N\u00famero de modelo del producto <\/th>\n<td class=\"a-size-base prodDetAttrValue\"> &lrm;ORGATBIO3 <\/td>\n<\/tr>\n<tr>\n<th class=\"a-color-secondary a-size-base prodDetSectionEntry\"> Dimensiones del producto <\/th>\n<td class=\"a-size-base prodDetAttrValue\"> &lrm;9,8 x 9,8 x 8,99 cm; 0,06 g <\/td>\n<\/tr>\n<tr>\n<th class=\"a-color-secondary a-size-base prodDetSectionEntry\"> ASIN <\/th>\n<td class=\"a-size-base prodDetAttrValue\"> &lrm;B0759KQ4SB <\/td>\n<\/tr>\n<tr>\n<th class=\"a-color-secondary a-size-base prodDetSectionEntry\"> Composici\u00f3n <\/th>\n<td class=\"a-size-base prodDetAttrValue\"> &lrm;Algod\u00f3n org\u00e1nico <\/td>\n<\/tr>\n<\/table><\/div>\n","protected":false},"excerpt":{"rendered":"<ul>\n<li> TAMPONES SUPER CON APLICADOR COMPACT 16ud.  <\/li>\n<\/ul>\n","protected":false},"featured_media":5686,"comment_status":"open","ping_status":"closed","template":"","meta":[],"product_cat":[190],"product_tag":[],"class_list":{"0":"post-5686","1":"product","2":"type-product","3":"status-publish","4":"has-post-thumbnail","6":"product_brand-visita-la-tienda-de-organyc","7":"product_cat-periodo","9":"first","10":"instock","11":"sale","12":"shipping-taxable","13":"purchasable","14":"product-type-simple"},"_links":{"self":[{"href":"https:\/\/ecotienda.com\/index.php?rest_route=\/wp\/v2\/product\/5686","targetHints":{"allow":["GET"]}}],"collection":[{"href":"https:\/\/ecotienda.com\/index.php?rest_route=\/wp\/v2\/product"}],"about":[{"href":"https:\/\/ecotienda.com\/index.php?rest_route=\/wp\/v2\/types\/product"}],"replies":[{"embeddable":true,"href":"https:\/\/ecotienda.com\/index.php?rest_route=%2Fwp%2Fv2%2Fcomments&post=5686"}],"wp:featuredmedia":[{"embeddable":true,"href":"https:\/\/ecotienda.com\/index.php?rest_route=\/wp\/v2\/product\/5686"}],"wp:attachment":[{"href":"https:\/\/ecotienda.com\/index.php?rest_route=%2Fwp%2Fv2%2Fmedia&parent=5686"}],"wp:term":[{"taxonomy":"product_cat","embeddable":true,"href":"https:\/\/ecotienda.com\/index.php?rest_route=%2Fwp%2Fv2%2Fproduct_cat&post=5686"},{"taxonomy":"product_tag","embeddable":true,"href":"https:\/\/ecotienda.com\/index.php?rest_route=%2Fwp%2Fv2%2Fproduct_tag&post=5686"}],"curies":[{"name":"wp","href":"https:\/\/api.w.org\/{rel}","templated":true}]}}