{"id":5692,"date":"2025-11-23T11:52:53","date_gmt":"2025-11-23T10:52:53","guid":{"rendered":"https:\/\/ecotienda.com\/?product=tampones-organicos-con-aplicador-de-reutilizacion-para-tampones-super-super-plus-bio-masmi"},"modified":"2025-11-23T11:52:55","modified_gmt":"2025-11-23T10:52:55","slug":"tampones-organicos-con-aplicador-de-reutilizacion-para-tampones-super-super-plus-bio-masmi","status":"publish","type":"product","link":"https:\/\/ecotienda.com\/?product=tampones-organicos-con-aplicador-de-reutilizacion-para-tampones-super-super-plus-bio-masmi","title":{"rendered":"Tampones org\u00e1nicos con aplicador de reutilizaci\u00f3n para tampones Super &#038; Super Plus Bio Masmi"},"content":{"rendered":"<div class=\"woocommerce-product-details\">\n<h3>Descripci\u00f3n del producto<\/h3>\n<p>Descripci\u00f3n del producto<\/p>\n<p> El aplicador reutilizable se aplica como un tamp\u00f3n con aplicador y es la alternativa higi\u00e9nica para cambiar e insertar tampones sin aplicador. &#8211; El aplicador de pl\u00e1stico m\u00e9dico tiene propiedades antimicrobianas y se limpia f\u00e1cilmente con agua corriente. &#8211; Hasta 10 a\u00f1os, el aplicador se puede reutilizar. &#8211; El aplicador es adecuado para tampones Masmi Bio con fuerza de succi\u00f3n Classic, Super &amp; Super Plus. &#8211; Tambi\u00e9n es una alternativa para personas hipoal\u00e9rgicas Ingredientes<\/p>\n<p> 1 aplicador, 1 caja de almacenamiento, 1 estuche, 7 tampones org\u00e1nicos super, 7 tampones org\u00e1nicos Super Plus direcci\u00f3n<\/p>\n<p> Incluye instrucciones para usar el aplicador reutilizable e insertar tampones con y sin el aplicador. Advertencia de seguridad<\/p>\n<p> Reutiliza el aplicador hasta por 10 a\u00f1os. Ten en cuenta que los tampones pueden aumentar el riesgo de s\u00edndrome de shock t\u00f3xico. Consulta el embalaje del producto para m\u00e1s detalles. Ver m\u00e1s<\/p>\n<h3>Detalles del producto<\/h3>\n<ul>\n<li>Producto en Amazon.es desde : 29 enero 2024<\/li>\n<li>Fabricante : Cotton High Tech S.L.<\/li>\n<li>ASIN : B0CTJ57P2K<\/li>\n<li>N\u00famero de modelo del producto : 0873<\/li>\n<li>Clasificaci\u00f3n en los m\u00e1s vendidos de Amazon: n\u00ba102.547 en Salud y cuidado personal (Ver el Top 100 en Salud y cuidado personal) n\u00ba144 en Tampones<\/li>\n<li>n\u00ba144 en Tampones<\/li>\n<li>Opiniones de los clientes: 3,4 3,4 de 5 estrellas 19 valoraciones<\/li>\n<\/ul>\n<h3>Recursos de seguridad y productos<\/h3>\n<p>Recursos de seguridad y productosIm\u00e1genes y contactosIm\u00e1genes y contactos de seguridad Recursos de seguridad y productosProblema al cargar la informaci\u00f3nLo sentimos, no hemos podido mostrar la informaci\u00f3n debido a un problema. Vuelve a cargar la p\u00e1gina o int\u00e9ntalo de nuevo m\u00e1s tarde.Im\u00e1genes y contactos Im\u00e1genes de seguridad del producto Informaci\u00f3n del fabricante Persona responsable Problema al cargar la informaci\u00f3nLo sentimos, no hemos podido mostrar la informaci\u00f3n de la persona responsable debido a un problema. Vuelve a cargar la p\u00e1gina o int\u00e9ntalo de nuevo m\u00e1s tarde.Problema al cargar la informaci\u00f3nLo sentimos, no hemos podido mostrar la informaci\u00f3n del fabricante debido a un problema. Vuelve a cargar la p\u00e1gina o int\u00e9ntalo de nuevo m\u00e1s tarde.Problema al cargar la informaci\u00f3nLo sentimos, no hemos podido mostrar las im\u00e1genes de seguridad del producto debido a un problema. Vuelve a cargar la p\u00e1gina o int\u00e9ntalo de nuevo m\u00e1s tarde.<\/p>\n<table id=\"productDetails_techSpec_section_1\" class=\"a-keyvalue prodDetTable\">\n<tr>\n<th class=\"a-color-secondary a-size-base prodDetSectionEntry\"> Fabricante <\/th>\n<td class=\"a-size-base prodDetAttrValue\"> &lrm;Cotton High Tech S.L. <\/td>\n<\/tr>\n<tr>\n<th class=\"a-color-secondary a-size-base prodDetSectionEntry\"> N\u00famero de modelo del producto <\/th>\n<td class=\"a-size-base prodDetAttrValue\"> &lrm;0873 <\/td>\n<\/tr>\n<tr>\n<th class=\"a-color-secondary a-size-base prodDetSectionEntry\"> ASIN <\/th>\n<td class=\"a-size-base prodDetAttrValue\"> &lrm;B0CTJ57P2K <\/td>\n<\/tr>\n<\/table><\/div>\n","protected":false},"excerpt":{"rendered":"<ul>\n<li> Aplicador reutilizable de pl\u00e1stico m\u00e9dico  <\/li>\n<li> Permite la introducci\u00f3n de tampones org\u00e1nicos sin aplicador  <\/li>\n<li> El aplicador se puede reutilizar hasta 10 a\u00f1os  <\/li>\n<li> El pl\u00e1stico m\u00e9dico es antimicrobiano  <\/li>\n<li> Ecol\u00f3gico y Econ\u00f3mico  <\/li>\n<li> Juego de iniciaci\u00f3n con 14 tampones org\u00e1nicos Masmi Cottonlock  <\/li>\n<\/ul>\n","protected":false},"featured_media":5692,"comment_status":"open","ping_status":"closed","template":"","meta":[],"product_cat":[190],"product_tag":[],"class_list":{"0":"post-5692","1":"product","2":"type-product","3":"status-publish","4":"has-post-thumbnail","6":"product_brand-marca-masmi","7":"product_cat-periodo","9":"first","10":"instock","11":"shipping-taxable","12":"purchasable","13":"product-type-simple"},"_links":{"self":[{"href":"https:\/\/ecotienda.com\/index.php?rest_route=\/wp\/v2\/product\/5692","targetHints":{"allow":["GET"]}}],"collection":[{"href":"https:\/\/ecotienda.com\/index.php?rest_route=\/wp\/v2\/product"}],"about":[{"href":"https:\/\/ecotienda.com\/index.php?rest_route=\/wp\/v2\/types\/product"}],"replies":[{"embeddable":true,"href":"https:\/\/ecotienda.com\/index.php?rest_route=%2Fwp%2Fv2%2Fcomments&post=5692"}],"wp:featuredmedia":[{"embeddable":true,"href":"https:\/\/ecotienda.com\/index.php?rest_route=\/wp\/v2\/product\/5692"}],"wp:attachment":[{"href":"https:\/\/ecotienda.com\/index.php?rest_route=%2Fwp%2Fv2%2Fmedia&parent=5692"}],"wp:term":[{"taxonomy":"product_cat","embeddable":true,"href":"https:\/\/ecotienda.com\/index.php?rest_route=%2Fwp%2Fv2%2Fproduct_cat&post=5692"},{"taxonomy":"product_tag","embeddable":true,"href":"https:\/\/ecotienda.com\/index.php?rest_route=%2Fwp%2Fv2%2Fproduct_tag&post=5692"}],"curies":[{"name":"wp","href":"https:\/\/api.w.org\/{rel}","templated":true}]}}