{"id":5731,"date":"2025-11-23T12:04:40","date_gmt":"2025-11-23T11:04:40","guid":{"rendered":"https:\/\/ecotienda.com\/?product=nata-vegetal-ambiante-de-1-l-puratos-pack-2-unidad"},"modified":"2025-11-23T12:05:04","modified_gmt":"2025-11-23T11:05:04","slug":"nata-vegetal-ambiante-de-1-l-puratos-pack-2-unidad","status":"publish","type":"product","link":"https:\/\/ecotienda.com\/?product=nata-vegetal-ambiante-de-1-l-puratos-pack-2-unidad","title":{"rendered":"Nata vegetal Ambiante de 1 L, Puratos (Pack, 2, unidad)"},"content":{"rendered":"<div class=\"woocommerce-product-details\">\n<h3>Descripci\u00f3n del producto<\/h3>\n<p>Descripci\u00f3n del producto<\/p>\n<p> La nata vegetal Ambiante de 1 L de Puratos es una alternativa vegana a la nata l\u00e1ctea tradicional, perfecta para hornear, cocinar y decorar. Elaborada a base de aceites vegetales y estabilizantes naturales, esta nata vegetal proporciona una textura cremosa y un sabor suave y neutro. Es ideal para preparar postres, rellenos, salsas y muchas otras recetas veganas. Con su envase de 1 litro, es una opci\u00f3n conveniente para los panaderos, pasteleros y cocineros que buscan opciones sin l\u00e1cteos. Adem\u00e1s de ser vegana, esta nata vegetal es libre de colesterol y bajo en grasas saturadas. \u00dasala para darle un toque cremoso y suave a tus creaciones culinarias sin comprometer tus preferencias alimentarias o estilo de vida. Ingredientes<\/p>\n<p> Agua, grasa vegetal hidrogenada, az\u00facar, estabilizantes: jarabe de sorbitol (E-420ii), carboximetilcelulosa (E-466), hidroximetilpropilcelulosa (E-464), carragenato (E-407), harina de semilla de guar (E-415), fosfato disodico (E-339ii), citrato trisodico (E-331iii)<\/p>\n<p>Emulgentes: monoestearato de sorbitan (E-491), lecitina de soja (E-322), polisorbato 60 (E-435), esteres mono y diacetiltartaricos de los monodigliceridos de \u00e1cidos grasos (E-472e)<\/p>\n<p>Aroma natural, aroma artificial, sal, colorante betacaroteno (E-160Aa) direcci\u00f3n<\/p>\n<p> Debe dejarse enfriar en la nevera un m\u00ednimo de 12 h, para alcanzar los 5 \/ 7 \u00baC antes de batir<\/p>\n<p>Batir a velocidad media en un recipiente fr\u00edo y seco hasta alcanzar el punto deseado Ver m\u00e1s<\/p>\n<h3>Recursos de seguridad y productos<\/h3>\n<p>Recursos de seguridad y productosIm\u00e1genes y contactosIm\u00e1genes y contactos de seguridad Recursos de seguridad y productosProblema al cargar la informaci\u00f3nLo sentimos, no hemos podido mostrar la informaci\u00f3n debido a un problema. Vuelve a cargar la p\u00e1gina o int\u00e9ntalo de nuevo m\u00e1s tarde.Im\u00e1genes y contactos Im\u00e1genes de seguridad del producto Informaci\u00f3n del fabricante Persona responsable Problema al cargar la informaci\u00f3nLo sentimos, no hemos podido mostrar la informaci\u00f3n de la persona responsable debido a un problema. Vuelve a cargar la p\u00e1gina o int\u00e9ntalo de nuevo m\u00e1s tarde.Problema al cargar la informaci\u00f3nLo sentimos, no hemos podido mostrar la informaci\u00f3n del fabricante debido a un problema. Vuelve a cargar la p\u00e1gina o int\u00e9ntalo de nuevo m\u00e1s tarde.Problema al cargar la informaci\u00f3nLo sentimos, no hemos podido mostrar las im\u00e1genes de seguridad del producto debido a un problema. Vuelve a cargar la p\u00e1gina o int\u00e9ntalo de nuevo m\u00e1s tarde.<\/p>\n<table id=\"productDetails_techSpec_section_1\" class=\"a-keyvalue prodDetTable\">\n<tr>\n<th class=\"a-color-secondary a-size-base prodDetSectionEntry\"> Unidades <\/th>\n<td class=\"a-size-base prodDetAttrValue\"> &lrm;2 unidad <\/td>\n<\/tr>\n<tr>\n<th class=\"a-color-secondary a-size-base prodDetSectionEntry\"> Marca <\/th>\n<td class=\"a-size-base prodDetAttrValue\"> &lrm;GLOTOMANIA SL <\/td>\n<\/tr>\n<tr>\n<th class=\"a-color-secondary a-size-base prodDetSectionEntry\"> Forma del Art\u00edculo <\/th>\n<td class=\"a-size-base prodDetAttrValue\"> &lrm;L\u00edquido <\/td>\n<\/tr>\n<tr>\n<th class=\"a-color-secondary a-size-base prodDetSectionEntry\"> Fabricante <\/th>\n<td class=\"a-size-base prodDetAttrValue\"> &lrm;Puratos <\/td>\n<\/tr>\n<tr>\n<th class=\"a-color-secondary a-size-base prodDetSectionEntry\"> Pa\u00eds de origen <\/th>\n<td class=\"a-size-base prodDetAttrValue\"> &lrm;Espa\u00f1a <\/td>\n<\/tr>\n<\/table><\/div>\n","protected":false},"excerpt":{"rendered":"<p>Descripci\u00f3n del producto Descripci\u00f3n del producto La nata vegetal Ambiante de 1 L de Puratos es una alternativa vegana a la nata l\u00e1ctea tradicional, perfecta para hornear, cocinar y decorar. Elaborada a base de aceites vegetales y estabilizantes naturales, esta nata vegetal proporciona una textura cremosa y un sabor suave y neutro. Es ideal para &hellip; <a href=\"https:\/\/ecotienda.com\/?product=nata-vegetal-ambiante-de-1-l-puratos-pack-2-unidad\" class=\"more-link\">Continue reading <span class=\"screen-reader-text\">Nata vegetal Ambiante de 1 L, Puratos (Pack, 2, unidad)<\/span><\/a><\/p>\n","protected":false},"featured_media":5731,"comment_status":"open","ping_status":"closed","template":"","meta":[],"product_cat":[124],"product_tag":[],"class_list":{"0":"post-5731","1":"product","2":"type-product","3":"status-publish","4":"has-post-thumbnail","6":"product_brand-visita-la-tienda-de-glotomania-sl","7":"product_cat-nata","9":"first","10":"instock","11":"shipping-taxable","12":"purchasable","13":"product-type-variable"},"_links":{"self":[{"href":"https:\/\/ecotienda.com\/index.php?rest_route=\/wp\/v2\/product\/5731","targetHints":{"allow":["GET"]}}],"collection":[{"href":"https:\/\/ecotienda.com\/index.php?rest_route=\/wp\/v2\/product"}],"about":[{"href":"https:\/\/ecotienda.com\/index.php?rest_route=\/wp\/v2\/types\/product"}],"replies":[{"embeddable":true,"href":"https:\/\/ecotienda.com\/index.php?rest_route=%2Fwp%2Fv2%2Fcomments&post=5731"}],"wp:featuredmedia":[{"embeddable":true,"href":"https:\/\/ecotienda.com\/index.php?rest_route=\/wp\/v2\/product\/5731"}],"wp:attachment":[{"href":"https:\/\/ecotienda.com\/index.php?rest_route=%2Fwp%2Fv2%2Fmedia&parent=5731"}],"wp:term":[{"taxonomy":"product_cat","embeddable":true,"href":"https:\/\/ecotienda.com\/index.php?rest_route=%2Fwp%2Fv2%2Fproduct_cat&post=5731"},{"taxonomy":"product_tag","embeddable":true,"href":"https:\/\/ecotienda.com\/index.php?rest_route=%2Fwp%2Fv2%2Fproduct_tag&post=5731"}],"curies":[{"name":"wp","href":"https:\/\/api.w.org\/{rel}","templated":true}]}}