{"id":5775,"date":"2025-11-23T12:07:28","date_gmt":"2025-11-23T11:07:28","guid":{"rendered":"https:\/\/ecotienda.com\/?product=bioasia-tofu-ecologico-ahumado-1-x-200-g"},"modified":"2025-11-23T12:07:30","modified_gmt":"2025-11-23T11:07:30","slug":"bioasia-tofu-ecologico-ahumado-1-x-200-g","status":"publish","type":"product","link":"https:\/\/ecotienda.com\/?product=bioasia-tofu-ecologico-ahumado-1-x-200-g","title":{"rendered":"BIOASIA Tofu ecol\u00f3gico ahumado &#8211; 1 x 200 g"},"content":{"rendered":"<div class=\"woocommerce-product-details\">\n<h3>De la marca<\/h3>\n<div><img data-opt-id=726959011  fetchpriority=\"high\" decoding=\"async\" src=\"https:\/\/m.media-amazon.com\/images\/S\/aplus-media-library-service-media\/f756fd92-488b-46b4-b759-a42b528c9520.__CR0,0,1464,625_PT0_SX1464_V1___.jpg\" alt=\".\" style=\"max-width: 100%\" style=\"max-width: 100%; height: auto;\"><\/div>\n<div id=\"aplus_feature_div\" class=\"celwidget\" data-feature-name=\"aplus\" data-csa-c-type=\"widget\" data-csa-c-content-id=\"aplus\" data-csa-c-slot-id=\"aplus_feature_div\" data-csa-c-asin=\"\" data-csa-c-is-in-initial-active-row=\"false\">\n<div id=\"aplus\" class=\"a-section a-spacing-large bucket\">\n<h3 class=\"\">M\u00e1s informaci\u00f3n del producto<\/h3>\n<div lang=\"es_ES\">\n<div class=\"aplus-v2 desktop celwidget\">\n<div class=\"celwidget aplus-module 3p-module-b aplus-standard\">\n<div class=\"aplus-module-wrapper aplus-3p-fixed-width\"> <img data-opt-id=227037315  fetchpriority=\"high\" decoding=\"async\" alt=\"BIO ASIA General Gen\u00e9rico Otros Encabezados Org\u00e1nicos\" src=\"https:\/\/m.media-amazon.com\/images\/S\/aplus-media-library-service-media\/ca495e83-be1a-46e7-bb37-3ed50a76b213.__CR0,0,3400,2103_PT0_SX970_V1___.png\" \/ style=\"max-width: 100%; height: auto;\"> <\/div>\n<\/div>\n<div class=\"celwidget aplus-module 3p-module-b aplus-standard\">\n<div class=\"aplus-module-wrapper aplus-3p-fixed-width\"> <img data-opt-id=2019644906  data-opt-src=\"https:\/\/m.media-amazon.com\/images\/S\/aplus-media-library-service-media\/c19c341b-13d2-4399-b633-b8a80b7b9ac1.__CR0,0,3400,2103_PT0_SX970_V1___.png\"  decoding=\"async\" alt=\"BIO ASIA Info Middlepart\" src=\"data:image/svg+xml,%3Csvg%20viewBox%3D%220%200%20100%%20100%%22%20width%3D%22100%%22%20height%3D%22100%%22%20xmlns%3D%22http%3A%2F%2Fwww.w3.org%2F2000%2Fsvg%22%3E%3Crect%20width%3D%22100%%22%20height%3D%22100%%22%20fill%3D%22transparent%22%2F%3E%3C%2Fsvg%3E\" \/ style=\"max-width: 100%; height: auto;\"> <\/div>\n<\/div>\n<div class=\"celwidget aplus-module 3p-module-b aplus-standard\">\n<div class=\"aplus-module-wrapper aplus-3p-fixed-width\"> <img data-opt-id=180438734  data-opt-src=\"https:\/\/m.media-amazon.com\/images\/S\/aplus-media-library-service-media\/543d5681-53f4-4971-85d1-d22ad57e9226.__CR0,0,3400,2103_PT0_SX970_V1___.png\"  decoding=\"async\" alt=\"BIO ASIA Range Portfolio Surtido Footer\" src=\"data:image/svg+xml,%3Csvg%20viewBox%3D%220%200%20100%%20100%%22%20width%3D%22100%%22%20height%3D%22100%%22%20xmlns%3D%22http%3A%2F%2Fwww.w3.org%2F2000%2Fsvg%22%3E%3Crect%20width%3D%22100%%22%20height%3D%22100%%22%20fill%3D%22transparent%22%2F%3E%3C%2Fsvg%3E\" \/ style=\"max-width: 100%; height: auto;\"> <\/div>\n<\/div>\n<div class=\"celwidget aplus-module module-5 aplus-standard\">\n<div class=\"aplus-module-wrapper apm-fixed-width\">\n<div class=\"apm-spacing aplus-module-content\">\n<div class=\"apm-tablemodule\">\n<table class=\"apm-tablemodule-table\" cellspacing=\"0\" cellpadding=\"0\">\n<tbody>\n<tr class=\"apm-tablemodule-imagerows\">\n<td class=\"apm-tablemodule-blankkeyhead\" \/>\n<th> <a href='\/dp\/B0933RNHBF?ref=emc_s_m_5_i_atc'> <\/p>\n<div class=\"apm-tablemodule-image\"> <img data-opt-id=415182480  data-opt-src=\"https:\/\/m.media-amazon.com\/images\/S\/aplus-media-library-service-media\/6783f472-9ec3-4746-878a-a09880f2e2c2.__CR0,0,1500,3000_PT0_SX150_V1___.png\"  decoding=\"async\" alt=\"\" src=\"data:image/svg+xml,%3Csvg%20viewBox%3D%220%200%20100%%20100%%22%20width%3D%22100%%22%20height%3D%22100%%22%20xmlns%3D%22http%3A%2F%2Fwww.w3.org%2F2000%2Fsvg%22%3E%3Crect%20width%3D%22100%%22%20height%3D%22100%%22%20fill%3D%22transparent%22%2F%3E%3C%2Fsvg%3E\" width=\"121.66666666666667px\" \/ style=\"max-width: 100%; height: auto;\"> <\/div>\n<div> BIOASIA Bio Ramen Fideos <\/div>\n<p> <\/a> <\/th>\n<th> <a href='\/dp\/B0BVWH13V3?ref=emc_s_m_5_i_atc'> <\/p>\n<div class=\"apm-tablemodule-image\"> <img data-opt-id=571907863  data-opt-src=\"https:\/\/m.media-amazon.com\/images\/S\/aplus-media-library-service-media\/78c561b8-38cf-4ffc-be49-556d0260a51e.__CR0,0,1500,3000_PT0_SX150_V1___.png\"  decoding=\"async\" alt=\"\" src=\"data:image/svg+xml,%3Csvg%20viewBox%3D%220%200%20100%%20100%%22%20width%3D%22100%%22%20height%3D%22100%%22%20xmlns%3D%22http%3A%2F%2Fwww.w3.org%2F2000%2Fsvg%22%3E%3Crect%20width%3D%22100%%22%20height%3D%22100%%22%20fill%3D%22transparent%22%2F%3E%3C%2Fsvg%3E\" width=\"121.66666666666667px\" \/ style=\"max-width: 100%; height: auto;\"> <\/div>\n<div> Bioasia &#8211; Tofu org\u00e1nico, natural <\/div>\n<p> <\/a> <\/th>\n<th> <a href='\/dp\/B007YY7PXK?ref=emc_s_m_5_i_atc'> <\/p>\n<div class=\"apm-tablemodule-image\"> <img data-opt-id=1491842799  data-opt-src=\"https:\/\/m.media-amazon.com\/images\/S\/aplus-media-library-service-media\/ba1da298-92d6-4126-87a2-5f3dd57bca08.__CR0,0,1500,3000_PT0_SX150_V1___.png\"  decoding=\"async\" alt=\"\" src=\"data:image/svg+xml,%3Csvg%20viewBox%3D%220%200%20100%%20100%%22%20width%3D%22100%%22%20height%3D%22100%%22%20xmlns%3D%22http%3A%2F%2Fwww.w3.org%2F2000%2Fsvg%22%3E%3Crect%20width%3D%22100%%22%20height%3D%22100%%22%20fill%3D%22transparent%22%2F%3E%3C%2Fsvg%3E\" width=\"121.66666666666667px\" \/ style=\"max-width: 100%; height: auto;\"> <\/div>\n<div> Bioasia Bio Miso-Pasta Aka <\/div>\n<p> <\/a> <\/th>\n<th> <a href='\/dp\/B08KZ2DQK4?ref=emc_s_m_5_i_atc'> <\/p>\n<div class=\"apm-tablemodule-image\"> <img data-opt-id=101233442  data-opt-src=\"https:\/\/m.media-amazon.com\/images\/S\/aplus-media-library-service-media\/865c639a-89d9-4fbb-b487-88f0f65657f8.__CR0,0,1500,3000_PT0_SX150_V1___.png\"  decoding=\"async\" alt=\"\" src=\"data:image/svg+xml,%3Csvg%20viewBox%3D%220%200%20100%%20100%%22%20width%3D%22100%%22%20height%3D%22100%%22%20xmlns%3D%22http%3A%2F%2Fwww.w3.org%2F2000%2Fsvg%22%3E%3Crect%20width%3D%22100%%22%20height%3D%22100%%22%20fill%3D%22transparent%22%2F%3E%3C%2Fsvg%3E\" width=\"121.66666666666667px\" \/ style=\"max-width: 100%; height: auto;\"> <\/div>\n<div> BIOASIA &#8211; Mantequilla de man\u00ed org\u00e1nica, cremosa <\/div>\n<p> <\/a> <\/th>\n<th> <a href='\/dp\/B01MQX61ZJ?ref=emc_s_m_5_i_atc'> <\/p>\n<div class=\"apm-tablemodule-image\"> <img data-opt-id=457786296  data-opt-src=\"https:\/\/m.media-amazon.com\/images\/S\/aplus-media-library-service-media\/77e45cc4-afde-4887-904f-b71e75f39fb3.__CR0,0,1500,3000_PT0_SX150_V1___.png\"  decoding=\"async\" alt=\"\" src=\"data:image/svg+xml,%3Csvg%20viewBox%3D%220%200%20100%%20100%%22%20width%3D%22100%%22%20height%3D%22100%%22%20xmlns%3D%22http%3A%2F%2Fwww.w3.org%2F2000%2Fsvg%22%3E%3Crect%20width%3D%22100%%22%20height%3D%22100%%22%20fill%3D%22transparent%22%2F%3E%3C%2Fsvg%3E\" width=\"121.66666666666667px\" \/ style=\"max-width: 100%; height: auto;\"> <\/div>\n<div> Aceite de coco org\u00e1nico Bioasia, prensado en fr\u00edo <\/div>\n<p> <\/a> <\/th>\n<th> <a href='\/dp\/B0CSYSC14T?ref=emc_s_m_5_i_atc'> <\/p>\n<div class=\"apm-tablemodule-image\"> <img data-opt-id=344732767  data-opt-src=\"https:\/\/m.media-amazon.com\/images\/S\/aplus-media-library-service-media\/5a978fbc-792c-46a5-810a-8a2de402c826.__CR0,0,1500,3000_PT0_SX150_V1___.png\"  decoding=\"async\" alt=\"\" src=\"data:image/svg+xml,%3Csvg%20viewBox%3D%220%200%20100%%20100%%22%20width%3D%22100%%22%20height%3D%22100%%22%20xmlns%3D%22http%3A%2F%2Fwww.w3.org%2F2000%2Fsvg%22%3E%3Crect%20width%3D%22100%%22%20height%3D%22100%%22%20fill%3D%22transparent%22%2F%3E%3C%2Fsvg%3E\" width=\"121.66666666666667px\" \/ style=\"max-width: 100%; height: auto;\"> <\/div>\n<div> Az\u00facar org\u00e1nico de flor de coco BIOASIA <\/div>\n<p> <\/a> <\/th>\n<\/tr>\n<tr class=\"apm-tablemodule-atc\">\n<td class=\"apm-tablemodule-blankkeyhead\" \/>\n<td>\n<div class=\"add-to-cart\"> <span class=\"a-button a-button-base\"><span class=\"a-button-inner\"><a href=\"\/dp\/B0933RNHBF?ref=emc_s_m_5_i_atc\" class=\"a-button-text\"> Opciones de compra <\/a><\/span><\/span> <\/div>\n<\/td>\n<td> <\/td>\n<td>\n<div class=\"add-to-cart\"> <span class=\"a-button a-button-base\"><span class=\"a-button-inner\"><a href=\"\/dp\/B007YY7PXK?ref=emc_s_m_5_i_atc\" class=\"a-button-text\"> Opciones de compra <\/a><\/span><\/span> <\/div>\n<\/td>\n<td> <\/td>\n<td> <\/td>\n<td> <\/td>\n<\/tr>\n<tr class=\"apm-tablemodule-keyvalue\">\n<th class=\"apm-tablemodule-keyhead\"> <span class=\"a-color-secondary\"> Opiniones de clientes <\/span> <\/th>\n<td class=\"apm-tablemodule-valuecell apm-checked\" style=\"width:191px\">\n<div class=\"\">\n<div class=\"a-size-base\"> <i class=\"a-icon a-icon-star-small a-star-small-4-5 a-spacing-none\"><span class=\"a-icon-alt\">4,6 de 5 estrellas<\/span><\/i> <span class=\"a-size-mini a-color-base\">864<\/span> <\/div>\n<\/div>\n<\/td>\n<td class=\"apm-tablemodule-valuecell apm-checked\" style=\"width:191px\">\n<div class=\"\">\n<div class=\"a-size-base\"> <i class=\"a-icon a-icon-star-small a-star-small-3-5 a-spacing-none\"><span class=\"a-icon-alt\">3,7 de 5 estrellas<\/span><\/i> <span class=\"a-size-mini a-color-base\">85<\/span> <\/div>\n<\/div>\n<\/td>\n<td class=\"apm-tablemodule-valuecell apm-checked\" style=\"width:191px\">\n<div class=\"\">\n<div class=\"a-size-base\"> <i class=\"a-icon a-icon-star-small a-star-small-4-5 a-spacing-none\"><span class=\"a-icon-alt\">4,4 de 5 estrellas<\/span><\/i> <span class=\"a-size-mini a-color-base\">334<\/span> <\/div>\n<\/div>\n<\/td>\n<td class=\"apm-tablemodule-valuecell apm-checked\" style=\"width:191px\">\n<div class=\"\">\n<div class=\"a-size-base\"> <i class=\"a-icon a-icon-star-small a-star-small-4 a-spacing-none\"><span class=\"a-icon-alt\">4,1 de 5 estrellas<\/span><\/i> <span class=\"a-size-mini a-color-base\">1.562<\/span> <\/div>\n<\/div>\n<\/td>\n<td class=\"apm-tablemodule-valuecell apm-checked\" style=\"width:191px\">\n<div class=\"\">\n<div class=\"a-size-base\"> <i class=\"a-icon a-icon-star-small a-star-small-4-5 a-spacing-none\"><span class=\"a-icon-alt\">4,5 de 5 estrellas<\/span><\/i> <span class=\"a-size-mini a-color-base\">1.564<\/span> <\/div>\n<\/div>\n<\/td>\n<td class=\"apm-tablemodule-valuecell apm-checked\" style=\"width:191px\">\n<div class=\"\">\n<div class=\"a-size-base\"> <i class=\"a-icon a-icon-star-small a-star-small-4-5 a-spacing-none\"><span class=\"a-icon-alt\">4,6 de 5 estrellas<\/span><\/i> <span class=\"a-size-mini a-color-base\">39<\/span> <\/div>\n<\/div>\n<\/td>\n<\/tr>\n<tr class=\"apm-tablemodule-keyvalue\">\n<th class=\"apm-tablemodule-keyhead\"> <span class=\"a-color-secondary\"> Precio <\/span> <\/th>\n<td class=\"apm-tablemodule-valuecell apm-checked\" style=\"width:191px\"> <span class=\"a-price\" data-a-size=\"medium_plus\" data-a-color=\"base\"><span class=\"a-offscreen\">1,84\u00a0\u20ac<\/span><span aria-hidden=\"true\"><span class=\"a-price-symbol\">\u20ac<\/span><span class=\"a-price-whole\">1<span class=\"a-price-decimal\">,<\/span><\/span><span class=\"a-price-fraction\">84<\/span><\/span><\/span> <\/td>\n<td class=\"apm-tablemodule-valuecell apm-checked\" style=\"width:191px\"> <span class=\"a-price\" data-a-size=\"medium_plus\" data-a-color=\"base\"><span class=\"a-offscreen\">4,00\u00a0\u20ac<\/span><span aria-hidden=\"true\"><span class=\"a-price-symbol\">\u20ac<\/span><span class=\"a-price-whole\">4<span class=\"a-price-decimal\">,<\/span><\/span><span class=\"a-price-fraction\">00<\/span><\/span><\/span> <\/td>\n<td class=\"apm-tablemodule-valuecell apm-checked\" style=\"width:191px\"> &#8212; <span class=\"apm-visually-hidden\">no data<\/span> <\/td>\n<td class=\"apm-tablemodule-valuecell apm-checked\" style=\"width:191px\"> <span class=\"a-price\" data-a-size=\"medium_plus\" data-a-color=\"base\"><span class=\"a-offscreen\">4,53\u00a0\u20ac<\/span><span aria-hidden=\"true\"><span class=\"a-price-symbol\">\u20ac<\/span><span class=\"a-price-whole\">4<span class=\"a-price-decimal\">,<\/span><\/span><span class=\"a-price-fraction\">53<\/span><\/span><\/span> <\/td>\n<td class=\"apm-tablemodule-valuecell apm-checked\" style=\"width:191px\"> <span class=\"a-price\" data-a-size=\"medium_plus\" data-a-color=\"base\"><span class=\"a-offscreen\">8,00\u00a0\u20ac<\/span><span aria-hidden=\"true\"><span class=\"a-price-symbol\">\u20ac<\/span><span class=\"a-price-whole\">8<span class=\"a-price-decimal\">,<\/span><\/span><span class=\"a-price-fraction\">00<\/span><\/span><\/span> <\/td>\n<td class=\"apm-tablemodule-valuecell apm-checked\" style=\"width:191px\"> <span class=\"a-price\" data-a-size=\"medium_plus\" data-a-color=\"base\"><span class=\"a-offscreen\">3,90\u00a0\u20ac<\/span><span aria-hidden=\"true\"><span class=\"a-price-symbol\">\u20ac<\/span><span class=\"a-price-whole\">3<span class=\"a-price-decimal\">,<\/span><\/span><span class=\"a-price-fraction\">90<\/span><\/span><\/span> <\/td>\n<\/tr>\n<tr class=\"apm-tablemodule-keyvalue\">\n<th class=\"apm-tablemodule-keyhead\"> <span class=\"a-color-secondary\"> Contenido <\/span> <\/th>\n<td class=\"apm-tablemodule-valuecell\" style=\"width:191px\"> <span class=\"a-size-base\"> 250 g <\/span> <\/td>\n<td class=\"apm-tablemodule-valuecell\" style=\"width:191px\"> <span class=\"a-size-base\"> 200 g <\/span> <\/td>\n<td class=\"apm-tablemodule-valuecell\" style=\"width:191px\"> <span class=\"a-size-base\"> 200 g <\/span> <\/td>\n<td class=\"apm-tablemodule-valuecell\" style=\"width:191px\"> <span class=\"a-size-base\"> 500 g <\/span> <\/td>\n<td class=\"apm-tablemodule-valuecell\" style=\"width:191px\"> <span class=\"a-size-base\"> 500 ml <\/span> <\/td>\n<td class=\"apm-tablemodule-valuecell\" style=\"width:191px\"> <span class=\"a-size-base\"> 250 g <\/span> <\/td>\n<\/tr>\n<tr class=\"apm-tablemodule-keyvalue\">\n<th class=\"apm-tablemodule-keyhead\"> <span class=\"a-color-secondary\"> Vegetariano <\/span> <\/th>\n<td class=\"apm-tablemodule-valuecell apm-checked\" style=\"width:191px\"> <span class=\"a-size-base\"> &#10003; <\/span> <\/td>\n<td class=\"apm-tablemodule-valuecell apm-checked\" style=\"width:191px\"> <span class=\"a-size-base\"> &#10003; <\/span> <\/td>\n<td class=\"apm-tablemodule-valuecell apm-checked\" style=\"width:191px\"> <span class=\"a-size-base\"> &#10003; <\/span> <\/td>\n<td class=\"apm-tablemodule-valuecell apm-checked\" style=\"width:191px\"> <span class=\"a-size-base\"> &#10003; <\/span> <\/td>\n<td class=\"apm-tablemodule-valuecell apm-checked\" style=\"width:191px\"> <span class=\"a-size-base\"> &#10003; <\/span> <\/td>\n<td class=\"apm-tablemodule-valuecell apm-checked\" style=\"width:191px\"> <span class=\"a-size-base\"> &#10003; <\/span> <\/td>\n<\/tr>\n<tr class=\"apm-tablemodule-keyvalue\">\n<th class=\"apm-tablemodule-keyhead\"> <span class=\"a-color-secondary\"> Vegano <\/span> <\/th>\n<td class=\"apm-tablemodule-valuecell\" style=\"width:191px\"> <span class=\"a-size-base\"> <span class=\"apm-visually-hidden\">no data<\/span> <\/span> <\/td>\n<td class=\"apm-tablemodule-valuecell apm-checked\" style=\"width:191px\"> <span class=\"a-size-base\"> &#10003; <\/span> <\/td>\n<td class=\"apm-tablemodule-valuecell apm-checked\" style=\"width:191px\"> <span class=\"a-size-base\"> &#10003; <\/span> <\/td>\n<td class=\"apm-tablemodule-valuecell apm-checked\" style=\"width:191px\"> <span class=\"a-size-base\"> &#10003; <\/span> <\/td>\n<td class=\"apm-tablemodule-valuecell apm-checked\" style=\"width:191px\"> <span class=\"a-size-base\"> &#10003; <\/span> <\/td>\n<td class=\"apm-tablemodule-valuecell apm-checked\" style=\"width:191px\"> <span class=\"a-size-base\"> &#10003; <\/span> <\/td>\n<\/tr>\n<tr class=\"apm-tablemodule-keyvalue\">\n<th class=\"apm-tablemodule-keyhead\"> <span class=\"a-color-secondary\"> Sin gluten <\/span> <\/th>\n<td class=\"apm-tablemodule-valuecell\" style=\"width:191px\"> <span class=\"a-size-base\"> <span class=\"apm-visually-hidden\">no data<\/span> <\/span> <\/td>\n<td class=\"apm-tablemodule-valuecell apm-checked\" style=\"width:191px\"> <span class=\"a-size-base\"> &#10003; <\/span> <\/td>\n<td class=\"apm-tablemodule-valuecell\" style=\"width:191px\"> <span class=\"a-size-base\"> <span class=\"apm-visually-hidden\">no data<\/span> <\/span> <\/td>\n<td class=\"apm-tablemodule-valuecell apm-checked\" style=\"width:191px\"> <span class=\"a-size-base\"> &#10003; <\/span> <\/td>\n<td class=\"apm-tablemodule-valuecell apm-checked\" style=\"width:191px\"> <span class=\"a-size-base\"> &#10003; <\/span> <\/td>\n<td class=\"apm-tablemodule-valuecell apm-checked\" style=\"width:191px\"> <span class=\"a-size-base\"> &#10003; <\/span> <\/td>\n<\/tr>\n<\/tbody>\n<\/table>\n<\/div>\n<\/div>\n<\/div>\n<\/div>\n<\/div>\n<\/div>\n<\/div>\n<\/div>\n<h3>Descripci\u00f3n del producto<\/h3>\n<p>Descripci\u00f3n del producto<\/p>\n<p> El tofu ecol\u00f3gico ahumado BIOASIA es una opci\u00f3n deliciosa y vers\u00e1til, con un sabor intenso y una textura firme que lo hace ideal para m\u00faltiples recetas. Perfecto para salteados, ensaladas, s\u00e1ndwiches o como fuente de prote\u00edna vegetal en platos veganos y vegetarianos. Elaborado con ingredientes ecol\u00f3gicos de alta calidad, aporta un toque ahumado y aut\u00e9ntico a cada bocado. \u00a1Sabor natural y saludable en tu cocina! Ingredientes<\/p>\n<p> Ingredientes: Agua, habas de SOJA*, sal, corrector de acidez: \u00e1cido c\u00edtrico; humo de madera de roble. *Procedente de agricultura ecol\u00f3gica controlada.<\/p>\n<h3>Recursos de seguridad y productos<\/h3>\n<p>Recursos de seguridad y productosInformaci\u00f3n normativa El n\u00famero de c\u00f3digo del organismo de control ecol\u00f3gico: LU-BIO-04.Im\u00e1genes y contactosIm\u00e1genes y contactos de seguridad Recursos de seguridad y productosProblema al cargar la informaci\u00f3nLo sentimos, no hemos podido mostrar la informaci\u00f3n debido a un problema. Vuelve a cargar la p\u00e1gina o int\u00e9ntalo de nuevo m\u00e1s tarde.Im\u00e1genes y contactos Im\u00e1genes de seguridad del producto Informaci\u00f3n del fabricante Persona responsable Problema al cargar la informaci\u00f3nLo sentimos, no hemos podido mostrar la informaci\u00f3n de la persona responsable debido a un problema. Vuelve a cargar la p\u00e1gina o int\u00e9ntalo de nuevo m\u00e1s tarde.Problema al cargar la informaci\u00f3nLo sentimos, no hemos podido mostrar la informaci\u00f3n del fabricante debido a un problema. Vuelve a cargar la p\u00e1gina o int\u00e9ntalo de nuevo m\u00e1s tarde.Problema al cargar la informaci\u00f3nLo sentimos, no hemos podido mostrar las im\u00e1genes de seguridad del producto debido a un problema. Vuelve a cargar la p\u00e1gina o int\u00e9ntalo de nuevo m\u00e1s tarde.<\/p>\n<table id=\"productDetails_techSpec_section_1\" class=\"a-keyvalue prodDetTable\">\n<tr>\n<th class=\"a-color-secondary a-size-base prodDetSectionEntry\"> Dimensiones del producto <\/th>\n<td class=\"a-size-base prodDetAttrValue\"> &lrm;3 x 13,5 x 12 cm; 200 g <\/td>\n<\/tr>\n<tr>\n<th class=\"a-color-secondary a-size-base prodDetSectionEntry\"> Unidades <\/th>\n<td class=\"a-size-base prodDetAttrValue\"> &lrm;200.0 Gramos <\/td>\n<\/tr>\n<tr>\n<th class=\"a-color-secondary a-size-base prodDetSectionEntry\"> Instrucciones de almacenaje <\/th>\n<td class=\"a-size-base prodDetAttrValue\"> &lrm;Almacenar a temperatura ambiente. Mantener en el refrigerador despu\u00e9s de su apertura y consumir en pocos d\u00edas <\/td>\n<\/tr>\n<tr>\n<th class=\"a-color-secondary a-size-base prodDetSectionEntry\"> Contacto del fabricante <\/th>\n<td class=\"a-size-base prodDetAttrValue\"> &lrm;Industriestra\u00dfe 40-42, 28876 Oyten, Germany <\/td>\n<\/tr>\n<tr>\n<th class=\"a-color-secondary a-size-base prodDetSectionEntry\"> Marca <\/th>\n<td class=\"a-size-base prodDetAttrValue\"> &lrm;Bioasia <\/td>\n<\/tr>\n<tr>\n<th class=\"a-color-secondary a-size-base prodDetSectionEntry\"> Fabricante <\/th>\n<td class=\"a-size-base prodDetAttrValue\"> &lrm;BIOASIA <\/td>\n<\/tr>\n<tr>\n<th class=\"a-color-secondary a-size-base prodDetSectionEntry\"> Peso del producto <\/th>\n<td class=\"a-size-base prodDetAttrValue\"> &lrm;200 g <\/td>\n<\/tr>\n<tr>\n<th class=\"a-color-secondary a-size-base prodDetSectionEntry\"> Pa\u00eds de origen <\/th>\n<td class=\"a-size-base prodDetAttrValue\"> &lrm;Bulgaria <\/td>\n<\/tr>\n<\/table><\/div>\n","protected":false},"excerpt":{"rendered":"<ul>\n<li> Tofu ecol\u00f3gico ahumado, sabroso y listo para disfrutar.  <\/li>\n<\/ul>\n","protected":false},"featured_media":5775,"comment_status":"open","ping_status":"closed","template":"","meta":[],"product_cat":[126],"product_tag":[],"class_list":{"0":"post-5775","1":"product","2":"type-product","3":"status-publish","4":"has-post-thumbnail","6":"product_brand-visita-la-tienda-de-bioasia","7":"product_cat-tofu","9":"first","10":"instock","11":"sale","12":"shipping-taxable","13":"purchasable","14":"product-type-simple"},"_links":{"self":[{"href":"https:\/\/ecotienda.com\/index.php?rest_route=\/wp\/v2\/product\/5775","targetHints":{"allow":["GET"]}}],"collection":[{"href":"https:\/\/ecotienda.com\/index.php?rest_route=\/wp\/v2\/product"}],"about":[{"href":"https:\/\/ecotienda.com\/index.php?rest_route=\/wp\/v2\/types\/product"}],"replies":[{"embeddable":true,"href":"https:\/\/ecotienda.com\/index.php?rest_route=%2Fwp%2Fv2%2Fcomments&post=5775"}],"wp:featuredmedia":[{"embeddable":true,"href":"https:\/\/ecotienda.com\/index.php?rest_route=\/wp\/v2\/product\/5775"}],"wp:attachment":[{"href":"https:\/\/ecotienda.com\/index.php?rest_route=%2Fwp%2Fv2%2Fmedia&parent=5775"}],"wp:term":[{"taxonomy":"product_cat","embeddable":true,"href":"https:\/\/ecotienda.com\/index.php?rest_route=%2Fwp%2Fv2%2Fproduct_cat&post=5775"},{"taxonomy":"product_tag","embeddable":true,"href":"https:\/\/ecotienda.com\/index.php?rest_route=%2Fwp%2Fv2%2Fproduct_tag&post=5775"}],"curies":[{"name":"wp","href":"https:\/\/api.w.org\/{rel}","templated":true}]}}