{"id":5786,"date":"2025-11-23T12:07:51","date_gmt":"2025-11-23T11:07:51","guid":{"rendered":"https:\/\/ecotienda.com\/?product=soria-natural-tofu-natural-1-kilo-eco"},"modified":"2025-11-23T12:07:53","modified_gmt":"2025-11-23T11:07:53","slug":"soria-natural-tofu-natural-1-kilo-eco","status":"publish","type":"product","link":"https:\/\/ecotienda.com\/?product=soria-natural-tofu-natural-1-kilo-eco","title":{"rendered":"SORIA NATURAL TOFU NATURAL 1 KILO ECO"},"content":{"rendered":"<div class=\"woocommerce-product-details\">\n<h3>Descripci\u00f3n del producto<\/h3>\n<p>Descripci\u00f3n del producto<\/p>\n<p> TOFU NATURAL 1 KILO ECO. Lea las instrucciones proporcionadas por el fabricante antes de usar. Nuestra marca incluye una amplia gama de productos. Ingredientes<\/p>\n<p> TOFU NATURAL 1 KILO ECO Advertencia de seguridad<\/p>\n<p> No Ver m\u00e1s<\/p>\n<h3>Detalles del producto<\/h3>\n<ul>\n<li>Dimensiones del producto : 50 x 50 x 28 cm; 1 kg<\/li>\n<li>Producto en Amazon.es desde : 29 diciembre 2020<\/li>\n<li>Fabricante : SORIA NATURAL<\/li>\n<li>ASIN : B01LZJJ9J9<\/li>\n<li>N\u00famero de modelo del producto : 7681<\/li>\n<\/ul>\n<h3>Recursos de seguridad y productos<\/h3>\n<p>Recursos de seguridad y productosInformaci\u00f3n normativa El n\u00famero de c\u00f3digo del organismo de control ecol\u00f3gico: LU-BIO-04.Im\u00e1genes y contactosIm\u00e1genes y contactos de seguridad Recursos de seguridad y productosProblema al cargar la informaci\u00f3nLo sentimos, no hemos podido mostrar la informaci\u00f3n debido a un problema. Vuelve a cargar la p\u00e1gina o int\u00e9ntalo de nuevo m\u00e1s tarde.Im\u00e1genes y contactos Im\u00e1genes de seguridad del producto Informaci\u00f3n del fabricante Persona responsable Problema al cargar la informaci\u00f3nLo sentimos, no hemos podido mostrar la informaci\u00f3n de la persona responsable debido a un problema. Vuelve a cargar la p\u00e1gina o int\u00e9ntalo de nuevo m\u00e1s tarde.Problema al cargar la informaci\u00f3nLo sentimos, no hemos podido mostrar la informaci\u00f3n del fabricante debido a un problema. Vuelve a cargar la p\u00e1gina o int\u00e9ntalo de nuevo m\u00e1s tarde.Problema al cargar la informaci\u00f3nLo sentimos, no hemos podido mostrar las im\u00e1genes de seguridad del producto debido a un problema. Vuelve a cargar la p\u00e1gina o int\u00e9ntalo de nuevo m\u00e1s tarde.<\/p>\n<table id=\"productDetails_techSpec_section_1\" class=\"a-keyvalue prodDetTable\">\n<tr>\n<th class=\"a-color-secondary a-size-base prodDetSectionEntry\"> Fabricante <\/th>\n<td class=\"a-size-base prodDetAttrValue\"> &lrm;SORIA NATURAL <\/td>\n<\/tr>\n<tr>\n<th class=\"a-color-secondary a-size-base prodDetSectionEntry\"> N\u00famero de modelo del producto <\/th>\n<td class=\"a-size-base prodDetAttrValue\"> &lrm;7681 <\/td>\n<\/tr>\n<tr>\n<th class=\"a-color-secondary a-size-base prodDetSectionEntry\"> Dimensiones del producto <\/th>\n<td class=\"a-size-base prodDetAttrValue\"> &lrm;50 x 50 x 28 cm; 1 kg <\/td>\n<\/tr>\n<tr>\n<th class=\"a-color-secondary a-size-base prodDetSectionEntry\"> ASIN <\/th>\n<td class=\"a-size-base prodDetAttrValue\"> &lrm;B01LZJJ9J9 <\/td>\n<\/tr>\n<\/table><\/div>\n","protected":false},"excerpt":{"rendered":"<ul>\n<li> TOFU NATURAL 1 KILO ECO  <\/li>\n<li> Ingredientes: TOFU NATURAL 1 KILO ECO  <\/li>\n<li> Sabor: \u00danico  <\/li>\n<li> Brand: SORIA NATURAL  <\/li>\n<\/ul>\n","protected":false},"featured_media":5786,"comment_status":"open","ping_status":"closed","template":"","meta":[],"product_cat":[126],"product_tag":[],"class_list":{"0":"post-5786","1":"product","2":"type-product","3":"status-publish","4":"has-post-thumbnail","6":"product_brand-visita-la-tienda-de-soria-natural","7":"product_cat-tofu","9":"first","10":"instock","11":"shipping-taxable","12":"purchasable","13":"product-type-simple"},"_links":{"self":[{"href":"https:\/\/ecotienda.com\/index.php?rest_route=\/wp\/v2\/product\/5786","targetHints":{"allow":["GET"]}}],"collection":[{"href":"https:\/\/ecotienda.com\/index.php?rest_route=\/wp\/v2\/product"}],"about":[{"href":"https:\/\/ecotienda.com\/index.php?rest_route=\/wp\/v2\/types\/product"}],"replies":[{"embeddable":true,"href":"https:\/\/ecotienda.com\/index.php?rest_route=%2Fwp%2Fv2%2Fcomments&post=5786"}],"wp:featuredmedia":[{"embeddable":true,"href":"https:\/\/ecotienda.com\/index.php?rest_route=\/wp\/v2\/product\/5786"}],"wp:attachment":[{"href":"https:\/\/ecotienda.com\/index.php?rest_route=%2Fwp%2Fv2%2Fmedia&parent=5786"}],"wp:term":[{"taxonomy":"product_cat","embeddable":true,"href":"https:\/\/ecotienda.com\/index.php?rest_route=%2Fwp%2Fv2%2Fproduct_cat&post=5786"},{"taxonomy":"product_tag","embeddable":true,"href":"https:\/\/ecotienda.com\/index.php?rest_route=%2Fwp%2Fv2%2Fproduct_tag&post=5786"}],"curies":[{"name":"wp","href":"https:\/\/api.w.org\/{rel}","templated":true}]}}