{"id":5789,"date":"2025-11-23T12:08:56","date_gmt":"2025-11-23T11:08:56","guid":{"rendered":"https:\/\/ecotienda.com\/?product=pastoret-yogur-ecologico-natural-500g"},"modified":"2025-11-23T12:08:58","modified_gmt":"2025-11-23T11:08:58","slug":"pastoret-yogur-ecologico-natural-500g","status":"publish","type":"product","link":"https:\/\/ecotienda.com\/?product=pastoret-yogur-ecologico-natural-500g","title":{"rendered":"Pastoret Yogur Ecol\u00f3gico Natural, 500g"},"content":{"rendered":"<div class=\"woocommerce-product-details\">\n<div id=\"aplus_feature_div\" class=\"celwidget\" data-feature-name=\"aplus\" data-csa-c-type=\"widget\" data-csa-c-content-id=\"aplus\" data-csa-c-slot-id=\"aplus_feature_div\" data-csa-c-asin=\"\" data-csa-c-is-in-initial-active-row=\"false\">\n<div id=\"aplus\" class=\"a-section a-spacing-large bucket\">\n<h3 class=\"\">M\u00e1s informaci\u00f3n del producto<\/h3>\n<div lang=\"es_ES\">\n<div class=\"aplus-v2 desktop celwidget\">\n<div class=\"celwidget aplus-module launchpad-company-logo aplus-standard\">\n<div class=\"a-section a-text-center launchpad-module launchpad-module-company-logo\"> <img data-opt-id=386577147  fetchpriority=\"high\" decoding=\"async\" alt=\"p\" src=\"https:\/\/m.media-amazon.com\/images\/S\/aplus-media\/sota\/e3132959-d5da-411b-b065-2b57477875be.__CR0,42,649,195_PT0_SX600_V1___.jpg\" \/ style=\"max-width: 100%; height: auto;\"> <\/div>\n<\/div>\n<div class=\"celwidget aplus-module 3p-module-b aplus-standard\">\n<div class=\"aplus-module-wrapper aplus-3p-fixed-width\"> <img data-opt-id=1835478269  fetchpriority=\"high\" decoding=\"async\" alt=\"p\" src=\"https:\/\/m.media-amazon.com\/images\/S\/aplus-media\/sota\/6b67dfba-ae0d-4867-950f-de979c59d13c.__CR212,65,1542,954_PT0_SX970_V1___.jpg\" \/ style=\"max-width: 100%; height: auto;\"> <\/div>\n<\/div>\n<div class=\"celwidget aplus-module 3p-module-b aplus-standard\">\n<div class=\"aplus-module-wrapper aplus-3p-fixed-width\"> <img data-opt-id=1488310124  data-opt-src=\"https:\/\/m.media-amazon.com\/images\/S\/aplus-media\/sota\/8098393d-6245-4dd3-8ffc-b70403ea25e4.__CR242,87,1196,740_PT0_SX970_V1___.jpg\"  decoding=\"async\" alt=\"o\" src=\"data:image/svg+xml,%3Csvg%20viewBox%3D%220%200%20100%%20100%%22%20width%3D%22100%%22%20height%3D%22100%%22%20xmlns%3D%22http%3A%2F%2Fwww.w3.org%2F2000%2Fsvg%22%3E%3Crect%20width%3D%22100%%22%20height%3D%22100%%22%20fill%3D%22transparent%22%2F%3E%3C%2Fsvg%3E\" \/ style=\"max-width: 100%; height: auto;\"> <\/div>\n<\/div>\n<\/div>\n<\/div>\n<\/div>\n<\/div>\n<h3>Descripci\u00f3n del producto<\/h3>\n<p>Descripci\u00f3n del producto<\/p>\n<p> Yogurt Artesanal Natural Ecol\u00f3gico. De textura cremosa sin nata a\u00f1adida. Porque nos gusta lo natural y nos comprometemos a conservar y respetar el ingrediente y la receta, manteniendo los tiempos tradicionales de elaboraci\u00f3n: sin prisas. Es as\u00ed como hemos elaborado este Yogur Ecol\u00f3gico Natural, de textura cremosa y suave al paladar. Con ingredientes ecol\u00f3gicos certificados y en formato de 500 g para no dejar de disfrutar. Natural como la vida misma. Ingredientes<\/p>\n<p> Leche ecol\u00f3gica pasteurizada de vaca, leche desnatada en polvo ecol\u00f3gica, prote\u00ednas de la leche ecol\u00f3gicas y fermentos l\u00e1cticos direcci\u00f3n<\/p>\n<p> Alimentaci\u00f3n Advertencia de seguridad<\/p>\n<p> Sin indicaciones Contenido de la caja<\/p>\n<p> Cada caja contiene 1 unidad de 500g Ver m\u00e1s<\/p>\n<h3>Recursos de seguridad y productos<\/h3>\n<p>Recursos de seguridad y productosInformaci\u00f3n normativa El n\u00famero de c\u00f3digo del organismo de control ecol\u00f3gico: LU-BIO-04.Im\u00e1genes y contactosIm\u00e1genes y contactos de seguridad Recursos de seguridad y productosProblema al cargar la informaci\u00f3nLo sentimos, no hemos podido mostrar la informaci\u00f3n debido a un problema. Vuelve a cargar la p\u00e1gina o int\u00e9ntalo de nuevo m\u00e1s tarde.Im\u00e1genes y contactos Im\u00e1genes de seguridad del producto Informaci\u00f3n del fabricante Persona responsable Problema al cargar la informaci\u00f3nLo sentimos, no hemos podido mostrar la informaci\u00f3n de la persona responsable debido a un problema. Vuelve a cargar la p\u00e1gina o int\u00e9ntalo de nuevo m\u00e1s tarde.Problema al cargar la informaci\u00f3nLo sentimos, no hemos podido mostrar la informaci\u00f3n del fabricante debido a un problema. Vuelve a cargar la p\u00e1gina o int\u00e9ntalo de nuevo m\u00e1s tarde.Problema al cargar la informaci\u00f3nLo sentimos, no hemos podido mostrar las im\u00e1genes de seguridad del producto debido a un problema. Vuelve a cargar la p\u00e1gina o int\u00e9ntalo de nuevo m\u00e1s tarde.<\/p>\n<table id=\"productDetails_techSpec_section_1\" class=\"a-keyvalue prodDetTable\">\n<tr>\n<th class=\"a-color-secondary a-size-base prodDetSectionEntry\"> Dimensiones del paquete <\/th>\n<td class=\"a-size-base prodDetAttrValue\"> &lrm;12 x 10 x 10 cm; 500 g <\/td>\n<\/tr>\n<tr>\n<th class=\"a-color-secondary a-size-base prodDetSectionEntry\"> Nombre del producto <\/th>\n<td class=\"a-size-base prodDetAttrValue\"> &lrm;Yogurt Eco Natural <\/td>\n<\/tr>\n<tr>\n<th class=\"a-color-secondary a-size-base prodDetSectionEntry\"> Peso <\/th>\n<td class=\"a-size-base prodDetAttrValue\"> &lrm;500 Gramos <\/td>\n<\/tr>\n<tr>\n<th class=\"a-color-secondary a-size-base prodDetSectionEntry\"> Unidades <\/th>\n<td class=\"a-size-base prodDetAttrValue\"> &lrm;500.0 Gramos <\/td>\n<\/tr>\n<tr>\n<th class=\"a-color-secondary a-size-base prodDetSectionEntry\"> Instrucciones de almacenaje <\/th>\n<td class=\"a-size-base prodDetAttrValue\"> &lrm;Conservar en fr\u00edo <\/td>\n<\/tr>\n<tr>\n<th class=\"a-color-secondary a-size-base prodDetSectionEntry\"> Contacto del fabricante <\/th>\n<td class=\"a-size-base prodDetAttrValue\"> &lrm;P.I. Bosc del Ferran 25270 Sant Guim de Freixenet (Lleida) &#8211; P.I. Bosc del Ferran 25270 Sant Guim de Freixenet (Lleida) <\/td>\n<\/tr>\n<tr>\n<th class=\"a-color-secondary a-size-base prodDetSectionEntry\"> Pa\u00eds de origen <\/th>\n<td class=\"a-size-base prodDetAttrValue\"> &lrm;ESPA\u00d1A <\/td>\n<\/tr>\n<tr>\n<th class=\"a-color-secondary a-size-base prodDetSectionEntry\"> Certificaci\u00f3n <\/th>\n<td class=\"a-size-base prodDetAttrValue\"> &lrm;Certifi\u00e9 BIOLOGIQUE <\/td>\n<\/tr>\n<tr>\n<th class=\"a-color-secondary a-size-base prodDetSectionEntry\"> Contenido en cafe\u00edna <\/th>\n<td class=\"a-size-base prodDetAttrValue\"> &lrm;Sin cafe\u00edna <\/td>\n<\/tr>\n<tr>\n<th class=\"a-color-secondary a-size-base prodDetSectionEntry\"> Peso del producto <\/th>\n<td class=\"a-size-base prodDetAttrValue\"> &lrm;500 g <\/td>\n<\/tr>\n<tr>\n<th class=\"a-color-secondary a-size-base prodDetSectionEntry\"> Pa\u00eds de origen <\/th>\n<td class=\"a-size-base prodDetAttrValue\"> &lrm;Espa\u00f1a <\/td>\n<\/tr>\n<\/table><\/div>\n","protected":false},"excerpt":{"rendered":"<ul>\n<li> Yogur artesanal 100% ecol\u00f3gico  <\/li>\n<li> Elaborado con leche ecol\u00f3gica certificada de vacas que pastan en libertad  <\/li>\n<li> Muy cremoso, suave, ecol\u00f3gico y sin nata a\u00f1adida  <\/li>\n<li> Natural, como la vida misma  <\/li>\n<li> Sin gluten  <\/li>\n<\/ul>\n","protected":false},"featured_media":5789,"comment_status":"open","ping_status":"closed","template":"","meta":[],"product_cat":[127],"product_tag":[],"class_list":{"0":"post-5789","1":"product","2":"type-product","3":"status-publish","4":"has-post-thumbnail","6":"product_brand-marca-pastoret","7":"product_cat-yogur","9":"first","10":"instock","11":"sale","12":"shipping-taxable","13":"purchasable","14":"product-type-simple"},"_links":{"self":[{"href":"https:\/\/ecotienda.com\/index.php?rest_route=\/wp\/v2\/product\/5789","targetHints":{"allow":["GET"]}}],"collection":[{"href":"https:\/\/ecotienda.com\/index.php?rest_route=\/wp\/v2\/product"}],"about":[{"href":"https:\/\/ecotienda.com\/index.php?rest_route=\/wp\/v2\/types\/product"}],"replies":[{"embeddable":true,"href":"https:\/\/ecotienda.com\/index.php?rest_route=%2Fwp%2Fv2%2Fcomments&post=5789"}],"wp:featuredmedia":[{"embeddable":true,"href":"https:\/\/ecotienda.com\/index.php?rest_route=\/wp\/v2\/product\/5789"}],"wp:attachment":[{"href":"https:\/\/ecotienda.com\/index.php?rest_route=%2Fwp%2Fv2%2Fmedia&parent=5789"}],"wp:term":[{"taxonomy":"product_cat","embeddable":true,"href":"https:\/\/ecotienda.com\/index.php?rest_route=%2Fwp%2Fv2%2Fproduct_cat&post=5789"},{"taxonomy":"product_tag","embeddable":true,"href":"https:\/\/ecotienda.com\/index.php?rest_route=%2Fwp%2Fv2%2Fproduct_tag&post=5789"}],"curies":[{"name":"wp","href":"https:\/\/api.w.org\/{rel}","templated":true}]}}