{"id":5791,"date":"2025-11-23T12:09:00","date_gmt":"2025-11-23T11:09:00","guid":{"rendered":"https:\/\/ecotienda.com\/?product=pastoret-yogur-ecologico-con-mango-135g"},"modified":"2025-12-10T12:21:43","modified_gmt":"2025-12-10T11:21:43","slug":"pastoret-yogur-ecologico-con-mango-135g","status":"publish","type":"product","link":"https:\/\/ecotienda.com\/?product=pastoret-yogur-ecologico-con-mango-135g","title":{"rendered":"Pastoret Yogur Ecol\u00f3gico con Mango, 135g"},"content":{"rendered":"<div class=\"woocommerce-product-details\">\n<h3>Descripci\u00f3n del producto<\/h3>\n<p>Descripci\u00f3n del producto<\/p>\n<p> Yogur ecol\u00f3gico con una capa de mango en el centro. Presentamos una de nuestras sugerencias sorprendentes al paladar. Nuestro Yogur Ecol\u00f3gico de Mango incluye una capa intermedia de fruta que se vuelve irresistible al fundirse con el yogur. En Pastoret realizamos una cuidadosa selecci\u00f3n de fruta que proviene de la agricultura ecol\u00f3gica certificada, contribuyendo a mantener la fertilidad y sostenibilidad del suelo. Con solo una cucharada, volver\u00e1s a recordar el sabor m\u00e1s original de esta fruta ex\u00f3tica. De textura cremosa sin nata a\u00f1adida. Ingredientes<\/p>\n<p> Leche ecol\u00f3gico pasteurizada de vaca, az\u00facar de ca\u00f1a ecol\u00f3gico (7%), pur\u00e9 de mango ecol\u00f3gico (5%), az\u00facar ecol\u00f3gico, leche desnatada en polvo ecol\u00f3gico, prote\u00ednas de la leche ecol\u00f3gicas, almid\u00f3n de ma\u00edz ecol\u00f3gico, espesantes (goma guar, goma xantana), aromas naturales, acidificante (\u00e1cido c\u00edtrico), antioxidante (\u00e1cido asc\u00f3rbico) y fermentos l\u00e1cticos. Puede contener trazas de frutos de c\u00e1scara Contenido de la caja<\/p>\n<p> Cada caja contiene 6 unidades de 135gr Ver m\u00e1s<\/p>\n<h3>Recursos de seguridad y productos<\/h3>\n<p>Recursos de seguridad y productosIm\u00e1genes y contactosIm\u00e1genes y contactos de seguridad Recursos de seguridad y productosProblema al cargar la informaci\u00f3nLo sentimos, no hemos podido mostrar la informaci\u00f3n debido a un problema. Vuelve a cargar la p\u00e1gina o int\u00e9ntalo de nuevo m\u00e1s tarde.Im\u00e1genes y contactos Im\u00e1genes de seguridad del producto Informaci\u00f3n del fabricante Persona responsable Problema al cargar la informaci\u00f3nLo sentimos, no hemos podido mostrar la informaci\u00f3n de la persona responsable debido a un problema. Vuelve a cargar la p\u00e1gina o int\u00e9ntalo de nuevo m\u00e1s tarde.Problema al cargar la informaci\u00f3nLo sentimos, no hemos podido mostrar la informaci\u00f3n del fabricante debido a un problema. Vuelve a cargar la p\u00e1gina o int\u00e9ntalo de nuevo m\u00e1s tarde.Problema al cargar la informaci\u00f3nLo sentimos, no hemos podido mostrar las im\u00e1genes de seguridad del producto debido a un problema. Vuelve a cargar la p\u00e1gina o int\u00e9ntalo de nuevo m\u00e1s tarde.<\/p>\n<table id=\"productDetails_techSpec_section_1\" class=\"a-keyvalue prodDetTable\">\n<tr>\n<th class=\"a-color-secondary a-size-base prodDetSectionEntry\"> Dimensiones del producto <\/th>\n<td class=\"a-size-base prodDetAttrValue\"> &lrm;25 x 16 x 3 cm; 1,55 kg <\/td>\n<\/tr>\n<tr>\n<th class=\"a-color-secondary a-size-base prodDetSectionEntry\"> Nombre del producto <\/th>\n<td class=\"a-size-base prodDetAttrValue\"> &lrm;Yogur Ecol\u00f3gico Mango <\/td>\n<\/tr>\n<tr>\n<th class=\"a-color-secondary a-size-base prodDetSectionEntry\"> Peso <\/th>\n<td class=\"a-size-base prodDetAttrValue\"> &lrm;135 Gramos <\/td>\n<\/tr>\n<tr>\n<th class=\"a-color-secondary a-size-base prodDetSectionEntry\"> Unidades <\/th>\n<td class=\"a-size-base prodDetAttrValue\"> &lrm;135.0 Gramos <\/td>\n<\/tr>\n<tr>\n<th class=\"a-color-secondary a-size-base prodDetSectionEntry\"> Contacto del fabricante <\/th>\n<td class=\"a-size-base prodDetAttrValue\"> &lrm;P.I. Bosc del Ferran s\/n, 25270, Sant Guim de Freixenet (Lleida) <\/td>\n<\/tr>\n<tr>\n<th class=\"a-color-secondary a-size-base prodDetSectionEntry\"> Pa\u00eds de origen <\/th>\n<td class=\"a-size-base prodDetAttrValue\"> &lrm;ESPA\u00d1A <\/td>\n<\/tr>\n<tr>\n<th class=\"a-color-secondary a-size-base prodDetSectionEntry\"> Cocina <\/th>\n<td class=\"a-size-base prodDetAttrValue\"> &lrm;Cocina mediterr\u00e1nea <\/td>\n<\/tr>\n<tr>\n<th class=\"a-color-secondary a-size-base prodDetSectionEntry\"> Peso del producto <\/th>\n<td class=\"a-size-base prodDetAttrValue\"> &lrm;1,55 kg <\/td>\n<\/tr>\n<tr>\n<th class=\"a-color-secondary a-size-base prodDetSectionEntry\"> Pa\u00eds de origen <\/th>\n<td class=\"a-size-base prodDetAttrValue\"> &lrm;Espa\u00f1a <\/td>\n<\/tr>\n<\/table><\/div>\n","protected":false},"excerpt":{"rendered":"<ul>\n<li> El primer yogur artesanal 100% ecol\u00f3gico  <\/li>\n<li> Elaborado con leche ecol\u00f3gica certificada de vacas que pastan en libertad  <\/li>\n<li> Su original presentaci\u00f3n con la fruta en el centro del yogur permite la degustaci\u00f3n ideal de esta combinaci\u00f3n de sabores  <\/li>\n<li> Muy cremoso sin nata a\u00f1adida  <\/li>\n<li> Sin gluten  <\/li>\n<\/ul>\n","protected":false},"featured_media":5791,"comment_status":"open","ping_status":"closed","template":"","meta":[],"product_cat":[127],"product_tag":[],"class_list":{"0":"post-5791","1":"product","2":"type-product","3":"status-publish","4":"has-post-thumbnail","6":"product_brand-marca-pastoret","7":"product_cat-yogur","9":"first","10":"instock","11":"sale","12":"shipping-taxable","13":"purchasable","14":"product-type-simple"},"_links":{"self":[{"href":"https:\/\/ecotienda.com\/index.php?rest_route=\/wp\/v2\/product\/5791","targetHints":{"allow":["GET"]}}],"collection":[{"href":"https:\/\/ecotienda.com\/index.php?rest_route=\/wp\/v2\/product"}],"about":[{"href":"https:\/\/ecotienda.com\/index.php?rest_route=\/wp\/v2\/types\/product"}],"replies":[{"embeddable":true,"href":"https:\/\/ecotienda.com\/index.php?rest_route=%2Fwp%2Fv2%2Fcomments&post=5791"}],"wp:featuredmedia":[{"embeddable":true,"href":"https:\/\/ecotienda.com\/index.php?rest_route=\/wp\/v2\/product\/5791"}],"wp:attachment":[{"href":"https:\/\/ecotienda.com\/index.php?rest_route=%2Fwp%2Fv2%2Fmedia&parent=5791"}],"wp:term":[{"taxonomy":"product_cat","embeddable":true,"href":"https:\/\/ecotienda.com\/index.php?rest_route=%2Fwp%2Fv2%2Fproduct_cat&post=5791"},{"taxonomy":"product_tag","embeddable":true,"href":"https:\/\/ecotienda.com\/index.php?rest_route=%2Fwp%2Fv2%2Fproduct_tag&post=5791"}],"curies":[{"name":"wp","href":"https:\/\/api.w.org\/{rel}","templated":true}]}}