{"id":5793,"date":"2025-11-23T12:09:03","date_gmt":"2025-11-23T11:09:03","guid":{"rendered":"https:\/\/ecotienda.com\/?product=pastoret-yogur-ecologico-con-coco-y-pina-135g"},"modified":"2025-12-10T12:21:29","modified_gmt":"2025-12-10T11:21:29","slug":"pastoret-yogur-ecologico-con-coco-y-pina-135g","status":"publish","type":"product","link":"https:\/\/ecotienda.com\/?product=pastoret-yogur-ecologico-con-coco-y-pina-135g","title":{"rendered":"Pastoret Yogur Ecol\u00f3gico con Coco y Pi\u00f1a, 135g"},"content":{"rendered":"<div class=\"woocommerce-product-details\">\n<h3>Descripci\u00f3n del producto<\/h3>\n<p>Descripci\u00f3n del producto<\/p>\n<p> Nuestro Yogur Ecol\u00f3gico Coco &amp; Pi\u00f1a se convierte en una tentaci\u00f3n irresistible a la vez que saludable gracias a los sabores tropicales que ofrece su capa intermedia. Las frutas cuidadosamente seleccionadas por Pastoret, provienen de la agricultura ecol\u00f3gica certificada, contribuyendo as\u00ed a mantener la fertilidad y sostenibilidad del suelo. Esta combinaci\u00f3n de coco y pi\u00f1a se convertir\u00e1 en una de tus favoritas en cuanto la pruebes. Ingredientes<\/p>\n<p> Leche ecol\u00f3gica pasteurizada de vaca, az\u00facar de ca\u00f1a ecol\u00f3gico (7%), pur\u00e9 de pi\u00f1a ecol\u00f3gico (6%), az\u00facar de ca\u00f1a ecol\u00f3gico, leche desnatada en polvo ecol\u00f3gica, prote\u00ednas de la leche ecol\u00f3gicas, coco rallado ecol\u00f3gico (0,5%), almid\u00f3n de tapioca ecol\u00f3gico, espesantes (pectina, alginato s\u00f3dico), lim\u00f3n ecol\u00f3gico procedente de zumo concentrado, aroma natural y fermentos l\u00e1cticos. Puede contener trazas de frutos de c\u00e1scara. Contenido de la caja<\/p>\n<p> Cada caja contiene 6 unidades de 135gr Ver m\u00e1s<\/p>\n<h3>Recursos de seguridad y productos<\/h3>\n<p>Recursos de seguridad y productosInformaci\u00f3n normativa El n\u00famero de c\u00f3digo del organismo de control ecol\u00f3gico: LU-BIO-04.Im\u00e1genes y contactosIm\u00e1genes y contactos de seguridad Recursos de seguridad y productosProblema al cargar la informaci\u00f3nLo sentimos, no hemos podido mostrar la informaci\u00f3n debido a un problema. Vuelve a cargar la p\u00e1gina o int\u00e9ntalo de nuevo m\u00e1s tarde.Im\u00e1genes y contactos Im\u00e1genes de seguridad del producto Informaci\u00f3n del fabricante Persona responsable Problema al cargar la informaci\u00f3nLo sentimos, no hemos podido mostrar la informaci\u00f3n de la persona responsable debido a un problema. Vuelve a cargar la p\u00e1gina o int\u00e9ntalo de nuevo m\u00e1s tarde.Problema al cargar la informaci\u00f3nLo sentimos, no hemos podido mostrar la informaci\u00f3n del fabricante debido a un problema. Vuelve a cargar la p\u00e1gina o int\u00e9ntalo de nuevo m\u00e1s tarde.Problema al cargar la informaci\u00f3nLo sentimos, no hemos podido mostrar las im\u00e1genes de seguridad del producto debido a un problema. Vuelve a cargar la p\u00e1gina o int\u00e9ntalo de nuevo m\u00e1s tarde.<\/p>\n<table id=\"productDetails_techSpec_section_1\" class=\"a-keyvalue prodDetTable\">\n<tr>\n<th class=\"a-color-secondary a-size-base prodDetSectionEntry\"> Dimensiones del paquete <\/th>\n<td class=\"a-size-base prodDetAttrValue\"> &lrm;9,5 x 9,5 x 5 cm; 170 g <\/td>\n<\/tr>\n<tr>\n<th class=\"a-color-secondary a-size-base prodDetSectionEntry\"> Nombre del producto <\/th>\n<td class=\"a-size-base prodDetAttrValue\"> &lrm;Yogur Ecol\u00f3gico Coco Y Pi\u00f1a <\/td>\n<\/tr>\n<tr>\n<th class=\"a-color-secondary a-size-base prodDetSectionEntry\"> Peso <\/th>\n<td class=\"a-size-base prodDetAttrValue\"> &lrm;135 Gramos <\/td>\n<\/tr>\n<tr>\n<th class=\"a-color-secondary a-size-base prodDetSectionEntry\"> Unidades <\/th>\n<td class=\"a-size-base prodDetAttrValue\"> &lrm;135.0 Gramos <\/td>\n<\/tr>\n<tr>\n<th class=\"a-color-secondary a-size-base prodDetSectionEntry\"> Contacto del fabricante <\/th>\n<td class=\"a-size-base prodDetAttrValue\"> &lrm;P.I. Bosc del Ferran s\/n, 25270, Sant Guim de Freixenet (Lleida) <\/td>\n<\/tr>\n<tr>\n<th class=\"a-color-secondary a-size-base prodDetSectionEntry\"> Pa\u00eds de origen <\/th>\n<td class=\"a-size-base prodDetAttrValue\"> &lrm;ESPA\u00d1A <\/td>\n<\/tr>\n<tr>\n<th class=\"a-color-secondary a-size-base prodDetSectionEntry\"> Cocina <\/th>\n<td class=\"a-size-base prodDetAttrValue\"> &lrm;Cocina tropical <\/td>\n<\/tr>\n<tr>\n<th class=\"a-color-secondary a-size-base prodDetSectionEntry\"> Peso del producto <\/th>\n<td class=\"a-size-base prodDetAttrValue\"> &lrm;170 g <\/td>\n<\/tr>\n<tr>\n<th class=\"a-color-secondary a-size-base prodDetSectionEntry\"> Pa\u00eds de origen <\/th>\n<td class=\"a-size-base prodDetAttrValue\"> &lrm;Espa\u00f1a <\/td>\n<\/tr>\n<\/table><\/div>\n","protected":false},"excerpt":{"rendered":"<ul>\n<li> Con fruta ecol\u00f3gica  <\/li>\n<li> Elaborado con leche ecol\u00f3gica certificada de vacas que pastan en libertad  <\/li>\n<li> Una combinaci\u00f3n con los sabores m\u00e1s tr\u00f3picales  <\/li>\n<li> Muy cremoso sin nata a\u00f1adida  <\/li>\n<li> Sin gluten  <\/li>\n<\/ul>\n","protected":false},"featured_media":5793,"comment_status":"open","ping_status":"closed","template":"","meta":[],"product_cat":[127],"product_tag":[],"class_list":{"0":"post-5793","1":"product","2":"type-product","3":"status-publish","4":"has-post-thumbnail","6":"product_brand-marca-pastoret","7":"product_cat-yogur","9":"first","10":"instock","11":"sale","12":"shipping-taxable","13":"purchasable","14":"product-type-simple"},"_links":{"self":[{"href":"https:\/\/ecotienda.com\/index.php?rest_route=\/wp\/v2\/product\/5793","targetHints":{"allow":["GET"]}}],"collection":[{"href":"https:\/\/ecotienda.com\/index.php?rest_route=\/wp\/v2\/product"}],"about":[{"href":"https:\/\/ecotienda.com\/index.php?rest_route=\/wp\/v2\/types\/product"}],"replies":[{"embeddable":true,"href":"https:\/\/ecotienda.com\/index.php?rest_route=%2Fwp%2Fv2%2Fcomments&post=5793"}],"wp:featuredmedia":[{"embeddable":true,"href":"https:\/\/ecotienda.com\/index.php?rest_route=\/wp\/v2\/product\/5793"}],"wp:attachment":[{"href":"https:\/\/ecotienda.com\/index.php?rest_route=%2Fwp%2Fv2%2Fmedia&parent=5793"}],"wp:term":[{"taxonomy":"product_cat","embeddable":true,"href":"https:\/\/ecotienda.com\/index.php?rest_route=%2Fwp%2Fv2%2Fproduct_cat&post=5793"},{"taxonomy":"product_tag","embeddable":true,"href":"https:\/\/ecotienda.com\/index.php?rest_route=%2Fwp%2Fv2%2Fproduct_tag&post=5793"}],"curies":[{"name":"wp","href":"https:\/\/api.w.org\/{rel}","templated":true}]}}