{"id":5810,"date":"2025-11-23T12:11:32","date_gmt":"2025-11-23T11:11:32","guid":{"rendered":"https:\/\/ecotienda.com\/?product=nestle-aquarel-botella-agua-mineral-natural-5-l"},"modified":"2025-11-23T12:11:33","modified_gmt":"2025-11-23T11:11:33","slug":"nestle-aquarel-botella-agua-mineral-natural-5-l","status":"publish","type":"product","link":"https:\/\/ecotienda.com\/?product=nestle-aquarel-botella-agua-mineral-natural-5-l","title":{"rendered":"Nestl\u00e9 Aquarel &#8211; Botella Agua Mineral Natural &#8211; 5 L"},"content":{"rendered":"<div class=\"woocommerce-product-details\">\n<div id=\"aplus_feature_div\" class=\"celwidget\" data-feature-name=\"aplus\" data-csa-c-type=\"widget\" data-csa-c-content-id=\"aplus\" data-csa-c-slot-id=\"aplus_feature_div\" data-csa-c-asin=\"\" data-csa-c-is-in-initial-active-row=\"false\">\n<div id=\"aplus\" class=\"a-section a-spacing-large bucket\">\n<h3 class=\"\">M\u00e1s informaci\u00f3n del producto<\/h3>\n<div lang=\"es_ES\">\n<div class=\"aplus-v2 desktop celwidget\">\n<div class=\"celwidget aplus-module premium-module-2-fullbackground-image aplus-premium\">\n<div class=\"a-section a-spacing-none premium-aplus premium-aplus-module-2\">\n<div class=\"a-section a-spacing-none premium-background-wrapper\">\n<div class=\"a-section a-spacing-none background-image\"> <img data-opt-id=22727630  fetchpriority=\"high\" decoding=\"async\" alt=\"aquarel\" src=\"https:\/\/m.media-amazon.com\/images\/S\/aplus-media-library-service-media\/485fc293-d281-40ff-aa0e-c937b1f0d751.__CR0,0,1464,600_PT0_SX1464_V1___.jpg\" \/ style=\"max-width: 100%; height: auto;\"> <\/div>\n<\/div>\n<\/div>\n<\/div>\n<div class=\"celwidget aplus-module premium-module-13-carousel aplus-premium\">\n<div class=\"a-section a-spacing-none premium-aplus premium-aplus-module-13\">\n<div class=\"a-section a-spacing-none aplus-carousel-container\">\n<div id=\"premium-aplus-13-carousel-1-id\" data-a-carousel-options=\"{&quot;name&quot;:&quot;premium-aplus-13-carousel-1&quot;,&quot;peek_percentage&quot;:0,&quot;minimum_gutter_width&quot;:0,&quot;show_partial_next&quot;:false}\" aria-label=\"Carrusel de contenido destacado\" data-a-display-strategy=\"single\" data-a-transition-strategy=\"slideCircular\" role=\"group\" class=\"a-begin a-carousel-container a-carousel-static a-carousel-display-single a-carousel-transition-slideCircular\">\n<div class=\"a-row a-carousel-controls a-carousel-row a-carousel-has-buttons a-carousel-overlay-buttons a-carousel-rounded-buttons\">\n<div class=\"a-carousel-row-inner\">\n<div class=\"a-carousel-col a-carousel-left\"><a class=\"a-carousel-goto-prevpage\" role=\"button\" href=\"#\"><i class=\"a-icon a-icon-previous-rounded\"><\/i><\/a><\/div>\n<div class=\"a-carousel-col a-carousel-center\">\n<div class=\"a-carousel-viewport\" role=\"group\"><img data-opt-id=1536493144  fetchpriority=\"high\" decoding=\"async\" alt=\"agua\" src=\"https:\/\/m.media-amazon.com\/images\/S\/aplus-media-library-service-media\/990553d1-3b76-41e9-a69f-c28e24785b0c.__CR0,0,1464,600_PT0_SX1464_V1___.jpg\" \/ style=\"max-width: 100%; height: auto;\"><img data-opt-id=1988096317  data-opt-src=\"https:\/\/m.media-amazon.com\/images\/S\/aplus-media-library-service-media\/13c13f28-8f9d-4e28-bd52-ef788dc4b0db.__CR0,0,1464,600_PT0_SX1464_V1___.jpg\"  decoding=\"async\" alt=\"aquarel\" src=\"data:image/svg+xml,%3Csvg%20viewBox%3D%220%200%20100%%20100%%22%20width%3D%22100%%22%20height%3D%22100%%22%20xmlns%3D%22http%3A%2F%2Fwww.w3.org%2F2000%2Fsvg%22%3E%3Crect%20width%3D%22100%%22%20height%3D%22100%%22%20fill%3D%22transparent%22%2F%3E%3C%2Fsvg%3E\" \/ style=\"max-width: 100%; height: auto;\"><img data-opt-id=2139062957  data-opt-src=\"https:\/\/m.media-amazon.com\/images\/S\/aplus-media-library-service-media\/a03eb3d1-d9b0-40b1-8474-60b76f3f93df.__CR0,0,1464,600_PT0_SX1464_V1___.jpg\"  decoding=\"async\" alt=\"Aquarel gota\" src=\"data:image/svg+xml,%3Csvg%20viewBox%3D%220%200%20100%%20100%%22%20width%3D%22100%%22%20height%3D%22100%%22%20xmlns%3D%22http%3A%2F%2Fwww.w3.org%2F2000%2Fsvg%22%3E%3Crect%20width%3D%22100%%22%20height%3D%22100%%22%20fill%3D%22transparent%22%2F%3E%3C%2Fsvg%3E\" \/ style=\"max-width: 100%; height: auto;\"><img data-opt-id=842326790  data-opt-src=\"https:\/\/m.media-amazon.com\/images\/S\/aplus-media-library-service-media\/7b735b01-f72a-4edc-88ef-a6285ce5e0c8.__CR0,0,1464,600_PT0_SX1464_V1___.jpg\"  decoding=\"async\" alt=\"Aquarel \" src=\"data:image/svg+xml,%3Csvg%20viewBox%3D%220%200%20100%%20100%%22%20width%3D%22100%%22%20height%3D%22100%%22%20xmlns%3D%22http%3A%2F%2Fwww.w3.org%2F2000%2Fsvg%22%3E%3Crect%20width%3D%22100%%22%20height%3D%22100%%22%20fill%3D%22transparent%22%2F%3E%3C%2Fsvg%3E\" \/ style=\"max-width: 100%; height: auto;\"><img data-opt-id=219041689  data-opt-src=\"https:\/\/m.media-amazon.com\/images\/S\/aplus-media-library-service-media\/0658516f-f53a-4c8f-9520-67241270d534.__CR0,0,1464,600_PT0_SX1464_V1___.jpg\"  decoding=\"async\" alt=\"Aquarel\" src=\"data:image/svg+xml,%3Csvg%20viewBox%3D%220%200%20100%%20100%%22%20width%3D%22100%%22%20height%3D%22100%%22%20xmlns%3D%22http%3A%2F%2Fwww.w3.org%2F2000%2Fsvg%22%3E%3Crect%20width%3D%22100%%22%20height%3D%22100%%22%20fill%3D%22transparent%22%2F%3E%3C%2Fsvg%3E\" \/ style=\"max-width: 100%; height: auto;\"><\/div><\/div>\n<div class=\"a-carousel-col a-carousel-right\"><a class=\"a-carousel-goto-nextpage\" role=\"button\" href=\"#\"><i class=\"a-icon a-icon-next-rounded\"><\/i><\/a><\/div><\/div><\/div>\n<\/div>\n<div class=\"a-section a-spacing-none aplus-pagination-wrapper\">\n<div class=\"aplus-mantle aplus-module\"> <\/div>\n<\/div>\n<\/div>\n<\/div>\n<\/div>\n<div class=\"celwidget aplus-module premium-module-8-hero-video aplus-premium\">\n<div class=\"a-section a-spacing-none premium-aplus premium-aplus-module-8\">\n<div class=\"a-section a-spacing-none premium-aplus-module-8-video\">\n<div class=\"a-section a-spacing-none video-container\">\n<div id=\"6365e39c-333b-496f-b7e5-4f9472ba9e91\" style=\"width:100%;height:100%\">\n<div data-csa-c-component=\"aplus-vse-video-widget\" data-csa-c-content-id=\"amzn1.vse.video.14215abb1c30487d9d56469f044e20b5\" data-csa-c-cs-type=\"vse\" data-csa-c-painter=\"vse-player\" data-csa-c-type=\"widget\" data-csa-op-log-render=\"\" class=\"a-section vse-player-container\">\n<div class=\"vse-airy-container vse-player-container none\">\n<div id=\"ive-aplus-142480-player-label-container\" data-element-id=\"ive-player-label-container\" class=\"a-section a-spacing-none ive-player-label-container\"><span class=\"a-declarative\" data-action=\"a-popover\" data-a-popover=\"{&quot;name&quot;:&quot;ive-aplus-142480-label-type-tooltip&quot;,&quot;width&quot;:&quot;300&quot;,&quot;position&quot;:&quot;triggerRight&quot;,&quot;dataStrategy&quot;:&quot;preload&quot;}\"><a href=\"void(0)\" role=\"button\" class=\"a-popover-trigger a-declarative ive-player-label-name aok-hidden\"><i class=\"a-icon a-icon-popover\"><\/i><\/a><\/span><\/p>\n<div class=\"a-popover-preload\" id=\"a-popover-ive-aplus-142480-label-type-tooltip\"><span class=\"ive-demo-label-tooltip ive-player-label-tooltip aok-hidden\">El v\u00eddeo muestra el producto en uso.<\/span><span class=\"ive-assembly-label-tooltip ive-player-label-tooltip aok-hidden\">El v\u00eddeo te gu\u00eda a largo de la configuraci\u00f3n del producto.<\/span><span class=\"ive-comparison-label-tooltip ive-player-label-tooltip aok-hidden\">El v\u00eddeo compara varios productos.<\/span><span class=\"ive-unboxing-label-tooltip ive-player-label-tooltip aok-hidden\">El v\u00eddeo muestra el desembalaje del producto.<\/span><\/div><\/div><\/div>\n<h1 class=\"vse-video-player-title\"> hero-video<\/h1>\n<p><span data-element-id=\"vse-lightPlayer-content-provider\" class=\"vse-lightPlayer-vendor a-size-mini\"> V\u00eddeo de vendedor<\/span><\/div>\n<\/div>\n<\/div>\n<\/div>\n<\/div>\n<\/div>\n<div class=\"celwidget aplus-module premium-module-10-hotspot-plain-image aplus-premium\">\n<div class=\"a-section a-spacing-none premium-aplus premium-aplus-module-10\"> <img data-opt-id=1406281016  data-opt-src=\"https:\/\/m.media-amazon.com\/images\/S\/aplus-media-library-service-media\/a3d6c1a9-185b-4cb5-ae19-ff0f8f531d7d.__CR0,0,1464,600_PT0_SX1464_V1___.jpg\"  decoding=\"async\" alt=\"\" src=\"data:image/svg+xml,%3Csvg%20viewBox%3D%220%200%20100%%20100%%22%20width%3D%22100%%22%20height%3D%22100%%22%20xmlns%3D%22http%3A%2F%2Fwww.w3.org%2F2000%2Fsvg%22%3E%3Crect%20width%3D%22100%%22%20height%3D%22100%%22%20fill%3D%22transparent%22%2F%3E%3C%2Fsvg%3E\" \/ style=\"max-width: 100%; height: auto;\"> <\/div>\n<\/div>\n<\/div>\n<\/div>\n<\/div>\n<\/div>\n<h3>Descripci\u00f3n del producto<\/h3>\n<p>Descripci\u00f3n del producto<\/p>\n<p> El agua natural aquarel de Nestl\u00e9 es un agua adecuado para toda la familia. Tiene un sabor refrescante y fresco y tambi\u00e9n se puede utilizar para cocinar o preparar la comida de los m\u00e1s peque\u00f1os. Es de origen natural y mineralizaci\u00f3n d\u00e9bil. Viene en un contenedor conveniente y reciclable. Indicaciones<\/p>\n<p> Proteger De La Luz Solar. Conservar En Un Lugar Fresco, Seco Y Apartado De Olores Intensos. Evitar Contacto Directo Con El Suelo. Por Su Seguridad, No Reutilizar Esta Botella. Ingredientes<\/p>\n<p> Manantial Aquarel Avets:Bicarbonato (137 Mg\/L), Calcio (37,7 Mg\/L), Sodio (10Mg\/L), Magnesio (6,9 Mg\/L), Sulfato (12,5 Mg\/L), Cloruro (9,1 Mg\/L), Residuo Seco A 180\u00ba (165 Mg\/L) Advertencia de seguridad<\/p>\n<p> Proteger de la luz solar. Almacenar en un lugar fresco, seco y protegido de olores intensos. Evitar el contacto directo con el suelo. Por su seguridad, no reutilice esta botella. Ver m\u00e1s<\/p>\n<h3>Recursos de seguridad y productos<\/h3>\n<p>Recursos de seguridad y productosIm\u00e1genes y contactosIm\u00e1genes y contactos de seguridad Recursos de seguridad y productosProblema al cargar la informaci\u00f3nLo sentimos, no hemos podido mostrar la informaci\u00f3n debido a un problema. Vuelve a cargar la p\u00e1gina o int\u00e9ntalo de nuevo m\u00e1s tarde.Im\u00e1genes y contactos Im\u00e1genes de seguridad del producto Informaci\u00f3n del fabricante Persona responsable Problema al cargar la informaci\u00f3nLo sentimos, no hemos podido mostrar la informaci\u00f3n de la persona responsable debido a un problema. Vuelve a cargar la p\u00e1gina o int\u00e9ntalo de nuevo m\u00e1s tarde.Problema al cargar la informaci\u00f3nLo sentimos, no hemos podido mostrar la informaci\u00f3n del fabricante debido a un problema. Vuelve a cargar la p\u00e1gina o int\u00e9ntalo de nuevo m\u00e1s tarde.Problema al cargar la informaci\u00f3nLo sentimos, no hemos podido mostrar las im\u00e1genes de seguridad del producto debido a un problema. Vuelve a cargar la p\u00e1gina o int\u00e9ntalo de nuevo m\u00e1s tarde.<\/p>\n<table id=\"productDetails_techSpec_section_1\" class=\"a-keyvalue prodDetTable\">\n<tr>\n<th class=\"a-color-secondary a-size-base prodDetSectionEntry\"> Dimensiones del producto <\/th>\n<td class=\"a-size-base prodDetAttrValue\"> &lrm;14 x 16 x 32 cm; 5,12 kg <\/td>\n<\/tr>\n<tr>\n<th class=\"a-color-secondary a-size-base prodDetSectionEntry\"> Nombre del producto <\/th>\n<td class=\"a-size-base prodDetAttrValue\"> &lrm;Agua Mineral Natural <\/td>\n<\/tr>\n<tr>\n<th class=\"a-color-secondary a-size-base prodDetSectionEntry\"> Aditivos <\/th>\n<td class=\"a-size-base prodDetAttrValue\"> &lrm;natural <\/td>\n<\/tr>\n<tr>\n<th class=\"a-color-secondary a-size-base prodDetSectionEntry\"> Volumen <\/th>\n<td class=\"a-size-base prodDetAttrValue\"> &lrm;5 Litros <\/td>\n<\/tr>\n<tr>\n<th class=\"a-color-secondary a-size-base prodDetSectionEntry\"> Unidades <\/th>\n<td class=\"a-size-base prodDetAttrValue\"> &lrm;5000.0 Millilitros <\/td>\n<\/tr>\n<tr>\n<th class=\"a-color-secondary a-size-base prodDetSectionEntry\"> Instrucciones de almacenaje <\/th>\n<td class=\"a-size-base prodDetAttrValue\"> &lrm;Proteger de la luz solar. Conservar en un lugar fresco, seco y apartado de olores intensos. Evitar contacto directo con el suelo. Por su seguridad, no reutilizar esta botella. <\/td>\n<\/tr>\n<tr>\n<th class=\"a-color-secondary a-size-base prodDetSectionEntry\"> Contacto del fabricante <\/th>\n<td class=\"a-size-base prodDetAttrValue\"> &lrm;Edificio Nestl\u00e9, 08950 Esplugues de Llobregat (Barcelona) &#8211; Edificio Nestl\u00e9, 08950 Esplugues de Llobregat (Barcelona) <\/td>\n<\/tr>\n<tr>\n<th class=\"a-color-secondary a-size-base prodDetSectionEntry\"> Pa\u00eds de origen <\/th>\n<td class=\"a-size-base prodDetAttrValue\"> &lrm;ESPA\u00d1A <\/td>\n<\/tr>\n<tr>\n<th class=\"a-color-secondary a-size-base prodDetSectionEntry\"> Marca <\/th>\n<td class=\"a-size-base prodDetAttrValue\"> &lrm;Aquarel <\/td>\n<\/tr>\n<tr>\n<th class=\"a-color-secondary a-size-base prodDetSectionEntry\"> Forma del Art\u00edculo <\/th>\n<td class=\"a-size-base prodDetAttrValue\"> &lrm;botella <\/td>\n<\/tr>\n<tr>\n<th class=\"a-color-secondary a-size-base prodDetSectionEntry\"> Funciones especiales <\/th>\n<td class=\"a-size-base prodDetAttrValue\"> &lrm;natural <\/td>\n<\/tr>\n<tr>\n<th class=\"a-color-secondary a-size-base prodDetSectionEntry\"> Fabricante <\/th>\n<td class=\"a-size-base prodDetAttrValue\"> &lrm;Nestle Aquarel <\/td>\n<\/tr>\n<tr>\n<th class=\"a-color-secondary a-size-base prodDetSectionEntry\"> Peso del producto <\/th>\n<td class=\"a-size-base prodDetAttrValue\"> &lrm;5,12 kg <\/td>\n<\/tr>\n<tr>\n<th class=\"a-color-secondary a-size-base prodDetSectionEntry\"> Pa\u00eds de origen <\/th>\n<td class=\"a-size-base prodDetAttrValue\"> &lrm;Espa\u00f1a <\/td>\n<\/tr>\n<\/table><\/div>\n","protected":false},"excerpt":{"rendered":"<ul>\n<li> De origen natural y mineralizaci\u00f3n d\u00e9bil  <\/li>\n<li> Viene en un contenedor conveniente y reciclable  <\/li>\n<li> Con un sabor fresco e hidratante  <\/li>\n<li> Mantener en un lugar fresco y seco  <\/li>\n<li> Apto para la preparaci\u00f3n de alimentos infantiles  <\/li>\n<\/ul>\n","protected":false},"featured_media":5810,"comment_status":"open","ping_status":"closed","template":"","meta":[],"product_cat":[143],"product_tag":[],"class_list":{"0":"post-5810","1":"product","2":"type-product","3":"status-publish","4":"has-post-thumbnail","6":"product_brand-marca-aquarel","7":"product_cat-agua","9":"first","10":"instock","11":"sale","12":"shipping-taxable","13":"purchasable","14":"product-type-simple"},"_links":{"self":[{"href":"https:\/\/ecotienda.com\/index.php?rest_route=\/wp\/v2\/product\/5810","targetHints":{"allow":["GET"]}}],"collection":[{"href":"https:\/\/ecotienda.com\/index.php?rest_route=\/wp\/v2\/product"}],"about":[{"href":"https:\/\/ecotienda.com\/index.php?rest_route=\/wp\/v2\/types\/product"}],"replies":[{"embeddable":true,"href":"https:\/\/ecotienda.com\/index.php?rest_route=%2Fwp%2Fv2%2Fcomments&post=5810"}],"wp:featuredmedia":[{"embeddable":true,"href":"https:\/\/ecotienda.com\/index.php?rest_route=\/wp\/v2\/product\/5810"}],"wp:attachment":[{"href":"https:\/\/ecotienda.com\/index.php?rest_route=%2Fwp%2Fv2%2Fmedia&parent=5810"}],"wp:term":[{"taxonomy":"product_cat","embeddable":true,"href":"https:\/\/ecotienda.com\/index.php?rest_route=%2Fwp%2Fv2%2Fproduct_cat&post=5810"},{"taxonomy":"product_tag","embeddable":true,"href":"https:\/\/ecotienda.com\/index.php?rest_route=%2Fwp%2Fv2%2Fproduct_tag&post=5810"}],"curies":[{"name":"wp","href":"https:\/\/api.w.org\/{rel}","templated":true}]}}