{"id":5867,"date":"2025-11-23T12:16:28","date_gmt":"2025-11-23T11:16:28","guid":{"rendered":"https:\/\/ecotienda.com\/?product=leche-arroz-1l-eco"},"modified":"2025-11-23T12:16:29","modified_gmt":"2025-11-23T11:16:29","slug":"leche-arroz-1l-eco","status":"publish","type":"product","link":"https:\/\/ecotienda.com\/?product=leche-arroz-1l-eco","title":{"rendered":"Leche ARROZ 1L. Eco"},"content":{"rendered":"<div class=\"woocommerce-product-details\">\n<h3>Descripci\u00f3n del producto<\/h3>\n<p>Descripci\u00f3n del producto<\/p>\n<p> BEBIDA DE ARROZ BIO 1 L Ingredientes<\/p>\n<p> Agua del Montseny, arroz* (15%), aceite de girasol*, sal marina.  Valor nutricional por 100 g: Valor energ\u00e9tico kJ 228 Kj Valor energ\u00e9tico kcal 54 Cal Grasas 1 g De las cuales:  Saturadas 0.1 g Insaturados 0.3 g Poliinsaturados 0.6 g Carbohidratos 10.9 g De las cuales:  Az\u00facares 5.0 g Fibra alimentaria 0.1 g  Prote\u00edna 0.3 g  (*)= De producci\u00f3n agraria ecol\u00f3gica.<\/p>\n<h3>Detalles del producto<\/h3>\n<ul>\n<li>Dimensiones del producto : 50 x 50 x 28 cm; 1,17 kg<\/li>\n<li>Producto en Amazon.es desde : 16 mayo 2016<\/li>\n<li>Fabricante : MONSOY<\/li>\n<li>ASIN : B00DN9IV4C<\/li>\n<li>N\u00famero de modelo del producto : 267778<\/li>\n<li>Clasificaci\u00f3n en los m\u00e1s vendidos de Amazon: n\u00ba115.270 en Alimentaci\u00f3n y bebidas (Ver el Top 100 en Alimentaci\u00f3n y bebidas) n\u00ba97 en Bebida de arroz<\/li>\n<li>n\u00ba97 en Bebida de arroz<\/li>\n<li>Opiniones de los clientes: 5,0 5,0 de 5 estrellas 1 valoraci\u00f3n<\/li>\n<\/ul>\n<h3>Recursos de seguridad y productos<\/h3>\n<p>Recursos de seguridad y productosIm\u00e1genes y contactosIm\u00e1genes y contactos de seguridad Recursos de seguridad y productosProblema al cargar la informaci\u00f3nLo sentimos, no hemos podido mostrar la informaci\u00f3n debido a un problema. Vuelve a cargar la p\u00e1gina o int\u00e9ntalo de nuevo m\u00e1s tarde.Im\u00e1genes y contactos Im\u00e1genes de seguridad del producto Informaci\u00f3n del fabricante Persona responsable Problema al cargar la informaci\u00f3nLo sentimos, no hemos podido mostrar la informaci\u00f3n de la persona responsable debido a un problema. Vuelve a cargar la p\u00e1gina o int\u00e9ntalo de nuevo m\u00e1s tarde.Problema al cargar la informaci\u00f3nLo sentimos, no hemos podido mostrar la informaci\u00f3n del fabricante debido a un problema. Vuelve a cargar la p\u00e1gina o int\u00e9ntalo de nuevo m\u00e1s tarde.Problema al cargar la informaci\u00f3nLo sentimos, no hemos podido mostrar las im\u00e1genes de seguridad del producto debido a un problema. Vuelve a cargar la p\u00e1gina o int\u00e9ntalo de nuevo m\u00e1s tarde.<\/p>\n<\/p><\/div>\n","protected":false},"excerpt":{"rendered":"<ul>\n<li> BEBIDA DE ARROZ BIO 1 L  <\/li>\n<\/ul>\n","protected":false},"featured_media":5867,"comment_status":"open","ping_status":"closed","template":"","meta":[],"product_cat":[147],"product_tag":[],"class_list":{"0":"post-5867","1":"product","2":"type-product","3":"status-publish","4":"has-post-thumbnail","6":"product_brand-marca-monsoy","7":"product_cat-leche-arroz","9":"first","10":"instock","11":"shipping-taxable","12":"purchasable","13":"product-type-simple"},"_links":{"self":[{"href":"https:\/\/ecotienda.com\/index.php?rest_route=\/wp\/v2\/product\/5867","targetHints":{"allow":["GET"]}}],"collection":[{"href":"https:\/\/ecotienda.com\/index.php?rest_route=\/wp\/v2\/product"}],"about":[{"href":"https:\/\/ecotienda.com\/index.php?rest_route=\/wp\/v2\/types\/product"}],"replies":[{"embeddable":true,"href":"https:\/\/ecotienda.com\/index.php?rest_route=%2Fwp%2Fv2%2Fcomments&post=5867"}],"wp:featuredmedia":[{"embeddable":true,"href":"https:\/\/ecotienda.com\/index.php?rest_route=\/wp\/v2\/product\/5867"}],"wp:attachment":[{"href":"https:\/\/ecotienda.com\/index.php?rest_route=%2Fwp%2Fv2%2Fmedia&parent=5867"}],"wp:term":[{"taxonomy":"product_cat","embeddable":true,"href":"https:\/\/ecotienda.com\/index.php?rest_route=%2Fwp%2Fv2%2Fproduct_cat&post=5867"},{"taxonomy":"product_tag","embeddable":true,"href":"https:\/\/ecotienda.com\/index.php?rest_route=%2Fwp%2Fv2%2Fproduct_tag&post=5867"}],"curies":[{"name":"wp","href":"https:\/\/api.w.org\/{rel}","templated":true}]}}