{"id":5901,"date":"2025-11-23T12:21:35","date_gmt":"2025-11-23T11:21:35","guid":{"rendered":"https:\/\/ecotienda.com\/?product=naturgreen-soja-calcium-bio-1-litro-paquete-de-2"},"modified":"2025-11-23T12:21:38","modified_gmt":"2025-11-23T11:21:38","slug":"naturgreen-soja-calcium-bio-1-litro-paquete-de-2","status":"publish","type":"product","link":"https:\/\/ecotienda.com\/?product=naturgreen-soja-calcium-bio-1-litro-paquete-de-2","title":{"rendered":"NaturGreen Soja Calcium Bio, 1 Litro (Paquete de 2)"},"content":{"rendered":"<div class=\"woocommerce-product-details\">\n<div id=\"aplus_feature_div\" class=\"celwidget\" data-feature-name=\"aplus\" data-csa-c-type=\"widget\" data-csa-c-content-id=\"aplus\" data-csa-c-slot-id=\"aplus_feature_div\" data-csa-c-asin=\"\" data-csa-c-is-in-initial-active-row=\"false\">\n<div id=\"aplus\" class=\"a-section a-spacing-large bucket\">\n<h3 class=\"\">M\u00e1s informaci\u00f3n del producto<\/h3>\n<div lang=\"es_ES\">\n<div class=\"aplus-v2 desktop celwidget\">\n<div class=\"celwidget aplus-module module-12 aplus-standard\">\n<div class=\"aplus-module-wrapper apm-spacing apm-floatnone apm-fixed-width\">\n<div class=\"apm-sidemodule aplus-module-content\">\n<div class=\"apm-hero-image\"> <img data-opt-id=803039438  fetchpriority=\"high\" decoding=\"async\" alt=\" \" src=\"https:\/\/m.media-amazon.com\/images\/S\/aplus-media\/sota\/7a873b82-b2a5-4a4c-a1ad-277904f72d82.__CR107,68,1007,311_PT0_SX970_V1___.png\" \/ style=\"max-width: 100%; height: auto;\"> <\/div>\n<\/div>\n<\/div>\n<\/div>\n<div class=\"celwidget aplus-module basic-module-13-text aplus-standard\">\n<div class=\"a-section a-spacing-none aplus-module aplus-module-13 aplus-module-wrapper apm-fixed-width\">\n<div class=\"a-section a-spacing-none aplus-13-heading\">\n<h3 class=\"a-size-extra-large aplus-13-heading-text a-text-bold\"> NaturGreen <\/h3>\n<\/p>\n<\/div>\n<div class=\"a-section a-spacing-none aplus-module-section aplus-text-section\">\n<p class=\"description\"> En NaturGreen somos gente como t\u00fa. Somos conscientes de que una alimentaci\u00f3n sostenible y verde es la base sobre la que queremos construir nuestras vidas. Productos vegetales y sin gluten. Los mejores <span class=\"a-text-bold\">ingredientes 100% vegetales<\/span> porque queremos cuidar de tu alimentaci\u00f3n d\u00eda a d\u00eda. Nuestros productos son obtenidos <span class=\"a-text-bold\">sin pesticidas, sin transg\u00e9nicos y sin abonos qu\u00edmicos. Lo mejor para ti. <\/span>Tenemos una<span class=\"a-text-bold\"> amplia gama de productos sin lactosa y sin gluten<\/span> para que vosotros tambi\u00e9n disfrut\u00e9is de la alimentaci\u00f3n sana y saludable. <\/p>\n<\/p>\n<\/div>\n<\/div>\n<\/div>\n<div class=\"celwidget aplus-module 3p-module-b aplus-standard\">\n<div class=\"aplus-module-wrapper aplus-3p-fixed-width\"> <img data-opt-id=219247316  fetchpriority=\"high\" decoding=\"async\" alt=\" \" src=\"https:\/\/m.media-amazon.com\/images\/S\/aplus-media\/sota\/3d011f17-055f-4c04-9a25-d4d45a97b22b.__CR0,0,1124,695_PT0_SX970_V1___.png\" \/ style=\"max-width: 100%; height: auto;\"> <\/div>\n<\/div>\n<div class=\"celwidget aplus-module 3p-module-b aplus-standard\">\n<div class=\"aplus-module-wrapper aplus-3p-fixed-width\"> <img data-opt-id=2031369556  data-opt-src=\"https:\/\/m.media-amazon.com\/images\/S\/aplus-media\/sota\/83fec27a-e597-4b10-8ed2-5539e5541eb9.__CR0,20,1017,629_PT0_SX970_V1___.png\"  decoding=\"async\" alt=\" \" src=\"data:image/svg+xml,%3Csvg%20viewBox%3D%220%200%20100%%20100%%22%20width%3D%22100%%22%20height%3D%22100%%22%20xmlns%3D%22http%3A%2F%2Fwww.w3.org%2F2000%2Fsvg%22%3E%3Crect%20width%3D%22100%%22%20height%3D%22100%%22%20fill%3D%22transparent%22%2F%3E%3C%2Fsvg%3E\" \/ style=\"max-width: 100%; height: auto;\"> <\/div>\n<\/div>\n<\/div>\n<\/div>\n<\/div>\n<\/div>\n<h3>Descripci\u00f3n del producto<\/h3>\n<p>Ingredientes<\/p>\n<p> Ingredientes: Agua, haba de SOJA descascarillada (7,2%), jarabe de agave (3,5%), alga marina calc\u00e1rea (Lithothamnium calcareum), citrato tric\u00e1lcico, sal marina aroma natural de vainilla. direcci\u00f3n<\/p>\n<p> Es apto para todas los grupos poblacionales, a excepci\u00f3n de aquellos con alergia o intolerancias que vienen registradas en la tabla de al\u00e9rgenos. No existen pasos requeridos para su consumo Advertencia de seguridad<\/p>\n<p> No necesita refigeraci\u00f3n Ver m\u00e1s<\/p>\n<h3>Detalles del producto<\/h3>\n<ul>\n<li>Dimensiones del producto : 50 x 50 x 28 cm; 2 kg<\/li>\n<li>Producto en Amazon.es desde : 3 diciembre 2023<\/li>\n<li>Fabricante : NaturGreen<\/li>\n<li>ASIN : B0CPF97P5M<\/li>\n<li>N\u00famero de modelo del producto : 932626<\/li>\n<li>Opiniones de los clientes: 5,0 5,0 de 5 estrellas 3 valoraciones<\/li>\n<\/ul>\n<h3>Recursos de seguridad y productos<\/h3>\n<p>Recursos de seguridad y productosInformaci\u00f3n normativa El n\u00famero de c\u00f3digo del organismo de control ecol\u00f3gico: LU-BIO-04.Im\u00e1genes y contactosIm\u00e1genes y contactos de seguridad Recursos de seguridad y productosProblema al cargar la informaci\u00f3nLo sentimos, no hemos podido mostrar la informaci\u00f3n debido a un problema. Vuelve a cargar la p\u00e1gina o int\u00e9ntalo de nuevo m\u00e1s tarde.Im\u00e1genes y contactos Im\u00e1genes de seguridad del producto Informaci\u00f3n del fabricante Persona responsable Problema al cargar la informaci\u00f3nLo sentimos, no hemos podido mostrar la informaci\u00f3n de la persona responsable debido a un problema. Vuelve a cargar la p\u00e1gina o int\u00e9ntalo de nuevo m\u00e1s tarde.Problema al cargar la informaci\u00f3nLo sentimos, no hemos podido mostrar la informaci\u00f3n del fabricante debido a un problema. Vuelve a cargar la p\u00e1gina o int\u00e9ntalo de nuevo m\u00e1s tarde.Problema al cargar la informaci\u00f3nLo sentimos, no hemos podido mostrar las im\u00e1genes de seguridad del producto debido a un problema. Vuelve a cargar la p\u00e1gina o int\u00e9ntalo de nuevo m\u00e1s tarde.<\/p>\n<table id=\"productDetails_techSpec_section_1\" class=\"a-keyvalue prodDetTable\">\n<tr>\n<th class=\"a-color-secondary a-size-base prodDetSectionEntry\"> Fabricante <\/th>\n<td class=\"a-size-base prodDetAttrValue\"> &lrm;NaturGreen <\/td>\n<\/tr>\n<tr>\n<th class=\"a-color-secondary a-size-base prodDetSectionEntry\"> N\u00famero de modelo del producto <\/th>\n<td class=\"a-size-base prodDetAttrValue\"> &lrm;932626 <\/td>\n<\/tr>\n<tr>\n<th class=\"a-color-secondary a-size-base prodDetSectionEntry\"> Dimensiones del producto <\/th>\n<td class=\"a-size-base prodDetAttrValue\"> &lrm;50 x 50 x 28 cm; 2 kg <\/td>\n<\/tr>\n<tr>\n<th class=\"a-color-secondary a-size-base prodDetSectionEntry\"> ASIN <\/th>\n<td class=\"a-size-base prodDetAttrValue\"> &lrm;B0CPF97P5M <\/td>\n<\/tr>\n<\/table><\/div>\n","protected":false},"excerpt":{"rendered":"<ul>\n<li> La siguiente informaci\u00f3n se aplica a cada unidad del paquete  <\/li>\n<li> Productos ideales para ti y tu vida diaria  <\/li>\n<li> Dise\u00f1o funcional  <\/li>\n<li> Alta calidad  <\/li>\n<li> De la marca NaturGreen  <\/li>\n<li> Instrucciones para su uso adecuado: Es apto para todas los grupos poblacionales, a excepci\u00f3n de aquellos con alergia o intolerancias que vienen registradas en la tabla de al\u00e9rgenos; no existen pasos requeridos para su consumo  <\/li>\n<li> Ingredientes: Agua, haba de SOJA descascarillada (7,2%), jarabe de agave (3,5%), alga marina calc\u00e1rea (Lithothamnium calcareum), citrato tric\u00e1lcico, sal marina aroma natural de vainilla.  <\/li>\n<li> Advertencia de seguridad: No necesita refrigeraci\u00f3n  <\/li>\n<\/ul>\n","protected":false},"featured_media":5901,"comment_status":"open","ping_status":"closed","template":"","meta":[],"product_cat":[151],"product_tag":[],"class_list":{"0":"post-5901","1":"product","2":"type-product","3":"status-publish","4":"has-post-thumbnail","6":"product_brand-marca-naturgreen","7":"product_cat-leche-soja","9":"first","10":"instock","11":"shipping-taxable","12":"purchasable","13":"product-type-simple"},"_links":{"self":[{"href":"https:\/\/ecotienda.com\/index.php?rest_route=\/wp\/v2\/product\/5901","targetHints":{"allow":["GET"]}}],"collection":[{"href":"https:\/\/ecotienda.com\/index.php?rest_route=\/wp\/v2\/product"}],"about":[{"href":"https:\/\/ecotienda.com\/index.php?rest_route=\/wp\/v2\/types\/product"}],"replies":[{"embeddable":true,"href":"https:\/\/ecotienda.com\/index.php?rest_route=%2Fwp%2Fv2%2Fcomments&post=5901"}],"wp:featuredmedia":[{"embeddable":true,"href":"https:\/\/ecotienda.com\/index.php?rest_route=\/wp\/v2\/product\/5901"}],"wp:attachment":[{"href":"https:\/\/ecotienda.com\/index.php?rest_route=%2Fwp%2Fv2%2Fmedia&parent=5901"}],"wp:term":[{"taxonomy":"product_cat","embeddable":true,"href":"https:\/\/ecotienda.com\/index.php?rest_route=%2Fwp%2Fv2%2Fproduct_cat&post=5901"},{"taxonomy":"product_tag","embeddable":true,"href":"https:\/\/ecotienda.com\/index.php?rest_route=%2Fwp%2Fv2%2Fproduct_tag&post=5901"}],"curies":[{"name":"wp","href":"https:\/\/api.w.org\/{rel}","templated":true}]}}