{"id":5903,"date":"2025-11-23T12:21:39","date_gmt":"2025-11-23T11:21:39","guid":{"rendered":"https:\/\/ecotienda.com\/?product=pack-6ud-bebida-soja-bio-monsoy-1l"},"modified":"2025-11-23T12:21:41","modified_gmt":"2025-11-23T11:21:41","slug":"pack-6ud-bebida-soja-bio-monsoy-1l","status":"publish","type":"product","link":"https:\/\/ecotienda.com\/?product=pack-6ud-bebida-soja-bio-monsoy-1l","title":{"rendered":"Pack 6ud Bebida Soja BIO Monsoy, 1L"},"content":{"rendered":"<div class=\"woocommerce-product-details\">\n<h3>Descripci\u00f3n del producto<\/h3>\n<p>Bebida de Soja, fuente natural de Isoflavonas. con todo el calcio gracias al alga Lithothamnium Calcareum y un alto valor proteico. Ideal para vegetarianos por su alto valor proteico. Ingredientes: Agua del Montseny, soja de producci\u00f3n agraria ecol\u00f3gica (13,5%), sal marina. Alimento rico en prote\u00ednas: 3,6g\/100ml Sin az\u00facares a\u00f1adidos Gran aporte proteico, ideal para vegetarianos. Posee el certificado de alimento Sin Gluten. Producto certificado de alimentaci\u00f3n ecol\u00f3gica. Ingredientes: Agua, soja descascarillada, sal marina. De cultivo ecol\u00f3gico. Por 100ml Unidades Valor energ\u00e9tico 39 Kcal Grasas 2g De las cuales: Saturadas 0.3g Insaturados 0.5g Poliinsaturados 1.2g Carbohidratos 1.6g De las cuales: Az\u00facares 0.8g Fibra alimentaria 0.3g Proteina 3.6g Contenido: 1 litro.<\/p>\n<h3>Recursos de seguridad y productos<\/h3>\n<p>Recursos de seguridad y productosIm\u00e1genes y contactosIm\u00e1genes y contactos de seguridad Recursos de seguridad y productosProblema al cargar la informaci\u00f3nLo sentimos, no hemos podido mostrar la informaci\u00f3n debido a un problema. Vuelve a cargar la p\u00e1gina o int\u00e9ntalo de nuevo m\u00e1s tarde.Im\u00e1genes y contactos Im\u00e1genes de seguridad del producto Informaci\u00f3n del fabricante Persona responsable Problema al cargar la informaci\u00f3nLo sentimos, no hemos podido mostrar la informaci\u00f3n de la persona responsable debido a un problema. Vuelve a cargar la p\u00e1gina o int\u00e9ntalo de nuevo m\u00e1s tarde.Problema al cargar la informaci\u00f3nLo sentimos, no hemos podido mostrar la informaci\u00f3n del fabricante debido a un problema. Vuelve a cargar la p\u00e1gina o int\u00e9ntalo de nuevo m\u00e1s tarde.Problema al cargar la informaci\u00f3nLo sentimos, no hemos podido mostrar las im\u00e1genes de seguridad del producto debido a un problema. Vuelve a cargar la p\u00e1gina o int\u00e9ntalo de nuevo m\u00e1s tarde.<\/p>\n<table id=\"productDetails_techSpec_section_1\" class=\"a-keyvalue prodDetTable\">\n<tr>\n<th class=\"a-color-secondary a-size-base prodDetSectionEntry\"> Aditivos <\/th>\n<td class=\"a-size-base prodDetAttrValue\"> &lrm;Soja <\/td>\n<\/tr>\n<tr>\n<th class=\"a-color-secondary a-size-base prodDetSectionEntry\"> Instrucciones de almacenaje <\/th>\n<td class=\"a-size-base prodDetAttrValue\"> &lrm;Almacenar en el refrigerador despu\u00e9s de la apertura. Consumir dentro de X d\u00edas. <\/td>\n<\/tr>\n<tr>\n<th class=\"a-color-secondary a-size-base prodDetSectionEntry\"> Marca <\/th>\n<td class=\"a-size-base prodDetAttrValue\"> &lrm;Monsoy <\/td>\n<\/tr>\n<tr>\n<th class=\"a-color-secondary a-size-base prodDetSectionEntry\"> Forma del Art\u00edculo <\/th>\n<td class=\"a-size-base prodDetAttrValue\"> &lrm;L\u00edquido <\/td>\n<\/tr>\n<tr>\n<th class=\"a-color-secondary a-size-base prodDetSectionEntry\"> Descripci\u00f3n del rango de edad <\/th>\n<td class=\"a-size-base prodDetAttrValue\"> &lrm;Todas las edades <\/td>\n<\/tr>\n<tr>\n<th class=\"a-color-secondary a-size-base prodDetSectionEntry\"> Pa\u00eds de origen <\/th>\n<td class=\"a-size-base prodDetAttrValue\"> &lrm;Espa\u00f1a <\/td>\n<\/tr>\n<\/table><\/div>\n","protected":false},"excerpt":{"rendered":"<p>Descripci\u00f3n del producto Bebida de Soja, fuente natural de Isoflavonas. con todo el calcio gracias al alga Lithothamnium Calcareum y un alto valor proteico. Ideal para vegetarianos por su alto valor proteico. Ingredientes: Agua del Montseny, soja de producci\u00f3n agraria ecol\u00f3gica (13,5%), sal marina. Alimento rico en prote\u00ednas: 3,6g\/100ml Sin az\u00facares a\u00f1adidos Gran aporte proteico, &hellip; <a href=\"https:\/\/ecotienda.com\/?product=pack-6ud-bebida-soja-bio-monsoy-1l\" class=\"more-link\">Continue reading <span class=\"screen-reader-text\">Pack 6ud Bebida Soja BIO Monsoy, 1L<\/span><\/a><\/p>\n","protected":false},"featured_media":5903,"comment_status":"open","ping_status":"closed","template":"","meta":[],"product_cat":[151],"product_tag":[],"class_list":{"0":"post-5903","1":"product","2":"type-product","3":"status-publish","4":"has-post-thumbnail","6":"product_brand-marca-monsoy","7":"product_cat-leche-soja","9":"first","10":"instock","11":"shipping-taxable","12":"purchasable","13":"product-type-simple"},"_links":{"self":[{"href":"https:\/\/ecotienda.com\/index.php?rest_route=\/wp\/v2\/product\/5903","targetHints":{"allow":["GET"]}}],"collection":[{"href":"https:\/\/ecotienda.com\/index.php?rest_route=\/wp\/v2\/product"}],"about":[{"href":"https:\/\/ecotienda.com\/index.php?rest_route=\/wp\/v2\/types\/product"}],"replies":[{"embeddable":true,"href":"https:\/\/ecotienda.com\/index.php?rest_route=%2Fwp%2Fv2%2Fcomments&post=5903"}],"wp:featuredmedia":[{"embeddable":true,"href":"https:\/\/ecotienda.com\/index.php?rest_route=\/wp\/v2\/product\/5903"}],"wp:attachment":[{"href":"https:\/\/ecotienda.com\/index.php?rest_route=%2Fwp%2Fv2%2Fmedia&parent=5903"}],"wp:term":[{"taxonomy":"product_cat","embeddable":true,"href":"https:\/\/ecotienda.com\/index.php?rest_route=%2Fwp%2Fv2%2Fproduct_cat&post=5903"},{"taxonomy":"product_tag","embeddable":true,"href":"https:\/\/ecotienda.com\/index.php?rest_route=%2Fwp%2Fv2%2Fproduct_tag&post=5903"}],"curies":[{"name":"wp","href":"https:\/\/api.w.org\/{rel}","templated":true}]}}