{"id":5921,"date":"2025-11-23T12:23:02","date_gmt":"2025-11-23T11:23:02","guid":{"rendered":"https:\/\/ecotienda.com\/?product=puleva-leche-fresca-entera-1-5-l"},"modified":"2025-11-23T12:23:04","modified_gmt":"2025-11-23T11:23:04","slug":"puleva-leche-fresca-entera-1-5-l","status":"publish","type":"product","link":"https:\/\/ecotienda.com\/?product=puleva-leche-fresca-entera-1-5-l","title":{"rendered":"Puleva Leche Fresca Entera &#8211; 1.5 L"},"content":{"rendered":"<div class=\"woocommerce-product-details\">\n<div id=\"aplus_feature_div\" class=\"celwidget\" data-feature-name=\"aplus\" data-csa-c-type=\"widget\" data-csa-c-content-id=\"aplus\" data-csa-c-slot-id=\"aplus_feature_div\" data-csa-c-asin=\"\" data-csa-c-is-in-initial-active-row=\"false\">\n<div id=\"aplus\" class=\"a-section a-spacing-large bucket\">\n<h3 class=\"\">M\u00e1s informaci\u00f3n del producto<\/h3>\n<div lang=\"es_ES\">\n<div class=\"aplus-v2 desktop celwidget\">\n<div class=\"celwidget aplus-module 3p-module-b aplus-standard\">\n<div class=\"aplus-module-wrapper aplus-3p-fixed-width\"> <img data-opt-id=98527825  fetchpriority=\"high\" decoding=\"async\" alt=\"Tres botellas de pl\u00e1stico blancas de productos de la marca Prima dispuestas sobre la encimera de la cocina con fondo blanco y utensilios de madera. Las botellas tienen tapas rojas, verdes y azules.\" src=\"https:\/\/m.media-amazon.com\/images\/S\/aplus-media-library-service-media\/01c6aa06-1807-4858-8b96-3318e21a0db0.__CR0,0,970,600_PT0_SX970_V1___.png\" \/ style=\"max-width: 100%; height: auto;\"> <\/div>\n<\/div>\n<div class=\"celwidget aplus-module module-2 aplus-standard\">\n<div class=\"aplus-module-wrapper apm-floatnone apm-fixed-width\">\n<div class=\"apm-sidemodule apm-spacing\">\n<div class=\"apm-sidemodule-imageleft\"> <img data-opt-id=3864791  fetchpriority=\"high\" decoding=\"async\" alt=\"Puleva leche fresca\" src=\"https:\/\/m.media-amazon.com\/images\/S\/aplus-media-library-service-media\/762998d5-852d-4dd7-9b6a-0e6a219b4524.__CR0,0,485,485_PT0_SX300_V1___.jpg\" \/ style=\"max-width: 100%; height: auto;\"> <\/div>\n<div class=\"apm-sidemodule-textright\">\n<h3 class=\"a-spacing-mini\"> \u00bfPor qu\u00e9 debes tomar leche Puleva Fresca? <\/h3>\n<p> Los alimentos frescos conservan mejor el aut\u00e9ntico sabor y sus propiedades nutritivas y Puleva Fresca, gracias a un delicado proceso, preserva el sabor original de la leche y te har\u00e1 disfrutar con cada vaso. <\/p>\n<\/p>\n<\/div>\n<\/div>\n<\/div>\n<\/div>\n<div class=\"celwidget aplus-module module-5 aplus-standard\">\n<div class=\"aplus-module-wrapper apm-fixed-width\">\n<div class=\"apm-spacing aplus-module-content\">\n<div class=\"apm-tablemodule\">\n<table class=\"apm-tablemodule-table\" cellspacing=\"0\" cellpadding=\"0\">\n<tbody>\n<tr class=\"apm-tablemodule-imagerows\">\n<td class=\"apm-tablemodule-blankkeyhead\" \/>\n<th> <a href='\/dp\/B01ITXMB06?ref=emc_s_m_5_i_atc'> <\/p>\n<div class=\"apm-tablemodule-image\"> <img data-opt-id=329478576  data-opt-src=\"https:\/\/m.media-amazon.com\/images\/S\/aplus-media-library-service-media\/52687723-039e-4872-bce6-46663bc00f5a.__AC_SR150,300___.png\"  decoding=\"async\" alt=\"\" src=\"data:image/svg+xml,%3Csvg%20viewBox%3D%220%200%20100%%20100%%22%20width%3D%22100%%22%20height%3D%22100%%22%20xmlns%3D%22http%3A%2F%2Fwww.w3.org%2F2000%2Fsvg%22%3E%3Crect%20width%3D%22100%%22%20height%3D%22100%%22%20fill%3D%22transparent%22%2F%3E%3C%2Fsvg%3E\" width=\"150px\" \/ style=\"max-width: 100%; height: auto;\"> <\/div>\n<div> Leche Puleva Fresca Entera pasteurizada botella 1,5L <\/div>\n<p> <\/a> <\/th>\n<th> <a href='\/dp\/B08RG1DBM8?ref=emc_s_m_5_i_atc'> <\/p>\n<div class=\"apm-tablemodule-image\"> <img data-opt-id=332124696  data-opt-src=\"https:\/\/m.media-amazon.com\/images\/S\/aplus-media-library-service-media\/539fb6a0-9418-42c0-8c69-b6c49433f020.__AC_SR150,300___.png\"  decoding=\"async\" alt=\"\" src=\"data:image/svg+xml,%3Csvg%20viewBox%3D%220%200%20100%%20100%%22%20width%3D%22100%%22%20height%3D%22100%%22%20xmlns%3D%22http%3A%2F%2Fwww.w3.org%2F2000%2Fsvg%22%3E%3Crect%20width%3D%22100%%22%20height%3D%22100%%22%20fill%3D%22transparent%22%2F%3E%3C%2Fsvg%3E\" width=\"150px\" \/ style=\"max-width: 100%; height: auto;\"> <\/div>\n<div> Leche Puleva Fresca Semidesnatada pasteurizada botella 1L <\/div>\n<p> <\/a> <\/th>\n<th> <a href='\/dp\/B08RGPNGPY?ref=emc_s_m_5_i_atc'> <\/p>\n<div class=\"apm-tablemodule-image\"> <img data-opt-id=1165099177  data-opt-src=\"https:\/\/m.media-amazon.com\/images\/S\/aplus-media-library-service-media\/486caf33-2156-4f98-b682-971cbc7cfee9.__CR0,0,150,300_PT0_SX150_V1___.png\"  decoding=\"async\" alt=\"\" src=\"data:image/svg+xml,%3Csvg%20viewBox%3D%220%200%20100%%20100%%22%20width%3D%22100%%22%20height%3D%22100%%22%20xmlns%3D%22http%3A%2F%2Fwww.w3.org%2F2000%2Fsvg%22%3E%3Crect%20width%3D%22100%%22%20height%3D%22100%%22%20fill%3D%22transparent%22%2F%3E%3C%2Fsvg%3E\" width=\"150px\" \/ style=\"max-width: 100%; height: auto;\"> <\/div>\n<div> Puleva Leche Fresca Destanada <\/div>\n<p> <\/a> <\/th>\n<th> <a href='\/dp\/B01HTBCGFE?ref=emc_s_m_5_i_atc'> <\/p>\n<div class=\"apm-tablemodule-image\"> <img data-opt-id=573623013  data-opt-src=\"https:\/\/m.media-amazon.com\/images\/S\/aplus-media-library-service-media\/26952fe2-5946-419b-bed3-9386c9bfff1c.__AC_SR150,300___.png\"  decoding=\"async\" alt=\"\" src=\"data:image/svg+xml,%3Csvg%20viewBox%3D%220%200%20100%%20100%%22%20width%3D%22100%%22%20height%3D%22100%%22%20xmlns%3D%22http%3A%2F%2Fwww.w3.org%2F2000%2Fsvg%22%3E%3Crect%20width%3D%22100%%22%20height%3D%22100%%22%20fill%3D%22transparent%22%2F%3E%3C%2Fsvg%3E\" width=\"150px\" \/ style=\"max-width: 100%; height: auto;\"> <\/div>\n<div> Leche de Cabra Semidesnatada Puleva botella 1L &#8211; Pack 6 unidades <\/div>\n<p> <\/a> <\/th>\n<\/tr>\n<tr class=\"apm-tablemodule-atc\">\n<td class=\"apm-tablemodule-blankkeyhead\" \/>\n<td>\n<div class=\"add-to-cart\"> <span class=\"a-button a-button-base\"><span class=\"a-button-inner\"><a href=\"\/dp\/B01ITXMB06?ref=emc_s_m_5_i_atc\" class=\"a-button-text\"> Opciones de compra <\/a><\/span><\/span> <\/div>\n<\/td>\n<td>\n<div class=\"add-to-cart\"> <span class=\"a-button a-button-base\"><span class=\"a-button-inner\"><a href=\"\/dp\/B08RG1DBM8?ref=emc_s_m_5_i_atc\" class=\"a-button-text\"> Opciones de compra <\/a><\/span><\/span> <\/div>\n<\/td>\n<td>\n<div class=\"add-to-cart\"> <span class=\"a-button a-button-base\"><span class=\"a-button-inner\"><a href=\"\/dp\/B08RGPNGPY?ref=emc_s_m_5_i_atc\" class=\"a-button-text\"> Opciones de compra <\/a><\/span><\/span> <\/div>\n<\/td>\n<td>\n<div class=\"add-to-cart\"> <span class=\"a-button a-button-base\"><span class=\"a-button-inner\"><a href=\"\/dp\/B01HTBCGFE?ref=emc_s_m_5_i_atc\" class=\"a-button-text\"> Opciones de compra <\/a><\/span><\/span> <\/div>\n<\/td>\n<\/tr>\n<tr class=\"apm-tablemodule-keyvalue\">\n<th class=\"apm-tablemodule-keyhead\"> <span class=\"a-color-secondary\"> Opiniones de clientes <\/span> <\/th>\n<td class=\"apm-tablemodule-valuecell apm-checked\" style=\"width:191px\">\n<div class=\"\">\n<div class=\"a-size-base\"> <i class=\"a-icon a-icon-star-small a-star-small-4-5 a-spacing-none\"><span class=\"a-icon-alt\">4,6 de 5 estrellas<\/span><\/i> <span class=\"a-size-mini a-color-base\">155<\/span> <\/div>\n<\/div>\n<\/td>\n<td class=\"apm-tablemodule-valuecell apm-checked\" style=\"width:191px\">\n<div class=\"\">\n<div class=\"a-size-base\"> <i class=\"a-icon a-icon-star-small a-star-small-4-5 a-spacing-none\"><span class=\"a-icon-alt\">4,6 de 5 estrellas<\/span><\/i> <span class=\"a-size-mini a-color-base\">167<\/span> <\/div>\n<\/div>\n<\/td>\n<td class=\"apm-tablemodule-valuecell apm-checked\" style=\"width:191px\">\n<div class=\"\">\n<div class=\"a-size-base\"> <i class=\"a-icon a-icon-star-small a-star-small-4-5 a-spacing-none\"><span class=\"a-icon-alt\">4,6 de 5 estrellas<\/span><\/i> <span class=\"a-size-mini a-color-base\">61<\/span> <\/div>\n<\/div>\n<\/td>\n<td class=\"apm-tablemodule-valuecell apm-checked\" style=\"width:191px\">\n<div class=\"\">\n<div class=\"a-size-base\"> <i class=\"a-icon a-icon-star-small a-star-small-4 a-spacing-none\"><span class=\"a-icon-alt\">4,2 de 5 estrellas<\/span><\/i> <span class=\"a-size-mini a-color-base\">56<\/span> <\/div>\n<\/div>\n<\/td>\n<\/tr>\n<tr class=\"apm-tablemodule-keyvalue\">\n<th class=\"apm-tablemodule-keyhead\"> <span class=\"a-color-secondary\"> Precio <\/span> <\/th>\n<td class=\"apm-tablemodule-valuecell apm-checked\" style=\"width:191px\"> <span class=\"a-price\" data-a-size=\"medium_plus\" data-a-color=\"base\"><span class=\"a-offscreen\">2,03\u00a0\u20ac<\/span><span aria-hidden=\"true\"><span class=\"a-price-symbol\">\u20ac<\/span><span class=\"a-price-whole\">2<span class=\"a-price-decimal\">,<\/span><\/span><span class=\"a-price-fraction\">03<\/span><\/span><\/span> <\/td>\n<td class=\"apm-tablemodule-valuecell apm-checked\" style=\"width:191px\"> <span class=\"a-price\" data-a-size=\"medium_plus\" data-a-color=\"base\"><span class=\"a-offscreen\">1,89\u00a0\u20ac<\/span><span aria-hidden=\"true\"><span class=\"a-price-symbol\">\u20ac<\/span><span class=\"a-price-whole\">1<span class=\"a-price-decimal\">,<\/span><\/span><span class=\"a-price-fraction\">89<\/span><\/span><\/span> <\/td>\n<td class=\"apm-tablemodule-valuecell apm-checked\" style=\"width:191px\"> <span class=\"a-price\" data-a-size=\"medium_plus\" data-a-color=\"base\"><span class=\"a-offscreen\">1,79\u00a0\u20ac<\/span><span aria-hidden=\"true\"><span class=\"a-price-symbol\">\u20ac<\/span><span class=\"a-price-whole\">1<span class=\"a-price-decimal\">,<\/span><\/span><span class=\"a-price-fraction\">79<\/span><\/span><\/span> <\/td>\n<td class=\"apm-tablemodule-valuecell apm-checked\" style=\"width:191px\"> <span class=\"a-price\" data-a-size=\"medium_plus\" data-a-color=\"base\"><span class=\"a-offscreen\">13,89\u00a0\u20ac<\/span><span aria-hidden=\"true\"><span class=\"a-price-symbol\">\u20ac<\/span><span class=\"a-price-whole\">13<span class=\"a-price-decimal\">,<\/span><\/span><span class=\"a-price-fraction\">89<\/span><\/span><\/span> <\/td>\n<\/tr>\n<tr class=\"apm-tablemodule-keyvalue\">\n<th class=\"apm-tablemodule-keyhead\"> <span class=\"a-color-secondary\"> Leche pasteurizada <\/span> <\/th>\n<td class=\"apm-tablemodule-valuecell apm-checked\" style=\"width:191px\"> <span class=\"a-size-base\"> &#10003; <\/span> <\/td>\n<td class=\"apm-tablemodule-valuecell apm-checked\" style=\"width:191px\"> <span class=\"a-size-base\"> &#10003; <\/span> <\/td>\n<td class=\"apm-tablemodule-valuecell apm-checked\" style=\"width:191px\"> <span class=\"a-size-base\"> &#10003; <\/span> <\/td>\n<td class=\"apm-tablemodule-valuecell\" style=\"width:191px\"> <span class=\"a-size-base\"> <span class=\"apm-visually-hidden\">no data<\/span> <\/span> <\/td>\n<\/tr>\n<tr class=\"apm-tablemodule-keyvalue\">\n<th class=\"apm-tablemodule-keyhead\"> <span class=\"a-color-secondary\"> Botella 1,5L <\/span> <\/th>\n<td class=\"apm-tablemodule-valuecell apm-checked\" style=\"width:191px\"> <span class=\"a-size-base\"> &#10003; <\/span> <\/td>\n<td class=\"apm-tablemodule-valuecell\" style=\"width:191px\"> <span class=\"a-size-base\"> <span class=\"apm-visually-hidden\">no data<\/span> <\/span> <\/td>\n<td class=\"apm-tablemodule-valuecell\" style=\"width:191px\"> <span class=\"a-size-base\"> <span class=\"apm-visually-hidden\">no data<\/span> <\/span> <\/td>\n<td class=\"apm-tablemodule-valuecell\" style=\"width:191px\"> <span class=\"a-size-base\"> <span class=\"apm-visually-hidden\">no data<\/span> <\/span> <\/td>\n<\/tr>\n<tr class=\"apm-tablemodule-keyvalue\">\n<th class=\"apm-tablemodule-keyhead\"> <span class=\"a-color-secondary\"> Leche cabra semidesnatada <\/span> <\/th>\n<td class=\"apm-tablemodule-valuecell\" style=\"width:191px\"> <span class=\"a-size-base\"> <span class=\"apm-visually-hidden\">no data<\/span> <\/span> <\/td>\n<td class=\"apm-tablemodule-valuecell\" style=\"width:191px\"> <span class=\"a-size-base\"> <span class=\"apm-visually-hidden\">no data<\/span> <\/span> <\/td>\n<td class=\"apm-tablemodule-valuecell\" style=\"width:191px\"> <span class=\"a-size-base\"> <span class=\"apm-visually-hidden\">no data<\/span> <\/span> <\/td>\n<td class=\"apm-tablemodule-valuecell apm-checked\" style=\"width:191px\"> <span class=\"a-size-base\"> &#10003; <\/span> <\/td>\n<\/tr>\n<\/tbody>\n<\/table>\n<\/div>\n<\/div>\n<\/div>\n<\/div>\n<\/div>\n<\/div>\n<\/div>\n<\/div>\n<h3>Descripci\u00f3n del producto<\/h3>\n<p>Descripci\u00f3n del producto<\/p>\n<p> Con Leche Puleva Fresca entera disfruta del sabor original de la leche entera de toda la vida. Se caracteriza por tener un sabor m\u00e1s aut\u00e9ntico, por dejar en el vaso una mancha blanca y por tener que conservarse en fr\u00edo para mantener sus propiedades naturales, las de la leche en su origen. Adem\u00e1s, la leche Puleva Fresca entera, se presenta en un formato (botella de litro y medio) que recuerda a las botellas de cristal que se repart\u00edan a domicilio hace d\u00e9cadas. Ingredientes<\/p>\n<p> LECHE entera pasteurizada direcci\u00f3n<\/p>\n<p> Una vez abierto el envase, debe conservarse en fr\u00edo, siendo aconsejable su consumo en los 2-3 d\u00edas siguientes Advertencia de seguridad<\/p>\n<p> El producto envasado deber\u00e1 permanecer durante las fases de almacenamiento, transporte y distribuci\u00f3n entre 1 y 6\u00baC. Contenido de la caja<\/p>\n<p> 1 Botella de 1,5l de Leche Fresca Entera Ver m\u00e1s<\/p>\n<h3>Recursos de seguridad y productos<\/h3>\n<p>Recursos de seguridad y productosIm\u00e1genes y contactosIm\u00e1genes y contactos de seguridad Recursos de seguridad y productosProblema al cargar la informaci\u00f3nLo sentimos, no hemos podido mostrar la informaci\u00f3n debido a un problema. Vuelve a cargar la p\u00e1gina o int\u00e9ntalo de nuevo m\u00e1s tarde.Im\u00e1genes y contactos Im\u00e1genes de seguridad del producto Informaci\u00f3n del fabricante Persona responsable Problema al cargar la informaci\u00f3nLo sentimos, no hemos podido mostrar la informaci\u00f3n de la persona responsable debido a un problema. Vuelve a cargar la p\u00e1gina o int\u00e9ntalo de nuevo m\u00e1s tarde.Problema al cargar la informaci\u00f3nLo sentimos, no hemos podido mostrar la informaci\u00f3n del fabricante debido a un problema. Vuelve a cargar la p\u00e1gina o int\u00e9ntalo de nuevo m\u00e1s tarde.Problema al cargar la informaci\u00f3nLo sentimos, no hemos podido mostrar las im\u00e1genes de seguridad del producto debido a un problema. Vuelve a cargar la p\u00e1gina o int\u00e9ntalo de nuevo m\u00e1s tarde.<\/p>\n<table id=\"productDetails_techSpec_section_1\" class=\"a-keyvalue prodDetTable\">\n<tr>\n<th class=\"a-color-secondary a-size-base prodDetSectionEntry\"> Dimensiones del producto <\/th>\n<td class=\"a-size-base prodDetAttrValue\"> &lrm;9 x 9 x 28 cm; 1,5 kg <\/td>\n<\/tr>\n<tr>\n<th class=\"a-color-secondary a-size-base prodDetSectionEntry\"> Nombre del producto <\/th>\n<td class=\"a-size-base prodDetAttrValue\"> &lrm;Leche Fresca Entera <\/td>\n<\/tr>\n<tr>\n<th class=\"a-color-secondary a-size-base prodDetSectionEntry\"> Aditivos <\/th>\n<td class=\"a-size-base prodDetAttrValue\"> &lrm;leche de Pastoreo <\/td>\n<\/tr>\n<tr>\n<th class=\"a-color-secondary a-size-base prodDetSectionEntry\"> Informaci\u00f3n sobre al\u00e9rgenos <\/th>\n<td class=\"a-size-base prodDetAttrValue\"> &lrm;Contiene: Leche <\/td>\n<\/tr>\n<tr>\n<th class=\"a-color-secondary a-size-base prodDetSectionEntry\"> Volumen <\/th>\n<td class=\"a-size-base prodDetAttrValue\"> &lrm;1,5 Litros <\/td>\n<\/tr>\n<tr>\n<th class=\"a-color-secondary a-size-base prodDetSectionEntry\"> Unidades <\/th>\n<td class=\"a-size-base prodDetAttrValue\"> &lrm;1500.0 mililitro <\/td>\n<\/tr>\n<tr>\n<th class=\"a-color-secondary a-size-base prodDetSectionEntry\"> Instrucciones de almacenaje <\/th>\n<td class=\"a-size-base prodDetAttrValue\"> &lrm;El producto envasado deber\u00e1 permanecer durante las fases de almacenamiento, transporte y distribuci\u00f3n entre 1 y 6\u00baC. <\/td>\n<\/tr>\n<tr>\n<th class=\"a-color-secondary a-size-base prodDetSectionEntry\"> C\u00f3mo servir el producto <\/th>\n<td class=\"a-size-base prodDetAttrValue\"> &lrm;Adecuado para todas las edades <\/td>\n<\/tr>\n<tr>\n<th class=\"a-color-secondary a-size-base prodDetSectionEntry\"> Contacto del fabricante <\/th>\n<td class=\"a-size-base prodDetAttrValue\"> &lrm;Camino de Purchil, 66 &#8211; 18004 Granada &#8211; Camino de Purchil, 66 &#8211; 18004 Granada <\/td>\n<\/tr>\n<tr>\n<th class=\"a-color-secondary a-size-base prodDetSectionEntry\"> Marca <\/th>\n<td class=\"a-size-base prodDetAttrValue\"> &lrm;Puleva <\/td>\n<\/tr>\n<tr>\n<th class=\"a-color-secondary a-size-base prodDetSectionEntry\"> Forma del Art\u00edculo <\/th>\n<td class=\"a-size-base prodDetAttrValue\"> &lrm;L\u00edquido <\/td>\n<\/tr>\n<tr>\n<th class=\"a-color-secondary a-size-base prodDetSectionEntry\"> Funciones especiales <\/th>\n<td class=\"a-size-base prodDetAttrValue\"> &lrm;pastoreo <\/td>\n<\/tr>\n<tr>\n<th class=\"a-color-secondary a-size-base prodDetSectionEntry\"> Contenido en cafe\u00edna <\/th>\n<td class=\"a-size-base prodDetAttrValue\"> &lrm;Sin cafe\u00edna <\/td>\n<\/tr>\n<tr>\n<th class=\"a-color-secondary a-size-base prodDetSectionEntry\"> Fabricante <\/th>\n<td class=\"a-size-base prodDetAttrValue\"> &lrm;Lactalis Puleva <\/td>\n<\/tr>\n<tr>\n<th class=\"a-color-secondary a-size-base prodDetSectionEntry\"> Peso del producto <\/th>\n<td class=\"a-size-base prodDetAttrValue\"> &lrm;1,5 kg <\/td>\n<\/tr>\n<tr>\n<th class=\"a-color-secondary a-size-base prodDetSectionEntry\"> Pa\u00eds de origen <\/th>\n<td class=\"a-size-base prodDetAttrValue\"> &lrm;Espa\u00f1a <\/td>\n<\/tr>\n<\/table><\/div>\n","protected":false},"excerpt":{"rendered":"<ul>\n<li> Con Puleva fresca entera disfruta el aut\u00e9ntico sabor de la leche  <\/li>\n<li> conserva el sabor original de la leche  <\/li>\n<li> Gracias a un delicado proceso, Puleva Fresca permite preservar sus propiedades naturales m\u00e1s de 15 dias desde su elaboraci\u00f3n  <\/li>\n<li> Se presenta en un formato (botella de litro y medio) que recuerda a las botellas de cristal que se repart\u00edan a domicilio hace d\u00e9cadas  <\/li>\n<li> La leche pasteurizada tiene mayor sensibilidad a la temperatura por ello es necesita estar siempre refrigerada  <\/li>\n<li> No es necesario hervir, est\u00e1 lista para que se disfrute todo su sabor y cualidades  <\/li>\n<\/ul>\n","protected":false},"featured_media":5921,"comment_status":"open","ping_status":"closed","template":"","meta":[],"product_cat":[152],"product_tag":[],"class_list":{"0":"post-5921","1":"product","2":"type-product","3":"status-publish","4":"has-post-thumbnail","6":"product_brand-visita-la-tienda-de-puleva","7":"product_cat-leche-vaca","9":"first","10":"instock","11":"shipping-taxable","12":"purchasable","13":"product-type-simple"},"_links":{"self":[{"href":"https:\/\/ecotienda.com\/index.php?rest_route=\/wp\/v2\/product\/5921","targetHints":{"allow":["GET"]}}],"collection":[{"href":"https:\/\/ecotienda.com\/index.php?rest_route=\/wp\/v2\/product"}],"about":[{"href":"https:\/\/ecotienda.com\/index.php?rest_route=\/wp\/v2\/types\/product"}],"replies":[{"embeddable":true,"href":"https:\/\/ecotienda.com\/index.php?rest_route=%2Fwp%2Fv2%2Fcomments&post=5921"}],"wp:featuredmedia":[{"embeddable":true,"href":"https:\/\/ecotienda.com\/index.php?rest_route=\/wp\/v2\/product\/5921"}],"wp:attachment":[{"href":"https:\/\/ecotienda.com\/index.php?rest_route=%2Fwp%2Fv2%2Fmedia&parent=5921"}],"wp:term":[{"taxonomy":"product_cat","embeddable":true,"href":"https:\/\/ecotienda.com\/index.php?rest_route=%2Fwp%2Fv2%2Fproduct_cat&post=5921"},{"taxonomy":"product_tag","embeddable":true,"href":"https:\/\/ecotienda.com\/index.php?rest_route=%2Fwp%2Fv2%2Fproduct_tag&post=5921"}],"curies":[{"name":"wp","href":"https:\/\/api.w.org\/{rel}","templated":true}]}}