{"id":6006,"date":"2025-11-23T12:28:24","date_gmt":"2025-11-23T11:28:24","guid":{"rendered":"https:\/\/ecotienda.com\/?product=veritas-zumo-de-manzana-1-l-ecologico"},"modified":"2025-11-23T12:28:27","modified_gmt":"2025-11-23T11:28:27","slug":"veritas-zumo-de-manzana-1-l-ecologico","status":"publish","type":"product","link":"https:\/\/ecotienda.com\/?product=veritas-zumo-de-manzana-1-l-ecologico","title":{"rendered":"Veritas Zumo De Manzana 1 L ecol\u00f3gico"},"content":{"rendered":"<div class=\"woocommerce-product-details\">\n<h3>Descripci\u00f3n del producto<\/h3>\n<p>Descripci\u00f3n del producto<\/p>\n<p> El zumo de manzana Veritas es de procedencia ecol\u00f3gica. Est\u00e1 libre de fertilizantes y pesticidas y no contiene az\u00facares a\u00f1adido Ingredientes<\/p>\n<p> Zumo de manzana* a partir de pur\u00e9 y concentrado de manzana*.<\/p>\n<h3>Recursos de seguridad y productos<\/h3>\n<p>Recursos de seguridad y productosInformaci\u00f3n normativa El n\u00famero de c\u00f3digo del organismo de control ecol\u00f3gico: LU-BIO-04.Im\u00e1genes y contactosIm\u00e1genes y contactos de seguridad Recursos de seguridad y productosProblema al cargar la informaci\u00f3nLo sentimos, no hemos podido mostrar la informaci\u00f3n debido a un problema. Vuelve a cargar la p\u00e1gina o int\u00e9ntalo de nuevo m\u00e1s tarde.Im\u00e1genes y contactos Im\u00e1genes de seguridad del producto Informaci\u00f3n del fabricante Persona responsable Problema al cargar la informaci\u00f3nLo sentimos, no hemos podido mostrar la informaci\u00f3n de la persona responsable debido a un problema. Vuelve a cargar la p\u00e1gina o int\u00e9ntalo de nuevo m\u00e1s tarde.Problema al cargar la informaci\u00f3nLo sentimos, no hemos podido mostrar la informaci\u00f3n del fabricante debido a un problema. Vuelve a cargar la p\u00e1gina o int\u00e9ntalo de nuevo m\u00e1s tarde.Problema al cargar la informaci\u00f3nLo sentimos, no hemos podido mostrar las im\u00e1genes de seguridad del producto debido a un problema. Vuelve a cargar la p\u00e1gina o int\u00e9ntalo de nuevo m\u00e1s tarde.<\/p>\n<table id=\"productDetails_techSpec_section_1\" class=\"a-keyvalue prodDetTable\">\n<tr>\n<th class=\"a-color-secondary a-size-base prodDetSectionEntry\"> Dimensiones del paquete <\/th>\n<td class=\"a-size-base prodDetAttrValue\"> &lrm;14 x 8 x 8 cm; 1 kg <\/td>\n<\/tr>\n<tr>\n<th class=\"a-color-secondary a-size-base prodDetSectionEntry\"> Aditivos <\/th>\n<td class=\"a-size-base prodDetAttrValue\"> &lrm;Producto sin sin az\u00facares a\u00f1adidos. El consumo de zumo de manzana ayuda a regular el tr\u00e1nsito intestinal y aporta antioxidantes y vitaminas del grupo B. <\/td>\n<\/tr>\n<tr>\n<th class=\"a-color-secondary a-size-base prodDetSectionEntry\"> Unidades <\/th>\n<td class=\"a-size-base prodDetAttrValue\"> &lrm;1.0 Millilitros <\/td>\n<\/tr>\n<tr>\n<th class=\"a-color-secondary a-size-base prodDetSectionEntry\"> Instrucciones de almacenaje <\/th>\n<td class=\"a-size-base prodDetAttrValue\"> &lrm;Conservar en lugar fresco y seco.Una vez abierto, mantener refrigerado. <\/td>\n<\/tr>\n<tr>\n<th class=\"a-color-secondary a-size-base prodDetSectionEntry\"> Contacto del fabricante <\/th>\n<td class=\"a-size-base prodDetAttrValue\"> &lrm;C Diputaci\u00f3, num. 247 Planta BJ 08007 Barcelona <\/td>\n<\/tr>\n<tr>\n<th class=\"a-color-secondary a-size-base prodDetSectionEntry\"> Marca <\/th>\n<td class=\"a-size-base prodDetAttrValue\"> &lrm;VERITAS <\/td>\n<\/tr>\n<tr>\n<th class=\"a-color-secondary a-size-base prodDetSectionEntry\"> Forma del Art\u00edculo <\/th>\n<td class=\"a-size-base prodDetAttrValue\"> &lrm;L\u00edquido <\/td>\n<\/tr>\n<tr>\n<th class=\"a-color-secondary a-size-base prodDetSectionEntry\"> Descripci\u00f3n del rango de edad <\/th>\n<td class=\"a-size-base prodDetAttrValue\"> &lrm;Adulto <\/td>\n<\/tr>\n<tr>\n<th class=\"a-color-secondary a-size-base prodDetSectionEntry\"> Funciones especiales <\/th>\n<td class=\"a-size-base prodDetAttrValue\"> &lrm;ecol\u00f3gico <\/td>\n<\/tr>\n<tr>\n<th class=\"a-color-secondary a-size-base prodDetSectionEntry\"> Fabricante <\/th>\n<td class=\"a-size-base prodDetAttrValue\"> &lrm;Veritas <\/td>\n<\/tr>\n<tr>\n<th class=\"a-color-secondary a-size-base prodDetSectionEntry\"> Peso del producto <\/th>\n<td class=\"a-size-base prodDetAttrValue\"> &lrm;1 kg <\/td>\n<\/tr>\n<tr>\n<th class=\"a-color-secondary a-size-base prodDetSectionEntry\"> Pa\u00eds de origen <\/th>\n<td class=\"a-size-base prodDetAttrValue\"> &lrm;Espa\u00f1a <\/td>\n<\/tr>\n<\/table><\/div>\n","protected":false},"excerpt":{"rendered":"<ul>\n<li> \ud83e\uddc3 Zumo de manzana Veritas 1 L ECO Ingredientes: Manzanas ecol\u00f3gicas (variedad Golden). Beneficios: Potasio y polifenoles, detox natural. Certificado: \ud83c\udf31 Ecol\u00f3gico | \ud83c\udf3e Sin aditivos. \ud83c\udf73 En la cocina: &#34;Agitar antes de servir.&#34;  <\/li>\n<\/ul>\n","protected":false},"featured_media":6006,"comment_status":"open","ping_status":"closed","template":"","meta":[],"product_cat":[157],"product_tag":[],"class_list":{"0":"post-6006","1":"product","2":"type-product","3":"status-publish","4":"has-post-thumbnail","6":"product_brand-marca-veritas","7":"product_cat-zumos","9":"first","10":"instock","11":"sale","12":"shipping-taxable","13":"purchasable","14":"product-type-simple"},"_links":{"self":[{"href":"https:\/\/ecotienda.com\/index.php?rest_route=\/wp\/v2\/product\/6006","targetHints":{"allow":["GET"]}}],"collection":[{"href":"https:\/\/ecotienda.com\/index.php?rest_route=\/wp\/v2\/product"}],"about":[{"href":"https:\/\/ecotienda.com\/index.php?rest_route=\/wp\/v2\/types\/product"}],"replies":[{"embeddable":true,"href":"https:\/\/ecotienda.com\/index.php?rest_route=%2Fwp%2Fv2%2Fcomments&post=6006"}],"wp:featuredmedia":[{"embeddable":true,"href":"https:\/\/ecotienda.com\/index.php?rest_route=\/wp\/v2\/product\/6006"}],"wp:attachment":[{"href":"https:\/\/ecotienda.com\/index.php?rest_route=%2Fwp%2Fv2%2Fmedia&parent=6006"}],"wp:term":[{"taxonomy":"product_cat","embeddable":true,"href":"https:\/\/ecotienda.com\/index.php?rest_route=%2Fwp%2Fv2%2Fproduct_cat&post=6006"},{"taxonomy":"product_tag","embeddable":true,"href":"https:\/\/ecotienda.com\/index.php?rest_route=%2Fwp%2Fv2%2Fproduct_tag&post=6006"}],"curies":[{"name":"wp","href":"https:\/\/api.w.org\/{rel}","templated":true}]}}