{"id":6057,"date":"2025-11-23T12:32:39","date_gmt":"2025-11-23T11:32:39","guid":{"rendered":"https:\/\/ecotienda.com\/?product=conservas-real-conservera-espanola-zamburinas-al-natural-120-gr"},"modified":"2025-11-23T12:33:10","modified_gmt":"2025-11-23T11:33:10","slug":"conservas-real-conservera-espanola-zamburinas-al-natural-120-gr","status":"publish","type":"product","link":"https:\/\/ecotienda.com\/?product=conservas-real-conservera-espanola-zamburinas-al-natural-120-gr","title":{"rendered":"Conservas Real Conservera Espa\u00f1ola Zamburi\u00f1as al Natural 120 gr"},"content":{"rendered":"<div class=\"woocommerce-product-details\">\n<h3>Descripci\u00f3n del producto<\/h3>\n<p>Descripci\u00f3n del producto<\/p>\n<p> Conserva de marisco Real Conservera Espa\u00f1ola Zamburi\u00f1as al Natural 120 gr. En nuestra b\u00fasqueda por ofrecerte lo mejor del mar fabricamos nuestras exquisitas zamburi\u00f1as de las R\u00edas Gallegas al natural, un producto gourmet de alta calidad que captura la esencia de frescura de las aguas gallegas. Nuestras zamburi\u00f1as provienen principalmente de la r\u00eda de Arousa, una de las zonas con mayor tradici\u00f3n y reconocimiento en la producci\u00f3n de este exquisito molusco. Compramos zamburi\u00f1as en las lonjas de Cambados, donde encontramos ejemplares de la m\u00e1s alta calidad en t\u00e9rminos de tama\u00f1o y sabor, asegur\u00e1ndonos de ofrecerte lo mejor del mar en cada conserva. En Real Conservera Espa\u00f1ola, valoramos la calidad de los ingredientes y el cuidado en cada proceso de elaboraci\u00f3n. La elaboraci\u00f3n de las conservas de zamburi\u00f1as es muy met\u00f3dica: En primer lugar, se depuran de manera natural en el agua de mar. Tras una cuidada selecci\u00f3n y una limpieza manual, se eligen los mejores ejemplares, que son empacados seleccion\u00e1ndolos por tama\u00f1os. Despu\u00e9s, se le a\u00f1ade la cobertura natural. El l\u00edquido de cobertura de las zamburi\u00f1as al natural es un caldo natural que se elabora siguiendo una receta tradicional, con ingredientes naturales y sin aditivos. Tras esto, cada zamburi\u00f1a es empacada a mano en su caldo natural, preservando su frescura y textura jugosa. Estos productos gourmet pueden conservarse durante 4 a\u00f1os en un entorno seco a temperatura ambiente, manteniendo su delicioso sabor y frescura a lo largo del tiempo. Ingredientes<\/p>\n<p> RO150: Zamburi\u00f1a (69,2 %), agua (29,1 %), sal (1,5%), lim\u00f3n (0,1 %), cebolla (0,1 %) y laurel (&lt;0,1%).<\/p>\n<h3>Recursos de seguridad y productos<\/h3>\n<p>Recursos de seguridad y productosIm\u00e1genes y contactosIm\u00e1genes y contactos de seguridad Recursos de seguridad y productosProblema al cargar la informaci\u00f3nLo sentimos, no hemos podido mostrar la informaci\u00f3n debido a un problema. Vuelve a cargar la p\u00e1gina o int\u00e9ntalo de nuevo m\u00e1s tarde.Im\u00e1genes y contactos Im\u00e1genes de seguridad del producto Informaci\u00f3n del fabricante Persona responsable Problema al cargar la informaci\u00f3nLo sentimos, no hemos podido mostrar la informaci\u00f3n de la persona responsable debido a un problema. Vuelve a cargar la p\u00e1gina o int\u00e9ntalo de nuevo m\u00e1s tarde.Problema al cargar la informaci\u00f3nLo sentimos, no hemos podido mostrar la informaci\u00f3n del fabricante debido a un problema. Vuelve a cargar la p\u00e1gina o int\u00e9ntalo de nuevo m\u00e1s tarde.Problema al cargar la informaci\u00f3nLo sentimos, no hemos podido mostrar las im\u00e1genes de seguridad del producto debido a un problema. Vuelve a cargar la p\u00e1gina o int\u00e9ntalo de nuevo m\u00e1s tarde.<\/p>\n<table id=\"productDetails_techSpec_section_1\" class=\"a-keyvalue prodDetTable\">\n<tr>\n<th class=\"a-color-secondary a-size-base prodDetSectionEntry\"> Dimensiones del paquete <\/th>\n<td class=\"a-size-base prodDetAttrValue\"> &lrm;10,5 x 10,5 x 2,4 cm; 150 g <\/td>\n<\/tr>\n<tr>\n<th class=\"a-color-secondary a-size-base prodDetSectionEntry\"> Unidades <\/th>\n<td class=\"a-size-base prodDetAttrValue\"> &lrm;120.0 Gramos <\/td>\n<\/tr>\n<tr>\n<th class=\"a-color-secondary a-size-base prodDetSectionEntry\"> Instrucciones de almacenaje <\/th>\n<td class=\"a-size-base prodDetAttrValue\"> &lrm;Conservar en lugar fresco y seco. Producto esterilizado para condiciones de almacenamiento que no superen los 35\u00baC hasta el momento de ser consumido. Una vez abierto el envase conservar en el frigor\u00edfico, se recomienda su consumo en las siguientes 24 horas Vida \u00fatil: 4 a\u00f1os a partir de la fecha de fabricaci\u00f3n. <\/td>\n<\/tr>\n<tr>\n<th class=\"a-color-secondary a-size-base prodDetSectionEntry\"> Contacto del fabricante <\/th>\n<td class=\"a-size-base prodDetAttrValue\"> &lrm;Real Conservera Espa\u00f1ola. Pol. Industrial Sete Pias, Parcela 30 36635 Cambados (Pontevedra) <\/td>\n<\/tr>\n<tr>\n<th class=\"a-color-secondary a-size-base prodDetSectionEntry\"> Marca <\/th>\n<td class=\"a-size-base prodDetAttrValue\"> &lrm;Real Conservera Espa\u00f1ola <\/td>\n<\/tr>\n<tr>\n<th class=\"a-color-secondary a-size-base prodDetSectionEntry\"> Forma del Art\u00edculo <\/th>\n<td class=\"a-size-base prodDetAttrValue\"> &lrm;Entera <\/td>\n<\/tr>\n<tr>\n<th class=\"a-color-secondary a-size-base prodDetSectionEntry\"> Funciones especiales <\/th>\n<td class=\"a-size-base prodDetAttrValue\"> &lrm;Natural <\/td>\n<\/tr>\n<tr>\n<th class=\"a-color-secondary a-size-base prodDetSectionEntry\"> Fabricante <\/th>\n<td class=\"a-size-base prodDetAttrValue\"> &lrm;Real Conservera Espa\u00f1ola <\/td>\n<\/tr>\n<tr>\n<th class=\"a-color-secondary a-size-base prodDetSectionEntry\"> Peso del producto <\/th>\n<td class=\"a-size-base prodDetAttrValue\"> &lrm;150 g <\/td>\n<\/tr>\n<tr>\n<th class=\"a-color-secondary a-size-base prodDetSectionEntry\"> Pa\u00eds de origen <\/th>\n<td class=\"a-size-base prodDetAttrValue\"> &lrm;Espa\u00f1a <\/td>\n<\/tr>\n<\/table><\/div>\n","protected":false},"excerpt":{"rendered":"<p>Descripci\u00f3n del producto Descripci\u00f3n del producto Conserva de marisco Real Conservera Espa\u00f1ola Zamburi\u00f1as al Natural 120 gr. En nuestra b\u00fasqueda por ofrecerte lo mejor del mar fabricamos nuestras exquisitas zamburi\u00f1as de las R\u00edas Gallegas al natural, un producto gourmet de alta calidad que captura la esencia de frescura de las aguas gallegas. Nuestras zamburi\u00f1as provienen &hellip; <a href=\"https:\/\/ecotienda.com\/?product=conservas-real-conservera-espanola-zamburinas-al-natural-120-gr\" class=\"more-link\">Continue reading <span class=\"screen-reader-text\">Conservas Real Conservera Espa\u00f1ola Zamburi\u00f1as al Natural 120 gr<\/span><\/a><\/p>\n","protected":false},"featured_media":6057,"comment_status":"open","ping_status":"closed","template":"","meta":[],"product_cat":[141],"product_tag":[],"class_list":{"0":"post-6057","1":"product","2":"type-product","3":"status-publish","4":"has-post-thumbnail","6":"product_brand-visita-la-tienda-de-real-conservera-espaola","7":"product_cat-moluscos","9":"first","10":"instock","11":"shipping-taxable","12":"purchasable","13":"product-type-variable"},"_links":{"self":[{"href":"https:\/\/ecotienda.com\/index.php?rest_route=\/wp\/v2\/product\/6057","targetHints":{"allow":["GET"]}}],"collection":[{"href":"https:\/\/ecotienda.com\/index.php?rest_route=\/wp\/v2\/product"}],"about":[{"href":"https:\/\/ecotienda.com\/index.php?rest_route=\/wp\/v2\/types\/product"}],"replies":[{"embeddable":true,"href":"https:\/\/ecotienda.com\/index.php?rest_route=%2Fwp%2Fv2%2Fcomments&post=6057"}],"wp:featuredmedia":[{"embeddable":true,"href":"https:\/\/ecotienda.com\/index.php?rest_route=\/wp\/v2\/product\/6057"}],"wp:attachment":[{"href":"https:\/\/ecotienda.com\/index.php?rest_route=%2Fwp%2Fv2%2Fmedia&parent=6057"}],"wp:term":[{"taxonomy":"product_cat","embeddable":true,"href":"https:\/\/ecotienda.com\/index.php?rest_route=%2Fwp%2Fv2%2Fproduct_cat&post=6057"},{"taxonomy":"product_tag","embeddable":true,"href":"https:\/\/ecotienda.com\/index.php?rest_route=%2Fwp%2Fv2%2Fproduct_tag&post=6057"}],"curies":[{"name":"wp","href":"https:\/\/api.w.org\/{rel}","templated":true}]}}