{"id":6136,"date":"2025-11-23T12:39:12","date_gmt":"2025-11-23T11:39:12","guid":{"rendered":"https:\/\/ecotienda.com\/?product=la-sirena-lenguados-europeos-sin-piel-540g-congelado"},"modified":"2025-12-10T12:00:06","modified_gmt":"2025-12-10T11:00:06","slug":"la-sirena-lenguados-europeos-sin-piel-540g-congelado","status":"publish","type":"product","link":"https:\/\/ecotienda.com\/?product=la-sirena-lenguados-europeos-sin-piel-540g-congelado","title":{"rendered":"La Sirena Lenguados Europeos sin Piel, 540g (Congelado)"},"content":{"rendered":"<div class=\"woocommerce-product-details\">\n<div id=\"aplus_feature_div\" class=\"celwidget\" data-feature-name=\"aplus\" data-csa-c-type=\"widget\" data-csa-c-content-id=\"aplus\" data-csa-c-slot-id=\"aplus_feature_div\" data-csa-c-asin=\"\" data-csa-c-is-in-initial-active-row=\"false\">\n<div id=\"aplus\" class=\"a-section a-spacing-large bucket\">\n<h3 class=\"\">M\u00e1s informaci\u00f3n del producto<\/h3>\n<div lang=\"es_ES\">\n<div class=\"aplus-v2 desktop celwidget\">\n<div class=\"celwidget aplus-module module-12 aplus-standard\">\n<div class=\"aplus-module-wrapper apm-spacing apm-floatnone apm-fixed-width\">\n<div class=\"apm-sidemodule aplus-module-content\">\n<div class=\"apm-hero-image\"> <img data-opt-id=1687406036  fetchpriority=\"high\" decoding=\"async\" alt=\"front 262\" src=\"https:\/\/m.media-amazon.com\/images\/S\/aplus-media\/vc\/5f3e74e8-480d-457e-89b8-4d090e0620f1.__CR0,0,970,300_PT0_SX970_V1___.jpg\" \/ style=\"max-width: 100%; height: auto;\"> <\/div>\n<\/div>\n<\/div>\n<\/div>\n<div class=\"celwidget aplus-module module-8 aplus-standard\">\n<div class=\"aplus-module-wrapper apm-fixed-width\">\n<div class=\"apm-spacing\">\n<div class=\"apm-lefttwothirdswrap apm-floatleft\">\n<div class=\"apm-leftimage\"> <img data-opt-id=698764593  fetchpriority=\"high\" decoding=\"async\" alt=\"lenguado\" src=\"https:\/\/m.media-amazon.com\/images\/S\/aplus-media\/vc\/6a919a65-6100-4da3-bc49-bc945561a307.__CR493,289,1209,1209_PT0_SX300_V1___.jpg\" \/ style=\"max-width: 100%; height: auto;\"> <\/div>\n<div class=\"apm-centerthirdcol\">\n<h3 class=\"a-spacing-mini\"> LENGUADOS EUROPEOS SIN PIEL <\/h3>\n<p class=\"a-spacing-base\"> Desde las aguas holandesas del <span class=\"a-text-bold\">Atl\u00e1ntico Nordeste<\/span> llegan a tu cocina estos deliciosos lenguados. <\/p>\n<p class=\"a-spacing-base\"> Congelados en su <span class=\"a-text-bold\">punto de frescura<\/span> \u00f3ptimo y limpiados a mano ser\u00e1n un aliado ideal en tu cocina. Adem\u00e1s de su gran sabor queremos potenciar la facilidad de cocinado, ya que al estar envasados sin piel, <span class=\"a-text-bold\">ahorrar\u00e1s tiempo y esfuerzo<\/span>. Son ideales para preparar al <span class=\"a-text-bold\">horno<\/span>, a la <span class=\"a-text-bold\">plancha<\/span> o incluso <span class=\"a-text-bold\">rebozados<\/span>: toda forma es buena para disfrutar de la jugosidad de este pescado. <\/p>\n<p class=\"a-spacing-base\"> Los lenguados tienen un alto contenido en prote\u00edna, muy importante como parte de una dieta equilibrada, completa y variada, que debe siempre combinarse con actividad f\u00edsica adaptada a cada individuo. <\/p>\n<\/p>\n<\/div>\n<\/div>\n<div class=\"apm-rightthirdcol\"> <\/div>\n<\/div>\n<\/div>\n<\/div>\n<div class=\"celwidget aplus-module launchpad-company-logo aplus-standard\">\n<div class=\"a-section a-text-center launchpad-module launchpad-module-company-logo\"> <img data-opt-id=393061111  data-opt-src=\"https:\/\/m.media-amazon.com\/images\/S\/aplus-media\/vc\/ac9e1168-6cc2-4fed-b64f-120d822eaf73.__CR0,0,600,180_PT0_SX600_V1___.jpg\"  decoding=\"async\" alt=\"logo sirena\" src=\"data:image/svg+xml,%3Csvg%20viewBox%3D%220%200%20100%%20100%%22%20width%3D%22100%%22%20height%3D%22100%%22%20xmlns%3D%22http%3A%2F%2Fwww.w3.org%2F2000%2Fsvg%22%3E%3Crect%20width%3D%22100%%22%20height%3D%22100%%22%20fill%3D%22transparent%22%2F%3E%3C%2Fsvg%3E\" \/ style=\"max-width: 100%; height: auto;\"> <\/div>\n<\/div>\n<div class=\"celwidget aplus-module module-9 aplus-standard\">\n<div class=\"aplus-module-wrapper apm-fixed-width apm-spacing\">\n<div class=\"apm-flex\">\n<div class=\"apm-flex-item-third-width\">\n<p class=\"apm-text-center\"> <img data-opt-id=654147092  data-opt-src=\"https:\/\/m.media-amazon.com\/images\/S\/aplus-media\/vc\/ac3431b1-8802-4c0a-9826-78a52b695233.__CR241,134,1849,1849_PT0_SX300_V1___.jpg\"  decoding=\"async\" alt=\"receta lenguado setas\" src=\"data:image/svg+xml,%3Csvg%20viewBox%3D%220%200%20100%%20100%%22%20width%3D%22100%%22%20height%3D%22100%%22%20xmlns%3D%22http%3A%2F%2Fwww.w3.org%2F2000%2Fsvg%22%3E%3Crect%20width%3D%22100%%22%20height%3D%22100%%22%20fill%3D%22transparent%22%2F%3E%3C%2Fsvg%3E\" \/ style=\"max-width: 100%; height: auto;\"> <\/p>\n<h4 class=\"a-spacing-mini\"> Lenguado guisado con alcachofas, setas silvestres y pi\u00f1ones. <\/h4>\n<p> Calienta una cazuela a fuego suave. A\u00f1ade dos cucharadas de <span class=\"a-text-bold\">mantequill<\/span>a, dos de <span class=\"a-text-bold\">pi\u00f1ones<\/span> de pino y dos de <span class=\"a-text-bold\">harina de trigo<\/span> o ma\u00edz. Sofr\u00ede y, al cabo de 1 minuto, a\u00f1ade 300 ml de <span class=\"a-text-bold\">caldo blanco<\/span> de pescado. Remueve hasta ligar una crema ligera. Salpimienta 4 <span class=\"a-text-bold\">LENGUADOS EUROPEOS SIN PIEL<\/span> ya descongelados e introd\u00facelos en la cazuela. Deja cocinar a fuego muy suave 3-4 minutos. Reserva. A parte calienta una sart\u00e9n ancha a fuego fuerte y dora 400g de <span class=\"a-text-bold\">ALCACHOFA TROCEADA<\/span> directamente congelada con un chorrito de aceite, sal y pimienta. Al cabo de 2-3 minutos a\u00f1ade 300g de <span class=\"a-text-bold\">MEZCLA DE SETAS SILVESTRE<\/span>S y sigue cocinando a fuego medio-alto 4-5 minutos m\u00e1s. Presenta los<span class=\"a-text-bold\"> LENGUADOS <\/span>en el plato con el salteado de verduras. Salsea. <\/p>\n<\/p>\n<\/div>\n<div class=\"apm-flex-item-third-width\">\n<p class=\"apm-text-center\"> <img data-opt-id=901812704  data-opt-src=\"https:\/\/m.media-amazon.com\/images\/S\/aplus-media\/vc\/c9c85e3b-4216-4e14-8999-9acee8460bfd.__CR314,767,1417,1417_PT0_SX300_V1___.jpg\"  decoding=\"async\" alt=\"receta lenguado patata\" src=\"data:image/svg+xml,%3Csvg%20viewBox%3D%220%200%20100%%20100%%22%20width%3D%22100%%22%20height%3D%22100%%22%20xmlns%3D%22http%3A%2F%2Fwww.w3.org%2F2000%2Fsvg%22%3E%3Crect%20width%3D%22100%%22%20height%3D%22100%%22%20fill%3D%22transparent%22%2F%3E%3C%2Fsvg%3E\" \/ style=\"max-width: 100%; height: auto;\"> <\/p>\n<h4 class=\"a-spacing-mini\"> Lenguado a la lima con pur\u00e9 de patatas y br\u00f3coli <\/h4>\n<p> Coloca 450g de <span class=\"a-text-bold\">PUR\u00c9 DE PATATAS CON ACEITE DE OLIVA <\/span>en un bol apto para microondas y a\u00f1ade 250 ml de leche. Tapa y calienta en el microondas (6-7 min. 850W). Mezcla bien. Mientras tanto cocina 450g de <span class=\"a-text-bold\">BRECOL BIO<\/span> al vapor directamente congelado 5-6 minutos, hasta que quede <span class=\"a-text-italic\">al dente<\/span>. Calienta una cazuela a fuego medio. A\u00f1ade 2 cucharadas de mantequilla y 2 m\u00e1s de aceite de oliva. Salpimienta 540g de L<span class=\"a-text-bold\">ENGUADOS EUROPEO SIN PIEL<\/span> y <span class=\"a-text-bold\">enhar\u00ednalos<\/span>. Coc\u00ednalos a fuego medio 1 minuto por cada lado, hasta que se doren. Presenta el pescado, las verduras y el pur\u00e9 en un plato. A\u00f1ade ralladura de piel de lima, zumo al gusto y un pellizco de cebollino picado. <\/p>\n<\/p>\n<\/div>\n<\/div>\n<\/div>\n<\/div>\n<\/div>\n<\/div>\n<\/div>\n<\/div>\n<h3>Descripci\u00f3n del producto<\/h3>\n<p>Descripci\u00f3n del producto<\/p>\n<p> Lenguados Europeos sin Piel 540 G. Este producto fue creado con atenci\u00f3n al detalle, para que el usuario pueda sentir la calidad \u00f3ptima desde el primer segundo. Un equilibrio \u00f3ptimo entre las necesidades del cliente y un merecido mimo. Ingredientes<\/p>\n<p> LENGUADO europeo<\/p>\n<h3>Recursos de seguridad y productos<\/h3>\n<p>Recursos de seguridad y productosIm\u00e1genes y contactosIm\u00e1genes y contactos de seguridad Recursos de seguridad y productosProblema al cargar la informaci\u00f3nLo sentimos, no hemos podido mostrar la informaci\u00f3n debido a un problema. Vuelve a cargar la p\u00e1gina o int\u00e9ntalo de nuevo m\u00e1s tarde.Im\u00e1genes y contactos Im\u00e1genes de seguridad del producto Informaci\u00f3n del fabricante Persona responsable Problema al cargar la informaci\u00f3nLo sentimos, no hemos podido mostrar la informaci\u00f3n de la persona responsable debido a un problema. Vuelve a cargar la p\u00e1gina o int\u00e9ntalo de nuevo m\u00e1s tarde.Problema al cargar la informaci\u00f3nLo sentimos, no hemos podido mostrar la informaci\u00f3n del fabricante debido a un problema. Vuelve a cargar la p\u00e1gina o int\u00e9ntalo de nuevo m\u00e1s tarde.Problema al cargar la informaci\u00f3nLo sentimos, no hemos podido mostrar las im\u00e1genes de seguridad del producto debido a un problema. Vuelve a cargar la p\u00e1gina o int\u00e9ntalo de nuevo m\u00e1s tarde.<\/p>\n<table id=\"productDetails_techSpec_section_1\" class=\"a-keyvalue prodDetTable\">\n<tr>\n<th class=\"a-color-secondary a-size-base prodDetSectionEntry\"> Dimensiones del producto <\/th>\n<td class=\"a-size-base prodDetAttrValue\"> &lrm;25 x 2,4 x 27,6 cm; 540 g <\/td>\n<\/tr>\n<tr>\n<th class=\"a-color-secondary a-size-base prodDetSectionEntry\"> Informaci\u00f3n sobre al\u00e9rgenos <\/th>\n<td class=\"a-size-base prodDetAttrValue\"> &lrm;Contiene: Puede contener crust\u00e1ceos <\/td>\n<\/tr>\n<tr>\n<th class=\"a-color-secondary a-size-base prodDetSectionEntry\"> Peso <\/th>\n<td class=\"a-size-base prodDetAttrValue\"> &lrm;540 Gramos <\/td>\n<\/tr>\n<tr>\n<th class=\"a-color-secondary a-size-base prodDetSectionEntry\"> Unidades <\/th>\n<td class=\"a-size-base prodDetAttrValue\"> &lrm;540.0 Gramos <\/td>\n<\/tr>\n<tr>\n<th class=\"a-color-secondary a-size-base prodDetSectionEntry\"> Marca <\/th>\n<td class=\"a-size-base prodDetAttrValue\"> &lrm;La Sirena <\/td>\n<\/tr>\n<tr>\n<th class=\"a-color-secondary a-size-base prodDetSectionEntry\"> Fabricante <\/th>\n<td class=\"a-size-base prodDetAttrValue\"> &lrm;La Sirena <\/td>\n<\/tr>\n<tr>\n<th class=\"a-color-secondary a-size-base prodDetSectionEntry\"> Peso del producto <\/th>\n<td class=\"a-size-base prodDetAttrValue\"> &lrm;540 g <\/td>\n<\/tr>\n<\/table><\/div>\n","protected":false},"excerpt":{"rendered":"<ul>\n<li> Sin piel  <\/li>\n<li> Ideal plancha u horno  <\/li>\n<li> Sabor suave y delicado  <\/li>\n<li> Puede contener crust\u00e1ceos  <\/li>\n<\/ul>\n","protected":false},"featured_media":6136,"comment_status":"open","ping_status":"closed","template":"","meta":[],"product_cat":[138],"product_tag":[],"class_list":{"0":"post-6136","1":"product","2":"type-product","3":"status-publish","4":"has-post-thumbnail","6":"product_brand-marca-la-sirena","7":"product_cat-pescado-blanco","9":"first","10":"instock","11":"sale","12":"shipping-taxable","13":"purchasable","14":"product-type-simple"},"_links":{"self":[{"href":"https:\/\/ecotienda.com\/index.php?rest_route=\/wp\/v2\/product\/6136","targetHints":{"allow":["GET"]}}],"collection":[{"href":"https:\/\/ecotienda.com\/index.php?rest_route=\/wp\/v2\/product"}],"about":[{"href":"https:\/\/ecotienda.com\/index.php?rest_route=\/wp\/v2\/types\/product"}],"replies":[{"embeddable":true,"href":"https:\/\/ecotienda.com\/index.php?rest_route=%2Fwp%2Fv2%2Fcomments&post=6136"}],"wp:featuredmedia":[{"embeddable":true,"href":"https:\/\/ecotienda.com\/index.php?rest_route=\/wp\/v2\/product\/6136"}],"wp:attachment":[{"href":"https:\/\/ecotienda.com\/index.php?rest_route=%2Fwp%2Fv2%2Fmedia&parent=6136"}],"wp:term":[{"taxonomy":"product_cat","embeddable":true,"href":"https:\/\/ecotienda.com\/index.php?rest_route=%2Fwp%2Fv2%2Fproduct_cat&post=6136"},{"taxonomy":"product_tag","embeddable":true,"href":"https:\/\/ecotienda.com\/index.php?rest_route=%2Fwp%2Fv2%2Fproduct_tag&post=6136"}],"curies":[{"name":"wp","href":"https:\/\/api.w.org\/{rel}","templated":true}]}}