{"id":6141,"date":"2025-11-23T12:39:19","date_gmt":"2025-11-23T11:39:19","guid":{"rendered":"https:\/\/ecotienda.com\/?product=doradas-lomos-con-piel-fresco-190g"},"modified":"2025-11-23T12:39:21","modified_gmt":"2025-11-23T11:39:21","slug":"doradas-lomos-con-piel-fresco-190g","status":"publish","type":"product","link":"https:\/\/ecotienda.com\/?product=doradas-lomos-con-piel-fresco-190g","title":{"rendered":"Doradas Lomos con piel fresco 190g"},"content":{"rendered":"<div class=\"woocommerce-product-details\">\n<h3>Descripci\u00f3n del producto<\/h3>\n<p>Descripci\u00f3n del producto<\/p>\n<p> Lomos de Doradas con piel fresco de Selecci\u00f3n Atol\u00f3n es un producto listo para cocinar. Es ideal en una variedad de platos y es f\u00e1cil de preparar. Tiene un agradable sabor y da un sabor mediterr\u00e1neo a la comida. Ingredientes<\/p>\n<p> Pescado, Dorada<\/p>\n<h3>Recursos de seguridad y productos<\/h3>\n<p>Recursos de seguridad y productosIm\u00e1genes y contactosIm\u00e1genes y contactos de seguridad Recursos de seguridad y productosProblema al cargar la informaci\u00f3nLo sentimos, no hemos podido mostrar la informaci\u00f3n debido a un problema. Vuelve a cargar la p\u00e1gina o int\u00e9ntalo de nuevo m\u00e1s tarde.Im\u00e1genes y contactos Im\u00e1genes de seguridad del producto Informaci\u00f3n del fabricante Persona responsable Problema al cargar la informaci\u00f3nLo sentimos, no hemos podido mostrar la informaci\u00f3n de la persona responsable debido a un problema. Vuelve a cargar la p\u00e1gina o int\u00e9ntalo de nuevo m\u00e1s tarde.Problema al cargar la informaci\u00f3nLo sentimos, no hemos podido mostrar la informaci\u00f3n del fabricante debido a un problema. Vuelve a cargar la p\u00e1gina o int\u00e9ntalo de nuevo m\u00e1s tarde.Problema al cargar la informaci\u00f3nLo sentimos, no hemos podido mostrar las im\u00e1genes de seguridad del producto debido a un problema. Vuelve a cargar la p\u00e1gina o int\u00e9ntalo de nuevo m\u00e1s tarde.<\/p>\n<table id=\"productDetails_techSpec_section_1\" class=\"a-keyvalue prodDetTable\">\n<tr>\n<th class=\"a-color-secondary a-size-base prodDetSectionEntry\"> Dimensiones del paquete <\/th>\n<td class=\"a-size-base prodDetAttrValue\"> &lrm;24,99 x 16,99 x 5,99 cm; 190 g <\/td>\n<\/tr>\n<tr>\n<th class=\"a-color-secondary a-size-base prodDetSectionEntry\"> Peso <\/th>\n<td class=\"a-size-base prodDetAttrValue\"> &lrm;190 Gramos <\/td>\n<\/tr>\n<tr>\n<th class=\"a-color-secondary a-size-base prodDetSectionEntry\"> Unidades <\/th>\n<td class=\"a-size-base prodDetAttrValue\"> &lrm;190.0 gramo <\/td>\n<\/tr>\n<tr>\n<th class=\"a-color-secondary a-size-base prodDetSectionEntry\"> Instrucciones de almacenaje <\/th>\n<td class=\"a-size-base prodDetAttrValue\"> &lrm;Conservar entre 0\u00ba y 4\u00ba <\/td>\n<\/tr>\n<tr>\n<th class=\"a-color-secondary a-size-base prodDetSectionEntry\"> Contacto del fabricante <\/th>\n<td class=\"a-size-base prodDetAttrValue\"> &lrm;Selecci\u00f3n Atol\u00f3n 12.16032\/M. <\/td>\n<\/tr>\n<tr>\n<th class=\"a-color-secondary a-size-base prodDetSectionEntry\"> Marca <\/th>\n<td class=\"a-size-base prodDetAttrValue\"> &lrm;Selection ATOLON <\/td>\n<\/tr>\n<tr>\n<th class=\"a-color-secondary a-size-base prodDetSectionEntry\"> Forma del Art\u00edculo <\/th>\n<td class=\"a-size-base prodDetAttrValue\"> &lrm;Trozo <\/td>\n<\/tr>\n<tr>\n<th class=\"a-color-secondary a-size-base prodDetSectionEntry\"> Fabricante <\/th>\n<td class=\"a-size-base prodDetAttrValue\"> &lrm;Selecci\u00f3n Atol\u00f3n 12.16032\/M. <\/td>\n<\/tr>\n<tr>\n<th class=\"a-color-secondary a-size-base prodDetSectionEntry\"> Peso del producto <\/th>\n<td class=\"a-size-base prodDetAttrValue\"> &lrm;190 g <\/td>\n<\/tr>\n<tr>\n<th class=\"a-color-secondary a-size-base prodDetSectionEntry\"> Pa\u00eds de origen <\/th>\n<td class=\"a-size-base prodDetAttrValue\"> &lrm;Espa\u00f1a <\/td>\n<\/tr>\n<\/table><\/div>\n","protected":false},"excerpt":{"rendered":"<ul>\n<li> Lomos de Dorada con piel  <\/li>\n<li> Listo para cocinar  <\/li>\n<li> Ideal en una variedad de platos  <\/li>\n<li> Adecuado para toda la familia  <\/li>\n<li> Conservar en el frigor\u00edfico  <\/li>\n<\/ul>\n","protected":false},"featured_media":6141,"comment_status":"open","ping_status":"closed","template":"","meta":[],"product_cat":[138],"product_tag":[],"class_list":{"0":"post-6141","1":"product","2":"type-product","3":"status-publish","4":"has-post-thumbnail","6":"product_brand-marca-selection-atolon","7":"product_cat-pescado-blanco","9":"first","10":"instock","11":"sale","12":"shipping-taxable","13":"purchasable","14":"product-type-simple"},"_links":{"self":[{"href":"https:\/\/ecotienda.com\/index.php?rest_route=\/wp\/v2\/product\/6141","targetHints":{"allow":["GET"]}}],"collection":[{"href":"https:\/\/ecotienda.com\/index.php?rest_route=\/wp\/v2\/product"}],"about":[{"href":"https:\/\/ecotienda.com\/index.php?rest_route=\/wp\/v2\/types\/product"}],"replies":[{"embeddable":true,"href":"https:\/\/ecotienda.com\/index.php?rest_route=%2Fwp%2Fv2%2Fcomments&post=6141"}],"wp:featuredmedia":[{"embeddable":true,"href":"https:\/\/ecotienda.com\/index.php?rest_route=\/wp\/v2\/product\/6141"}],"wp:attachment":[{"href":"https:\/\/ecotienda.com\/index.php?rest_route=%2Fwp%2Fv2%2Fmedia&parent=6141"}],"wp:term":[{"taxonomy":"product_cat","embeddable":true,"href":"https:\/\/ecotienda.com\/index.php?rest_route=%2Fwp%2Fv2%2Fproduct_cat&post=6141"},{"taxonomy":"product_tag","embeddable":true,"href":"https:\/\/ecotienda.com\/index.php?rest_route=%2Fwp%2Fv2%2Fproduct_tag&post=6141"}],"curies":[{"name":"wp","href":"https:\/\/api.w.org\/{rel}","templated":true}]}}