{"id":6150,"date":"2025-11-23T12:39:36","date_gmt":"2025-11-23T11:39:36","guid":{"rendered":"https:\/\/ecotienda.com\/?product=la-sirena-lomo-de-merluza-austral-premium-580g-congelado"},"modified":"2025-11-23T12:39:37","modified_gmt":"2025-11-23T11:39:37","slug":"la-sirena-lomo-de-merluza-austral-premium-580g-congelado","status":"publish","type":"product","link":"https:\/\/ecotienda.com\/?product=la-sirena-lomo-de-merluza-austral-premium-580g-congelado","title":{"rendered":"La Sirena Lomo de Merluza Austral Premium, 580g (Congelado)"},"content":{"rendered":"<div class=\"woocommerce-product-details\">\n<div id=\"aplus_feature_div\" class=\"celwidget\" data-feature-name=\"aplus\" data-csa-c-type=\"widget\" data-csa-c-content-id=\"aplus\" data-csa-c-slot-id=\"aplus_feature_div\" data-csa-c-asin=\"\" data-csa-c-is-in-initial-active-row=\"false\">\n<div id=\"aplus\" class=\"a-section a-spacing-large bucket\">\n<h3 class=\"\">M\u00e1s informaci\u00f3n del producto<\/h3>\n<div lang=\"es_ES\">\n<div class=\"aplus-v2 desktop celwidget\">\n<div class=\"celwidget aplus-module module-12 aplus-standard\">\n<div class=\"aplus-module-wrapper apm-spacing apm-floatnone apm-fixed-width\">\n<div class=\"apm-sidemodule aplus-module-content\">\n<div class=\"apm-hero-image\"> <img data-opt-id=1000807379  fetchpriority=\"high\" decoding=\"async\" alt=\"front 513\" src=\"https:\/\/m.media-amazon.com\/images\/S\/aplus-media\/vc\/ab42112d-d42a-4040-ab48-a4c5b4cfbd3a.__CR0,0,970,300_PT0_SX970_V1___.jpg\" \/ style=\"max-width: 100%; height: auto;\"> <\/div>\n<\/div>\n<\/div>\n<\/div>\n<div class=\"celwidget aplus-module module-8 aplus-standard\">\n<div class=\"aplus-module-wrapper apm-fixed-width\">\n<div class=\"apm-spacing\">\n<div class=\"apm-lefttwothirdswrap apm-floatleft\">\n<div class=\"apm-leftimage\"> <img data-opt-id=55589471  fetchpriority=\"high\" decoding=\"async\" alt=\"logo chile\" src=\"https:\/\/m.media-amazon.com\/images\/S\/aplus-media\/vc\/450346cb-fffd-450a-bd18-5321f196d39c.__CR299,0,2254,2254_PT0_SX300_V1___.jpg\" \/ style=\"max-width: 100%; height: auto;\"> <\/div>\n<div class=\"apm-centerthirdcol\">\n<h3 class=\"a-spacing-mini\"> LOMOS DE MERLUZA AUSTRAL <\/h3>\n<p class=\"a-spacing-base\"> El suave sabor del mar en el formato m\u00e1s pr\u00e1ctico. Prueba este pack de 4 unidades de lomos de merluzas de m\u00e1s de 5Kg capturadas en las <span class=\"a-text-bold\">costas de Chile <\/span>y d\u00e9jate llevar por su delicioso sabor y su pr\u00e1ctico tama\u00f1o. <\/p>\n<p class=\"a-spacing-base\"> Aqu\u00ed tienes la parte m\u00e1s noble de la merluza, deliciosos <span class=\"a-text-bold\">lomos cortados<\/span> en las porciones m\u00e1s pr\u00e1cticas. Ideales para cocinarlos a la <span class=\"a-text-bold\">plancha<\/span>, a la <span class=\"a-text-bold\">brasa<\/span> o al <span class=\"a-text-bold\">horno <\/span>y recibir una importante fuente de prote\u00ednas. Prepara platos deliciosos y saludables con <span class=\"a-text-bold\">merluza salvaje<\/span> procedente de las corrientes<span class=\"a-text-bold\"> fr\u00edas y australes de Chile.<\/span> Las g\u00e9lidas aguas proporcionan a la merluza una textura firme y un sabor suave que no te puedes perder. <\/p>\n<\/p>\n<\/div>\n<\/div>\n<div class=\"apm-rightthirdcol\">\n<div class=\"apm-rightthirdcol-inner\">\n<h4> Valores Nutricionales <\/h4>\n<div class=\"a-box a-spacing-small a-color-alternate-background apm-listbox\">\n<div class=\"a-box-inner\">\n<ul class=\"a-unordered-list a-vertical\">\n<li><span class=\"a-list-item\"> <span class=\"a-size-base\"> Valor energ\u00e9tico 283 kJ \/ 67 kcal <\/span> <\/span><\/li>\n<li><span class=\"a-list-item\"> <span class=\"a-size-base\"> Grasas 0,3 g <\/span> <\/span><\/li>\n<li><span class=\"a-list-item\"> <span class=\"a-size-base\"> de la cuales: Saturadas 0,1 g <\/span> <\/span><\/li>\n<li><span class=\"a-list-item\"> <span class=\"a-size-base\"> Hidratos de carbono 0 g <\/span> <\/span><\/li>\n<li><span class=\"a-list-item\"> <span class=\"a-size-base\"> de los cuales: Az\u00facares 0 g <\/span> <\/span><\/li>\n<li><span class=\"a-list-item\"> <span class=\"a-size-base\"> Prote\u00ednas 16 g <\/span> <\/span><\/li>\n<li><span class=\"a-list-item\"> <span class=\"a-size-base\"> Sal 0,23 g <\/span> <\/span><\/li>\n<\/ul>\n<\/div><\/div>\n<\/div>\n<\/div>\n<\/div>\n<\/div>\n<\/div>\n<div class=\"celwidget aplus-module launchpad-company-logo aplus-standard\">\n<div class=\"a-section a-text-center launchpad-module launchpad-module-company-logo\"> <img data-opt-id=392223945  data-opt-src=\"https:\/\/m.media-amazon.com\/images\/S\/aplus-media\/vc\/8ba19274-ca5d-4606-bab2-fb43871bbc8c.__CR0,0,600,180_PT0_SX600_V1___.jpg\"  decoding=\"async\" alt=\"logo sirena\" src=\"data:image/svg+xml,%3Csvg%20viewBox%3D%220%200%20100%%20100%%22%20width%3D%22100%%22%20height%3D%22100%%22%20xmlns%3D%22http%3A%2F%2Fwww.w3.org%2F2000%2Fsvg%22%3E%3Crect%20width%3D%22100%%22%20height%3D%22100%%22%20fill%3D%22transparent%22%2F%3E%3C%2Fsvg%3E\" \/ style=\"max-width: 100%; height: auto;\"> <\/div>\n<\/div>\n<div class=\"celwidget aplus-module module-9 aplus-standard\">\n<div class=\"aplus-module-wrapper apm-fixed-width apm-spacing\">\n<div class=\"apm-flex\">\n<div class=\"apm-flex-item-third-width\">\n<p class=\"apm-text-center\"> <img data-opt-id=930820624  data-opt-src=\"https:\/\/m.media-amazon.com\/images\/S\/aplus-media\/vc\/a9589360-c951-462b-8976-4336761c6663.__CR0,0,720,720_PT0_SX300_V1___.jpg\"  decoding=\"async\" alt=\"receta pisto\" src=\"data:image/svg+xml,%3Csvg%20viewBox%3D%220%200%20100%%20100%%22%20width%3D%22100%%22%20height%3D%22100%%22%20xmlns%3D%22http%3A%2F%2Fwww.w3.org%2F2000%2Fsvg%22%3E%3Crect%20width%3D%22100%%22%20height%3D%22100%%22%20fill%3D%22transparent%22%2F%3E%3C%2Fsvg%3E\" \/ style=\"max-width: 100%; height: auto;\"> <\/p>\n<h4 class=\"a-spacing-mini\"> Lomo de merluza con pisto de setas <\/h4>\n<p> Calienta una cazuela ancha a fuego fuerte. Rehoga 600g de <span class=\"a-text-bold\">PISTO DE VERDURAS <\/span>con un poco de aceite de oliva hasta que evapore toda el agua y empiece a dorarse. A\u00f1ade 200g de <span class=\"a-text-bold\">SOFRITO CON CALDO DE PESCADO<\/span> y 200g de <span class=\"a-text-bold\">SURTIDO DE SETAS CON BOLETUS <\/span>directamente congelados. Baja el fuego, cocina 3-4 minutos hasta obtener una textura de salsa y corrige de sal. Sala tambi\u00e9n los <span class=\"a-text-bold\">4 LOMOS DE MERLUZA AUSTRAL<\/span> e introd\u00facelos en la cazuela. Cocina a fuego m\u00ednimo 4-5 minutos. <\/p>\n<\/p>\n<\/div>\n<div class=\"apm-flex-item-third-width\">\n<p class=\"apm-text-center\"> <img data-opt-id=2043807880  data-opt-src=\"https:\/\/m.media-amazon.com\/images\/S\/aplus-media\/vc\/4b7b6bee-a0cb-4061-b58b-32d108d8dc2f.__CR55,57,600,600_PT0_SX300_V1___.jpg\"  decoding=\"async\" alt=\"receta gambones\" src=\"data:image/svg+xml,%3Csvg%20viewBox%3D%220%200%20100%%20100%%22%20width%3D%22100%%22%20height%3D%22100%%22%20xmlns%3D%22http%3A%2F%2Fwww.w3.org%2F2000%2Fsvg%22%3E%3Crect%20width%3D%22100%%22%20height%3D%22100%%22%20fill%3D%22transparent%22%2F%3E%3C%2Fsvg%3E\" \/ style=\"max-width: 100%; height: auto;\"> <\/p>\n<h4 class=\"a-spacing-mini\"> Lomo de merluza con gambones y berberechos <\/h4>\n<p> Calienta una sart\u00e9n ancha a fuego fuerte. Dora <span class=\"a-text-bold\">8 GAMBAS AUSTRALES<\/span> con aceite de oliva, sal y pimienta reci\u00e9n molida, 30 segundos por cada lado. Aparta. A\u00f1ade un poco m\u00e1s de aceite y cocina 4<span class=\"a-text-bold\"> LOMOS DE MERLUZA AUSTRAL <\/span>1 minuto por cada lado a fuego medio. Retira. A\u00f1ade a la sart\u00e9n \u00bd vaso de vino blanco y deja evaporar hasta que no huela a alcohol. A\u00f1ade 500g de <span class=\"a-text-bold\">BERBERECHOS <\/span>directamente congelados, sube el fuego al m\u00e1ximo y cubre con la tapa. Deja cocinar 30 segundos hasta ue se abran los berberechos. Presenta los <span class=\"a-text-bold\">LOMOS DE MERLUZA<\/span> y<span class=\"a-text-bold\"> LAS GAMBAS AUSTRALES<\/span> en un plato. Presenta los berberechos y salsea con los jugos de cocci\u00f3n. Acompa\u00f1a con <span class=\"a-text-bold\">SALSA ROMESCO<\/span>. <\/p>\n<\/p>\n<\/div>\n<div class=\"apm-flex-item-third-width\">\n<p class=\"apm-text-center\"> <img data-opt-id=222334  data-opt-src=\"https:\/\/m.media-amazon.com\/images\/S\/aplus-media\/vc\/428ad3de-02c1-40d0-ae4f-f2483c00b062.__CR55,38,600,600_PT0_SX300_V1___.jpg\"  decoding=\"async\" alt=\"receta ceviche ok\" src=\"data:image/svg+xml,%3Csvg%20viewBox%3D%220%200%20100%%20100%%22%20width%3D%22100%%22%20height%3D%22100%%22%20xmlns%3D%22http%3A%2F%2Fwww.w3.org%2F2000%2Fsvg%22%3E%3Crect%20width%3D%22100%%22%20height%3D%22100%%22%20fill%3D%22transparent%22%2F%3E%3C%2Fsvg%3E\" \/ style=\"max-width: 100%; height: auto;\"> <\/p>\n<h4 class=\"a-spacing-mini\"> Ceviche de merluza <\/h4>\n<p> Corta<span class=\"a-text-bold\"> 4 LOMOS DE MERLUZA AUSTRAL<\/span> en dados gruesos sin piel. Adereza con <span class=\"a-text-bold\">sal<\/span> y <span class=\"a-text-bold\">pimienta<\/span>. Ralla la piel de 1 <span class=\"a-text-bold\">lima<\/span> y exprime el jugo de 3 m\u00e1s. Corta una <span class=\"a-text-bold\">cebolla roja<\/span> en fina juliana y a\u00f1\u00e1desela junto con las ralladuras y el zumo. Deja marinar 5-10 minutos. Acaba de aderezar con <span class=\"a-text-bold\">cilantro fresco<\/span> picado y, si lo prefieres picante, con un pimiento jalape\u00f1o en conserva bien picadito. <\/p>\n<\/p>\n<\/div>\n<\/div>\n<\/div>\n<\/div>\n<\/div>\n<\/div>\n<\/div>\n<\/div>\n<h3>Descripci\u00f3n del producto<\/h3>\n<p>Descripci\u00f3n del producto<\/p>\n<p> Lomo De Merluza Austral Premium 4U 580G. Nuestros est\u00e1ndares son lo que nos distingue, y nuestra calidad es lo que nos mantiene almacenando despensas, refrigeradores y congeladores con el mejor valor Ingredientes<\/p>\n<p> MERLUZA austral.<\/p>\n<h3>Recursos de seguridad y productos<\/h3>\n<p>Recursos de seguridad y productosIm\u00e1genes y contactosIm\u00e1genes y contactos de seguridad Recursos de seguridad y productosProblema al cargar la informaci\u00f3nLo sentimos, no hemos podido mostrar la informaci\u00f3n debido a un problema. Vuelve a cargar la p\u00e1gina o int\u00e9ntalo de nuevo m\u00e1s tarde.Im\u00e1genes y contactos Im\u00e1genes de seguridad del producto Informaci\u00f3n del fabricante Persona responsable Problema al cargar la informaci\u00f3nLo sentimos, no hemos podido mostrar la informaci\u00f3n de la persona responsable debido a un problema. Vuelve a cargar la p\u00e1gina o int\u00e9ntalo de nuevo m\u00e1s tarde.Problema al cargar la informaci\u00f3nLo sentimos, no hemos podido mostrar la informaci\u00f3n del fabricante debido a un problema. Vuelve a cargar la p\u00e1gina o int\u00e9ntalo de nuevo m\u00e1s tarde.Problema al cargar la informaci\u00f3nLo sentimos, no hemos podido mostrar las im\u00e1genes de seguridad del producto debido a un problema. Vuelve a cargar la p\u00e1gina o int\u00e9ntalo de nuevo m\u00e1s tarde.<\/p>\n<table id=\"productDetails_techSpec_section_1\" class=\"a-keyvalue prodDetTable\">\n<tr>\n<th class=\"a-color-secondary a-size-base prodDetSectionEntry\"> Dimensiones del producto <\/th>\n<td class=\"a-size-base prodDetAttrValue\"> &lrm;27 x 12 x 30 cm; 580 g <\/td>\n<\/tr>\n<tr>\n<th class=\"a-color-secondary a-size-base prodDetSectionEntry\"> Informaci\u00f3n sobre al\u00e9rgenos <\/th>\n<td class=\"a-size-base prodDetAttrValue\"> &lrm;Contiene: Pescado <\/td>\n<\/tr>\n<tr>\n<th class=\"a-color-secondary a-size-base prodDetSectionEntry\"> Peso <\/th>\n<td class=\"a-size-base prodDetAttrValue\"> &lrm;580 Gramos <\/td>\n<\/tr>\n<tr>\n<th class=\"a-color-secondary a-size-base prodDetSectionEntry\"> Unidades <\/th>\n<td class=\"a-size-base prodDetAttrValue\"> &lrm;580.0 Gramos <\/td>\n<\/tr>\n<tr>\n<th class=\"a-color-secondary a-size-base prodDetSectionEntry\"> Marca <\/th>\n<td class=\"a-size-base prodDetAttrValue\"> &lrm;La Sirena <\/td>\n<\/tr>\n<tr>\n<th class=\"a-color-secondary a-size-base prodDetSectionEntry\"> Cocina <\/th>\n<td class=\"a-size-base prodDetAttrValue\"> &lrm;Chile <\/td>\n<\/tr>\n<tr>\n<th class=\"a-color-secondary a-size-base prodDetSectionEntry\"> Forma del Art\u00edculo <\/th>\n<td class=\"a-size-base prodDetAttrValue\"> &lrm;Barra, Congelado <\/td>\n<\/tr>\n<tr>\n<th class=\"a-color-secondary a-size-base prodDetSectionEntry\"> Funciones especiales <\/th>\n<td class=\"a-size-base prodDetAttrValue\"> &lrm;Sin Espinas <\/td>\n<\/tr>\n<tr>\n<th class=\"a-color-secondary a-size-base prodDetSectionEntry\"> Fabricante <\/th>\n<td class=\"a-size-base prodDetAttrValue\"> &lrm;La Sirena <\/td>\n<\/tr>\n<tr>\n<th class=\"a-color-secondary a-size-base prodDetSectionEntry\"> Peso del producto <\/th>\n<td class=\"a-size-base prodDetAttrValue\"> &lrm;580 g <\/td>\n<\/tr>\n<\/table><\/div>\n","protected":false},"excerpt":{"rendered":"<ul>\n<li> Porciones individuales de merluza  <\/li>\n<li> Sin espinas  <\/li>\n<li> Fuente de prote\u00edna  <\/li>\n<li> Pescado con bajo contenido en grasas  <\/li>\n<li> Origen: Chile  <\/li>\n<\/ul>\n","protected":false},"featured_media":6150,"comment_status":"open","ping_status":"closed","template":"","meta":[],"product_cat":[138],"product_tag":[],"class_list":{"0":"post-6150","1":"product","2":"type-product","3":"status-publish","4":"has-post-thumbnail","6":"product_brand-marca-la-sirena","7":"product_cat-pescado-blanco","9":"first","10":"instock","11":"sale","12":"shipping-taxable","13":"purchasable","14":"product-type-simple"},"_links":{"self":[{"href":"https:\/\/ecotienda.com\/index.php?rest_route=\/wp\/v2\/product\/6150","targetHints":{"allow":["GET"]}}],"collection":[{"href":"https:\/\/ecotienda.com\/index.php?rest_route=\/wp\/v2\/product"}],"about":[{"href":"https:\/\/ecotienda.com\/index.php?rest_route=\/wp\/v2\/types\/product"}],"replies":[{"embeddable":true,"href":"https:\/\/ecotienda.com\/index.php?rest_route=%2Fwp%2Fv2%2Fcomments&post=6150"}],"wp:featuredmedia":[{"embeddable":true,"href":"https:\/\/ecotienda.com\/index.php?rest_route=\/wp\/v2\/product\/6150"}],"wp:attachment":[{"href":"https:\/\/ecotienda.com\/index.php?rest_route=%2Fwp%2Fv2%2Fmedia&parent=6150"}],"wp:term":[{"taxonomy":"product_cat","embeddable":true,"href":"https:\/\/ecotienda.com\/index.php?rest_route=%2Fwp%2Fv2%2Fproduct_cat&post=6150"},{"taxonomy":"product_tag","embeddable":true,"href":"https:\/\/ecotienda.com\/index.php?rest_route=%2Fwp%2Fv2%2Fproduct_tag&post=6150"}],"curies":[{"name":"wp","href":"https:\/\/api.w.org\/{rel}","templated":true}]}}