{"id":6158,"date":"2025-11-23T12:41:38","date_gmt":"2025-11-23T11:41:38","guid":{"rendered":"https:\/\/ecotienda.com\/?product=rodajas-de-emperador-2-ud-sin-espinas-descongelado-500-g"},"modified":"2025-12-10T11:59:29","modified_gmt":"2025-12-10T10:59:29","slug":"rodajas-de-emperador-2-ud-sin-espinas-descongelado-500-g","status":"publish","type":"product","link":"https:\/\/ecotienda.com\/?product=rodajas-de-emperador-2-ud-sin-espinas-descongelado-500-g","title":{"rendered":"Rodajas de Emperador 2 Ud, sin espinas descongelado &#8211; 500 g"},"content":{"rendered":"<div class=\"woocommerce-product-details\">\n<div id=\"aplus_feature_div\" class=\"celwidget\" data-feature-name=\"aplus\" data-csa-c-type=\"widget\" data-csa-c-content-id=\"aplus\" data-csa-c-slot-id=\"aplus_feature_div\" data-csa-c-asin=\"\" data-csa-c-is-in-initial-active-row=\"false\">\n<div id=\"aplus\" class=\"a-section a-spacing-large bucket\">\n<h3 class=\"\">M\u00e1s informaci\u00f3n del producto<\/h3>\n<div lang=\"es_ES\">\n<div class=\"aplus-v2 desktop celwidget\">\n<div class=\"celwidget aplus-module module-3 aplus-standard\">\n<div class=\"aplus-module-wrapper apm-floatnone apm-fixed-width\">\n<div class=\"apm-sidemodule apm-spacing\">\n<div class=\"apm-sidemodule-imageright\"> <img data-opt-id=1220778520  fetchpriority=\"high\" decoding=\"async\" alt=\"RODAJAS DE EMPERADOR\" src=\"https:\/\/m.media-amazon.com\/images\/S\/aplus-media-library-service-media\/6b414a44-3c85-47c8-b0ba-d95168933791.__CR0,0,300,300_PT0_SX300_V1___.png\" \/ style=\"max-width: 100%; height: auto;\"> <\/div>\n<div class=\"apm-sidemodule-textleft\">\n<h3 class=\"a-spacing-mini\"> RODAJAS DE EMPERADOR <\/h3>\n<p> El consumo del<span class=\"a-text-bold\"><u> Emperador<\/u><\/span> ayuda en el fortalecimiento de nuestros huesos y dientes, gracias a su alto contenido en f\u00f3sforo. Mejora el sistema circulatorio, ayuda a reducir el colesterol, fortalece el sistema inmunitario y ayuda a reparar los tejidos. <\/p>\n<\/p>\n<\/div>\n<\/div>\n<\/div>\n<\/div>\n<\/div>\n<\/div>\n<\/div>\n<\/div>\n<h3>Descripci\u00f3n del producto<\/h3>\n<p>Descripci\u00f3n del producto<\/p>\n<p> Las rodajas de emperador con piel de Selecci\u00f3n Atol\u00f3n es un producto listo para preparar. Es adecuado en una variedad de platos y tiene una textura suave. Da un sabor mediterr\u00e1neo a los platos. Ingredientes<\/p>\n<p> Pescado Contenido de la caja<\/p>\n<p> Rodaja de emperador descongelado Ver m\u00e1s<\/p>\n<h3>Recursos de seguridad y productos<\/h3>\n<p>Recursos de seguridad y productosIm\u00e1genes y contactosIm\u00e1genes y contactos de seguridad Recursos de seguridad y productosProblema al cargar la informaci\u00f3nLo sentimos, no hemos podido mostrar la informaci\u00f3n debido a un problema. Vuelve a cargar la p\u00e1gina o int\u00e9ntalo de nuevo m\u00e1s tarde.Im\u00e1genes y contactos Im\u00e1genes de seguridad del producto Informaci\u00f3n del fabricante Persona responsable Problema al cargar la informaci\u00f3nLo sentimos, no hemos podido mostrar la informaci\u00f3n de la persona responsable debido a un problema. Vuelve a cargar la p\u00e1gina o int\u00e9ntalo de nuevo m\u00e1s tarde.Problema al cargar la informaci\u00f3nLo sentimos, no hemos podido mostrar la informaci\u00f3n del fabricante debido a un problema. Vuelve a cargar la p\u00e1gina o int\u00e9ntalo de nuevo m\u00e1s tarde.Problema al cargar la informaci\u00f3nLo sentimos, no hemos podido mostrar las im\u00e1genes de seguridad del producto debido a un problema. Vuelve a cargar la p\u00e1gina o int\u00e9ntalo de nuevo m\u00e1s tarde.<\/p>\n<table id=\"productDetails_techSpec_section_1\" class=\"a-keyvalue prodDetTable\">\n<tr>\n<th class=\"a-color-secondary a-size-base prodDetSectionEntry\"> Dimensiones del producto <\/th>\n<td class=\"a-size-base prodDetAttrValue\"> &lrm;25 x 18 x 3,1 cm; 500 g <\/td>\n<\/tr>\n<tr>\n<th class=\"a-color-secondary a-size-base prodDetSectionEntry\"> Nombre del producto <\/th>\n<td class=\"a-size-base prodDetAttrValue\"> &lrm;Rodajas de Emperador <\/td>\n<\/tr>\n<tr>\n<th class=\"a-color-secondary a-size-base prodDetSectionEntry\"> Informaci\u00f3n sobre al\u00e9rgenos <\/th>\n<td class=\"a-size-base prodDetAttrValue\"> &lrm;Contiene: Pescado <\/td>\n<\/tr>\n<tr>\n<th class=\"a-color-secondary a-size-base prodDetSectionEntry\"> Peso <\/th>\n<td class=\"a-size-base prodDetAttrValue\"> &lrm;500 Gramos <\/td>\n<\/tr>\n<tr>\n<th class=\"a-color-secondary a-size-base prodDetSectionEntry\"> Unidades <\/th>\n<td class=\"a-size-base prodDetAttrValue\"> &lrm;500.0 Gramos <\/td>\n<\/tr>\n<tr>\n<th class=\"a-color-secondary a-size-base prodDetSectionEntry\"> Instrucciones de almacenaje <\/th>\n<td class=\"a-size-base prodDetAttrValue\"> &lrm;Conservar entre 0 y 4\u00ba C <\/td>\n<\/tr>\n<tr>\n<th class=\"a-color-secondary a-size-base prodDetSectionEntry\"> Marca <\/th>\n<td class=\"a-size-base prodDetAttrValue\"> &lrm;Selection ATOLON <\/td>\n<\/tr>\n<tr>\n<th class=\"a-color-secondary a-size-base prodDetSectionEntry\"> Forma del Art\u00edculo <\/th>\n<td class=\"a-size-base prodDetAttrValue\"> &lrm;Trozo <\/td>\n<\/tr>\n<tr>\n<th class=\"a-color-secondary a-size-base prodDetSectionEntry\"> Fabricante <\/th>\n<td class=\"a-size-base prodDetAttrValue\"> &lrm;ATOLON <\/td>\n<\/tr>\n<tr>\n<th class=\"a-color-secondary a-size-base prodDetSectionEntry\"> Peso del producto <\/th>\n<td class=\"a-size-base prodDetAttrValue\"> &lrm;500 g <\/td>\n<\/tr>\n<tr>\n<th class=\"a-color-secondary a-size-base prodDetSectionEntry\"> Pa\u00eds de origen <\/th>\n<td class=\"a-size-base prodDetAttrValue\"> &lrm;Espa\u00f1a <\/td>\n<\/tr>\n<\/table><\/div>\n","protected":false},"excerpt":{"rendered":"<ul>\n<li> Rodajas de emperador con piel  <\/li>\n<li> Sin espinas  <\/li>\n<li> De textura suave  <\/li>\n<li> Envasado al vac\u00edo  <\/li>\n<li> Conservar refrigerado  <\/li>\n<\/ul>\n","protected":false},"featured_media":6158,"comment_status":"open","ping_status":"closed","template":"","meta":[],"product_cat":[137],"product_tag":[],"class_list":{"0":"post-6158","1":"product","2":"type-product","3":"status-publish","4":"has-post-thumbnail","6":"product_brand-marca-selection-atolon","7":"product_cat-pescado-semigraso","9":"first","10":"instock","11":"sale","12":"shipping-taxable","13":"purchasable","14":"product-type-simple"},"_links":{"self":[{"href":"https:\/\/ecotienda.com\/index.php?rest_route=\/wp\/v2\/product\/6158","targetHints":{"allow":["GET"]}}],"collection":[{"href":"https:\/\/ecotienda.com\/index.php?rest_route=\/wp\/v2\/product"}],"about":[{"href":"https:\/\/ecotienda.com\/index.php?rest_route=\/wp\/v2\/types\/product"}],"replies":[{"embeddable":true,"href":"https:\/\/ecotienda.com\/index.php?rest_route=%2Fwp%2Fv2%2Fcomments&post=6158"}],"wp:featuredmedia":[{"embeddable":true,"href":"https:\/\/ecotienda.com\/index.php?rest_route=\/wp\/v2\/product\/6158"}],"wp:attachment":[{"href":"https:\/\/ecotienda.com\/index.php?rest_route=%2Fwp%2Fv2%2Fmedia&parent=6158"}],"wp:term":[{"taxonomy":"product_cat","embeddable":true,"href":"https:\/\/ecotienda.com\/index.php?rest_route=%2Fwp%2Fv2%2Fproduct_cat&post=6158"},{"taxonomy":"product_tag","embeddable":true,"href":"https:\/\/ecotienda.com\/index.php?rest_route=%2Fwp%2Fv2%2Fproduct_tag&post=6158"}],"curies":[{"name":"wp","href":"https:\/\/api.w.org\/{rel}","templated":true}]}}