{"id":6161,"date":"2025-11-23T12:42:47","date_gmt":"2025-11-23T11:42:47","guid":{"rendered":"https:\/\/ecotienda.com\/?product=la-sirena-setas-con-boletus-silvestre-500g-congelado"},"modified":"2025-11-23T12:42:48","modified_gmt":"2025-11-23T11:42:48","slug":"la-sirena-setas-con-boletus-silvestre-500g-congelado","status":"publish","type":"product","link":"https:\/\/ecotienda.com\/?product=la-sirena-setas-con-boletus-silvestre-500g-congelado","title":{"rendered":"La Sirena Setas con Boletus Silvestre, 500g (Congelado)"},"content":{"rendered":"<div class=\"woocommerce-product-details\">\n<div id=\"aplus_feature_div\" class=\"celwidget\" data-feature-name=\"aplus\" data-csa-c-type=\"widget\" data-csa-c-content-id=\"aplus\" data-csa-c-slot-id=\"aplus_feature_div\" data-csa-c-asin=\"\" data-csa-c-is-in-initial-active-row=\"false\">\n<div id=\"aplus\" class=\"a-section a-spacing-large bucket\">\n<h3 class=\"\">M\u00e1s informaci\u00f3n del producto<\/h3>\n<div lang=\"es_ES\">\n<div class=\"aplus-v2 desktop celwidget\">\n<div class=\"celwidget aplus-module module-12 aplus-standard\">\n<div class=\"aplus-module-wrapper apm-spacing apm-floatnone apm-fixed-width\">\n<div class=\"apm-sidemodule aplus-module-content\">\n<div class=\"apm-hero-image\"> <img data-opt-id=478068123  fetchpriority=\"high\" decoding=\"async\" alt=\" \" src=\"https:\/\/m.media-amazon.com\/images\/S\/aplus-media\/sota\/da50419a-9686-4ce1-a991-3bc7897abbc2.__CR0,65,1530,473_PT0_SX970_V1___.png\" \/ style=\"max-width: 100%; height: auto;\"> <\/div>\n<\/div>\n<\/div>\n<\/div>\n<div class=\"celwidget aplus-module basic-module-13-text aplus-standard\">\n<div class=\"a-section a-spacing-none aplus-module aplus-module-13 aplus-module-wrapper apm-fixed-width\">\n<div class=\"a-section a-spacing-none aplus-13-heading\">\n<h3 class=\"a-size-extra-large aplus-13-heading-text a-text-bold\"> Sobre nosotros <\/h3>\n<\/p>\n<\/div>\n<div class=\"a-section a-spacing-none aplus-module-section aplus-text-section\">\n<p class=\"description\"> M\u00e1s de 30 a\u00f1os ofreci\u00e9ndote cada d\u00eda lo mejor. Descubre c\u00f3mo los peque\u00f1os esfuerzos pueden hacernos cada vez m\u00e1s grandes, convirti\u00e9ndonos en uno de los l\u00edderes en productos congelados. En la Sirena trabajamos para ofrecerte una amplia gama de productos congelados de gran calidad. Aprende a cocinar tus platos preferidos con las Recetas la Sirena y descubre los mejores trucos culinarios. <\/p>\n<p class=\"description\"> La calidad de los productos es nuestro valor principal. Los or\u00edgenes de nuestros productos congelados marcan el est\u00e1ndar de calidad m\u00e1s elevado para los clientes m\u00e1s exigentes: bacalao de Islandia, salm\u00f3n Noruego, verduras de nuestra tierra\u2026 y la ultracongelaci\u00f3n mantiene intactos todos los valores nutricionales y el mejor sabor. Recorremos medio mundo para encontrar tu pescado favorito en el mejor origen. Desde las zonas m\u00e1s remotas de Islandia para pescar el mejor bacalao hasta los extremos m\u00e1s alejados del planeta para ofrecerte la pesca m\u00e1s actual. Destinos como Noruega y su excelente salm\u00f3n, o los mares que rodean la Pen\u00ednsula se convierten en nuestras principales fuentes de aprovisionamiento. <\/p>\n<p class=\"description\"> Descubre m\u00e1s de 750 productos de muy buena calidad congelados en las mejores condiciones: pescados, mariscos, verduras, carne, platos preparados, postres. Adem\u00e1s, cada a\u00f1o lanzamos entre 120 y 140 nuevas referencias adaptadas a los deseos m\u00e1s actuales de nuestros clientes. <\/p>\n<\/p>\n<\/div>\n<\/div>\n<\/div>\n<div class=\"celwidget aplus-module module-12 aplus-standard\">\n<div class=\"aplus-module-wrapper apm-spacing apm-floatnone apm-fixed-width\">\n<div class=\"apm-sidemodule aplus-module-content\">\n<div class=\"apm-hero-image\"> <img data-opt-id=1688918058  fetchpriority=\"high\" decoding=\"async\" alt=\" \" src=\"https:\/\/m.media-amazon.com\/images\/S\/aplus-media\/sota\/f67bbf50-6ff8-4354-be17-0fe8db7e29fb.__CR94,125,1290,399_PT0_SX970_V1___.png\" \/ style=\"max-width: 100%; height: auto;\"> <\/div>\n<div class=\"textright apm-hero-text\">\n<h3> Nuestros productos <\/h3>\n<\/p>\n<\/div>\n<\/div>\n<\/div>\n<\/div>\n<div class=\"celwidget aplus-module module-12 aplus-standard\">\n<div class=\"aplus-module-wrapper apm-spacing apm-floatnone apm-fixed-width\">\n<div class=\"apm-sidemodule aplus-module-content\">\n<div class=\"apm-hero-image\"> <img data-opt-id=1943289881  data-opt-src=\"https:\/\/m.media-amazon.com\/images\/S\/aplus-media\/sota\/b07a7e96-e01b-4743-b71f-e3d15a5466ec.__CR120,39,1249,386_PT0_SX970_V1___.png\"  decoding=\"async\" alt=\" \" src=\"data:image/svg+xml,%3Csvg%20viewBox%3D%220%200%20100%%20100%%22%20width%3D%22100%%22%20height%3D%22100%%22%20xmlns%3D%22http%3A%2F%2Fwww.w3.org%2F2000%2Fsvg%22%3E%3Crect%20width%3D%22100%%22%20height%3D%22100%%22%20fill%3D%22transparent%22%2F%3E%3C%2Fsvg%3E\" \/ style=\"max-width: 100%; height: auto;\"> <\/div>\n<\/div>\n<\/div>\n<\/div>\n<\/div>\n<\/div>\n<\/div>\n<\/div>\n<h3>Descripci\u00f3n del producto<\/h3>\n<p>Descripci\u00f3n del producto<\/p>\n<p> Surtido de setas troceadas. Mezcla de variedades (champi\u00f1\u00f3n, Shiitake, seta ostra..). Ideales para tus guisos de carne. Ingredientes<\/p>\n<p> Ingredientes: Setas en proporci\u00f3n variable [seta Shiitake cultivada troceada (Lentinula edodes), seta Ostra cultivada troceada (Pleurotus ostreatus), champi\u00f1\u00f3n cultivado troceado (Agaricus bisporus), seta Nameko cultivada entera (Pholiota nameko), boletus silvestres troceados (Boletus edulis). direcci\u00f3n<\/p>\n<p> Sart\u00e9n: A\u00f1ade el producto directamente congelado en una sart\u00e9n caliente y saltea a fuego fuerte durante 4-5 minutos, hasta que suelte su propia agua. Escurre y vuelve a ponerlo con un poco de aceite en la sart\u00e9n. Salt\u00e9alo, aproximadamente, durante 5-7 minutos y condimenta al gusto. Advertencia de seguridad<\/p>\n<p> No congelar de nuevo tras la descongelaci\u00f3n. Contenido de la caja<\/p>\n<p> Bolsa 500 g Ver m\u00e1s<\/p>\n<h3>Recursos de seguridad y productos<\/h3>\n<p>Recursos de seguridad y productosIm\u00e1genes y contactosIm\u00e1genes y contactos de seguridad Recursos de seguridad y productosProblema al cargar la informaci\u00f3nLo sentimos, no hemos podido mostrar la informaci\u00f3n debido a un problema. Vuelve a cargar la p\u00e1gina o int\u00e9ntalo de nuevo m\u00e1s tarde.Im\u00e1genes y contactos Im\u00e1genes de seguridad del producto Informaci\u00f3n del fabricante Persona responsable Problema al cargar la informaci\u00f3nLo sentimos, no hemos podido mostrar la informaci\u00f3n de la persona responsable debido a un problema. Vuelve a cargar la p\u00e1gina o int\u00e9ntalo de nuevo m\u00e1s tarde.Problema al cargar la informaci\u00f3nLo sentimos, no hemos podido mostrar la informaci\u00f3n del fabricante debido a un problema. Vuelve a cargar la p\u00e1gina o int\u00e9ntalo de nuevo m\u00e1s tarde.Problema al cargar la informaci\u00f3nLo sentimos, no hemos podido mostrar las im\u00e1genes de seguridad del producto debido a un problema. Vuelve a cargar la p\u00e1gina o int\u00e9ntalo de nuevo m\u00e1s tarde.<\/p>\n<table id=\"productDetails_techSpec_section_1\" class=\"a-keyvalue prodDetTable\">\n<tr>\n<th class=\"a-color-secondary a-size-base prodDetSectionEntry\"> Dimensiones del paquete <\/th>\n<td class=\"a-size-base prodDetAttrValue\"> &lrm;26 x 19 x 4 cm; 500 g <\/td>\n<\/tr>\n<tr>\n<th class=\"a-color-secondary a-size-base prodDetSectionEntry\"> Nombre del producto <\/th>\n<td class=\"a-size-base prodDetAttrValue\"> &lrm;Setas con boletus silvestre <\/td>\n<\/tr>\n<tr>\n<th class=\"a-color-secondary a-size-base prodDetSectionEntry\"> Informaci\u00f3n sobre al\u00e9rgenos <\/th>\n<td class=\"a-size-base prodDetAttrValue\"> &lrm;Contiene: Seta <\/td>\n<\/tr>\n<tr>\n<th class=\"a-color-secondary a-size-base prodDetSectionEntry\"> Peso <\/th>\n<td class=\"a-size-base prodDetAttrValue\"> &lrm;500 Gramos <\/td>\n<\/tr>\n<tr>\n<th class=\"a-color-secondary a-size-base prodDetSectionEntry\"> Volumen <\/th>\n<td class=\"a-size-base prodDetAttrValue\"> &lrm;500 Mililitros <\/td>\n<\/tr>\n<tr>\n<th class=\"a-color-secondary a-size-base prodDetSectionEntry\"> Unidades <\/th>\n<td class=\"a-size-base prodDetAttrValue\"> &lrm;500.0 Gramos <\/td>\n<\/tr>\n<tr>\n<th class=\"a-color-secondary a-size-base prodDetSectionEntry\"> Instrucciones de almacenaje <\/th>\n<td class=\"a-size-base prodDetAttrValue\"> &lrm;En congelador *** y **** (a-18\u00baC) <\/td>\n<\/tr>\n<tr>\n<th class=\"a-color-secondary a-size-base prodDetSectionEntry\"> Contacto del fabricante <\/th>\n<td class=\"a-size-base prodDetAttrValue\"> &lrm;La Sirena Alimentaci\u00f3n Congelada.S.L.U. <\/td>\n<\/tr>\n<tr>\n<th class=\"a-color-secondary a-size-base prodDetSectionEntry\"> Marca <\/th>\n<td class=\"a-size-base prodDetAttrValue\"> &lrm;La Sirena <\/td>\n<\/tr>\n<tr>\n<th class=\"a-color-secondary a-size-base prodDetSectionEntry\"> Cocina <\/th>\n<td class=\"a-size-base prodDetAttrValue\"> &lrm;Espa\u00f1a <\/td>\n<\/tr>\n<tr>\n<th class=\"a-color-secondary a-size-base prodDetSectionEntry\"> Funciones especiales <\/th>\n<td class=\"a-size-base prodDetAttrValue\"> &lrm;Todo ingredientes naturales <\/td>\n<\/tr>\n<tr>\n<th class=\"a-color-secondary a-size-base prodDetSectionEntry\"> Fabricante <\/th>\n<td class=\"a-size-base prodDetAttrValue\"> &lrm;La Sirena <\/td>\n<\/tr>\n<tr>\n<th class=\"a-color-secondary a-size-base prodDetSectionEntry\"> Peso del producto <\/th>\n<td class=\"a-size-base prodDetAttrValue\"> &lrm;500 g <\/td>\n<\/tr>\n<tr>\n<th class=\"a-color-secondary a-size-base prodDetSectionEntry\"> Pa\u00eds de origen <\/th>\n<td class=\"a-size-base prodDetAttrValue\"> &lrm;Espa\u00f1a <\/td>\n<\/tr>\n<\/table><\/div>\n","protected":false},"excerpt":{"rendered":"<ul>\n<li> Ideal para tus guisos de carne  <\/li>\n<li> Con 10% de boletus  <\/li>\n<li> Recogidos en su punto \u00f3ptimo de maduraci\u00f3n  <\/li>\n<li> Todo ingredientes naturales  <\/li>\n<\/ul>\n","protected":false},"featured_media":6161,"comment_status":"open","ping_status":"closed","template":"","meta":[],"product_cat":[158],"product_tag":[],"class_list":{"0":"post-6161","1":"product","2":"type-product","3":"status-publish","4":"has-post-thumbnail","6":"product_brand-marca-la-sirena","7":"product_cat-boletus","9":"first","10":"instock","11":"sale","12":"shipping-taxable","13":"purchasable","14":"product-type-simple"},"_links":{"self":[{"href":"https:\/\/ecotienda.com\/index.php?rest_route=\/wp\/v2\/product\/6161","targetHints":{"allow":["GET"]}}],"collection":[{"href":"https:\/\/ecotienda.com\/index.php?rest_route=\/wp\/v2\/product"}],"about":[{"href":"https:\/\/ecotienda.com\/index.php?rest_route=\/wp\/v2\/types\/product"}],"replies":[{"embeddable":true,"href":"https:\/\/ecotienda.com\/index.php?rest_route=%2Fwp%2Fv2%2Fcomments&post=6161"}],"wp:featuredmedia":[{"embeddable":true,"href":"https:\/\/ecotienda.com\/index.php?rest_route=\/wp\/v2\/product\/6161"}],"wp:attachment":[{"href":"https:\/\/ecotienda.com\/index.php?rest_route=%2Fwp%2Fv2%2Fmedia&parent=6161"}],"wp:term":[{"taxonomy":"product_cat","embeddable":true,"href":"https:\/\/ecotienda.com\/index.php?rest_route=%2Fwp%2Fv2%2Fproduct_cat&post=6161"},{"taxonomy":"product_tag","embeddable":true,"href":"https:\/\/ecotienda.com\/index.php?rest_route=%2Fwp%2Fv2%2Fproduct_tag&post=6161"}],"curies":[{"name":"wp","href":"https:\/\/api.w.org\/{rel}","templated":true}]}}