{"id":6173,"date":"2025-11-23T12:43:23","date_gmt":"2025-11-23T11:43:23","guid":{"rendered":"https:\/\/ecotienda.com\/?product=boletus-edulis-deshidratado-a-granel-50"},"modified":"2025-11-23T12:43:24","modified_gmt":"2025-11-23T11:43:24","slug":"boletus-edulis-deshidratado-a-granel-50","status":"publish","type":"product","link":"https:\/\/ecotienda.com\/?product=boletus-edulis-deshidratado-a-granel-50","title":{"rendered":"Boletus edulis deshidratado a granel &#8211; 50"},"content":{"rendered":"<div class=\"woocommerce-product-details\">\n<h3>Descripci\u00f3n del producto<\/h3>\n<p>Consejos del fabricante<br \/> MODO DE EMPLEO:<br \/> Ideal para enriquecer y aromatizar precocinados y platos preparados. Triturar o a\u00f1adir a\u00f1adir directamente al guiso que se vaya a cocinar, admite poner en remojo.<br \/> Rehidratar en agua templada o caliente durante 45 min.<br \/> (fuente: Wikipedia)<br \/> Boletus edulis es el nombre en lat\u00edn de una seta comestible, tambi\u00e9n conocida en Espa\u00f1a como porro, hongo,12hongo blanco,3hongo pambazo,4seta calabaza, seta de calabaza o simplemente calabaza.5 En ingl\u00e9s se le conoce con un gran n\u00famero de nombres comunes que incluyen cep (procedente franc\u00e9s c\u00e8pe, derivado del gasc\u00f3n cep, del que tambi\u00e9n deriva el nombre com\u00fan en catal\u00e1n cep), king bolete o penny bun. Otro nombre com\u00fan es porcini (plural del italiano porcino). Puede encontrarse muy frecuentemente en bosques de pinos. Es una seta que puede alcanzar dimensiones notables; por lo general el sombrero puede medir de 7 a 20 cm de di\u00e1metro y el pie adquirir la misma altura. Suele confundirse con Tylopilus felleus o con Boletus badius.<br \/> Altamente apreciado, el Boletus edulis es comercializado fresco en oto\u00f1o, en el centro y sur de Europa, pero tambi\u00e9n se comercializa seco por todo el mundo.<br \/> Esta seta es una de las m\u00e1s apreciadas por su sabor y textura. El nombre latino de la seta indica esta caracter\u00edstica: en lat\u00edn edulis significa comestible. Suele emplearse tanto cocinada como en conservas (en vinagre o aceite). La carne de esta seta es blanca (tirando hacia marr\u00f3n) y compacta, tanto en el sombrero como en el pie, aunque los ejemplares m\u00e1s viejos suelen mostrar una carne m\u00e1s blanda. No suele despedir olores particulares y tiene un sabor bien definido: dulce como el de las avellanas.<\/p>\n<h3>Recursos de seguridad y productos<\/h3>\n<p>Recursos de seguridad y productosIm\u00e1genes y contactosIm\u00e1genes y contactos de seguridad Recursos de seguridad y productosProblema al cargar la informaci\u00f3nLo sentimos, no hemos podido mostrar la informaci\u00f3n debido a un problema. Vuelve a cargar la p\u00e1gina o int\u00e9ntalo de nuevo m\u00e1s tarde.Im\u00e1genes y contactos Im\u00e1genes de seguridad del producto Informaci\u00f3n del fabricante Persona responsable Problema al cargar la informaci\u00f3nLo sentimos, no hemos podido mostrar la informaci\u00f3n de la persona responsable debido a un problema. Vuelve a cargar la p\u00e1gina o int\u00e9ntalo de nuevo m\u00e1s tarde.Problema al cargar la informaci\u00f3nLo sentimos, no hemos podido mostrar la informaci\u00f3n del fabricante debido a un problema. Vuelve a cargar la p\u00e1gina o int\u00e9ntalo de nuevo m\u00e1s tarde.Problema al cargar la informaci\u00f3nLo sentimos, no hemos podido mostrar las im\u00e1genes de seguridad del producto debido a un problema. Vuelve a cargar la p\u00e1gina o int\u00e9ntalo de nuevo m\u00e1s tarde.<\/p>\n<table id=\"productDetails_techSpec_section_1\" class=\"a-keyvalue prodDetTable\">\n<tr>\n<th class=\"a-color-secondary a-size-base prodDetSectionEntry\"> Peso del producto <\/th>\n<td class=\"a-size-base prodDetAttrValue\"> &lrm;50 g <\/td>\n<\/tr>\n<tr>\n<th class=\"a-color-secondary a-size-base prodDetSectionEntry\"> Unidades <\/th>\n<td class=\"a-size-base prodDetAttrValue\"> &lrm;1.00 unidad <\/td>\n<\/tr>\n<tr>\n<th class=\"a-color-secondary a-size-base prodDetSectionEntry\"> Marca <\/th>\n<td class=\"a-size-base prodDetAttrValue\"> &lrm;Un Mundo a Granel <\/td>\n<\/tr>\n<tr>\n<th class=\"a-color-secondary a-size-base prodDetSectionEntry\"> Fabricante <\/th>\n<td class=\"a-size-base prodDetAttrValue\"> &lrm;Un Mundo a Granel <\/td>\n<\/tr>\n<tr>\n<th class=\"a-color-secondary a-size-base prodDetSectionEntry\"> Peso del producto <\/th>\n<td class=\"a-size-base prodDetAttrValue\"> &lrm;50 g <\/td>\n<\/tr>\n<tr>\n<th class=\"a-color-secondary a-size-base prodDetSectionEntry\"> Pa\u00eds de origen <\/th>\n<td class=\"a-size-base prodDetAttrValue\"> &lrm;Espa\u00f1a <\/td>\n<\/tr>\n<\/table><\/div>\n","protected":false},"excerpt":{"rendered":"<ul>\n<li> Una de las estrellas entre las setas. Una vez hidratadas equivalen a 10 veces su peso deshidratadas  <\/li>\n<li> Al\u00e9rgenos: Podr\u00eda contener TRAZAS de gluten (trigo, centeno, cebada, avena, espelta, kamut, o sus variedades h\u00edbridas) , cacahuetes, soja, frutos de c\u00e1scara, mostaza, s\u00e9samo, altramuces y sus derivados  <\/li>\n<li> Comercializa:: Un Mundo a Granel marca propiedad de Leantomanage, S.L. NIF B87656617 C\/ Almansa, 4 28224 Pozuelo de Alarc\u00f3n Madrid  <\/li>\n<\/ul>\n","protected":false},"featured_media":6173,"comment_status":"open","ping_status":"closed","template":"","meta":[],"product_cat":[158],"product_tag":[],"class_list":{"0":"post-6173","1":"product","2":"type-product","3":"status-publish","4":"has-post-thumbnail","6":"product_brand-visita-la-tienda-de-un-mundo-a-granel","7":"product_cat-boletus","9":"first","10":"instock","11":"shipping-taxable","12":"purchasable","13":"product-type-simple"},"_links":{"self":[{"href":"https:\/\/ecotienda.com\/index.php?rest_route=\/wp\/v2\/product\/6173","targetHints":{"allow":["GET"]}}],"collection":[{"href":"https:\/\/ecotienda.com\/index.php?rest_route=\/wp\/v2\/product"}],"about":[{"href":"https:\/\/ecotienda.com\/index.php?rest_route=\/wp\/v2\/types\/product"}],"replies":[{"embeddable":true,"href":"https:\/\/ecotienda.com\/index.php?rest_route=%2Fwp%2Fv2%2Fcomments&post=6173"}],"wp:featuredmedia":[{"embeddable":true,"href":"https:\/\/ecotienda.com\/index.php?rest_route=\/wp\/v2\/product\/6173"}],"wp:attachment":[{"href":"https:\/\/ecotienda.com\/index.php?rest_route=%2Fwp%2Fv2%2Fmedia&parent=6173"}],"wp:term":[{"taxonomy":"product_cat","embeddable":true,"href":"https:\/\/ecotienda.com\/index.php?rest_route=%2Fwp%2Fv2%2Fproduct_cat&post=6173"},{"taxonomy":"product_tag","embeddable":true,"href":"https:\/\/ecotienda.com\/index.php?rest_route=%2Fwp%2Fv2%2Fproduct_tag&post=6173"}],"curies":[{"name":"wp","href":"https:\/\/api.w.org\/{rel}","templated":true}]}}